{"id":475,"date":"2025-01-30T09:13:02","date_gmt":"2025-01-30T08:13:02","guid":{"rendered":"https:\/\/test.ccvhs.fr\/?page_id=475"},"modified":"2025-10-20T10:22:23","modified_gmt":"2025-10-20T08:22:23","slug":"actualites","status":"publish","type":"page","link":"https:\/\/ccvhs.fr\/en\/actualites\/","title":{"rendered":"Actualit\u00e9s"},"content":{"rendered":"<div data-elementor-type=\"wp-page\" data-elementor-id=\"475\" class=\"elementor elementor-475\" data-elementor-post-type=\"page\">\n\t\t\t\t<div class=\"elementor-element elementor-element-84c298c e-flex e-con-boxed e-con e-parent\" data-id=\"84c298c\" data-element_type=\"container\">\n\t\t\t\t\t<div class=\"e-con-inner\">\n\t\t<div class=\"elementor-element elementor-element-d0207bc e-con-full e-flex e-con e-child\" data-id=\"d0207bc\" data-element_type=\"container\" data-settings=\"{&quot;background_background&quot;:&quot;classic&quot;}\">\n\t\t\t\t<div class=\"elementor-element elementor-element-f4ae394 elementor-widget elementor-widget-heading\" data-id=\"f4ae394\" data-element_type=\"widget\" data-widget_type=\"heading.default\">\n\t\t\t\t<div class=\"elementor-widget-container\">\n\t\t\t\t\t<h2 class=\"elementor-heading-title elementor-size-default\">Actualit\u00e9s<\/h2>\t\t\t\t<\/div>\n\t\t\t\t<\/div>\n\t\t\t\t<div class=\"elementor-element elementor-element-6ead326 elementor-grid-3 elementor-grid-tablet-2 elementor-grid-mobile-1 elementor-posts--thumbnail-top elementor-widget elementor-widget-posts\" data-id=\"6ead326\" data-element_type=\"widget\" data-settings=\"{&quot;pagination_type&quot;:&quot;numbers&quot;,&quot;classic_columns&quot;:&quot;3&quot;,&quot;classic_columns_tablet&quot;:&quot;2&quot;,&quot;classic_columns_mobile&quot;:&quot;1&quot;,&quot;classic_row_gap&quot;:{&quot;unit&quot;:&quot;px&quot;,&quot;size&quot;:35,&quot;sizes&quot;:[]},&quot;classic_row_gap_tablet&quot;:{&quot;unit&quot;:&quot;px&quot;,&quot;size&quot;:&quot;&quot;,&quot;sizes&quot;:[]},&quot;classic_row_gap_mobile&quot;:{&quot;unit&quot;:&quot;px&quot;,&quot;size&quot;:&quot;&quot;,&quot;sizes&quot;:[]}}\" data-widget_type=\"posts.classic\">\n\t\t\t\t<div class=\"elementor-widget-container\">\n\t\t\t\t\t\t\t<div class=\"elementor-posts-container elementor-posts elementor-posts--skin-classic elementor-grid\" role=\"list\">\n\t\t\t\t<article class=\"elementor-post elementor-grid-item post-4416 actualites type-actualites status-publish has-post-thumbnail hentry\" role=\"listitem\">\n\t\t\t\t<a class=\"elementor-post__thumbnail__link\" href=\"https:\/\/ccvhs.fr\/en\/actualites\/operation-programmee-damelioration-de-lhabitat-opah\/\" tabindex=\"-1\" target=\"&quot;_blank&quot;\">\n\t\t\t<div class=\"elementor-post__thumbnail\"><img fetchpriority=\"high\" decoding=\"async\" width=\"300\" height=\"223\" src=\"https:\/\/ccvhs.fr\/wp-content\/uploads\/2025\/10\/Poele-flou-5-scaled-e1760949138579-300x223.jpg\" class=\"attachment-medium size-medium wp-image-4422\" alt=\"\" srcset=\"https:\/\/ccvhs.fr\/wp-content\/uploads\/2025\/10\/Poele-flou-5-scaled-e1760949138579-300x223.jpg 300w, https:\/\/ccvhs.fr\/wp-content\/uploads\/2025\/10\/Poele-flou-5-scaled-e1760949138579-1024x762.jpg 1024w, https:\/\/ccvhs.fr\/wp-content\/uploads\/2025\/10\/Poele-flou-5-scaled-e1760949138579-768x571.jpg 768w, https:\/\/ccvhs.fr\/wp-content\/uploads\/2025\/10\/Poele-flou-5-scaled-e1760949138579-16x12.jpg 16w, https:\/\/ccvhs.fr\/wp-content\/uploads\/2025\/10\/Poele-flou-5-scaled-e1760949138579.jpg 1250w\" sizes=\"(max-width: 300px) 100vw, 300px\" \/><\/div>\n\t\t<\/a>\n\t\t\t\t<div class=\"elementor-post__text\">\n\t\t\t\t<h3 class=\"elementor-post__title\">\n\t\t\t<a href=\"https:\/\/ccvhs.fr\/en\/actualites\/operation-programmee-damelioration-de-lhabitat-opah\/\" target=\"&quot;_blank&quot;\">\n\t\t\t\tOp\u00e9ration Programm\u00e9e d\u2019Am\u00e9lioration de l\u2019Habitat (OPAH)\t\t\t<\/a>\n\t\t<\/h3>\n\t\t\t\t<div class=\"elementor-post__meta-data\">\n\t\t\t\t\t<span class=\"elementor-post-date\">\n\t\t\t17\/10\/2025\t\t<\/span>\n\t\t\t\t<\/div>\n\t\t\n\t\t<a class=\"elementor-post__read-more\" href=\"https:\/\/ccvhs.fr\/en\/actualites\/operation-programmee-damelioration-de-lhabitat-opah\/\" aria-label=\"Read more about Op\u00e9ration Programm\u00e9e d\u2019Am\u00e9lioration de l\u2019Habitat (OPAH)\" tabindex=\"-1\" target=\"_blank\">\n\t\t\tRead more \u00bb\t\t<\/a>\n\n\t\t\t\t<\/div>\n\t\t\t\t<\/article>\n\t\t\t\t<article class=\"elementor-post elementor-grid-item post-3181 actualites type-actualites status-publish has-post-thumbnail hentry\" role=\"listitem\">\n\t\t\t\t<a class=\"elementor-post__thumbnail__link\" href=\"https:\/\/ccvhs.fr\/en\/actualites\/inauguration-officielle-pistes-de-padel-terrain-de-foot5\/\" tabindex=\"-1\" target=\"&quot;_blank&quot;\">\n\t\t\t<div class=\"elementor-post__thumbnail\"><img decoding=\"async\" width=\"300\" height=\"114\" src=\"https:\/\/ccvhs.fr\/wp-content\/uploads\/2025\/06\/padel-et-foot5-300x114.png\" class=\"attachment-medium size-medium wp-image-3180\" alt=\"\" srcset=\"https:\/\/ccvhs.fr\/wp-content\/uploads\/2025\/06\/padel-et-foot5-300x114.png 300w, https:\/\/ccvhs.fr\/wp-content\/uploads\/2025\/06\/padel-et-foot5-768x293.png 768w, https:\/\/ccvhs.fr\/wp-content\/uploads\/2025\/06\/padel-et-foot5-18x7.png 18w, https:\/\/ccvhs.fr\/wp-content\/uploads\/2025\/06\/padel-et-foot5.png 936w\" sizes=\"(max-width: 300px) 100vw, 300px\" \/><\/div>\n\t\t<\/a>\n\t\t\t\t<div class=\"elementor-post__text\">\n\t\t\t\t<h3 class=\"elementor-post__title\">\n\t\t\t<a href=\"https:\/\/ccvhs.fr\/en\/actualites\/inauguration-officielle-pistes-de-padel-terrain-de-foot5\/\" target=\"&quot;_blank&quot;\">\n\t\t\t\tINAUGURATION OFFICIELLE : Pistes de padel &amp; terrain de foot5\t\t\t<\/a>\n\t\t<\/h3>\n\t\t\t\t<div class=\"elementor-post__meta-data\">\n\t\t\t\t\t<span class=\"elementor-post-date\">\n\t\t\t18\/06\/2025\t\t<\/span>\n\t\t\t\t<\/div>\n\t\t\n\t\t<a class=\"elementor-post__read-more\" href=\"https:\/\/ccvhs.fr\/en\/actualites\/inauguration-officielle-pistes-de-padel-terrain-de-foot5\/\" aria-label=\"Read more about INAUGURATION OFFICIELLE : Pistes de padel &amp; terrain de foot5\" tabindex=\"-1\" target=\"_blank\">\n\t\t\tRead more \u00bb\t\t<\/a>\n\n\t\t\t\t<\/div>\n\t\t\t\t<\/article>\n\t\t\t\t<article class=\"elementor-post elementor-grid-item post-3154 actualites type-actualites status-publish has-post-thumbnail hentry\" role=\"listitem\">\n\t\t\t\t<a class=\"elementor-post__thumbnail__link\" href=\"https:\/\/ccvhs.fr\/en\/actualites\/des-jeunes-reporters-creatifs-au-pays-melois-trois-courts-metrages-evocateurs\/\" tabindex=\"-1\" target=\"&quot;_blank&quot;\">\n\t\t\t<div class=\"elementor-post__thumbnail\"><img decoding=\"async\" width=\"300\" height=\"300\" src=\"https:\/\/ccvhs.fr\/wp-content\/uploads\/2025\/06\/11-300x300.gif\" class=\"attachment-medium size-medium wp-image-3155\" alt=\"\" srcset=\"https:\/\/ccvhs.fr\/wp-content\/uploads\/2025\/06\/11-300x300.gif 300w, https:\/\/ccvhs.fr\/wp-content\/uploads\/2025\/06\/11-150x150.gif 150w, https:\/\/ccvhs.fr\/wp-content\/uploads\/2025\/06\/11-12x12.gif 12w\" sizes=\"(max-width: 300px) 100vw, 300px\" \/><\/div>\n\t\t<\/a>\n\t\t\t\t<div class=\"elementor-post__text\">\n\t\t\t\t<h3 class=\"elementor-post__title\">\n\t\t\t<a href=\"https:\/\/ccvhs.fr\/en\/actualites\/des-jeunes-reporters-creatifs-au-pays-melois-trois-courts-metrages-evocateurs\/\" target=\"&quot;_blank&quot;\">\n\t\t\t\t\u00ab\u00a0Des jeunes reporters cr\u00e9atifs au Pays M\u00ealois\u00a0: trois courts-m\u00e9trages \u00e9vocateurs\u00a0\u00bb\t\t\t<\/a>\n\t\t<\/h3>\n\t\t\t\t<div class=\"elementor-post__meta-data\">\n\t\t\t\t\t<span class=\"elementor-post-date\">\n\t\t\t11\/06\/2025\t\t<\/span>\n\t\t\t\t<\/div>\n\t\t\n\t\t<a class=\"elementor-post__read-more\" href=\"https:\/\/ccvhs.fr\/en\/actualites\/des-jeunes-reporters-creatifs-au-pays-melois-trois-courts-metrages-evocateurs\/\" aria-label=\"Read more about \u00ab\u00a0Des jeunes reporters cr\u00e9atifs au Pays M\u00ealois\u00a0: trois courts-m\u00e9trages \u00e9vocateurs\u00a0\u00bb\" tabindex=\"-1\" target=\"_blank\">\n\t\t\tRead more \u00bb\t\t<\/a>\n\n\t\t\t\t<\/div>\n\t\t\t\t<\/article>\n\t\t\t\t<article class=\"elementor-post elementor-grid-item post-3132 actualites type-actualites status-publish has-post-thumbnail hentry\" role=\"listitem\">\n\t\t\t\t<a class=\"elementor-post__thumbnail__link\" href=\"https:\/\/ccvhs.fr\/en\/actualites\/recherche-un-surveillant-de-baignade-diplome-bnssa-pour-juillet-et-aout\/\" tabindex=\"-1\" target=\"&quot;_blank&quot;\">\n\t\t\t<div class=\"elementor-post__thumbnail\"><img loading=\"lazy\" decoding=\"async\" width=\"300\" height=\"300\" src=\"https:\/\/ccvhs.fr\/wp-content\/uploads\/2025\/06\/502582220_1168470121979379_7239552900058326938_n-300x300.jpg\" class=\"attachment-medium size-medium wp-image-3133\" alt=\"\" srcset=\"https:\/\/ccvhs.fr\/wp-content\/uploads\/2025\/06\/502582220_1168470121979379_7239552900058326938_n-300x300.jpg 300w, https:\/\/ccvhs.fr\/wp-content\/uploads\/2025\/06\/502582220_1168470121979379_7239552900058326938_n-150x150.jpg 150w, https:\/\/ccvhs.fr\/wp-content\/uploads\/2025\/06\/502582220_1168470121979379_7239552900058326938_n-12x12.jpg 12w, https:\/\/ccvhs.fr\/wp-content\/uploads\/2025\/06\/502582220_1168470121979379_7239552900058326938_n.jpg 724w\" sizes=\"(max-width: 300px) 100vw, 300px\" \/><\/div>\n\t\t<\/a>\n\t\t\t\t<div class=\"elementor-post__text\">\n\t\t\t\t<h3 class=\"elementor-post__title\">\n\t\t\t<a href=\"https:\/\/ccvhs.fr\/en\/actualites\/recherche-un-surveillant-de-baignade-diplome-bnssa-pour-juillet-et-aout\/\" target=\"&quot;_blank&quot;\">\n\t\t\t\tRecherche un surveillant de baignade dipl\u00f4m\u00e9 BNSSA pour juillet et ao\u00fbt.\t\t\t<\/a>\n\t\t<\/h3>\n\t\t\t\t<div class=\"elementor-post__meta-data\">\n\t\t\t\t\t<span class=\"elementor-post-date\">\n\t\t\t03\/06\/2025\t\t<\/span>\n\t\t\t\t<\/div>\n\t\t\n\t\t<a class=\"elementor-post__read-more\" href=\"https:\/\/ccvhs.fr\/en\/actualites\/recherche-un-surveillant-de-baignade-diplome-bnssa-pour-juillet-et-aout\/\" aria-label=\"Read more about Recherche un surveillant de baignade dipl\u00f4m\u00e9 BNSSA pour juillet et ao\u00fbt.\" tabindex=\"-1\" target=\"_blank\">\n\t\t\tRead more \u00bb\t\t<\/a>\n\n\t\t\t\t<\/div>\n\t\t\t\t<\/article>\n\t\t\t\t<article class=\"elementor-post elementor-grid-item post-3091 actualites type-actualites status-publish has-post-thumbnail hentry\" role=\"listitem\">\n\t\t\t\t<a class=\"elementor-post__thumbnail__link\" href=\"https:\/\/ccvhs.fr\/en\/actualites\/travaux-de-la-base-de-loisirs\/\" tabindex=\"-1\" target=\"&quot;_blank&quot;\">\n\t\t\t<div class=\"elementor-post__thumbnail\"><img loading=\"lazy\" decoding=\"async\" width=\"300\" height=\"169\" src=\"https:\/\/ccvhs.fr\/wp-content\/uploads\/2025\/05\/4-300x169.jpg\" class=\"attachment-medium size-medium wp-image-3092\" alt=\"\" srcset=\"https:\/\/ccvhs.fr\/wp-content\/uploads\/2025\/05\/4-300x169.jpg 300w, https:\/\/ccvhs.fr\/wp-content\/uploads\/2025\/05\/4-1024x576.jpg 1024w, https:\/\/ccvhs.fr\/wp-content\/uploads\/2025\/05\/4-768x432.jpg 768w, https:\/\/ccvhs.fr\/wp-content\/uploads\/2025\/05\/4-1536x864.jpg 1536w, https:\/\/ccvhs.fr\/wp-content\/uploads\/2025\/05\/4-18x10.jpg 18w, https:\/\/ccvhs.fr\/wp-content\/uploads\/2025\/05\/4.jpg 2016w\" sizes=\"(max-width: 300px) 100vw, 300px\" \/><\/div>\n\t\t<\/a>\n\t\t\t\t<div class=\"elementor-post__text\">\n\t\t\t\t<h3 class=\"elementor-post__title\">\n\t\t\t<a href=\"https:\/\/ccvhs.fr\/en\/actualites\/travaux-de-la-base-de-loisirs\/\" target=\"&quot;_blank&quot;\">\n\t\t\t\tTravaux de la base de loisirs\t\t\t<\/a>\n\t\t<\/h3>\n\t\t\t\t<div class=\"elementor-post__meta-data\">\n\t\t\t\t\t<span class=\"elementor-post-date\">\n\t\t\t12\/05\/2025\t\t<\/span>\n\t\t\t\t<\/div>\n\t\t\n\t\t<a class=\"elementor-post__read-more\" href=\"https:\/\/ccvhs.fr\/en\/actualites\/travaux-de-la-base-de-loisirs\/\" aria-label=\"Read more about Travaux de la base de loisirs\" tabindex=\"-1\" target=\"_blank\">\n\t\t\tRead more \u00bb\t\t<\/a>\n\n\t\t\t\t<\/div>\n\t\t\t\t<\/article>\n\t\t\t\t<article class=\"elementor-post elementor-grid-item post-2967 actualites type-actualites status-publish has-post-thumbnail hentry\" role=\"listitem\">\n\t\t\t\t<a class=\"elementor-post__thumbnail__link\" href=\"https:\/\/ccvhs.fr\/en\/actualites\/visites-dentreprises-du-20-mars-2025manuco-services\/\" tabindex=\"-1\" target=\"&quot;_blank&quot;\">\n\t\t\t<div class=\"elementor-post__thumbnail\"><img loading=\"lazy\" decoding=\"async\" width=\"300\" height=\"201\" src=\"https:\/\/ccvhs.fr\/wp-content\/uploads\/2025\/04\/ENTREPRISES-MARS-25-1-300x201.jpg\" class=\"attachment-medium size-medium wp-image-2968\" alt=\"\" srcset=\"https:\/\/ccvhs.fr\/wp-content\/uploads\/2025\/04\/ENTREPRISES-MARS-25-1-300x201.jpg 300w, https:\/\/ccvhs.fr\/wp-content\/uploads\/2025\/04\/ENTREPRISES-MARS-25-1-18x12.jpg 18w, https:\/\/ccvhs.fr\/wp-content\/uploads\/2025\/04\/ENTREPRISES-MARS-25-1.jpg 719w\" sizes=\"(max-width: 300px) 100vw, 300px\" \/><\/div>\n\t\t<\/a>\n\t\t\t\t<div class=\"elementor-post__text\">\n\t\t\t\t<h3 class=\"elementor-post__title\">\n\t\t\t<a href=\"https:\/\/ccvhs.fr\/en\/actualites\/visites-dentreprises-du-20-mars-2025manuco-services\/\" target=\"&quot;_blank&quot;\">\n\t\t\t\tVISITES D\u2019ENTREPRISES DU 20 MARS 2025\t\t\t<\/a>\n\t\t<\/h3>\n\t\t\t\t<div class=\"elementor-post__meta-data\">\n\t\t\t\t\t<span class=\"elementor-post-date\">\n\t\t\t10\/04\/2025\t\t<\/span>\n\t\t\t\t<\/div>\n\t\t\n\t\t<a class=\"elementor-post__read-more\" href=\"https:\/\/ccvhs.fr\/en\/actualites\/visites-dentreprises-du-20-mars-2025manuco-services\/\" aria-label=\"Read more about VISITES D\u2019ENTREPRISES DU 20 MARS 2025\" tabindex=\"-1\" target=\"_blank\">\n\t\t\tRead more \u00bb\t\t<\/a>\n\n\t\t\t\t<\/div>\n\t\t\t\t<\/article>\n\t\t\t\t<\/div>\n\t\t\n\t\t\t\t<div class=\"e-load-more-anchor\" data-page=\"1\" data-max-page=\"10\" data-next-page=\"https:\/\/ccvhs.fr\/en\/?e-page-6ead326=2\"><\/div>\n\t\t\t\t<nav class=\"elementor-pagination\" aria-label=\"Pagination\">\n\t\t\t<span aria-current=\"page\" class=\"page-numbers current\"><span class=\"elementor-screen-only\">Page<\/span>1<\/span>\n<a class=\"page-numbers\" href=\"https:\/\/ccvhs.fr\/en\/wp-json\/wp\/v2\/pages\/475\/?e-page-6ead326=2\"><span class=\"elementor-screen-only\">Page<\/span>2<\/a>\n<a class=\"page-numbers\" href=\"https:\/\/ccvhs.fr\/en\/wp-json\/wp\/v2\/pages\/475\/?e-page-6ead326=3\"><span class=\"elementor-screen-only\">Page<\/span>3<\/a>\n<a class=\"page-numbers\" href=\"https:\/\/ccvhs.fr\/en\/wp-json\/wp\/v2\/pages\/475\/?e-page-6ead326=4\"><span class=\"elementor-screen-only\">Page<\/span>4<\/a>\n<a class=\"page-numbers\" href=\"https:\/\/ccvhs.fr\/en\/wp-json\/wp\/v2\/pages\/475\/?e-page-6ead326=5\"><span class=\"elementor-screen-only\">Page<\/span>5<\/a>\t\t<\/nav>\n\t\t\t\t\t\t<\/div>\n\t\t\t\t<\/div>\n\t\t\t\t<\/div>\n\t\t\t\t\t<\/div>\n\t\t\t\t<\/div>\n\t\t\t\t<\/div>","protected":false},"excerpt":{"rendered":"<p>Actualit\u00e9s<\/p>","protected":false},"author":1,"featured_media":0,"parent":0,"menu_order":0,"comment_status":"closed","ping_status":"closed","template":"","meta":{"_acf_changed":false,"footnotes":""},"class_list":["post-475","page","type-page","status-publish","hentry"],"acf":[],"_links":{"self":[{"href":"https:\/\/ccvhs.fr\/en\/wp-json\/wp\/v2\/pages\/475","targetHints":{"allow":["GET"]}}],"collection":[{"href":"https:\/\/ccvhs.fr\/en\/wp-json\/wp\/v2\/pages"}],"about":[{"href":"https:\/\/ccvhs.fr\/en\/wp-json\/wp\/v2\/types\/page"}],"author":[{"embeddable":true,"href":"https:\/\/ccvhs.fr\/en\/wp-json\/wp\/v2\/users\/1"}],"replies":[{"embeddable":true,"href":"https:\/\/ccvhs.fr\/en\/wp-json\/wp\/v2\/comments?post=475"}],"version-history":[{"count":0,"href":"https:\/\/ccvhs.fr\/en\/wp-json\/wp\/v2\/pages\/475\/revisions"}],"wp:attachment":[{"href":"https:\/\/ccvhs.fr\/en\/wp-json\/wp\/v2\/media?parent=475"}],"curies":[{"name":"wp","href":"https:\/\/api.w.org\/{rel}","templated":true}]}}