{"id":4622,"date":"2026-01-05T18:30:03","date_gmt":"2026-01-05T17:30:03","guid":{"rendered":"https:\/\/ccvhs.fr\/?page_id=4622"},"modified":"2026-01-06T15:14:34","modified_gmt":"2026-01-06T14:14:34","slug":"lescommunes","status":"publish","type":"page","link":"https:\/\/ccvhs.fr\/en\/lescommunes\/","title":{"rendered":"The municipalities"},"content":{"rendered":"<div data-elementor-type=\"wp-page\" data-elementor-id=\"4622\" class=\"elementor elementor-4622\" data-elementor-post-type=\"page\">\n\t\t\t\t<div class=\"elementor-element elementor-element-fc9275c e-flex e-con-boxed e-con e-parent\" data-id=\"fc9275c\" data-element_type=\"container\">\n\t\t\t\t\t<div class=\"e-con-inner\">\n\t\t<div class=\"elementor-element elementor-element-bc60f86 e-con-full e-flex e-con e-child\" data-id=\"bc60f86\" data-element_type=\"container\" data-settings=\"{&quot;background_background&quot;:&quot;classic&quot;}\">\n\t\t<div class=\"elementor-element elementor-element-ac9deed e-con-full e-grid e-con e-child\" data-id=\"ac9deed\" data-element_type=\"container\" data-settings=\"{&quot;background_background&quot;:&quot;classic&quot;}\">\n\t\t\t\t<div class=\"elementor-element elementor-element-c0e6f47 elementor-widget elementor-widget-heading\" data-id=\"c0e6f47\" data-element_type=\"widget\" data-widget_type=\"heading.default\">\n\t\t\t\t<div class=\"elementor-widget-container\">\n\t\t\t\t\t<h2 class=\"elementor-heading-title elementor-size-default\">The municipalities<\/h2>\t\t\t\t<\/div>\n\t\t\t\t<\/div>\n\t\t\t\t<div class=\"elementor-element elementor-element-9f227ef elementor-widget elementor-widget-heading\" data-id=\"9f227ef\" data-element_type=\"widget\" data-widget_type=\"heading.default\">\n\t\t\t\t<div class=\"elementor-widget-container\">\n\t\t\t\t\t<h2 class=\"elementor-heading-title elementor-size-default\">31 communes - 7 531 habitants - 279,2 km\u00b2<\/h2>\t\t\t\t<\/div>\n\t\t\t\t<\/div>\n\t\t\t\t<div class=\"elementor-element elementor-element-6103a2c elementor-widget__width-initial elementor-widget elementor-widget-text-editor\" data-id=\"6103a2c\" data-element_type=\"widget\" data-widget_type=\"text-editor.default\">\n\t\t\t\t<div class=\"elementor-widget-container\">\n\t\t\t\t\t\t\t\t\t<p><a href=\"https:\/\/ccvhs.fr\/en\/aunay-les-bois\/\">Aunay-les-bois\u00a0<\/a><br \/><a href=\"https:\/\/ccvhs.fr\/en\/barville\/\">Barville<\/a><br \/><a href=\"https:\/\/ccvhs.fr\/en\/bure\/\">Bur\u00e9<\/a><br \/><a href=\"https:\/\/ccvhs.fr\/en\/bures\/\">Bures<\/a><br \/><a href=\"https:\/\/ccvhs.fr\/en\/brullemail\/\">Brullemail<\/a><br \/><span class=\"elementor-icon-list-text\"><a href=\"https:\/\/ccvhs.fr\/en\/coulonges-sur-sarthe\/\">Coulonges-sur-Sarthe<\/a><br \/><a href=\"https:\/\/ccvhs.fr\/en\/courtomer\/\">Courtomer<\/a><br \/><a href=\"https:\/\/ccvhs.fr\/en\/ferriere-la-verrerie\/\">Ferri\u00e8re-la-Verrerie<\/a><br \/><a href=\"https:\/\/ccvhs.fr\/en\/gapree\/\">G\u00e2pr\u00e9e<\/a><\/span><br \/><a href=\"https:\/\/ccvhs.fr\/en\/hauterive\/\">Hauterive<\/a><br \/><a href=\"https:\/\/ccvhs.fr\/en\/laleu\/\">Laleu<\/a><br \/><a href=\"https:\/\/ccvhs.fr\/en\/le-chalange\/\">Le Chalange<\/a><br \/><a href=\"https:\/\/ccvhs.fr\/en\/le-mele-sur-sarthe\/\">Le M\u00eale-sur-Sarthe<\/a><br \/><a href=\"https:\/\/ccvhs.fr\/en\/le-menil-brout\/\">Le M\u00e9nil-Bro\u00fbt<\/a><br \/><a href=\"https:\/\/ccvhs.fr\/en\/le-menil-guyon\/\">Le M\u00e9nil-Guyon<\/a><br \/><a href=\"https:\/\/ccvhs.fr\/en\/le-plantis\/\">Le Plantis<\/a><br \/><a href=\"https:\/\/ccvhs.fr\/en\/les-ventes-de-bourse\/\">Les Ventes-de-Bourse<\/a><br \/><a href=\"https:\/\/ccvhs.fr\/en\/marchemaisons\/\">Marchemaisons<\/a><br \/><a href=\"https:\/\/ccvhs.fr\/en\/montchevrel\/\">Montchevrel<\/a><br \/><a href=\"https:\/\/ccvhs.fr\/en\/neuilly-le-bisson\/\">Neuilly-le-Bisson<\/a><br \/><a href=\"https:\/\/ccvhs.fr\/en\/st-agnan-sur-sarthe\/\">Saint-Agnan-sur-Sarthe<\/a><br \/><a href=\"https:\/\/ccvhs.fr\/en\/st-agnan-sur-sarthe\/\">Saint-Aubin-d&rsquo;Appenai<\/a><br \/><a href=\"https:\/\/ccvhs.fr\/en\/st-germain-le-vieux\/\">Saint-Germain-le-Vieux<\/a><br \/><a href=\"https:\/\/ccvhs.fr\/en\/st-julien-sur-sarthe\/\">Saint-Julien-sur-Sarthe<\/a><br \/><a href=\"https:\/\/ccvhs.fr\/en\/st-leger-sur-sarthe\/\">Saint-L\u00e9ger-sur-Sarthe<\/a><br \/><a href=\"https:\/\/ccvhs.fr\/en\/st-leonard-des-bois\/\">Saint-L\u00e9onard-des-Parcs<\/a><br \/><a href=\"https:\/\/ccvhs.fr\/en\/st-quentin-de-blavou\/\">Saint-Quentin-de-Blavou<\/a><br \/><a href=\"https:\/\/ccvhs.fr\/en\/ste-scolasse-sur-sarthe\/\">Sainte-Scolasse-sur-Sarthe<\/a><br \/><a href=\"https:\/\/ccvhs.fr\/en\/tellieres-le-plessis\/\">Telli\u00e8res-le-Plessis<\/a><br \/><a href=\"https:\/\/ccvhs.fr\/en\/tremont\/\">Tr\u00e9mont<\/a><br \/><a href=\"https:\/\/ccvhs.fr\/en\/vidai\/\">Vidai<\/a><\/p>\t\t\t\t\t\t\t\t<\/div>\n\t\t\t\t<\/div>\n\t\t\t\t<div class=\"elementor-element elementor-element-cd9ea65 elementor-widget elementor-widget-image\" data-id=\"cd9ea65\" data-element_type=\"widget\" data-widget_type=\"image.default\">\n\t\t\t\t<div class=\"elementor-widget-container\">\n\t\t\t\t\t\t\t\t\t\t\t\t\t\t\t<img fetchpriority=\"high\" decoding=\"async\" width=\"768\" height=\"1019\" src=\"https:\/\/ccvhs.fr\/wp-content\/uploads\/2025\/04\/Carte-communes-CCVHS-768x1019.png\" class=\"attachment-medium_large size-medium_large wp-image-2401\" alt=\"\" srcset=\"https:\/\/ccvhs.fr\/wp-content\/uploads\/2025\/04\/Carte-communes-CCVHS-768x1019.png 768w, https:\/\/ccvhs.fr\/wp-content\/uploads\/2025\/04\/Carte-communes-CCVHS-226x300.png 226w, https:\/\/ccvhs.fr\/wp-content\/uploads\/2025\/04\/Carte-communes-CCVHS-772x1024.png 772w, https:\/\/ccvhs.fr\/wp-content\/uploads\/2025\/04\/Carte-communes-CCVHS-9x12.png 9w, https:\/\/ccvhs.fr\/wp-content\/uploads\/2025\/04\/Carte-communes-CCVHS.png 1052w\" sizes=\"(max-width: 768px) 100vw, 768px\" \/>\t\t\t\t\t\t\t\t\t\t\t\t\t\t\t<\/div>\n\t\t\t\t<\/div>\n\t\t\t\t<\/div>\n\t\t\t\t<\/div>\n\t\t\t\t\t<\/div>\n\t\t\t\t<\/div>\n\t\t\t\t<\/div>","protected":false},"excerpt":{"rendered":"<p>Les communes 31 communes &#8211; 7 531 habitants &#8211; 279,2 km\u00b2 Aunay-les-bois\u00a0BarvilleBur\u00e9BuresBrullemailCoulonges-sur-SartheCourtomerFerri\u00e8re-la-VerrerieG\u00e2pr\u00e9eHauteriveLaleuLe ChalangeLe M\u00eale-sur-SartheLe M\u00e9nil-Bro\u00fbtLe M\u00e9nil-GuyonLe PlantisLes Ventes-de-BourseMarchemaisonsMontchevrelNeuilly-le-BissonSaint-Agnan-sur-SartheSaint-Aubin-d&rsquo;AppenaiSaint-Germain-le-VieuxSaint-Julien-sur-SartheSaint-L\u00e9ger-sur-SartheSaint-L\u00e9onard-des-ParcsSaint-Quentin-de-BlavouSainte-Scolasse-sur-SartheTelli\u00e8res-le-PlessisTr\u00e9montVidai<\/p>","protected":false},"author":4,"featured_media":0,"parent":0,"menu_order":0,"comment_status":"closed","ping_status":"closed","template":"","meta":{"_acf_changed":false,"footnotes":""},"class_list":["post-4622","page","type-page","status-publish","hentry"],"acf":[],"_links":{"self":[{"href":"https:\/\/ccvhs.fr\/en\/wp-json\/wp\/v2\/pages\/4622","targetHints":{"allow":["GET"]}}],"collection":[{"href":"https:\/\/ccvhs.fr\/en\/wp-json\/wp\/v2\/pages"}],"about":[{"href":"https:\/\/ccvhs.fr\/en\/wp-json\/wp\/v2\/types\/page"}],"author":[{"embeddable":true,"href":"https:\/\/ccvhs.fr\/en\/wp-json\/wp\/v2\/users\/4"}],"replies":[{"embeddable":true,"href":"https:\/\/ccvhs.fr\/en\/wp-json\/wp\/v2\/comments?post=4622"}],"version-history":[{"count":0,"href":"https:\/\/ccvhs.fr\/en\/wp-json\/wp\/v2\/pages\/4622\/revisions"}],"wp:attachment":[{"href":"https:\/\/ccvhs.fr\/en\/wp-json\/wp\/v2\/media?parent=4622"}],"curies":[{"name":"wp","href":"https:\/\/api.w.org\/{rel}","templated":true}]}}