{"id":2672,"date":"2025-04-04T16:18:48","date_gmt":"2025-04-04T14:18:48","guid":{"rendered":"https:\/\/ccvhs.fr\/?page_id=2672"},"modified":"2026-03-26T14:14:31","modified_gmt":"2026-03-26T13:14:31","slug":"tremont","status":"publish","type":"page","link":"https:\/\/ccvhs.fr\/en\/tremont\/","title":{"rendered":"Tr\u00e9mont"},"content":{"rendered":"<div data-elementor-type=\"wp-page\" data-elementor-id=\"2672\" class=\"elementor elementor-2672\" data-elementor-post-type=\"page\">\n\t\t\t\t<div class=\"elementor-element elementor-element-ea4605c e-flex e-con-boxed e-con e-parent\" data-id=\"ea4605c\" data-element_type=\"container\">\n\t\t\t\t\t<div class=\"e-con-inner\">\n\t\t<div class=\"elementor-element elementor-element-fafc7ff e-con-full e-flex e-con e-child\" data-id=\"fafc7ff\" data-element_type=\"container\" data-settings=\"{&quot;background_background&quot;:&quot;classic&quot;}\">\n\t\t<div class=\"elementor-element elementor-element-8b90c93 e-con-full e-flex e-con e-child\" data-id=\"8b90c93\" data-element_type=\"container\">\n\t\t\t\t<div class=\"elementor-element elementor-element-02a886e elementor-widget elementor-widget-image\" data-id=\"02a886e\" data-element_type=\"widget\" data-widget_type=\"image.default\">\n\t\t\t\t<div class=\"elementor-widget-container\">\n\t\t\t\t\t\t\t\t\t\t\t\t\t\t\t<img fetchpriority=\"high\" decoding=\"async\" width=\"800\" height=\"220\" src=\"https:\/\/ccvhs.fr\/wp-content\/uploads\/2025\/01\/IMAGE-PAGE-CREATION-ET-COMPETENCES_opt-1024x281-1.jpg\" class=\"attachment-large size-large wp-image-493\" alt=\"\" srcset=\"https:\/\/ccvhs.fr\/wp-content\/uploads\/2025\/01\/IMAGE-PAGE-CREATION-ET-COMPETENCES_opt-1024x281-1.jpg 1024w, https:\/\/ccvhs.fr\/wp-content\/uploads\/2025\/01\/IMAGE-PAGE-CREATION-ET-COMPETENCES_opt-1024x281-1-300x82.jpg 300w, https:\/\/ccvhs.fr\/wp-content\/uploads\/2025\/01\/IMAGE-PAGE-CREATION-ET-COMPETENCES_opt-1024x281-1-768x211.jpg 768w, https:\/\/ccvhs.fr\/wp-content\/uploads\/2025\/01\/IMAGE-PAGE-CREATION-ET-COMPETENCES_opt-1024x281-1-18x5.jpg 18w\" sizes=\"(max-width: 800px) 100vw, 800px\" \/>\t\t\t\t\t\t\t\t\t\t\t\t\t\t\t<\/div>\n\t\t\t\t<\/div>\n\t\t\t\t<div class=\"elementor-element elementor-element-04f43b1 elementor-widget elementor-widget-heading\" data-id=\"04f43b1\" data-element_type=\"widget\" data-widget_type=\"heading.default\">\n\t\t\t\t<div class=\"elementor-widget-container\">\n\t\t\t\t\t<h2 class=\"elementor-heading-title elementor-size-default\">Tr\u00e9mont<\/h2>\t\t\t\t<\/div>\n\t\t\t\t<\/div>\n\t\t<div class=\"elementor-element elementor-element-c458b58 e-con-full e-flex e-con e-child\" data-id=\"c458b58\" data-element_type=\"container\">\n\t\t<div class=\"elementor-element elementor-element-7a787d7 e-con-full e-flex e-con e-child\" data-id=\"7a787d7\" data-element_type=\"container\">\n\t\t\t\t<div class=\"elementor-element elementor-element-154b7f5 elementor-widget elementor-widget-text-editor\" data-id=\"154b7f5\" data-element_type=\"widget\" data-widget_type=\"text-editor.default\">\n\t\t\t\t<div class=\"elementor-widget-container\">\n\t\t\t\t\t\t\t\t\t<p>Le village de Tr\u00e9mont s\u2019\u00e9crivait TREMONZ au 13<sup>\u00e8me<\/sup> si\u00e8cle.<\/p><p>Une\u00a0<strong>salle communale<\/strong> est \u00e0 disposition pour les manifestations (capacit\u00e9 100 personnes ; accessible aux personnes handicap\u00e9es ; avec cuisine en office de distribution et pr\u00e9au) <strong>agr\u00e9ment\u00e9e d\u2019un arboretum<\/strong>.<\/p><p><strong>Tr\u00e9mont, \u00e9tape incontournable pour les amateurs de jardin.<\/strong><\/p><p>L&rsquo;arboretum de Tr\u00e9mont est le fruit du travail collectif des habitants.<\/p><p>Au\u00a0<strong>printemps 2008<\/strong>, une vingtaine de personnes se sont attel\u00e9es \u00e0 la t\u00e2che. \u00c9tablir des plans, choisir les vari\u00e9t\u00e9s, creuser, planter, arroser, d\u00e9placer, planter encore, voil\u00e0 de quoi bien s&rsquo;occuper pendant plusieurs mois. La nature tr\u00e8s argileuse de la terre ainsi que le manque d&rsquo;eau pendant plusieurs saisons ne nous ont vraiment pas aid\u00e9 !<br \/>Si les\u00a0<strong>viornes et saules<\/strong>\u00a0se sont bien comport\u00e9s, certains\u00a0<strong>magnolias<\/strong>\u00a0ont souffert. Les\u00a0<strong>Cornus alba<\/strong> se portent \u00e0 merveille, tandis que leurs cousins, les \u00ab\u00a0kousa\u00a0\u00bb, n&rsquo;ont pas support\u00e9. Les\u00a0<strong>hydrangeas quercifolia<\/strong>\u00a0se sont distingu\u00e9s par leur endurance, il ne faudra pas h\u00e9siter \u00e0 en rajouter&#8230; Les arbres \u00e0 \u00e9corce remarquable, tel que le\u00a0<strong>bouleau \u00ab\u00a0Jackmontii\u00a0\u00bb<\/strong>\u00a0ainsi que les\u00a0<strong>h\u00eatres pourpres<\/strong> demandent plus de temps pour s&rsquo;implanter\u2026 Sans oublier les <strong>petits pommiers japonais<\/strong>\u00a0qui fructifient en abondance apr\u00e8s une superbe floraison printani\u00e8re.<\/p><p><strong>L\u2019arboretum est aussi le point de d\u00e9part du circuit N\u00b09 \u00ab\u00a0La Vezone\u00a0\u00bb du topoguide de randonn\u00e9e du Pays de Courtomer.<\/strong>\u00a0Un espace avec deux\u00a0<strong>tables de pique-nique<\/strong>\u00a0est am\u00e9nag\u00e9 \u00e0 l\u2019ombre des saules de la mare pour profiter un peu plus du jardin.<\/p><p>Tout ce travail n\u2019aurait pas pu se faire sans l\u2019impulsion et le savoir-faire de <strong>Lorette Ledemay<\/strong>, passionn\u00e9e de jardin et\u00a0<a title=\"http:\/\/www.lafoleterie.fr\/jardin.html\" href=\"http:\/\/www.lafoleterie.fr\/jardin.html\" target=\"_blank\" rel=\"noopener\"><strong>propri\u00e9taire d\u2019un jardin ouvert \u00e0 la visite dans le village<\/strong>.<\/a><br \/>C\u2019est un magnifique\u00a0<strong>jardin d\u2019inspiration anglaise de 6000 m\u00b2 cr\u00e9\u00e9 il y a 20 ans<\/strong>, organis\u00e9 en enclos de verdure successifs et laissant d\u00e9couvrir une <strong>vue imprenable sur les vallons de Tr\u00e9mont<\/strong>. Majoritairement fleuri, le Jardin de la Fol\u00eaterie est \u00e9galement jardin nourricier. On y traverse successivement un grand potager dont les l\u00e9gumes vari\u00e9s et naturels s&rsquo;invitent parfois au jardin d&rsquo;agr\u00e9ment, un verger de fruits de pays qui accueille plusieurs abricotiers et domin\u00e9 par un poirier plus que centenaire, et enfin un poulailler o\u00f9 l&rsquo;on peut admirer plusieurs races de poules et de canards. Le tout naturellement m\u00eal\u00e9 aux plates-bandes de vivaces, annuelles, arbustes et rosiers tant\u00f4t mixed-border aux formes arrondies, tant\u00f4t alignements rectilignes selon l&rsquo;inspiration de la cr\u00e9atrice. Un souci esth\u00e9tique permanent. Autre imp\u00e9ratif, privil\u00e9gier l&rsquo;aspect naturel, tout un art ! Plusieurs bassins et un petit ruisseau renforcent ce sentiment de qui\u00e9tude qui confirme que \u00ab Le bonheur est au jardin\u00a0\u00bb !<\/p><p><strong>Deux adresses de chambres d\u2019h\u00f4tes pour s\u00e9journer \u00e0 Tr\u00e9mont :<\/strong><br \/>Lorette et Yves Ledemay proposent \u00e9galement\u00a0<a href=\"http:\/\/www.gites-de-france-orne.com\/chambre-d-hote-ledemay-lorette---yves-a-tremont-dans-PAYS-D-ALENCON-G1089.html\" target=\"_blank\" rel=\"noopener\">2 chambres d\u2019h\u00f4tes<\/a> en rez-de-jardin.<br \/>Il existe une seconde adresse de\u00a0<a href=\"http:\/\/www.gites-de-france-orne.com\/chambre-d-hote-friboulet-anne-marie-a-tremont-dans-PAYS-D-ALENCON-G1210.html\" target=\"_blank\" rel=\"noopener\">chambres d\u2019h\u00f4tes chez Anne-Marie Friboulet<\/a>\u00a0au lieu-dit \u00ab\u00a0La Noise\u00a0\u00bb.<\/p><p><strong>Patrimoine du village :<\/strong><br \/>L\u2019\u00e9glise de Tr\u00e9mont, sous le patronage de St Pierre, a des fen\u00eatres du 15<sup>\u00e8me<\/sup> et 16<sup>\u00e8me <\/sup>si\u00e8cle, des fonts baptismaux en granit du 16<sup>\u00e8me<\/sup>, une statue de St Avertin en pierre repeinte du 16<sup>\u00e8me<\/sup> \u00e9galement. Le Saint se tient la t\u00eate \u00e0 deux mains : on l\u2019invoquait autrefois pour la gu\u00e9rison des maux de t\u00eate.<\/p><p>122 habitants\u00a0<br \/>Superficie : 635 ha<\/p>\t\t\t\t\t\t\t\t<\/div>\n\t\t\t\t<\/div>\n\t\t\t\t<\/div>\n\t\t<div class=\"elementor-element elementor-element-21264e9 e-con-full e-flex e-con e-child\" data-id=\"21264e9\" data-element_type=\"container\">\n\t\t\t\t<div class=\"elementor-element elementor-element-b53329e elementor-widget elementor-widget-heading\" data-id=\"b53329e\" data-element_type=\"widget\" data-widget_type=\"heading.default\">\n\t\t\t\t<div class=\"elementor-widget-container\">\n\t\t\t\t\t<h4 class=\"elementor-heading-title elementor-size-default\">Aur\u00e9lie DOUCHY<\/h4>\t\t\t\t<\/div>\n\t\t\t\t<\/div>\n\t\t\t\t<div class=\"elementor-element elementor-element-a37daae elementor-icon-list--layout-traditional elementor-list-item-link-full_width elementor-widget elementor-widget-icon-list\" data-id=\"a37daae\" data-element_type=\"widget\" data-widget_type=\"icon-list.default\">\n\t\t\t\t<div class=\"elementor-widget-container\">\n\t\t\t\t\t\t\t<ul class=\"elementor-icon-list-items\">\n\t\t\t\t\t\t\t<li class=\"elementor-icon-list-item\">\n\t\t\t\t\t\t\t\t\t\t\t<span class=\"elementor-icon-list-icon\">\n\t\t\t\t\t\t\t<svg aria-hidden=\"true\" class=\"e-font-icon-svg e-fas-map-pin\" viewbox=\"0 0 288 512\" xmlns=\"http:\/\/www.w3.org\/2000\/svg\"><path d=\"M112 316.94v156.69l22.02 33.02c4.75 7.12 15.22 7.12 19.97 0L176 473.63V316.94c-10.39 1.92-21.06 3.06-32 3.06s-21.61-1.14-32-3.06zM144 0C64.47 0 0 64.47 0 144s64.47 144 144 144 144-64.47 144-144S223.53 0 144 0zm0 76c-37.5 0-68 30.5-68 68 0 6.62-5.38 12-12 12s-12-5.38-12-12c0-50.73 41.28-92 92-92 6.62 0 12 5.38 12 12s-5.38 12-12 12z\"><\/path><\/svg>\t\t\t\t\t\t<\/span>\n\t\t\t\t\t\t\t\t\t\t<span class=\"elementor-icon-list-text\">Le Bourg - 61390 TR\u00c9MONT<\/span>\n\t\t\t\t\t\t\t\t\t<\/li>\n\t\t\t\t\t\t\t\t<li class=\"elementor-icon-list-item\">\n\t\t\t\t\t\t\t\t\t\t\t<span class=\"elementor-icon-list-icon\">\n\t\t\t\t\t\t\t<svg aria-hidden=\"true\" class=\"e-font-icon-svg e-fas-phone-alt\" viewbox=\"0 0 512 512\" xmlns=\"http:\/\/www.w3.org\/2000\/svg\"><path d=\"M497.39 361.8l-112-48a24 24 0 0 0-28 6.9l-49.6 60.6A370.66 370.66 0 0 1 130.6 204.11l60.6-49.6a23.94 23.94 0 0 0 6.9-28l-48-112A24.16 24.16 0 0 0 122.6.61l-104 24A24 24 0 0 0 0 48c0 256.5 207.9 464 464 464a24 24 0 0 0 23.4-18.6l24-104a24.29 24.29 0 0 0-14.01-27.6z\"><\/path><\/svg>\t\t\t\t\t\t<\/span>\n\t\t\t\t\t\t\t\t\t\t<span class=\"elementor-icon-list-text\">02 33 27 80 34<\/span>\n\t\t\t\t\t\t\t\t\t<\/li>\n\t\t\t\t\t\t\t\t<li class=\"elementor-icon-list-item\">\n\t\t\t\t\t\t\t\t\t\t\t<span class=\"elementor-icon-list-icon\">\n\t\t\t\t\t\t\t<svg aria-hidden=\"true\" class=\"e-font-icon-svg e-fas-envelope\" viewbox=\"0 0 512 512\" xmlns=\"http:\/\/www.w3.org\/2000\/svg\"><path d=\"M502.3 190.8c3.9-3.1 9.7-.2 9.7 4.7V400c0 26.5-21.5 48-48 48H48c-26.5 0-48-21.5-48-48V195.6c0-5 5.7-7.8 9.7-4.7 22.4 17.4 52.1 39.5 154.1 113.6 21.1 15.4 56.7 47.8 92.2 47.6 35.7.3 72-32.8 92.3-47.6 102-74.1 131.6-96.3 154-113.7zM256 320c23.2.4 56.6-29.2 73.4-41.4 132.7-96.3 142.8-104.7 173.4-128.7 5.8-4.5 9.2-11.5 9.2-18.9v-19c0-26.5-21.5-48-48-48H48C21.5 64 0 85.5 0 112v19c0 7.4 3.4 14.3 9.2 18.9 30.6 23.9 40.7 32.4 173.4 128.7 16.8 12.2 50.2 41.8 73.4 41.4z\"><\/path><\/svg>\t\t\t\t\t\t<\/span>\n\t\t\t\t\t\t\t\t\t\t<span class=\"elementor-icon-list-text\">mairie.tremont@orange.fr<\/span>\n\t\t\t\t\t\t\t\t\t<\/li>\n\t\t\t\t\t\t\t\t<li class=\"elementor-icon-list-item\">\n\t\t\t\t\t\t\t\t\t\t\t<span class=\"elementor-icon-list-icon\">\n\t\t\t\t\t\t\t<svg aria-hidden=\"true\" class=\"e-font-icon-svg e-far-clock\" viewbox=\"0 0 512 512\" xmlns=\"http:\/\/www.w3.org\/2000\/svg\"><path d=\"M256 8C119 8 8 119 8 256s111 248 248 248 248-111 248-248S393 8 256 8zm0 448c-110.5 0-200-89.5-200-200S145.5 56 256 56s200 89.5 200 200-89.5 200-200 200zm61.8-104.4l-84.9-61.7c-3.1-2.3-4.9-5.9-4.9-9.7V116c0-6.6 5.4-12 12-12h32c6.6 0 12 5.4 12 12v141.7l66.8 48.6c5.4 3.9 6.5 11.4 2.6 16.8L334.6 349c-3.9 5.3-11.4 6.5-16.8 2.6z\"><\/path><\/svg>\t\t\t\t\t\t<\/span>\n\t\t\t\t\t\t\t\t\t\t<span class=\"elementor-icon-list-text\">Mercredi : de 8h30 \u00e0 16h<\/span>\n\t\t\t\t\t\t\t\t\t<\/li>\n\t\t\t\t\t\t<\/ul>\n\t\t\t\t\t\t<\/div>\n\t\t\t\t<\/div>\n\t\t\t\t<\/div>\n\t\t\t\t<\/div>\n\t\t\t\t<\/div>\n\t\t\t\t<\/div>\n\t\t\t\t\t<\/div>\n\t\t\t\t<\/div>\n\t\t\t\t<\/div>","protected":false},"excerpt":{"rendered":"<p>Tr\u00e9mont Le village de Tr\u00e9mont s\u2019\u00e9crivait TREMONZ au 13\u00e8me si\u00e8cle. Une\u00a0salle communale est \u00e0 disposition pour les manifestations (capacit\u00e9 100 personnes ; accessible aux personnes handicap\u00e9es ; avec cuisine en office de distribution et pr\u00e9au) agr\u00e9ment\u00e9e d\u2019un arboretum. Tr\u00e9mont, \u00e9tape incontournable pour les amateurs de jardin. L&rsquo;arboretum de Tr\u00e9mont est le fruit du travail collectif [&hellip;]<\/p>","protected":false},"author":1,"featured_media":0,"parent":0,"menu_order":0,"comment_status":"closed","ping_status":"closed","template":"","meta":{"_acf_changed":false,"footnotes":""},"class_list":["post-2672","page","type-page","status-publish","hentry"],"acf":[],"_links":{"self":[{"href":"https:\/\/ccvhs.fr\/en\/wp-json\/wp\/v2\/pages\/2672","targetHints":{"allow":["GET"]}}],"collection":[{"href":"https:\/\/ccvhs.fr\/en\/wp-json\/wp\/v2\/pages"}],"about":[{"href":"https:\/\/ccvhs.fr\/en\/wp-json\/wp\/v2\/types\/page"}],"author":[{"embeddable":true,"href":"https:\/\/ccvhs.fr\/en\/wp-json\/wp\/v2\/users\/1"}],"replies":[{"embeddable":true,"href":"https:\/\/ccvhs.fr\/en\/wp-json\/wp\/v2\/comments?post=2672"}],"version-history":[{"count":0,"href":"https:\/\/ccvhs.fr\/en\/wp-json\/wp\/v2\/pages\/2672\/revisions"}],"wp:attachment":[{"href":"https:\/\/ccvhs.fr\/en\/wp-json\/wp\/v2\/media?parent=2672"}],"curies":[{"name":"wp","href":"https:\/\/api.w.org\/{rel}","templated":true}]}}