{"id":2630,"date":"2025-04-04T15:57:02","date_gmt":"2025-04-04T13:57:02","guid":{"rendered":"https:\/\/ccvhs.fr\/?page_id=2630"},"modified":"2026-04-20T16:45:05","modified_gmt":"2026-04-20T14:45:05","slug":"st-leger-sur-sarthe","status":"publish","type":"page","link":"https:\/\/ccvhs.fr\/en\/st-leger-sur-sarthe\/","title":{"rendered":"Saint-L\u00e9ger-sur-Sarthe"},"content":{"rendered":"<div data-elementor-type=\"wp-page\" data-elementor-id=\"2630\" class=\"elementor elementor-2630\" data-elementor-post-type=\"page\">\n\t\t\t\t<div class=\"elementor-element elementor-element-6451eb7 e-flex e-con-boxed e-con e-parent\" data-id=\"6451eb7\" data-element_type=\"container\">\n\t\t\t\t\t<div class=\"e-con-inner\">\n\t\t<div class=\"elementor-element elementor-element-4aae41f e-con-full e-flex e-con e-child\" data-id=\"4aae41f\" data-element_type=\"container\" data-settings=\"{&quot;background_background&quot;:&quot;classic&quot;}\">\n\t\t<div class=\"elementor-element elementor-element-77160ab e-con-full e-flex e-con e-child\" data-id=\"77160ab\" data-element_type=\"container\">\n\t\t\t\t<div class=\"elementor-element elementor-element-0f13e46 elementor-widget elementor-widget-image\" data-id=\"0f13e46\" data-element_type=\"widget\" data-widget_type=\"image.default\">\n\t\t\t\t<div class=\"elementor-widget-container\">\n\t\t\t\t\t\t\t\t\t\t\t\t\t\t\t<img fetchpriority=\"high\" decoding=\"async\" width=\"800\" height=\"220\" src=\"https:\/\/ccvhs.fr\/wp-content\/uploads\/2025\/01\/IMAGE-PAGE-CREATION-ET-COMPETENCES_opt-1024x281-1.jpg\" class=\"attachment-large size-large wp-image-493\" alt=\"\" srcset=\"https:\/\/ccvhs.fr\/wp-content\/uploads\/2025\/01\/IMAGE-PAGE-CREATION-ET-COMPETENCES_opt-1024x281-1.jpg 1024w, https:\/\/ccvhs.fr\/wp-content\/uploads\/2025\/01\/IMAGE-PAGE-CREATION-ET-COMPETENCES_opt-1024x281-1-300x82.jpg 300w, https:\/\/ccvhs.fr\/wp-content\/uploads\/2025\/01\/IMAGE-PAGE-CREATION-ET-COMPETENCES_opt-1024x281-1-768x211.jpg 768w, https:\/\/ccvhs.fr\/wp-content\/uploads\/2025\/01\/IMAGE-PAGE-CREATION-ET-COMPETENCES_opt-1024x281-1-18x5.jpg 18w\" sizes=\"(max-width: 800px) 100vw, 800px\" \/>\t\t\t\t\t\t\t\t\t\t\t\t\t\t\t<\/div>\n\t\t\t\t<\/div>\n\t\t\t\t<div class=\"elementor-element elementor-element-fc7f5d0 elementor-widget elementor-widget-heading\" data-id=\"fc7f5d0\" data-element_type=\"widget\" data-widget_type=\"heading.default\">\n\t\t\t\t<div class=\"elementor-widget-container\">\n\t\t\t\t\t<h2 class=\"elementor-heading-title elementor-size-default\">Saint-L\u00e9ger-sur-Sarthe<\/h2>\t\t\t\t<\/div>\n\t\t\t\t<\/div>\n\t\t<div class=\"elementor-element elementor-element-d49dec4 e-con-full e-flex e-con e-child\" data-id=\"d49dec4\" data-element_type=\"container\">\n\t\t<div class=\"elementor-element elementor-element-bbcbfb2 e-con-full e-flex e-con e-child\" data-id=\"bbcbfb2\" data-element_type=\"container\">\n\t\t\t\t<div class=\"elementor-element elementor-element-6650561 elementor-widget elementor-widget-text-editor\" data-id=\"6650561\" data-element_type=\"widget\" data-widget_type=\"text-editor.default\">\n\t\t\t\t<div class=\"elementor-widget-container\">\n\t\t\t\t\t\t\t\t\t<p>\u00ab\u00a0Situ\u00e9 au bord de la Sarthe, le village de Saint L\u00e9ger poss\u00e8de une motte castrale bien conserv\u00e9e et une belle \u00e9glise d\u2019origine romane avec chapitrel.<\/p><p>Au pied de celle-ci on peut remarquer le bel ensemble du Logis. Sur la commune les b\u00e2timents les plus remarquables sont le ch\u00e2teau des No\u00ebs, le manoir de Po\u00ebley reconstruit sur un vieux site, le Petit et le Grand Bouveuche, le Moulin de Bouveuche et la Haie de Po\u00ebley.<\/p><p>Au XIe si\u00e8cle, Saint L\u00e9ger se nommait Saint L\u00e9ger de Poilley. Le seigneur du lieu se d\u00e9nommait Guillaume de Poilley. Il fonda la premi\u00e8re chr\u00e9tient\u00e9 et fit construire une \u00e9glise d\u00e9di\u00e9e \u00e0 Saint L\u00e9ger. Il tenait son fief d\u2019Olivier de Bell\u00eame, seigneur du Mesle, fils de Guillaume II de Bell\u00eame.<\/p><p>La motte castrale contr\u00f4le un passage de la Sarthe en aval du M\u00eale sur une voie qui m\u00e8ne en ligne droite de Bell\u00eame \u00e0 S\u00e9es. \u00c0 cette fonction routi\u00e8re et strat\u00e9gique, s\u2019ajoute un r\u00f4le dans la mise en valeur du secteur m\u00e9ridional de la for\u00eat de Bourse. La motte de Saint L\u00e9ger, ainsi que celles de Boitron, d\u2019Essay et du Mesle, a soutenu l\u2019avanc\u00e9e des d\u00e9frichements de la for\u00eat de Bourse qui \u00e9tait proche comme l\u2019indique le toponyme de la Haie de Poilley. Le ch\u00e2teau sur la motte a certainement \u00e9t\u00e9 d\u00e9truit pendant les guerres avec les Anglais, comme tous les autres ch\u00e2teaux \u00e0 proximit\u00e9.<\/p><p>Pendant la R\u00e9volution, Saint L\u00e9ger s\u2019est appel\u00e9 L\u2019Union-sur-Sarthe.<\/p><p>363 habitants\u00a0<br \/>Superficie : 1325 ha<\/p>\t\t\t\t\t\t\t\t<\/div>\n\t\t\t\t<\/div>\n\t\t\t\t<\/div>\n\t\t<div class=\"elementor-element elementor-element-246f19f e-con-full e-flex e-con e-child\" data-id=\"246f19f\" data-element_type=\"container\">\n\t\t\t\t<div class=\"elementor-element elementor-element-3957dcf elementor-widget elementor-widget-image\" data-id=\"3957dcf\" data-element_type=\"widget\" data-widget_type=\"image.default\">\n\t\t\t\t<div class=\"elementor-widget-container\">\n\t\t\t\t\t\t\t\t\t\t\t\t\t\t\t<img decoding=\"async\" width=\"800\" height=\"809\" src=\"https:\/\/ccvhs.fr\/wp-content\/uploads\/2026\/04\/IMG_3785-scaled-e1776696008105-1013x1024.jpg\" class=\"attachment-large size-large wp-image-5071\" alt=\"\" srcset=\"https:\/\/ccvhs.fr\/wp-content\/uploads\/2026\/04\/IMG_3785-scaled-e1776696008105-1013x1024.jpg 1013w, https:\/\/ccvhs.fr\/wp-content\/uploads\/2026\/04\/IMG_3785-scaled-e1776696008105-297x300.jpg 297w, https:\/\/ccvhs.fr\/wp-content\/uploads\/2026\/04\/IMG_3785-scaled-e1776696008105-768x776.jpg 768w, https:\/\/ccvhs.fr\/wp-content\/uploads\/2026\/04\/IMG_3785-scaled-e1776696008105-1519x1536.jpg 1519w, https:\/\/ccvhs.fr\/wp-content\/uploads\/2026\/04\/IMG_3785-scaled-e1776696008105-12x12.jpg 12w, https:\/\/ccvhs.fr\/wp-content\/uploads\/2026\/04\/IMG_3785-scaled-e1776696008105.jpg 1545w\" sizes=\"(max-width: 800px) 100vw, 800px\" \/>\t\t\t\t\t\t\t\t\t\t\t\t\t\t\t<\/div>\n\t\t\t\t<\/div>\n\t\t\t\t<div class=\"elementor-element elementor-element-f1e17dd elementor-widget elementor-widget-heading\" data-id=\"f1e17dd\" data-element_type=\"widget\" data-widget_type=\"heading.default\">\n\t\t\t\t<div class=\"elementor-widget-container\">\n\t\t\t\t\t<h4 class=\"elementor-heading-title elementor-size-default\">Didier Rattier<\/h4>\t\t\t\t<\/div>\n\t\t\t\t<\/div>\n\t\t\t\t<div class=\"elementor-element elementor-element-999e7ca elementor-icon-list--layout-traditional elementor-list-item-link-full_width elementor-widget elementor-widget-icon-list\" data-id=\"999e7ca\" data-element_type=\"widget\" data-widget_type=\"icon-list.default\">\n\t\t\t\t<div class=\"elementor-widget-container\">\n\t\t\t\t\t\t\t<ul class=\"elementor-icon-list-items\">\n\t\t\t\t\t\t\t<li class=\"elementor-icon-list-item\">\n\t\t\t\t\t\t\t\t\t\t\t<span class=\"elementor-icon-list-icon\">\n\t\t\t\t\t\t\t<svg aria-hidden=\"true\" class=\"e-font-icon-svg e-fas-map-pin\" viewbox=\"0 0 288 512\" xmlns=\"http:\/\/www.w3.org\/2000\/svg\"><path d=\"M112 316.94v156.69l22.02 33.02c4.75 7.12 15.22 7.12 19.97 0L176 473.63V316.94c-10.39 1.92-21.06 3.06-32 3.06s-21.61-1.14-32-3.06zM144 0C64.47 0 0 64.47 0 144s64.47 144 144 144 144-64.47 144-144S223.53 0 144 0zm0 76c-37.5 0-68 30.5-68 68 0 6.62-5.38 12-12 12s-12-5.38-12-12c0-50.73 41.28-92 92-92 6.62 0 12 5.38 12 12s-5.38 12-12 12z\"><\/path><\/svg>\t\t\t\t\t\t<\/span>\n\t\t\t\t\t\t\t\t\t\t<span class=\"elementor-icon-list-text\">Mairie - 94 All\u00e9e des Acacias - 61170 Saint-L\u00e9ger-sur-Sarthe<\/span>\n\t\t\t\t\t\t\t\t\t<\/li>\n\t\t\t\t\t\t\t\t<li class=\"elementor-icon-list-item\">\n\t\t\t\t\t\t\t\t\t\t\t<span class=\"elementor-icon-list-icon\">\n\t\t\t\t\t\t\t<svg aria-hidden=\"true\" class=\"e-font-icon-svg e-fas-phone-alt\" viewbox=\"0 0 512 512\" xmlns=\"http:\/\/www.w3.org\/2000\/svg\"><path d=\"M497.39 361.8l-112-48a24 24 0 0 0-28 6.9l-49.6 60.6A370.66 370.66 0 0 1 130.6 204.11l60.6-49.6a23.94 23.94 0 0 0 6.9-28l-48-112A24.16 24.16 0 0 0 122.6.61l-104 24A24 24 0 0 0 0 48c0 256.5 207.9 464 464 464a24 24 0 0 0 23.4-18.6l24-104a24.29 24.29 0 0 0-14.01-27.6z\"><\/path><\/svg>\t\t\t\t\t\t<\/span>\n\t\t\t\t\t\t\t\t\t\t<span class=\"elementor-icon-list-text\">02 33 28 54 01<\/span>\n\t\t\t\t\t\t\t\t\t<\/li>\n\t\t\t\t\t\t\t\t<li class=\"elementor-icon-list-item\">\n\t\t\t\t\t\t\t\t\t\t\t<span class=\"elementor-icon-list-icon\">\n\t\t\t\t\t\t\t<svg aria-hidden=\"true\" class=\"e-font-icon-svg e-fas-envelope\" viewbox=\"0 0 512 512\" xmlns=\"http:\/\/www.w3.org\/2000\/svg\"><path d=\"M502.3 190.8c3.9-3.1 9.7-.2 9.7 4.7V400c0 26.5-21.5 48-48 48H48c-26.5 0-48-21.5-48-48V195.6c0-5 5.7-7.8 9.7-4.7 22.4 17.4 52.1 39.5 154.1 113.6 21.1 15.4 56.7 47.8 92.2 47.6 35.7.3 72-32.8 92.3-47.6 102-74.1 131.6-96.3 154-113.7zM256 320c23.2.4 56.6-29.2 73.4-41.4 132.7-96.3 142.8-104.7 173.4-128.7 5.8-4.5 9.2-11.5 9.2-18.9v-19c0-26.5-21.5-48-48-48H48C21.5 64 0 85.5 0 112v19c0 7.4 3.4 14.3 9.2 18.9 30.6 23.9 40.7 32.4 173.4 128.7 16.8 12.2 50.2 41.8 73.4 41.4z\"><\/path><\/svg>\t\t\t\t\t\t<\/span>\n\t\t\t\t\t\t\t\t\t\t<span class=\"elementor-icon-list-text\">mairie.stlegersursarthe@wanadoo.fr<\/span>\n\t\t\t\t\t\t\t\t\t<\/li>\n\t\t\t\t\t\t\t\t<li class=\"elementor-icon-list-item\">\n\t\t\t\t\t\t\t\t\t\t\t<span class=\"elementor-icon-list-icon\">\n\t\t\t\t\t\t\t<svg aria-hidden=\"true\" class=\"e-font-icon-svg e-far-clock\" viewbox=\"0 0 512 512\" xmlns=\"http:\/\/www.w3.org\/2000\/svg\"><path d=\"M256 8C119 8 8 119 8 256s111 248 248 248 248-111 248-248S393 8 256 8zm0 448c-110.5 0-200-89.5-200-200S145.5 56 256 56s200 89.5 200 200-89.5 200-200 200zm61.8-104.4l-84.9-61.7c-3.1-2.3-4.9-5.9-4.9-9.7V116c0-6.6 5.4-12 12-12h32c6.6 0 12 5.4 12 12v141.7l66.8 48.6c5.4 3.9 6.5 11.4 2.6 16.8L334.6 349c-3.9 5.3-11.4 6.5-16.8 2.6z\"><\/path><\/svg>\t\t\t\t\t\t<\/span>\n\t\t\t\t\t\t\t\t\t\t<span class=\"elementor-icon-list-text\">Mercredi et Vendredi : 09h00 - 12h30 (accueil t\u00e9l\u00e9phonique seulement) <br>Merredi et Vendredi : 14h00 - 17h00 (accueil public et t\u00e9l\u00e9phonique) <brh -><\/span>\n\t\t\t\t\t\t\t\t\t<\/li>\n\t\t\t\t\t\t<\/ul>\n\t\t\t\t\t\t<\/div>\n\t\t\t\t<\/div>\n\t\t\t\t<\/div>\n\t\t\t\t<\/div>\n\t\t\t\t<\/div>\n\t\t\t\t<\/div>\n\t\t\t\t\t<\/div>\n\t\t\t\t<\/div>\n\t\t\t\t<\/div>","protected":false},"excerpt":{"rendered":"<p>Saint-L\u00e9ger-sur-Sarthe \u00ab\u00a0Situ\u00e9 au bord de la Sarthe, le village de Saint L\u00e9ger poss\u00e8de une motte castrale bien conserv\u00e9e et une belle \u00e9glise d\u2019origine romane avec chapitrel. Au pied de celle-ci on peut remarquer le bel ensemble du Logis. Sur la commune les b\u00e2timents les plus remarquables sont le ch\u00e2teau des No\u00ebs, le manoir de Po\u00ebley [&hellip;]<\/p>","protected":false},"author":1,"featured_media":0,"parent":0,"menu_order":0,"comment_status":"closed","ping_status":"closed","template":"","meta":{"_acf_changed":false,"footnotes":""},"class_list":["post-2630","page","type-page","status-publish","hentry"],"acf":[],"_links":{"self":[{"href":"https:\/\/ccvhs.fr\/en\/wp-json\/wp\/v2\/pages\/2630","targetHints":{"allow":["GET"]}}],"collection":[{"href":"https:\/\/ccvhs.fr\/en\/wp-json\/wp\/v2\/pages"}],"about":[{"href":"https:\/\/ccvhs.fr\/en\/wp-json\/wp\/v2\/types\/page"}],"author":[{"embeddable":true,"href":"https:\/\/ccvhs.fr\/en\/wp-json\/wp\/v2\/users\/1"}],"replies":[{"embeddable":true,"href":"https:\/\/ccvhs.fr\/en\/wp-json\/wp\/v2\/comments?post=2630"}],"version-history":[{"count":0,"href":"https:\/\/ccvhs.fr\/en\/wp-json\/wp\/v2\/pages\/2630\/revisions"}],"wp:attachment":[{"href":"https:\/\/ccvhs.fr\/en\/wp-json\/wp\/v2\/media?parent=2630"}],"curies":[{"name":"wp","href":"https:\/\/api.w.org\/{rel}","templated":true}]}}