{"id":2613,"date":"2025-04-04T15:47:15","date_gmt":"2025-04-04T13:47:15","guid":{"rendered":"https:\/\/ccvhs.fr\/?page_id=2613"},"modified":"2025-11-06T12:50:31","modified_gmt":"2025-11-06T11:50:31","slug":"st-aubin-dappenai","status":"publish","type":"page","link":"https:\/\/ccvhs.fr\/en\/st-aubin-dappenai\/","title":{"rendered":"Saint-Aubin-d&rsquo;Appenai"},"content":{"rendered":"<div data-elementor-type=\"wp-page\" data-elementor-id=\"2613\" class=\"elementor elementor-2613\" data-elementor-post-type=\"page\">\n\t\t\t\t<div class=\"elementor-element elementor-element-3f270f7 e-flex e-con-boxed e-con e-parent\" data-id=\"3f270f7\" data-element_type=\"container\">\n\t\t\t\t\t<div class=\"e-con-inner\">\n\t\t<div class=\"elementor-element elementor-element-05806db e-con-full e-flex e-con e-child\" data-id=\"05806db\" data-element_type=\"container\" data-settings=\"{&quot;background_background&quot;:&quot;classic&quot;}\">\n\t\t<div class=\"elementor-element elementor-element-00be3e7 e-con-full e-flex e-con e-child\" data-id=\"00be3e7\" data-element_type=\"container\">\n\t\t\t\t<div class=\"elementor-element elementor-element-9966c93 elementor-widget elementor-widget-image\" data-id=\"9966c93\" data-element_type=\"widget\" data-widget_type=\"image.default\">\n\t\t\t\t<div class=\"elementor-widget-container\">\n\t\t\t\t\t\t\t\t\t\t\t\t\t\t\t<img fetchpriority=\"high\" decoding=\"async\" width=\"212\" height=\"300\" src=\"https:\/\/ccvhs.fr\/wp-content\/uploads\/2025\/11\/st-aubin-dappenai-jpg-reduit-212x300.jpg\" class=\"attachment-medium size-medium wp-image-4489\" alt=\"\" srcset=\"https:\/\/ccvhs.fr\/wp-content\/uploads\/2025\/11\/st-aubin-dappenai-jpg-reduit-212x300.jpg 212w, https:\/\/ccvhs.fr\/wp-content\/uploads\/2025\/11\/st-aubin-dappenai-jpg-reduit-8x12.jpg 8w, https:\/\/ccvhs.fr\/wp-content\/uploads\/2025\/11\/st-aubin-dappenai-jpg-reduit.jpg 400w\" sizes=\"(max-width: 212px) 100vw, 212px\" \/>\t\t\t\t\t\t\t\t\t\t\t\t\t\t\t<\/div>\n\t\t\t\t<\/div>\n\t\t\t\t<div class=\"elementor-element elementor-element-dba5da8 elementor-widget elementor-widget-heading\" data-id=\"dba5da8\" data-element_type=\"widget\" data-widget_type=\"heading.default\">\n\t\t\t\t<div class=\"elementor-widget-container\">\n\t\t\t\t\t<h2 class=\"elementor-heading-title elementor-size-default\">Saint-Aubin-d'Appenai<\/h2>\t\t\t\t<\/div>\n\t\t\t\t<\/div>\n\t\t<div class=\"elementor-element elementor-element-4dff0a1 e-con-full e-flex e-con e-child\" data-id=\"4dff0a1\" data-element_type=\"container\">\n\t\t<div class=\"elementor-element elementor-element-886e4a3 e-con-full e-flex e-con e-child\" data-id=\"886e4a3\" data-element_type=\"container\">\n\t\t\t\t<div class=\"elementor-element elementor-element-a7b3f0c elementor-widget elementor-widget-text-editor\" data-id=\"a7b3f0c\" data-element_type=\"widget\" data-widget_type=\"text-editor.default\">\n\t\t\t\t<div class=\"elementor-widget-container\">\n\t\t\t\t\t\t\t\t\t<p>\u00ab\u00a0Il faut la parcourir par monts et par vaux pour en ressentir tout le charme, un charme inhabituel fait de collines bois\u00e9es, de vallons ombrag\u00e9s, de petites routes verdoyantes, de modestes ruisseaux serpentant pr\u00e8s de manoirs diss\u00e9min\u00e9s, avec au bourg une \u00e9glise \u00e9tonnante des 12<sup>\u00e8me<\/sup> et 16<sup>\u00e8me<\/sup> si\u00e8cles, qu\u2019on est surpris de trouver en si bel \u00e9tat, toute fi\u00e8re d\u2019\u00eatre d\u00e9di\u00e9e \u00e0 Saint Aubin et d\u2019avoir connu Madeleine de la Peltrie\u00a0\u00bb. (Fran\u00e7ois\u00a0 CERTAIN \u2013 Soci\u00e9t\u00e9 Historique et Arch\u00e9ologique de l\u2019Orne).<br \/>Je n\u2019ai rien \u00e0 ajouter \u00e0 ces propos \u00e9logieux qui d\u00e9crivent bien notre petite commune rurale et son patrimoine historique et paysager, \u00e0 l\u2019environnement pr\u00e9serv\u00e9.<br \/>L\u2019agriculture est l\u2019activit\u00e9 principale, plus particuli\u00e8rement l\u2019\u00e9levage laitier et allaitant, et l\u2019\u00e9levage \u00e9quin avec un haras d\u00e9di\u00e9 aux trotteurs (Roc Meslois, concurrent du Prix d\u2019Am\u00e9rique 2011, en est l\u2019un des produits).<br \/>Deux artisans participent \u00e0 l\u2019activit\u00e9 \u00e9conomique aux c\u00f4t\u00e9s des huit exploitants agricoles (dont un \u00e9leveur canin).<br \/>Une particularit\u00e9 de notre petite commune : son bourg compte une cinquantaine d\u2019habitations, tout comme la partie agglom\u00e9r\u00e9e avec le chef-lieu de canton : le M\u00eale sur Sarthe.<\/p><p>403 habitants\u00a0<br \/>Superficie : 1129 ha<\/p>\t\t\t\t\t\t\t\t<\/div>\n\t\t\t\t<\/div>\n\t\t\t\t<\/div>\n\t\t<div class=\"elementor-element elementor-element-94dd9f7 e-con-full e-flex e-con e-child\" data-id=\"94dd9f7\" data-element_type=\"container\">\n\t\t\t\t<div class=\"elementor-element elementor-element-fff82d9 elementor-widget elementor-widget-image\" data-id=\"fff82d9\" data-element_type=\"widget\" data-widget_type=\"image.default\">\n\t\t\t\t<div class=\"elementor-widget-container\">\n\t\t\t\t\t\t\t\t\t\t\t\t\t\t\t<img decoding=\"async\" width=\"800\" height=\"989\" src=\"https:\/\/ccvhs.fr\/wp-content\/uploads\/2025\/02\/Christophe-Jehannin-828x1024.jpg\" class=\"attachment-large size-large wp-image-1202\" alt=\"\" srcset=\"https:\/\/ccvhs.fr\/wp-content\/uploads\/2025\/02\/Christophe-Jehannin-828x1024.jpg 828w, https:\/\/ccvhs.fr\/wp-content\/uploads\/2025\/02\/Christophe-Jehannin-243x300.jpg 243w, https:\/\/ccvhs.fr\/wp-content\/uploads\/2025\/02\/Christophe-Jehannin-768x949.jpg 768w, https:\/\/ccvhs.fr\/wp-content\/uploads\/2025\/02\/Christophe-Jehannin-10x12.jpg 10w, https:\/\/ccvhs.fr\/wp-content\/uploads\/2025\/02\/Christophe-Jehannin.jpg 1177w\" sizes=\"(max-width: 800px) 100vw, 800px\" \/>\t\t\t\t\t\t\t\t\t\t\t\t\t\t\t<\/div>\n\t\t\t\t<\/div>\n\t\t\t\t<div class=\"elementor-element elementor-element-a9a97b8 elementor-widget elementor-widget-heading\" data-id=\"a9a97b8\" data-element_type=\"widget\" data-widget_type=\"heading.default\">\n\t\t\t\t<div class=\"elementor-widget-container\">\n\t\t\t\t\t<h4 class=\"elementor-heading-title elementor-size-default\">Christophe Jehannin<\/h4>\t\t\t\t<\/div>\n\t\t\t\t<\/div>\n\t\t\t\t<div class=\"elementor-element elementor-element-027532a elementor-icon-list--layout-traditional elementor-list-item-link-full_width elementor-widget elementor-widget-icon-list\" data-id=\"027532a\" data-element_type=\"widget\" data-widget_type=\"icon-list.default\">\n\t\t\t\t<div class=\"elementor-widget-container\">\n\t\t\t\t\t\t\t<ul class=\"elementor-icon-list-items\">\n\t\t\t\t\t\t\t<li class=\"elementor-icon-list-item\">\n\t\t\t\t\t\t\t\t\t\t\t<span class=\"elementor-icon-list-icon\">\n\t\t\t\t\t\t\t<svg aria-hidden=\"true\" class=\"e-font-icon-svg e-fas-map-pin\" viewbox=\"0 0 288 512\" xmlns=\"http:\/\/www.w3.org\/2000\/svg\"><path d=\"M112 316.94v156.69l22.02 33.02c4.75 7.12 15.22 7.12 19.97 0L176 473.63V316.94c-10.39 1.92-21.06 3.06-32 3.06s-21.61-1.14-32-3.06zM144 0C64.47 0 0 64.47 0 144s64.47 144 144 144 144-64.47 144-144S223.53 0 144 0zm0 76c-37.5 0-68 30.5-68 68 0 6.62-5.38 12-12 12s-12-5.38-12-12c0-50.73 41.28-92 92-92 6.62 0 12 5.38 12 12s-5.38 12-12 12z\"><\/path><\/svg>\t\t\t\t\t\t<\/span>\n\t\t\t\t\t\t\t\t\t\t<span class=\"elementor-icon-list-text\"> Mairie - Le Bourg - 61170 Saint-Aubin-d'Appenai<\/span>\n\t\t\t\t\t\t\t\t\t<\/li>\n\t\t\t\t\t\t\t\t<li class=\"elementor-icon-list-item\">\n\t\t\t\t\t\t\t\t\t\t\t<span class=\"elementor-icon-list-icon\">\n\t\t\t\t\t\t\t<svg aria-hidden=\"true\" class=\"e-font-icon-svg e-fas-phone-alt\" viewbox=\"0 0 512 512\" xmlns=\"http:\/\/www.w3.org\/2000\/svg\"><path d=\"M497.39 361.8l-112-48a24 24 0 0 0-28 6.9l-49.6 60.6A370.66 370.66 0 0 1 130.6 204.11l60.6-49.6a23.94 23.94 0 0 0 6.9-28l-48-112A24.16 24.16 0 0 0 122.6.61l-104 24A24 24 0 0 0 0 48c0 256.5 207.9 464 464 464a24 24 0 0 0 23.4-18.6l24-104a24.29 24.29 0 0 0-14.01-27.6z\"><\/path><\/svg>\t\t\t\t\t\t<\/span>\n\t\t\t\t\t\t\t\t\t\t<span class=\"elementor-icon-list-text\">02 33 27 67 99<\/span>\n\t\t\t\t\t\t\t\t\t<\/li>\n\t\t\t\t\t\t\t\t<li class=\"elementor-icon-list-item\">\n\t\t\t\t\t\t\t\t\t\t\t<span class=\"elementor-icon-list-icon\">\n\t\t\t\t\t\t\t<svg aria-hidden=\"true\" class=\"e-font-icon-svg e-fas-envelope\" viewbox=\"0 0 512 512\" xmlns=\"http:\/\/www.w3.org\/2000\/svg\"><path d=\"M502.3 190.8c3.9-3.1 9.7-.2 9.7 4.7V400c0 26.5-21.5 48-48 48H48c-26.5 0-48-21.5-48-48V195.6c0-5 5.7-7.8 9.7-4.7 22.4 17.4 52.1 39.5 154.1 113.6 21.1 15.4 56.7 47.8 92.2 47.6 35.7.3 72-32.8 92.3-47.6 102-74.1 131.6-96.3 154-113.7zM256 320c23.2.4 56.6-29.2 73.4-41.4 132.7-96.3 142.8-104.7 173.4-128.7 5.8-4.5 9.2-11.5 9.2-18.9v-19c0-26.5-21.5-48-48-48H48C21.5 64 0 85.5 0 112v19c0 7.4 3.4 14.3 9.2 18.9 30.6 23.9 40.7 32.4 173.4 128.7 16.8 12.2 50.2 41.8 73.4 41.4z\"><\/path><\/svg>\t\t\t\t\t\t<\/span>\n\t\t\t\t\t\t\t\t\t\t<span class=\"elementor-icon-list-text\">st.aubin.appenai@wanadoo.fr<\/span>\n\t\t\t\t\t\t\t\t\t<\/li>\n\t\t\t\t\t\t\t\t<li class=\"elementor-icon-list-item\">\n\t\t\t\t\t\t\t\t\t\t\t<span class=\"elementor-icon-list-icon\">\n\t\t\t\t\t\t\t<svg aria-hidden=\"true\" class=\"e-font-icon-svg e-far-clock\" viewbox=\"0 0 512 512\" xmlns=\"http:\/\/www.w3.org\/2000\/svg\"><path d=\"M256 8C119 8 8 119 8 256s111 248 248 248 248-111 248-248S393 8 256 8zm0 448c-110.5 0-200-89.5-200-200S145.5 56 256 56s200 89.5 200 200-89.5 200-200 200zm61.8-104.4l-84.9-61.7c-3.1-2.3-4.9-5.9-4.9-9.7V116c0-6.6 5.4-12 12-12h32c6.6 0 12 5.4 12 12v141.7l66.8 48.6c5.4 3.9 6.5 11.4 2.6 16.8L334.6 349c-3.9 5.3-11.4 6.5-16.8 2.6z\"><\/path><\/svg>\t\t\t\t\t\t<\/span>\n\t\t\t\t\t\t\t\t\t\t<span class=\"elementor-icon-list-text\">Mardi : de 14h \u00e0 16h <br>Jeudi : de 15h30 \u00e0 18h30<\/span>\n\t\t\t\t\t\t\t\t\t<\/li>\n\t\t\t\t\t\t<\/ul>\n\t\t\t\t\t\t<\/div>\n\t\t\t\t<\/div>\n\t\t\t\t<\/div>\n\t\t\t\t<\/div>\n\t\t\t\t<\/div>\n\t\t\t\t<\/div>\n\t\t\t\t\t<\/div>\n\t\t\t\t<\/div>\n\t\t\t\t<\/div>","protected":false},"excerpt":{"rendered":"<p>Saint-Aubin-d&rsquo;Appenai \u00ab\u00a0Il faut la parcourir par monts et par vaux pour en ressentir tout le charme, un charme inhabituel fait de collines bois\u00e9es, de vallons ombrag\u00e9s, de petites routes verdoyantes, de modestes ruisseaux serpentant pr\u00e8s de manoirs diss\u00e9min\u00e9s, avec au bourg une \u00e9glise \u00e9tonnante des 12\u00e8me et 16\u00e8me si\u00e8cles, qu\u2019on est surpris de trouver en [&hellip;]<\/p>","protected":false},"author":1,"featured_media":0,"parent":0,"menu_order":0,"comment_status":"closed","ping_status":"closed","template":"","meta":{"_acf_changed":false,"footnotes":""},"class_list":["post-2613","page","type-page","status-publish","hentry"],"acf":[],"_links":{"self":[{"href":"https:\/\/ccvhs.fr\/en\/wp-json\/wp\/v2\/pages\/2613","targetHints":{"allow":["GET"]}}],"collection":[{"href":"https:\/\/ccvhs.fr\/en\/wp-json\/wp\/v2\/pages"}],"about":[{"href":"https:\/\/ccvhs.fr\/en\/wp-json\/wp\/v2\/types\/page"}],"author":[{"embeddable":true,"href":"https:\/\/ccvhs.fr\/en\/wp-json\/wp\/v2\/users\/1"}],"replies":[{"embeddable":true,"href":"https:\/\/ccvhs.fr\/en\/wp-json\/wp\/v2\/comments?post=2613"}],"version-history":[{"count":0,"href":"https:\/\/ccvhs.fr\/en\/wp-json\/wp\/v2\/pages\/2613\/revisions"}],"wp:attachment":[{"href":"https:\/\/ccvhs.fr\/en\/wp-json\/wp\/v2\/media?parent=2613"}],"curies":[{"name":"wp","href":"https:\/\/api.w.org\/{rel}","templated":true}]}}