{"id":2575,"date":"2025-04-04T15:28:47","date_gmt":"2025-04-04T13:28:47","guid":{"rendered":"https:\/\/ccvhs.fr\/?page_id=2575"},"modified":"2025-09-10T09:09:12","modified_gmt":"2025-09-10T07:09:12","slug":"le-menil-guyon","status":"publish","type":"page","link":"https:\/\/ccvhs.fr\/en\/le-menil-guyon\/","title":{"rendered":"Le M\u00e9nil-Guyon"},"content":{"rendered":"<div data-elementor-type=\"wp-page\" data-elementor-id=\"2575\" class=\"elementor elementor-2575\" data-elementor-post-type=\"page\">\n\t\t\t\t<div class=\"elementor-element elementor-element-9aa2da9 e-flex e-con-boxed e-con e-parent\" data-id=\"9aa2da9\" data-element_type=\"container\">\n\t\t\t\t\t<div class=\"e-con-inner\">\n\t\t<div class=\"elementor-element elementor-element-6259f59 e-con-full e-flex e-con e-child\" data-id=\"6259f59\" data-element_type=\"container\" data-settings=\"{&quot;background_background&quot;:&quot;classic&quot;}\">\n\t\t<div class=\"elementor-element elementor-element-5c416f4 e-con-full e-flex e-con e-child\" data-id=\"5c416f4\" data-element_type=\"container\">\n\t\t\t\t<div class=\"elementor-element elementor-element-38cce00 elementor-widget elementor-widget-image\" data-id=\"38cce00\" data-element_type=\"widget\" data-widget_type=\"image.default\">\n\t\t\t\t<div class=\"elementor-widget-container\">\n\t\t\t\t\t\t\t\t\t\t\t\t\t\t\t<img fetchpriority=\"high\" decoding=\"async\" width=\"800\" height=\"220\" src=\"https:\/\/ccvhs.fr\/wp-content\/uploads\/2025\/01\/IMAGE-PAGE-CREATION-ET-COMPETENCES_opt-1024x281-1.jpg\" class=\"attachment-large size-large wp-image-493\" alt=\"\" srcset=\"https:\/\/ccvhs.fr\/wp-content\/uploads\/2025\/01\/IMAGE-PAGE-CREATION-ET-COMPETENCES_opt-1024x281-1.jpg 1024w, https:\/\/ccvhs.fr\/wp-content\/uploads\/2025\/01\/IMAGE-PAGE-CREATION-ET-COMPETENCES_opt-1024x281-1-300x82.jpg 300w, https:\/\/ccvhs.fr\/wp-content\/uploads\/2025\/01\/IMAGE-PAGE-CREATION-ET-COMPETENCES_opt-1024x281-1-768x211.jpg 768w, https:\/\/ccvhs.fr\/wp-content\/uploads\/2025\/01\/IMAGE-PAGE-CREATION-ET-COMPETENCES_opt-1024x281-1-18x5.jpg 18w\" sizes=\"(max-width: 800px) 100vw, 800px\" \/>\t\t\t\t\t\t\t\t\t\t\t\t\t\t\t<\/div>\n\t\t\t\t<\/div>\n\t\t\t\t<div class=\"elementor-element elementor-element-96ddbbe elementor-widget elementor-widget-heading\" data-id=\"96ddbbe\" data-element_type=\"widget\" data-widget_type=\"heading.default\">\n\t\t\t\t<div class=\"elementor-widget-container\">\n\t\t\t\t\t<h2 class=\"elementor-heading-title elementor-size-default\">Le M\u00e9nil Guyon<\/h2>\t\t\t\t<\/div>\n\t\t\t\t<\/div>\n\t\t<div class=\"elementor-element elementor-element-6667299 e-con-full e-flex e-con e-child\" data-id=\"6667299\" data-element_type=\"container\">\n\t\t<div class=\"elementor-element elementor-element-bbd4a09 e-con-full e-flex e-con e-child\" data-id=\"bbd4a09\" data-element_type=\"container\">\n\t\t\t\t<div class=\"elementor-element elementor-element-f3d0205 elementor-widget elementor-widget-text-editor\" data-id=\"f3d0205\" data-element_type=\"widget\" data-widget_type=\"text-editor.default\">\n\t\t\t\t<div class=\"elementor-widget-container\">\n\t\t\t\t\t\t\t\t\t<p>La commune poss\u00e8de une\u00a0<strong>\u00e9glise<\/strong> (Notre Dame de la Nativit\u00e9) avec sa nef du 16<sup>\u00e8me<\/sup> si\u00e8cle, son retable \u00e0 deux colonnes corinthiennes du 18<sup>\u00e8me<\/sup> si\u00e8cle et sa vo\u00fbte lambriss\u00e9e.<\/p><p><strong>Village fleuri<\/strong>\u00a0: deux fleurs.<br \/>Elle\u00a0est travers\u00e9 par\u00a0<strong>3 cours d\u2019eau<\/strong> (le Vaudon, le Gravier et le Charbonnet) et comprend deux groupements de maisons s\u00e9par\u00e9s par la D 31 (Alen\u00e7on- L\u2019Aigle).<\/p><p>92 habitants\u00a0<br \/>Superficie : 2,76 km\u00b2<\/p>\t\t\t\t\t\t\t\t<\/div>\n\t\t\t\t<\/div>\n\t\t\t\t<\/div>\n\t\t<div class=\"elementor-element elementor-element-25fd90d e-con-full e-flex e-con e-child\" data-id=\"25fd90d\" data-element_type=\"container\">\n\t\t\t\t<div class=\"elementor-element elementor-element-c277fc2 elementor-widget elementor-widget-image\" data-id=\"c277fc2\" data-element_type=\"widget\" data-widget_type=\"image.default\">\n\t\t\t\t<div class=\"elementor-widget-container\">\n\t\t\t\t\t\t\t\t\t\t\t\t\t\t\t<img decoding=\"async\" width=\"768\" height=\"1024\" src=\"https:\/\/ccvhs.fr\/wp-content\/uploads\/2025\/02\/Yann-levenez-scaled-1-768x1024.jpg\" class=\"attachment-large size-large wp-image-1169\" alt=\"\" srcset=\"https:\/\/ccvhs.fr\/wp-content\/uploads\/2025\/02\/Yann-levenez-scaled-1-768x1025.jpg 768w, https:\/\/ccvhs.fr\/wp-content\/uploads\/2025\/02\/Yann-levenez-scaled-1-225x300.jpg 225w, https:\/\/ccvhs.fr\/wp-content\/uploads\/2025\/02\/Yann-levenez-scaled-1-1151x1536.jpg 1151w, https:\/\/ccvhs.fr\/wp-content\/uploads\/2025\/02\/Yann-levenez-scaled-1-1535x2048.jpg 1535w, https:\/\/ccvhs.fr\/wp-content\/uploads\/2025\/02\/Yann-levenez-scaled-1-9x12.jpg 9w, https:\/\/ccvhs.fr\/wp-content\/uploads\/2025\/02\/Yann-levenez-scaled-1.jpg 1919w\" sizes=\"(max-width: 768px) 100vw, 768px\" \/>\t\t\t\t\t\t\t\t\t\t\t\t\t\t\t<\/div>\n\t\t\t\t<\/div>\n\t\t\t\t<div class=\"elementor-element elementor-element-b34e32a elementor-widget elementor-widget-heading\" data-id=\"b34e32a\" data-element_type=\"widget\" data-widget_type=\"heading.default\">\n\t\t\t\t<div class=\"elementor-widget-container\">\n\t\t\t\t\t<h4 class=\"elementor-heading-title elementor-size-default\">Yannick Levenez<\/h4>\t\t\t\t<\/div>\n\t\t\t\t<\/div>\n\t\t\t\t<div class=\"elementor-element elementor-element-6e1cb63 elementor-icon-list--layout-traditional elementor-list-item-link-full_width elementor-widget elementor-widget-icon-list\" data-id=\"6e1cb63\" data-element_type=\"widget\" data-widget_type=\"icon-list.default\">\n\t\t\t\t<div class=\"elementor-widget-container\">\n\t\t\t\t\t\t\t<ul class=\"elementor-icon-list-items\">\n\t\t\t\t\t\t\t<li class=\"elementor-icon-list-item\">\n\t\t\t\t\t\t\t\t\t\t\t<span class=\"elementor-icon-list-icon\">\n\t\t\t\t\t\t\t<svg aria-hidden=\"true\" class=\"e-font-icon-svg e-fas-map-pin\" viewbox=\"0 0 288 512\" xmlns=\"http:\/\/www.w3.org\/2000\/svg\"><path d=\"M112 316.94v156.69l22.02 33.02c4.75 7.12 15.22 7.12 19.97 0L176 473.63V316.94c-10.39 1.92-21.06 3.06-32 3.06s-21.61-1.14-32-3.06zM144 0C64.47 0 0 64.47 0 144s64.47 144 144 144 144-64.47 144-144S223.53 0 144 0zm0 76c-37.5 0-68 30.5-68 68 0 6.62-5.38 12-12 12s-12-5.38-12-12c0-50.73 41.28-92 92-92 6.62 0 12 5.38 12 12s-5.38 12-12 12z\"><\/path><\/svg>\t\t\t\t\t\t<\/span>\n\t\t\t\t\t\t\t\t\t\t<span class=\"elementor-icon-list-text\">Le Bourg - 61170 LE M\u00c9NIL-GUYON<\/span>\n\t\t\t\t\t\t\t\t\t<\/li>\n\t\t\t\t\t\t\t\t<li class=\"elementor-icon-list-item\">\n\t\t\t\t\t\t\t\t\t\t\t<span class=\"elementor-icon-list-icon\">\n\t\t\t\t\t\t\t<svg aria-hidden=\"true\" class=\"e-font-icon-svg e-fas-phone-alt\" viewbox=\"0 0 512 512\" xmlns=\"http:\/\/www.w3.org\/2000\/svg\"><path d=\"M497.39 361.8l-112-48a24 24 0 0 0-28 6.9l-49.6 60.6A370.66 370.66 0 0 1 130.6 204.11l60.6-49.6a23.94 23.94 0 0 0 6.9-28l-48-112A24.16 24.16 0 0 0 122.6.61l-104 24A24 24 0 0 0 0 48c0 256.5 207.9 464 464 464a24 24 0 0 0 23.4-18.6l24-104a24.29 24.29 0 0 0-14.01-27.6z\"><\/path><\/svg>\t\t\t\t\t\t<\/span>\n\t\t\t\t\t\t\t\t\t\t<span class=\"elementor-icon-list-text\">02 33 27 77 54<\/span>\n\t\t\t\t\t\t\t\t\t<\/li>\n\t\t\t\t\t\t\t\t<li class=\"elementor-icon-list-item\">\n\t\t\t\t\t\t\t\t\t\t\t<span class=\"elementor-icon-list-icon\">\n\t\t\t\t\t\t\t<svg aria-hidden=\"true\" class=\"e-font-icon-svg e-fas-envelope\" viewbox=\"0 0 512 512\" xmlns=\"http:\/\/www.w3.org\/2000\/svg\"><path d=\"M502.3 190.8c3.9-3.1 9.7-.2 9.7 4.7V400c0 26.5-21.5 48-48 48H48c-26.5 0-48-21.5-48-48V195.6c0-5 5.7-7.8 9.7-4.7 22.4 17.4 52.1 39.5 154.1 113.6 21.1 15.4 56.7 47.8 92.2 47.6 35.7.3 72-32.8 92.3-47.6 102-74.1 131.6-96.3 154-113.7zM256 320c23.2.4 56.6-29.2 73.4-41.4 132.7-96.3 142.8-104.7 173.4-128.7 5.8-4.5 9.2-11.5 9.2-18.9v-19c0-26.5-21.5-48-48-48H48C21.5 64 0 85.5 0 112v19c0 7.4 3.4 14.3 9.2 18.9 30.6 23.9 40.7 32.4 173.4 128.7 16.8 12.2 50.2 41.8 73.4 41.4z\"><\/path><\/svg>\t\t\t\t\t\t<\/span>\n\t\t\t\t\t\t\t\t\t\t<span class=\"elementor-icon-list-text\">mairie.le-menil-guyon@wanadoo.fr<\/span>\n\t\t\t\t\t\t\t\t\t<\/li>\n\t\t\t\t\t\t\t\t<li class=\"elementor-icon-list-item\">\n\t\t\t\t\t\t\t\t\t\t\t<span class=\"elementor-icon-list-icon\">\n\t\t\t\t\t\t\t<svg aria-hidden=\"true\" class=\"e-font-icon-svg e-far-clock\" viewbox=\"0 0 512 512\" xmlns=\"http:\/\/www.w3.org\/2000\/svg\"><path d=\"M256 8C119 8 8 119 8 256s111 248 248 248 248-111 248-248S393 8 256 8zm0 448c-110.5 0-200-89.5-200-200S145.5 56 256 56s200 89.5 200 200-89.5 200-200 200zm61.8-104.4l-84.9-61.7c-3.1-2.3-4.9-5.9-4.9-9.7V116c0-6.6 5.4-12 12-12h32c6.6 0 12 5.4 12 12v141.7l66.8 48.6c5.4 3.9 6.5 11.4 2.6 16.8L334.6 349c-3.9 5.3-11.4 6.5-16.8 2.6z\"><\/path><\/svg>\t\t\t\t\t\t<\/span>\n\t\t\t\t\t\t\t\t\t\t<span class=\"elementor-icon-list-text\">Lundi : de 9h \u00e0 12h de 14H \u00e0 15H30<\/span>\n\t\t\t\t\t\t\t\t\t<\/li>\n\t\t\t\t\t\t<\/ul>\n\t\t\t\t\t\t<\/div>\n\t\t\t\t<\/div>\n\t\t\t\t<\/div>\n\t\t\t\t<\/div>\n\t\t\t\t<\/div>\n\t\t\t\t<\/div>\n\t\t\t\t\t<\/div>\n\t\t\t\t<\/div>\n\t\t\t\t<\/div>","protected":false},"excerpt":{"rendered":"<p>Le M\u00e9nil Guyon La commune poss\u00e8de une\u00a0\u00e9glise (Notre Dame de la Nativit\u00e9) avec sa nef du 16\u00e8me si\u00e8cle, son retable \u00e0 deux colonnes corinthiennes du 18\u00e8me si\u00e8cle et sa vo\u00fbte lambriss\u00e9e. Village fleuri\u00a0: deux fleurs.Elle\u00a0est travers\u00e9 par\u00a03 cours d\u2019eau (le Vaudon, le Gravier et le Charbonnet) et comprend deux groupements de maisons s\u00e9par\u00e9s par la [&hellip;]<\/p>","protected":false},"author":1,"featured_media":0,"parent":0,"menu_order":0,"comment_status":"closed","ping_status":"closed","template":"","meta":{"_acf_changed":false,"footnotes":""},"class_list":["post-2575","page","type-page","status-publish","hentry"],"acf":[],"_links":{"self":[{"href":"https:\/\/ccvhs.fr\/en\/wp-json\/wp\/v2\/pages\/2575","targetHints":{"allow":["GET"]}}],"collection":[{"href":"https:\/\/ccvhs.fr\/en\/wp-json\/wp\/v2\/pages"}],"about":[{"href":"https:\/\/ccvhs.fr\/en\/wp-json\/wp\/v2\/types\/page"}],"author":[{"embeddable":true,"href":"https:\/\/ccvhs.fr\/en\/wp-json\/wp\/v2\/users\/1"}],"replies":[{"embeddable":true,"href":"https:\/\/ccvhs.fr\/en\/wp-json\/wp\/v2\/comments?post=2575"}],"version-history":[{"count":0,"href":"https:\/\/ccvhs.fr\/en\/wp-json\/wp\/v2\/pages\/2575\/revisions"}],"wp:attachment":[{"href":"https:\/\/ccvhs.fr\/en\/wp-json\/wp\/v2\/media?parent=2575"}],"curies":[{"name":"wp","href":"https:\/\/api.w.org\/{rel}","templated":true}]}}