{"id":2566,"date":"2025-04-04T15:11:25","date_gmt":"2025-04-04T13:11:25","guid":{"rendered":"https:\/\/ccvhs.fr\/?page_id=2566"},"modified":"2025-04-04T16:36:57","modified_gmt":"2025-04-04T14:36:57","slug":"le-menil-brout","status":"publish","type":"page","link":"https:\/\/ccvhs.fr\/en\/le-menil-brout\/","title":{"rendered":"Le M\u00e9nil-Bro\u00fbt"},"content":{"rendered":"<div data-elementor-type=\"wp-page\" data-elementor-id=\"2566\" class=\"elementor elementor-2566\" data-elementor-post-type=\"page\">\n\t\t\t\t<div class=\"elementor-element elementor-element-620f0bb e-flex e-con-boxed e-con e-parent\" data-id=\"620f0bb\" data-element_type=\"container\">\n\t\t\t\t\t<div class=\"e-con-inner\">\n\t\t<div class=\"elementor-element elementor-element-fea94b4 e-con-full e-flex e-con e-child\" data-id=\"fea94b4\" data-element_type=\"container\" data-settings=\"{&quot;background_background&quot;:&quot;classic&quot;}\">\n\t\t<div class=\"elementor-element elementor-element-cd2cf8a e-con-full e-flex e-con e-child\" data-id=\"cd2cf8a\" data-element_type=\"container\">\n\t\t\t\t<div class=\"elementor-element elementor-element-f9d2459 elementor-widget elementor-widget-image\" data-id=\"f9d2459\" data-element_type=\"widget\" data-widget_type=\"image.default\">\n\t\t\t\t<div class=\"elementor-widget-container\">\n\t\t\t\t\t\t\t\t\t\t\t\t\t\t\t<img fetchpriority=\"high\" decoding=\"async\" width=\"800\" height=\"220\" src=\"https:\/\/ccvhs.fr\/wp-content\/uploads\/2025\/01\/IMAGE-PAGE-CREATION-ET-COMPETENCES_opt-1024x281-1.jpg\" class=\"attachment-large size-large wp-image-493\" alt=\"\" srcset=\"https:\/\/ccvhs.fr\/wp-content\/uploads\/2025\/01\/IMAGE-PAGE-CREATION-ET-COMPETENCES_opt-1024x281-1.jpg 1024w, https:\/\/ccvhs.fr\/wp-content\/uploads\/2025\/01\/IMAGE-PAGE-CREATION-ET-COMPETENCES_opt-1024x281-1-300x82.jpg 300w, https:\/\/ccvhs.fr\/wp-content\/uploads\/2025\/01\/IMAGE-PAGE-CREATION-ET-COMPETENCES_opt-1024x281-1-768x211.jpg 768w, https:\/\/ccvhs.fr\/wp-content\/uploads\/2025\/01\/IMAGE-PAGE-CREATION-ET-COMPETENCES_opt-1024x281-1-18x5.jpg 18w\" sizes=\"(max-width: 800px) 100vw, 800px\" \/>\t\t\t\t\t\t\t\t\t\t\t\t\t\t\t<\/div>\n\t\t\t\t<\/div>\n\t\t\t\t<div class=\"elementor-element elementor-element-d9216bd elementor-widget elementor-widget-heading\" data-id=\"d9216bd\" data-element_type=\"widget\" data-widget_type=\"heading.default\">\n\t\t\t\t<div class=\"elementor-widget-container\">\n\t\t\t\t\t<h2 class=\"elementor-heading-title elementor-size-default\">Le M\u00e9nil Bro\u00fbt<\/h2>\t\t\t\t<\/div>\n\t\t\t\t<\/div>\n\t\t<div class=\"elementor-element elementor-element-122cb06 e-con-full e-flex e-con e-child\" data-id=\"122cb06\" data-element_type=\"container\">\n\t\t<div class=\"elementor-element elementor-element-3dc7a5e e-con-full e-flex e-con e-child\" data-id=\"3dc7a5e\" data-element_type=\"container\">\n\t\t\t\t<div class=\"elementor-element elementor-element-c97cbfc elementor-widget elementor-widget-text-editor\" data-id=\"c97cbfc\" data-element_type=\"widget\" data-widget_type=\"text-editor.default\">\n\t\t\t\t<div class=\"elementor-widget-container\">\n\t\t\t\t\t\t\t\t\t<div>\u00ab\u00a0La commune du M\u00e9nil Bro\u00fbt est situ\u00e9e entre les vall\u00e9es de la Sarthe, de la Vezonne, de la Paillerotte et le massif forestier de Bourse.<\/div><div>L\u2019habitat est group\u00e9 sur l\u2019axe de l\u2019ancienne N12, autour de la mairie et de l\u2019\u00e9glise.<\/div><div>Une partie importante de la population est constitu\u00e9e de nouveaux habitants exer\u00e7ant leur activit\u00e9 sur Alen\u00e7on, situ\u00e9e \u00e0 moins de 12 kms du bourg par la 2X2 voies.<\/div><div>L\u2019\u00e9cole fonctionne en RPI avec les communes d\u2019Hauterive et de Neuilly le Bisson, avec une classe au M\u00e9nil Bro\u00fbt.<\/div><div>R\u00e9alisations proches \u00e0 venir : carte communale, lotissement, assainissement collectif, enfouissement des r\u00e9seaux, am\u00e9lioration du confort acoustique.<\/div><div>\u00c0 l\u2019exception de la zone urbanis\u00e9e, notre commune reste tr\u00e8s verte avec plus de la moiti\u00e9 de la surface situ\u00e9e dans le bassin de crues de la Sarthe. La for\u00eat de Bourse s\u2019\u00e9tale vers le M\u00eale depuis les derni\u00e8res maisons du bourg.\u00a0\u00bb<\/div><p>169 habitants\u00a0<br \/>Superficie : 3,4 km\u00b2<\/p>\t\t\t\t\t\t\t\t<\/div>\n\t\t\t\t<\/div>\n\t\t\t\t<\/div>\n\t\t<div class=\"elementor-element elementor-element-f251020 e-con-full e-flex e-con e-child\" data-id=\"f251020\" data-element_type=\"container\">\n\t\t\t\t<div class=\"elementor-element elementor-element-87ec457 elementor-widget elementor-widget-image\" data-id=\"87ec457\" data-element_type=\"widget\" data-widget_type=\"image.default\">\n\t\t\t\t<div class=\"elementor-widget-container\">\n\t\t\t\t\t\t\t\t\t\t\t\t\t\t\t<img decoding=\"async\" width=\"186\" height=\"230\" src=\"https:\/\/ccvhs.fr\/wp-content\/uploads\/2025\/04\/didier.jpeg\" class=\"attachment-large size-large wp-image-2702\" alt=\"\" srcset=\"https:\/\/ccvhs.fr\/wp-content\/uploads\/2025\/04\/didier.jpeg 186w, https:\/\/ccvhs.fr\/wp-content\/uploads\/2025\/04\/didier-10x12.jpeg 10w\" sizes=\"(max-width: 186px) 100vw, 186px\" \/>\t\t\t\t\t\t\t\t\t\t\t\t\t\t\t<\/div>\n\t\t\t\t<\/div>\n\t\t\t\t<div class=\"elementor-element elementor-element-2d2910b elementor-widget elementor-widget-heading\" data-id=\"2d2910b\" data-element_type=\"widget\" data-widget_type=\"heading.default\">\n\t\t\t\t<div class=\"elementor-widget-container\">\n\t\t\t\t\t<h4 class=\"elementor-heading-title elementor-size-default\">Didier Bourban<\/h4>\t\t\t\t<\/div>\n\t\t\t\t<\/div>\n\t\t\t\t<div class=\"elementor-element elementor-element-c9c482c elementor-icon-list--layout-traditional elementor-list-item-link-full_width elementor-widget elementor-widget-icon-list\" data-id=\"c9c482c\" data-element_type=\"widget\" data-widget_type=\"icon-list.default\">\n\t\t\t\t<div class=\"elementor-widget-container\">\n\t\t\t\t\t\t\t<ul class=\"elementor-icon-list-items\">\n\t\t\t\t\t\t\t<li class=\"elementor-icon-list-item\">\n\t\t\t\t\t\t\t\t\t\t\t<span class=\"elementor-icon-list-icon\">\n\t\t\t\t\t\t\t<svg aria-hidden=\"true\" class=\"e-font-icon-svg e-fas-map-pin\" viewbox=\"0 0 288 512\" xmlns=\"http:\/\/www.w3.org\/2000\/svg\"><path d=\"M112 316.94v156.69l22.02 33.02c4.75 7.12 15.22 7.12 19.97 0L176 473.63V316.94c-10.39 1.92-21.06 3.06-32 3.06s-21.61-1.14-32-3.06zM144 0C64.47 0 0 64.47 0 144s64.47 144 144 144 144-64.47 144-144S223.53 0 144 0zm0 76c-37.5 0-68 30.5-68 68 0 6.62-5.38 12-12 12s-12-5.38-12-12c0-50.73 41.28-92 92-92 6.62 0 12 5.38 12 12s-5.38 12-12 12z\"><\/path><\/svg>\t\t\t\t\t\t<\/span>\n\t\t\t\t\t\t\t\t\t\t<span class=\"elementor-icon-list-text\">Mairie - 27 place de l'\u00c9glise - 61250 le M\u00e9nil Bro\u00fbt<\/span>\n\t\t\t\t\t\t\t\t\t<\/li>\n\t\t\t\t\t\t\t\t<li class=\"elementor-icon-list-item\">\n\t\t\t\t\t\t\t\t\t\t\t<span class=\"elementor-icon-list-icon\">\n\t\t\t\t\t\t\t<svg aria-hidden=\"true\" class=\"e-font-icon-svg e-fas-phone-alt\" viewbox=\"0 0 512 512\" xmlns=\"http:\/\/www.w3.org\/2000\/svg\"><path d=\"M497.39 361.8l-112-48a24 24 0 0 0-28 6.9l-49.6 60.6A370.66 370.66 0 0 1 130.6 204.11l60.6-49.6a23.94 23.94 0 0 0 6.9-28l-48-112A24.16 24.16 0 0 0 122.6.61l-104 24A24 24 0 0 0 0 48c0 256.5 207.9 464 464 464a24 24 0 0 0 23.4-18.6l24-104a24.29 24.29 0 0 0-14.01-27.6z\"><\/path><\/svg>\t\t\t\t\t\t<\/span>\n\t\t\t\t\t\t\t\t\t\t<span class=\"elementor-icon-list-text\">02 33 27 10 17<\/span>\n\t\t\t\t\t\t\t\t\t<\/li>\n\t\t\t\t\t\t\t\t<li class=\"elementor-icon-list-item\">\n\t\t\t\t\t\t\t\t\t\t\t<span class=\"elementor-icon-list-icon\">\n\t\t\t\t\t\t\t<svg aria-hidden=\"true\" class=\"e-font-icon-svg e-fas-envelope\" viewbox=\"0 0 512 512\" xmlns=\"http:\/\/www.w3.org\/2000\/svg\"><path d=\"M502.3 190.8c3.9-3.1 9.7-.2 9.7 4.7V400c0 26.5-21.5 48-48 48H48c-26.5 0-48-21.5-48-48V195.6c0-5 5.7-7.8 9.7-4.7 22.4 17.4 52.1 39.5 154.1 113.6 21.1 15.4 56.7 47.8 92.2 47.6 35.7.3 72-32.8 92.3-47.6 102-74.1 131.6-96.3 154-113.7zM256 320c23.2.4 56.6-29.2 73.4-41.4 132.7-96.3 142.8-104.7 173.4-128.7 5.8-4.5 9.2-11.5 9.2-18.9v-19c0-26.5-21.5-48-48-48H48C21.5 64 0 85.5 0 112v19c0 7.4 3.4 14.3 9.2 18.9 30.6 23.9 40.7 32.4 173.4 128.7 16.8 12.2 50.2 41.8 73.4 41.4z\"><\/path><\/svg>\t\t\t\t\t\t<\/span>\n\t\t\t\t\t\t\t\t\t\t<span class=\"elementor-icon-list-text\">mairie.le.menil.brout@wanadoo.fr<\/span>\n\t\t\t\t\t\t\t\t\t<\/li>\n\t\t\t\t\t\t\t\t<li class=\"elementor-icon-list-item\">\n\t\t\t\t\t\t\t\t\t\t\t<span class=\"elementor-icon-list-icon\">\n\t\t\t\t\t\t\t<svg aria-hidden=\"true\" class=\"e-font-icon-svg e-far-clock\" viewbox=\"0 0 512 512\" xmlns=\"http:\/\/www.w3.org\/2000\/svg\"><path d=\"M256 8C119 8 8 119 8 256s111 248 248 248 248-111 248-248S393 8 256 8zm0 448c-110.5 0-200-89.5-200-200S145.5 56 256 56s200 89.5 200 200-89.5 200-200 200zm61.8-104.4l-84.9-61.7c-3.1-2.3-4.9-5.9-4.9-9.7V116c0-6.6 5.4-12 12-12h32c6.6 0 12 5.4 12 12v141.7l66.8 48.6c5.4 3.9 6.5 11.4 2.6 16.8L334.6 349c-3.9 5.3-11.4 6.5-16.8 2.6z\"><\/path><\/svg>\t\t\t\t\t\t<\/span>\n\t\t\t\t\t\t\t\t\t\t<span class=\"elementor-icon-list-text\">Mercredi : de 15h30 \u00e0 18h30 Permanence t\u00e9l\u00e9phonique : <br> de 11h \u00e0 18h30<\/span>\n\t\t\t\t\t\t\t\t\t<\/li>\n\t\t\t\t\t\t<\/ul>\n\t\t\t\t\t\t<\/div>\n\t\t\t\t<\/div>\n\t\t\t\t<\/div>\n\t\t\t\t<\/div>\n\t\t\t\t<\/div>\n\t\t\t\t<\/div>\n\t\t\t\t\t<\/div>\n\t\t\t\t<\/div>\n\t\t\t\t<\/div>","protected":false},"excerpt":{"rendered":"<p>Le M\u00e9nil Bro\u00fbt \u00ab\u00a0La commune du M\u00e9nil Bro\u00fbt est situ\u00e9e entre les vall\u00e9es de la Sarthe, de la Vezonne, de la Paillerotte et le massif forestier de Bourse.L\u2019habitat est group\u00e9 sur l\u2019axe de l\u2019ancienne N12, autour de la mairie et de l\u2019\u00e9glise.Une partie importante de la population est constitu\u00e9e de nouveaux habitants exer\u00e7ant leur activit\u00e9 [&hellip;]<\/p>","protected":false},"author":1,"featured_media":0,"parent":0,"menu_order":0,"comment_status":"closed","ping_status":"closed","template":"","meta":{"_acf_changed":false,"footnotes":""},"class_list":["post-2566","page","type-page","status-publish","hentry"],"acf":[],"_links":{"self":[{"href":"https:\/\/ccvhs.fr\/en\/wp-json\/wp\/v2\/pages\/2566","targetHints":{"allow":["GET"]}}],"collection":[{"href":"https:\/\/ccvhs.fr\/en\/wp-json\/wp\/v2\/pages"}],"about":[{"href":"https:\/\/ccvhs.fr\/en\/wp-json\/wp\/v2\/types\/page"}],"author":[{"embeddable":true,"href":"https:\/\/ccvhs.fr\/en\/wp-json\/wp\/v2\/users\/1"}],"replies":[{"embeddable":true,"href":"https:\/\/ccvhs.fr\/en\/wp-json\/wp\/v2\/comments?post=2566"}],"version-history":[{"count":0,"href":"https:\/\/ccvhs.fr\/en\/wp-json\/wp\/v2\/pages\/2566\/revisions"}],"wp:attachment":[{"href":"https:\/\/ccvhs.fr\/en\/wp-json\/wp\/v2\/media?parent=2566"}],"curies":[{"name":"wp","href":"https:\/\/api.w.org\/{rel}","templated":true}]}}