{"id":2547,"date":"2025-04-04T15:02:47","date_gmt":"2025-04-04T13:02:47","guid":{"rendered":"https:\/\/ccvhs.fr\/?page_id=2547"},"modified":"2025-04-04T15:04:59","modified_gmt":"2025-04-04T13:04:59","slug":"marchemaisons","status":"publish","type":"page","link":"https:\/\/ccvhs.fr\/en\/marchemaisons\/","title":{"rendered":"Marchemaisons"},"content":{"rendered":"<div data-elementor-type=\"wp-page\" data-elementor-id=\"2547\" class=\"elementor elementor-2547\" data-elementor-post-type=\"page\">\n\t\t\t\t<div class=\"elementor-element elementor-element-0a15abc e-flex e-con-boxed e-con e-parent\" data-id=\"0a15abc\" data-element_type=\"container\">\n\t\t\t\t\t<div class=\"e-con-inner\">\n\t\t<div class=\"elementor-element elementor-element-93b9cd0 e-con-full e-flex e-con e-child\" data-id=\"93b9cd0\" data-element_type=\"container\" data-settings=\"{&quot;background_background&quot;:&quot;classic&quot;}\">\n\t\t<div class=\"elementor-element elementor-element-fca35ac e-con-full e-flex e-con e-child\" data-id=\"fca35ac\" data-element_type=\"container\">\n\t\t\t\t<div class=\"elementor-element elementor-element-e5150d1 elementor-widget elementor-widget-image\" data-id=\"e5150d1\" data-element_type=\"widget\" data-widget_type=\"image.default\">\n\t\t\t\t<div class=\"elementor-widget-container\">\n\t\t\t\t\t\t\t\t\t\t\t\t\t\t\t<img fetchpriority=\"high\" decoding=\"async\" width=\"800\" height=\"220\" src=\"https:\/\/ccvhs.fr\/wp-content\/uploads\/2025\/01\/IMAGE-PAGE-CREATION-ET-COMPETENCES_opt-1024x281-1.jpg\" class=\"attachment-large size-large wp-image-493\" alt=\"\" srcset=\"https:\/\/ccvhs.fr\/wp-content\/uploads\/2025\/01\/IMAGE-PAGE-CREATION-ET-COMPETENCES_opt-1024x281-1.jpg 1024w, https:\/\/ccvhs.fr\/wp-content\/uploads\/2025\/01\/IMAGE-PAGE-CREATION-ET-COMPETENCES_opt-1024x281-1-300x82.jpg 300w, https:\/\/ccvhs.fr\/wp-content\/uploads\/2025\/01\/IMAGE-PAGE-CREATION-ET-COMPETENCES_opt-1024x281-1-768x211.jpg 768w, https:\/\/ccvhs.fr\/wp-content\/uploads\/2025\/01\/IMAGE-PAGE-CREATION-ET-COMPETENCES_opt-1024x281-1-18x5.jpg 18w\" sizes=\"(max-width: 800px) 100vw, 800px\" \/>\t\t\t\t\t\t\t\t\t\t\t\t\t\t\t<\/div>\n\t\t\t\t<\/div>\n\t\t\t\t<div class=\"elementor-element elementor-element-1345281 elementor-widget elementor-widget-heading\" data-id=\"1345281\" data-element_type=\"widget\" data-widget_type=\"heading.default\">\n\t\t\t\t<div class=\"elementor-widget-container\">\n\t\t\t\t\t<h2 class=\"elementor-heading-title elementor-size-default\">Marchemaisons<\/h2>\t\t\t\t<\/div>\n\t\t\t\t<\/div>\n\t\t<div class=\"elementor-element elementor-element-e6b16e2 e-con-full e-flex e-con e-child\" data-id=\"e6b16e2\" data-element_type=\"container\">\n\t\t<div class=\"elementor-element elementor-element-0c52aff e-con-full e-flex e-con e-child\" data-id=\"0c52aff\" data-element_type=\"container\">\n\t\t\t\t<div class=\"elementor-element elementor-element-c9cf2a4 elementor-widget elementor-widget-text-editor\" data-id=\"c9cf2a4\" data-element_type=\"widget\" data-widget_type=\"text-editor.default\">\n\t\t\t\t<div class=\"elementor-widget-container\">\n\t\t\t\t\t\t\t\t\t<p>\u00ab\u00a0Marchemaisons est une jolie commune blottie contre la for\u00eat domaniale de Bourse, dans un cadre calme, agr\u00e9able et verdoyant.<\/p><p>Un projet de lotissement de 13 parcelles doit voir le jour dans le courant de l&rsquo;ann\u00e9e 2012.\u00a0\u00bb<\/p><p>156 habitants\u00a0<br \/>Superficie : 884 ha<\/p>\t\t\t\t\t\t\t\t<\/div>\n\t\t\t\t<\/div>\n\t\t\t\t<\/div>\n\t\t<div class=\"elementor-element elementor-element-06dd5d8 e-con-full e-flex e-con e-child\" data-id=\"06dd5d8\" data-element_type=\"container\">\n\t\t\t\t<div class=\"elementor-element elementor-element-2b280dc elementor-widget elementor-widget-image\" data-id=\"2b280dc\" data-element_type=\"widget\" data-widget_type=\"image.default\">\n\t\t\t\t<div class=\"elementor-widget-container\">\n\t\t\t\t\t\t\t\t\t\t\t\t\t\t\t<img decoding=\"async\" width=\"800\" height=\"991\" src=\"https:\/\/ccvhs.fr\/wp-content\/uploads\/2025\/02\/Romuald-Adamiec-827x1024.jpg\" class=\"attachment-large size-large wp-image-1184\" alt=\"\" srcset=\"https:\/\/ccvhs.fr\/wp-content\/uploads\/2025\/02\/Romuald-Adamiec-827x1024.jpg 827w, https:\/\/ccvhs.fr\/wp-content\/uploads\/2025\/02\/Romuald-Adamiec-242x300.jpg 242w, https:\/\/ccvhs.fr\/wp-content\/uploads\/2025\/02\/Romuald-Adamiec-768x951.jpg 768w, https:\/\/ccvhs.fr\/wp-content\/uploads\/2025\/02\/Romuald-Adamiec-10x12.jpg 10w, https:\/\/ccvhs.fr\/wp-content\/uploads\/2025\/02\/Romuald-Adamiec.jpg 934w\" sizes=\"(max-width: 800px) 100vw, 800px\" \/>\t\t\t\t\t\t\t\t\t\t\t\t\t\t\t<\/div>\n\t\t\t\t<\/div>\n\t\t\t\t<div class=\"elementor-element elementor-element-da3d4fe elementor-widget elementor-widget-heading\" data-id=\"da3d4fe\" data-element_type=\"widget\" data-widget_type=\"heading.default\">\n\t\t\t\t<div class=\"elementor-widget-container\">\n\t\t\t\t\t<h4 class=\"elementor-heading-title elementor-size-default\">Romuald Adamiec<\/h4>\t\t\t\t<\/div>\n\t\t\t\t<\/div>\n\t\t\t\t<div class=\"elementor-element elementor-element-545e614 elementor-icon-list--layout-traditional elementor-list-item-link-full_width elementor-widget elementor-widget-icon-list\" data-id=\"545e614\" data-element_type=\"widget\" data-widget_type=\"icon-list.default\">\n\t\t\t\t<div class=\"elementor-widget-container\">\n\t\t\t\t\t\t\t<ul class=\"elementor-icon-list-items\">\n\t\t\t\t\t\t\t<li class=\"elementor-icon-list-item\">\n\t\t\t\t\t\t\t\t\t\t\t<span class=\"elementor-icon-list-icon\">\n\t\t\t\t\t\t\t<svg aria-hidden=\"true\" class=\"e-font-icon-svg e-fas-map-pin\" viewbox=\"0 0 288 512\" xmlns=\"http:\/\/www.w3.org\/2000\/svg\"><path d=\"M112 316.94v156.69l22.02 33.02c4.75 7.12 15.22 7.12 19.97 0L176 473.63V316.94c-10.39 1.92-21.06 3.06-32 3.06s-21.61-1.14-32-3.06zM144 0C64.47 0 0 64.47 0 144s64.47 144 144 144 144-64.47 144-144S223.53 0 144 0zm0 76c-37.5 0-68 30.5-68 68 0 6.62-5.38 12-12 12s-12-5.38-12-12c0-50.73 41.28-92 92-92 6.62 0 12 5.38 12 12s-5.38 12-12 12z\"><\/path><\/svg>\t\t\t\t\t\t<\/span>\n\t\t\t\t\t\t\t\t\t\t<span class=\"elementor-icon-list-text\">Le Bourg - 61170 Marchemaisons<\/span>\n\t\t\t\t\t\t\t\t\t<\/li>\n\t\t\t\t\t\t\t\t<li class=\"elementor-icon-list-item\">\n\t\t\t\t\t\t\t\t\t\t\t<span class=\"elementor-icon-list-icon\">\n\t\t\t\t\t\t\t<svg aria-hidden=\"true\" class=\"e-font-icon-svg e-fas-phone-alt\" viewbox=\"0 0 512 512\" xmlns=\"http:\/\/www.w3.org\/2000\/svg\"><path d=\"M497.39 361.8l-112-48a24 24 0 0 0-28 6.9l-49.6 60.6A370.66 370.66 0 0 1 130.6 204.11l60.6-49.6a23.94 23.94 0 0 0 6.9-28l-48-112A24.16 24.16 0 0 0 122.6.61l-104 24A24 24 0 0 0 0 48c0 256.5 207.9 464 464 464a24 24 0 0 0 23.4-18.6l24-104a24.29 24.29 0 0 0-14.01-27.6z\"><\/path><\/svg>\t\t\t\t\t\t<\/span>\n\t\t\t\t\t\t\t\t\t\t<span class=\"elementor-icon-list-text\">02 33 28 19 12<\/span>\n\t\t\t\t\t\t\t\t\t<\/li>\n\t\t\t\t\t\t\t\t<li class=\"elementor-icon-list-item\">\n\t\t\t\t\t\t\t\t\t\t\t<span class=\"elementor-icon-list-icon\">\n\t\t\t\t\t\t\t<svg aria-hidden=\"true\" class=\"e-font-icon-svg e-fas-envelope\" viewbox=\"0 0 512 512\" xmlns=\"http:\/\/www.w3.org\/2000\/svg\"><path d=\"M502.3 190.8c3.9-3.1 9.7-.2 9.7 4.7V400c0 26.5-21.5 48-48 48H48c-26.5 0-48-21.5-48-48V195.6c0-5 5.7-7.8 9.7-4.7 22.4 17.4 52.1 39.5 154.1 113.6 21.1 15.4 56.7 47.8 92.2 47.6 35.7.3 72-32.8 92.3-47.6 102-74.1 131.6-96.3 154-113.7zM256 320c23.2.4 56.6-29.2 73.4-41.4 132.7-96.3 142.8-104.7 173.4-128.7 5.8-4.5 9.2-11.5 9.2-18.9v-19c0-26.5-21.5-48-48-48H48C21.5 64 0 85.5 0 112v19c0 7.4 3.4 14.3 9.2 18.9 30.6 23.9 40.7 32.4 173.4 128.7 16.8 12.2 50.2 41.8 73.4 41.4z\"><\/path><\/svg>\t\t\t\t\t\t<\/span>\n\t\t\t\t\t\t\t\t\t\t<span class=\"elementor-icon-list-text\">mairie.marchemaisons@wanadoo.fr<\/span>\n\t\t\t\t\t\t\t\t\t<\/li>\n\t\t\t\t\t\t\t\t<li class=\"elementor-icon-list-item\">\n\t\t\t\t\t\t\t\t\t\t\t<span class=\"elementor-icon-list-icon\">\n\t\t\t\t\t\t\t<svg aria-hidden=\"true\" class=\"e-font-icon-svg e-far-clock\" viewbox=\"0 0 512 512\" xmlns=\"http:\/\/www.w3.org\/2000\/svg\"><path d=\"M256 8C119 8 8 119 8 256s111 248 248 248 248-111 248-248S393 8 256 8zm0 448c-110.5 0-200-89.5-200-200S145.5 56 256 56s200 89.5 200 200-89.5 200-200 200zm61.8-104.4l-84.9-61.7c-3.1-2.3-4.9-5.9-4.9-9.7V116c0-6.6 5.4-12 12-12h32c6.6 0 12 5.4 12 12v141.7l66.8 48.6c5.4 3.9 6.5 11.4 2.6 16.8L334.6 349c-3.9 5.3-11.4 6.5-16.8 2.6z\"><\/path><\/svg>\t\t\t\t\t\t<\/span>\n\t\t\t\t\t\t\t\t\t\t<span class=\"elementor-icon-list-text\">Vendredi : de 10h \u00e0 12h<\/span>\n\t\t\t\t\t\t\t\t\t<\/li>\n\t\t\t\t\t\t<\/ul>\n\t\t\t\t\t\t<\/div>\n\t\t\t\t<\/div>\n\t\t\t\t<\/div>\n\t\t\t\t<\/div>\n\t\t\t\t<\/div>\n\t\t\t\t<\/div>\n\t\t\t\t\t<\/div>\n\t\t\t\t<\/div>\n\t\t\t\t<\/div>","protected":false},"excerpt":{"rendered":"<p>Marchemaisons \u00ab\u00a0Marchemaisons est une jolie commune blottie contre la for\u00eat domaniale de Bourse, dans un cadre calme, agr\u00e9able et verdoyant. Un projet de lotissement de 13 parcelles doit voir le jour dans le courant de l&rsquo;ann\u00e9e 2012.\u00a0\u00bb 156 habitants\u00a0Superficie : 884 ha Romuald Adamiec Le Bourg &#8211; 61170 Marchemaisons 02 33 28 19 12 mairie.marchemaisons@wanadoo.fr [&hellip;]<\/p>","protected":false},"author":1,"featured_media":0,"parent":0,"menu_order":0,"comment_status":"closed","ping_status":"closed","template":"","meta":{"_acf_changed":false,"footnotes":""},"class_list":["post-2547","page","type-page","status-publish","hentry"],"acf":[],"_links":{"self":[{"href":"https:\/\/ccvhs.fr\/en\/wp-json\/wp\/v2\/pages\/2547","targetHints":{"allow":["GET"]}}],"collection":[{"href":"https:\/\/ccvhs.fr\/en\/wp-json\/wp\/v2\/pages"}],"about":[{"href":"https:\/\/ccvhs.fr\/en\/wp-json\/wp\/v2\/types\/page"}],"author":[{"embeddable":true,"href":"https:\/\/ccvhs.fr\/en\/wp-json\/wp\/v2\/users\/1"}],"replies":[{"embeddable":true,"href":"https:\/\/ccvhs.fr\/en\/wp-json\/wp\/v2\/comments?post=2547"}],"version-history":[{"count":0,"href":"https:\/\/ccvhs.fr\/en\/wp-json\/wp\/v2\/pages\/2547\/revisions"}],"wp:attachment":[{"href":"https:\/\/ccvhs.fr\/en\/wp-json\/wp\/v2\/media?parent=2547"}],"curies":[{"name":"wp","href":"https:\/\/api.w.org\/{rel}","templated":true}]}}