{"id":2535,"date":"2025-04-04T14:59:41","date_gmt":"2025-04-04T12:59:41","guid":{"rendered":"https:\/\/ccvhs.fr\/?page_id=2535"},"modified":"2026-03-26T12:55:54","modified_gmt":"2026-03-26T11:55:54","slug":"laleu","status":"publish","type":"page","link":"https:\/\/ccvhs.fr\/en\/laleu\/","title":{"rendered":"Laleu"},"content":{"rendered":"<div data-elementor-type=\"wp-page\" data-elementor-id=\"2535\" class=\"elementor elementor-2535\" data-elementor-post-type=\"page\">\n\t\t\t\t<div class=\"elementor-element elementor-element-376fbaa e-flex e-con-boxed e-con e-parent\" data-id=\"376fbaa\" data-element_type=\"container\">\n\t\t\t\t\t<div class=\"e-con-inner\">\n\t\t<div class=\"elementor-element elementor-element-6b21486 e-con-full e-flex e-con e-child\" data-id=\"6b21486\" data-element_type=\"container\" data-settings=\"{&quot;background_background&quot;:&quot;classic&quot;}\">\n\t\t<div class=\"elementor-element elementor-element-c3f8f93 e-con-full e-flex e-con e-child\" data-id=\"c3f8f93\" data-element_type=\"container\">\n\t\t\t\t<div class=\"elementor-element elementor-element-ec2f2a8 elementor-widget elementor-widget-image\" data-id=\"ec2f2a8\" data-element_type=\"widget\" data-widget_type=\"image.default\">\n\t\t\t\t<div class=\"elementor-widget-container\">\n\t\t\t\t\t\t\t\t\t\t\t\t\t\t\t<img fetchpriority=\"high\" decoding=\"async\" width=\"800\" height=\"220\" src=\"https:\/\/ccvhs.fr\/wp-content\/uploads\/2025\/01\/IMAGE-PAGE-CREATION-ET-COMPETENCES_opt-1024x281-1.jpg\" class=\"attachment-large size-large wp-image-493\" alt=\"\" srcset=\"https:\/\/ccvhs.fr\/wp-content\/uploads\/2025\/01\/IMAGE-PAGE-CREATION-ET-COMPETENCES_opt-1024x281-1.jpg 1024w, https:\/\/ccvhs.fr\/wp-content\/uploads\/2025\/01\/IMAGE-PAGE-CREATION-ET-COMPETENCES_opt-1024x281-1-300x82.jpg 300w, https:\/\/ccvhs.fr\/wp-content\/uploads\/2025\/01\/IMAGE-PAGE-CREATION-ET-COMPETENCES_opt-1024x281-1-768x211.jpg 768w, https:\/\/ccvhs.fr\/wp-content\/uploads\/2025\/01\/IMAGE-PAGE-CREATION-ET-COMPETENCES_opt-1024x281-1-18x5.jpg 18w\" sizes=\"(max-width: 800px) 100vw, 800px\" \/>\t\t\t\t\t\t\t\t\t\t\t\t\t\t\t<\/div>\n\t\t\t\t<\/div>\n\t\t\t\t<div class=\"elementor-element elementor-element-5b8752e elementor-widget elementor-widget-heading\" data-id=\"5b8752e\" data-element_type=\"widget\" data-widget_type=\"heading.default\">\n\t\t\t\t<div class=\"elementor-widget-container\">\n\t\t\t\t\t<h2 class=\"elementor-heading-title elementor-size-default\">Laleu<\/h2>\t\t\t\t<\/div>\n\t\t\t\t<\/div>\n\t\t<div class=\"elementor-element elementor-element-b817b81 e-con-full e-flex e-con e-child\" data-id=\"b817b81\" data-element_type=\"container\">\n\t\t<div class=\"elementor-element elementor-element-4166a54 e-con-full e-flex e-con e-child\" data-id=\"4166a54\" data-element_type=\"container\">\n\t\t\t\t<div class=\"elementor-element elementor-element-ef0d2c2 elementor-widget elementor-widget-text-editor\" data-id=\"ef0d2c2\" data-element_type=\"widget\" data-widget_type=\"text-editor.default\">\n\t\t\t\t<div class=\"elementor-widget-container\">\n\t\t\t\t\t\t\t\t\t<p>\u00ab\u00a0Laleu, situ\u00e9e \u00e0 proximit\u00e9 du M\u00eale sur Sarthe, a une population de 375 habitants r\u00e9partie sur un territoire de 1100 ha avec un habitat de 219 maisons.<\/p><p>Son bourg fleuri, avec son \u00e9glise illumin\u00e9e, sa salle polyvalente pouvant accueillir 110 personnes, son lavoir avec sa source, sont le c\u0153ur de la commune.<\/p><p>Son \u00e9conomie, bas\u00e9e essentiellement sur l&rsquo;agriculture avec huit exploitations (dont deux en bio), comprend aussi un commerce multi-services, de l&rsquo;artisanat et un g\u00eete rural avec chambres d&rsquo;h\u00f4tes.<\/p><p>Sa campagne, ses paysages, ses chemins de randonn\u00e9e, son calme, font partie des charmes pour y vivre puisqu&rsquo;un quart de ses maisons sont en r\u00e9sidences secondaires.<\/p><p>Le conseil municipal et les associations animent la vie locale, qui bat son plein lors d&rsquo;une f\u00eate traditionnelle le dernier dimanche de juillet.<\/p><p>Laleu est pr\u00eate \u00e0 vous accueillir, pour y d\u00e9couvrir ses nombreux paysages, ou y vivre dans la douceur.\u00a0\u00bb<\/p><p>365 habitants\u00a0<br \/>Superficie : 1100 ha<\/p>\t\t\t\t\t\t\t\t<\/div>\n\t\t\t\t<\/div>\n\t\t\t\t<\/div>\n\t\t<div class=\"elementor-element elementor-element-7d5791a e-con-full e-flex e-con e-child\" data-id=\"7d5791a\" data-element_type=\"container\">\n\t\t\t\t<div class=\"elementor-element elementor-element-ab3f503 elementor-widget elementor-widget-heading\" data-id=\"ab3f503\" data-element_type=\"widget\" data-widget_type=\"heading.default\">\n\t\t\t\t<div class=\"elementor-widget-container\">\n\t\t\t\t\t<h4 class=\"elementor-heading-title elementor-size-default\">Franck GHEWY<\/h4>\t\t\t\t<\/div>\n\t\t\t\t<\/div>\n\t\t\t\t<div class=\"elementor-element elementor-element-466fce4 elementor-icon-list--layout-traditional elementor-list-item-link-full_width elementor-widget elementor-widget-icon-list\" data-id=\"466fce4\" data-element_type=\"widget\" data-widget_type=\"icon-list.default\">\n\t\t\t\t<div class=\"elementor-widget-container\">\n\t\t\t\t\t\t\t<ul class=\"elementor-icon-list-items\">\n\t\t\t\t\t\t\t<li class=\"elementor-icon-list-item\">\n\t\t\t\t\t\t\t\t\t\t\t<span class=\"elementor-icon-list-icon\">\n\t\t\t\t\t\t\t<svg aria-hidden=\"true\" class=\"e-font-icon-svg e-fas-map-pin\" viewbox=\"0 0 288 512\" xmlns=\"http:\/\/www.w3.org\/2000\/svg\"><path d=\"M112 316.94v156.69l22.02 33.02c4.75 7.12 15.22 7.12 19.97 0L176 473.63V316.94c-10.39 1.92-21.06 3.06-32 3.06s-21.61-1.14-32-3.06zM144 0C64.47 0 0 64.47 0 144s64.47 144 144 144 144-64.47 144-144S223.53 0 144 0zm0 76c-37.5 0-68 30.5-68 68 0 6.62-5.38 12-12 12s-12-5.38-12-12c0-50.73 41.28-92 92-92 6.62 0 12 5.38 12 12s-5.38 12-12 12z\"><\/path><\/svg>\t\t\t\t\t\t<\/span>\n\t\t\t\t\t\t\t\t\t\t<span class=\"elementor-icon-list-text\">Mairie - Rue du Lavoir - 61170 Laleu<\/span>\n\t\t\t\t\t\t\t\t\t<\/li>\n\t\t\t\t\t\t\t\t<li class=\"elementor-icon-list-item\">\n\t\t\t\t\t\t\t\t\t\t\t<span class=\"elementor-icon-list-icon\">\n\t\t\t\t\t\t\t<svg aria-hidden=\"true\" class=\"e-font-icon-svg e-fas-phone-alt\" viewbox=\"0 0 512 512\" xmlns=\"http:\/\/www.w3.org\/2000\/svg\"><path d=\"M497.39 361.8l-112-48a24 24 0 0 0-28 6.9l-49.6 60.6A370.66 370.66 0 0 1 130.6 204.11l60.6-49.6a23.94 23.94 0 0 0 6.9-28l-48-112A24.16 24.16 0 0 0 122.6.61l-104 24A24 24 0 0 0 0 48c0 256.5 207.9 464 464 464a24 24 0 0 0 23.4-18.6l24-104a24.29 24.29 0 0 0-14.01-27.6z\"><\/path><\/svg>\t\t\t\t\t\t<\/span>\n\t\t\t\t\t\t\t\t\t\t<span class=\"elementor-icon-list-text\">02 33 28 53 43<\/span>\n\t\t\t\t\t\t\t\t\t<\/li>\n\t\t\t\t\t\t\t\t<li class=\"elementor-icon-list-item\">\n\t\t\t\t\t\t\t\t\t\t\t<span class=\"elementor-icon-list-icon\">\n\t\t\t\t\t\t\t<svg aria-hidden=\"true\" class=\"e-font-icon-svg e-fas-envelope\" viewbox=\"0 0 512 512\" xmlns=\"http:\/\/www.w3.org\/2000\/svg\"><path d=\"M502.3 190.8c3.9-3.1 9.7-.2 9.7 4.7V400c0 26.5-21.5 48-48 48H48c-26.5 0-48-21.5-48-48V195.6c0-5 5.7-7.8 9.7-4.7 22.4 17.4 52.1 39.5 154.1 113.6 21.1 15.4 56.7 47.8 92.2 47.6 35.7.3 72-32.8 92.3-47.6 102-74.1 131.6-96.3 154-113.7zM256 320c23.2.4 56.6-29.2 73.4-41.4 132.7-96.3 142.8-104.7 173.4-128.7 5.8-4.5 9.2-11.5 9.2-18.9v-19c0-26.5-21.5-48-48-48H48C21.5 64 0 85.5 0 112v19c0 7.4 3.4 14.3 9.2 18.9 30.6 23.9 40.7 32.4 173.4 128.7 16.8 12.2 50.2 41.8 73.4 41.4z\"><\/path><\/svg>\t\t\t\t\t\t<\/span>\n\t\t\t\t\t\t\t\t\t\t<span class=\"elementor-icon-list-text\">de-laleu.commune@orange.fr<\/span>\n\t\t\t\t\t\t\t\t\t<\/li>\n\t\t\t\t\t\t\t\t<li class=\"elementor-icon-list-item\">\n\t\t\t\t\t\t\t\t\t\t\t<span class=\"elementor-icon-list-icon\">\n\t\t\t\t\t\t\t<svg aria-hidden=\"true\" class=\"e-font-icon-svg e-far-clock\" viewbox=\"0 0 512 512\" xmlns=\"http:\/\/www.w3.org\/2000\/svg\"><path d=\"M256 8C119 8 8 119 8 256s111 248 248 248 248-111 248-248S393 8 256 8zm0 448c-110.5 0-200-89.5-200-200S145.5 56 256 56s200 89.5 200 200-89.5 200-200 200zm61.8-104.4l-84.9-61.7c-3.1-2.3-4.9-5.9-4.9-9.7V116c0-6.6 5.4-12 12-12h32c6.6 0 12 5.4 12 12v141.7l66.8 48.6c5.4 3.9 6.5 11.4 2.6 16.8L334.6 349c-3.9 5.3-11.4 6.5-16.8 2.6z\"><\/path><\/svg>\t\t\t\t\t\t<\/span>\n\t\t\t\t\t\t\t\t\t\t<span class=\"elementor-icon-list-text\">Mardi : de 9h \u00e0 12h et de 14h \u00e0 18h Jeudi : de 9h \u00e0 12h<\/span>\n\t\t\t\t\t\t\t\t\t<\/li>\n\t\t\t\t\t\t<\/ul>\n\t\t\t\t\t\t<\/div>\n\t\t\t\t<\/div>\n\t\t\t\t<\/div>\n\t\t\t\t<\/div>\n\t\t\t\t<\/div>\n\t\t\t\t<\/div>\n\t\t\t\t\t<\/div>\n\t\t\t\t<\/div>\n\t\t\t\t<\/div>","protected":false},"excerpt":{"rendered":"<p>Laleu \u00ab\u00a0Laleu, situ\u00e9e \u00e0 proximit\u00e9 du M\u00eale sur Sarthe, a une population de 375 habitants r\u00e9partie sur un territoire de 1100 ha avec un habitat de 219 maisons. Son bourg fleuri, avec son \u00e9glise illumin\u00e9e, sa salle polyvalente pouvant accueillir 110 personnes, son lavoir avec sa source, sont le c\u0153ur de la commune. Son \u00e9conomie, [&hellip;]<\/p>","protected":false},"author":1,"featured_media":0,"parent":0,"menu_order":0,"comment_status":"closed","ping_status":"closed","template":"","meta":{"_acf_changed":false,"footnotes":""},"class_list":["post-2535","page","type-page","status-publish","hentry"],"acf":[],"_links":{"self":[{"href":"https:\/\/ccvhs.fr\/en\/wp-json\/wp\/v2\/pages\/2535","targetHints":{"allow":["GET"]}}],"collection":[{"href":"https:\/\/ccvhs.fr\/en\/wp-json\/wp\/v2\/pages"}],"about":[{"href":"https:\/\/ccvhs.fr\/en\/wp-json\/wp\/v2\/types\/page"}],"author":[{"embeddable":true,"href":"https:\/\/ccvhs.fr\/en\/wp-json\/wp\/v2\/users\/1"}],"replies":[{"embeddable":true,"href":"https:\/\/ccvhs.fr\/en\/wp-json\/wp\/v2\/comments?post=2535"}],"version-history":[{"count":0,"href":"https:\/\/ccvhs.fr\/en\/wp-json\/wp\/v2\/pages\/2535\/revisions"}],"wp:attachment":[{"href":"https:\/\/ccvhs.fr\/en\/wp-json\/wp\/v2\/media?parent=2535"}],"curies":[{"name":"wp","href":"https:\/\/api.w.org\/{rel}","templated":true}]}}