{"id":2511,"date":"2025-04-04T14:48:11","date_gmt":"2025-04-04T12:48:11","guid":{"rendered":"https:\/\/ccvhs.fr\/?page_id=2511"},"modified":"2025-09-10T09:08:39","modified_gmt":"2025-09-10T07:08:39","slug":"ferriere-la-verrerie","status":"publish","type":"page","link":"https:\/\/ccvhs.fr\/en\/ferriere-la-verrerie\/","title":{"rendered":"Ferri\u00e8re-la-Verrerie"},"content":{"rendered":"<div data-elementor-type=\"wp-page\" data-elementor-id=\"2511\" class=\"elementor elementor-2511\" data-elementor-post-type=\"page\">\n\t\t\t\t<div class=\"elementor-element elementor-element-b220157 e-flex e-con-boxed e-con e-parent\" data-id=\"b220157\" data-element_type=\"container\">\n\t\t\t\t\t<div class=\"e-con-inner\">\n\t\t<div class=\"elementor-element elementor-element-d96b57e e-con-full e-flex e-con e-child\" data-id=\"d96b57e\" data-element_type=\"container\" data-settings=\"{&quot;background_background&quot;:&quot;classic&quot;}\">\n\t\t<div class=\"elementor-element elementor-element-f30ffb3 e-con-full e-flex e-con e-child\" data-id=\"f30ffb3\" data-element_type=\"container\">\n\t\t\t\t<div class=\"elementor-element elementor-element-0a492c4 elementor-widget elementor-widget-image\" data-id=\"0a492c4\" data-element_type=\"widget\" data-widget_type=\"image.default\">\n\t\t\t\t<div class=\"elementor-widget-container\">\n\t\t\t\t\t\t\t\t\t\t\t\t\t\t\t<img fetchpriority=\"high\" decoding=\"async\" width=\"800\" height=\"220\" src=\"https:\/\/ccvhs.fr\/wp-content\/uploads\/2025\/01\/IMAGE-PAGE-CREATION-ET-COMPETENCES_opt-1024x281-1.jpg\" class=\"attachment-large size-large wp-image-493\" alt=\"\" srcset=\"https:\/\/ccvhs.fr\/wp-content\/uploads\/2025\/01\/IMAGE-PAGE-CREATION-ET-COMPETENCES_opt-1024x281-1.jpg 1024w, https:\/\/ccvhs.fr\/wp-content\/uploads\/2025\/01\/IMAGE-PAGE-CREATION-ET-COMPETENCES_opt-1024x281-1-300x82.jpg 300w, https:\/\/ccvhs.fr\/wp-content\/uploads\/2025\/01\/IMAGE-PAGE-CREATION-ET-COMPETENCES_opt-1024x281-1-768x211.jpg 768w, https:\/\/ccvhs.fr\/wp-content\/uploads\/2025\/01\/IMAGE-PAGE-CREATION-ET-COMPETENCES_opt-1024x281-1-18x5.jpg 18w\" sizes=\"(max-width: 800px) 100vw, 800px\" \/>\t\t\t\t\t\t\t\t\t\t\t\t\t\t\t<\/div>\n\t\t\t\t<\/div>\n\t\t\t\t<div class=\"elementor-element elementor-element-245c23b elementor-widget elementor-widget-heading\" data-id=\"245c23b\" data-element_type=\"widget\" data-widget_type=\"heading.default\">\n\t\t\t\t<div class=\"elementor-widget-container\">\n\t\t\t\t\t<h2 class=\"elementor-heading-title elementor-size-default\">Ferri\u00e8res la Verrerie<\/h2>\t\t\t\t<\/div>\n\t\t\t\t<\/div>\n\t\t<div class=\"elementor-element elementor-element-aecebf0 e-con-full e-flex e-con e-child\" data-id=\"aecebf0\" data-element_type=\"container\">\n\t\t<div class=\"elementor-element elementor-element-7435d7f e-con-full e-flex e-con e-child\" data-id=\"7435d7f\" data-element_type=\"container\">\n\t\t\t\t<div class=\"elementor-element elementor-element-0be131a elementor-widget elementor-widget-text-editor\" data-id=\"0be131a\" data-element_type=\"widget\" data-widget_type=\"text-editor.default\">\n\t\t\t\t<div class=\"elementor-widget-container\">\n\t\t\t\t\t\t\t\t\t<p>\u00ab\u00a0D&rsquo;abord appel\u00e9e Ferri\u00e8res-Saint-Aignan et Ferri\u00e8res-Saint-Roch jusqu&rsquo;\u00e0 la R\u00e9volution, la commune doit son nom, comme la plupart des lieux nomm\u00e9s Ferri\u00e8res, \u00e0 la pr\u00e9sence de minerai de fer exploit\u00e9 \u00e0 l&rsquo;\u00e9poque gallo-romaine. Au XVII<sup>\u00e8me<\/sup> si\u00e8cle, une verrerie fut exploit\u00e9e au milieu des bois de Cochet.<\/p><p>L&rsquo;\u00e9glise est de style n\u00e9o-gothique du XV<sup>\u00e8me <\/sup>si\u00e8cle. Le retable offert par le cur\u00e9 Coffin en 1750 est class\u00e9.<\/p><p>Louis Ceneri Morand, peintre paysagiste reconnu, est n\u00e9 \u00e0 Ferri\u00e8res en 1852.<\/p><p>Le village comptait 937 habitants en 1807 et de nombreux commerces y \u00e9taient \u00e9tablis (18 en 1906).<\/p><p>Nous sommes aujourd&rsquo;hui 199 habitants. La commune compte 13 exploitations agricoles et 6 \u00e9levages de chevaux. Malberaux, seul cheval \u00e0 avoir gagn\u00e9 4 fois de suite le grand-cross de Pau, tient son nom du lieu-dit de sa naissance.<\/p><p>L&rsquo;ancienne discoth\u00e8que, dernier commerce du village, est devenue une salle communale en 2002. Il y a 80 r\u00e9sidences permanentes et 55 secondaires.<\/p><p>A noter que les eaux de Ferri\u00e8res partent vers 3 bassins versants: la Sarthe, la Seine et l&rsquo;Orne.<\/p><p>Vous y trouverez de nombreux chemins de randonn\u00e9e ainsi que quelques beaux manoirs : la Morandi\u00e8re, Bois Gautier, Cochet, le Moncel, la Croix, Cohardon&#8230;<\/p><p>La f\u00eate Saint Roch a lieu dans la deuxi\u00e8me quinzaine d&rsquo;ao\u00fbt.<\/p><p>Une question hante beaucoup d&rsquo;esprits: devons-nous mettre ou pas un \u00ab\u00a0S\u00a0\u00bb \u00e0 Ferri\u00e8re ? Le d\u00e9bat restera \u00e9ternel. Mais pour le GPS, il vaut mieux en mettre un.\u00a0\u00bb<\/p><p>186 habitants\u00a0<br \/>Superficie : 15 km\u00b2<\/p>\t\t\t\t\t\t\t\t<\/div>\n\t\t\t\t<\/div>\n\t\t\t\t<\/div>\n\t\t<div class=\"elementor-element elementor-element-4ef4686 e-con-full e-flex e-con e-child\" data-id=\"4ef4686\" data-element_type=\"container\">\n\t\t\t\t<div class=\"elementor-element elementor-element-b4caa5e elementor-widget elementor-widget-image\" data-id=\"b4caa5e\" data-element_type=\"widget\" data-widget_type=\"image.default\">\n\t\t\t\t<div class=\"elementor-widget-container\">\n\t\t\t\t\t\t\t\t\t\t\t\t\t\t\t<img decoding=\"async\" width=\"800\" height=\"989\" src=\"https:\/\/ccvhs.fr\/wp-content\/uploads\/2025\/02\/Beatrice-Metayer1-828x1024.jpg\" class=\"attachment-large size-large wp-image-1139\" alt=\"\" srcset=\"https:\/\/ccvhs.fr\/wp-content\/uploads\/2025\/02\/Beatrice-Metayer1-828x1024.jpg 828w, https:\/\/ccvhs.fr\/wp-content\/uploads\/2025\/02\/Beatrice-Metayer1-243x300.jpg 243w, https:\/\/ccvhs.fr\/wp-content\/uploads\/2025\/02\/Beatrice-Metayer1-768x949.jpg 768w, https:\/\/ccvhs.fr\/wp-content\/uploads\/2025\/02\/Beatrice-Metayer1-10x12.jpg 10w, https:\/\/ccvhs.fr\/wp-content\/uploads\/2025\/02\/Beatrice-Metayer1.jpg 1177w\" sizes=\"(max-width: 800px) 100vw, 800px\" \/>\t\t\t\t\t\t\t\t\t\t\t\t\t\t\t<\/div>\n\t\t\t\t<\/div>\n\t\t\t\t<div class=\"elementor-element elementor-element-38f8678 elementor-widget elementor-widget-heading\" data-id=\"38f8678\" data-element_type=\"widget\" data-widget_type=\"heading.default\">\n\t\t\t\t<div class=\"elementor-widget-container\">\n\t\t\t\t\t<h4 class=\"elementor-heading-title elementor-size-default\"> B\u00e9atrice M\u00e9tayer<\/h4>\t\t\t\t<\/div>\n\t\t\t\t<\/div>\n\t\t\t\t<div class=\"elementor-element elementor-element-2362dd5 elementor-icon-list--layout-traditional elementor-list-item-link-full_width elementor-widget elementor-widget-icon-list\" data-id=\"2362dd5\" data-element_type=\"widget\" data-widget_type=\"icon-list.default\">\n\t\t\t\t<div class=\"elementor-widget-container\">\n\t\t\t\t\t\t\t<ul class=\"elementor-icon-list-items\">\n\t\t\t\t\t\t\t<li class=\"elementor-icon-list-item\">\n\t\t\t\t\t\t\t\t\t\t\t<span class=\"elementor-icon-list-icon\">\n\t\t\t\t\t\t\t<svg aria-hidden=\"true\" class=\"e-font-icon-svg e-fas-map-pin\" viewbox=\"0 0 288 512\" xmlns=\"http:\/\/www.w3.org\/2000\/svg\"><path d=\"M112 316.94v156.69l22.02 33.02c4.75 7.12 15.22 7.12 19.97 0L176 473.63V316.94c-10.39 1.92-21.06 3.06-32 3.06s-21.61-1.14-32-3.06zM144 0C64.47 0 0 64.47 0 144s64.47 144 144 144 144-64.47 144-144S223.53 0 144 0zm0 76c-37.5 0-68 30.5-68 68 0 6.62-5.38 12-12 12s-12-5.38-12-12c0-50.73 41.28-92 92-92 6.62 0 12 5.38 12 12s-5.38 12-12 12z\"><\/path><\/svg>\t\t\t\t\t\t<\/span>\n\t\t\t\t\t\t\t\t\t\t<span class=\"elementor-icon-list-text\">Le Bourg - 61390 FERRI\u00c8RE LA VERRERIE<\/span>\n\t\t\t\t\t\t\t\t\t<\/li>\n\t\t\t\t\t\t\t\t<li class=\"elementor-icon-list-item\">\n\t\t\t\t\t\t\t\t\t\t\t<span class=\"elementor-icon-list-icon\">\n\t\t\t\t\t\t\t<svg aria-hidden=\"true\" class=\"e-font-icon-svg e-fas-phone-alt\" viewbox=\"0 0 512 512\" xmlns=\"http:\/\/www.w3.org\/2000\/svg\"><path d=\"M497.39 361.8l-112-48a24 24 0 0 0-28 6.9l-49.6 60.6A370.66 370.66 0 0 1 130.6 204.11l60.6-49.6a23.94 23.94 0 0 0 6.9-28l-48-112A24.16 24.16 0 0 0 122.6.61l-104 24A24 24 0 0 0 0 48c0 256.5 207.9 464 464 464a24 24 0 0 0 23.4-18.6l24-104a24.29 24.29 0 0 0-14.01-27.6z\"><\/path><\/svg>\t\t\t\t\t\t<\/span>\n\t\t\t\t\t\t\t\t\t\t<span class=\"elementor-icon-list-text\">02 33 28 42 61<\/span>\n\t\t\t\t\t\t\t\t\t<\/li>\n\t\t\t\t\t\t\t\t<li class=\"elementor-icon-list-item\">\n\t\t\t\t\t\t\t\t\t\t\t<span class=\"elementor-icon-list-icon\">\n\t\t\t\t\t\t\t<svg aria-hidden=\"true\" class=\"e-font-icon-svg e-fas-envelope\" viewbox=\"0 0 512 512\" xmlns=\"http:\/\/www.w3.org\/2000\/svg\"><path d=\"M502.3 190.8c3.9-3.1 9.7-.2 9.7 4.7V400c0 26.5-21.5 48-48 48H48c-26.5 0-48-21.5-48-48V195.6c0-5 5.7-7.8 9.7-4.7 22.4 17.4 52.1 39.5 154.1 113.6 21.1 15.4 56.7 47.8 92.2 47.6 35.7.3 72-32.8 92.3-47.6 102-74.1 131.6-96.3 154-113.7zM256 320c23.2.4 56.6-29.2 73.4-41.4 132.7-96.3 142.8-104.7 173.4-128.7 5.8-4.5 9.2-11.5 9.2-18.9v-19c0-26.5-21.5-48-48-48H48C21.5 64 0 85.5 0 112v19c0 7.4 3.4 14.3 9.2 18.9 30.6 23.9 40.7 32.4 173.4 128.7 16.8 12.2 50.2 41.8 73.4 41.4z\"><\/path><\/svg>\t\t\t\t\t\t<\/span>\n\t\t\t\t\t\t\t\t\t\t<span class=\"elementor-icon-list-text\">mairie.ferrierelaverrerie@orange.fr<\/span>\n\t\t\t\t\t\t\t\t\t<\/li>\n\t\t\t\t\t\t\t\t<li class=\"elementor-icon-list-item\">\n\t\t\t\t\t\t\t\t\t\t\t<span class=\"elementor-icon-list-icon\">\n\t\t\t\t\t\t\t<svg aria-hidden=\"true\" class=\"e-font-icon-svg e-far-clock\" viewbox=\"0 0 512 512\" xmlns=\"http:\/\/www.w3.org\/2000\/svg\"><path d=\"M256 8C119 8 8 119 8 256s111 248 248 248 248-111 248-248S393 8 256 8zm0 448c-110.5 0-200-89.5-200-200S145.5 56 256 56s200 89.5 200 200-89.5 200-200 200zm61.8-104.4l-84.9-61.7c-3.1-2.3-4.9-5.9-4.9-9.7V116c0-6.6 5.4-12 12-12h32c6.6 0 12 5.4 12 12v141.7l66.8 48.6c5.4 3.9 6.5 11.4 2.6 16.8L334.6 349c-3.9 5.3-11.4 6.5-16.8 2.6z\"><\/path><\/svg>\t\t\t\t\t\t<\/span>\n\t\t\t\t\t\t\t\t\t\t<span class=\"elementor-icon-list-text\">Mardi : de 9h \u00e0 12h <br> Jeudi : de 14h \u00e0 16h <br> Permanence des \u00e9lus : le vendredi de 17h30 \u00e0 18h30<\/span>\n\t\t\t\t\t\t\t\t\t<\/li>\n\t\t\t\t\t\t<\/ul>\n\t\t\t\t\t\t<\/div>\n\t\t\t\t<\/div>\n\t\t\t\t<\/div>\n\t\t\t\t<\/div>\n\t\t\t\t<\/div>\n\t\t\t\t<\/div>\n\t\t\t\t\t<\/div>\n\t\t\t\t<\/div>\n\t\t\t\t<\/div>","protected":false},"excerpt":{"rendered":"<p>Ferri\u00e8res la Verrerie \u00ab\u00a0D&rsquo;abord appel\u00e9e Ferri\u00e8res-Saint-Aignan et Ferri\u00e8res-Saint-Roch jusqu&rsquo;\u00e0 la R\u00e9volution, la commune doit son nom, comme la plupart des lieux nomm\u00e9s Ferri\u00e8res, \u00e0 la pr\u00e9sence de minerai de fer exploit\u00e9 \u00e0 l&rsquo;\u00e9poque gallo-romaine. Au XVII\u00e8me si\u00e8cle, une verrerie fut exploit\u00e9e au milieu des bois de Cochet. L&rsquo;\u00e9glise est de style n\u00e9o-gothique du XV\u00e8me si\u00e8cle. [&hellip;]<\/p>","protected":false},"author":1,"featured_media":0,"parent":0,"menu_order":0,"comment_status":"closed","ping_status":"closed","template":"","meta":{"_acf_changed":false,"footnotes":""},"class_list":["post-2511","page","type-page","status-publish","hentry"],"acf":[],"_links":{"self":[{"href":"https:\/\/ccvhs.fr\/en\/wp-json\/wp\/v2\/pages\/2511","targetHints":{"allow":["GET"]}}],"collection":[{"href":"https:\/\/ccvhs.fr\/en\/wp-json\/wp\/v2\/pages"}],"about":[{"href":"https:\/\/ccvhs.fr\/en\/wp-json\/wp\/v2\/types\/page"}],"author":[{"embeddable":true,"href":"https:\/\/ccvhs.fr\/en\/wp-json\/wp\/v2\/users\/1"}],"replies":[{"embeddable":true,"href":"https:\/\/ccvhs.fr\/en\/wp-json\/wp\/v2\/comments?post=2511"}],"version-history":[{"count":0,"href":"https:\/\/ccvhs.fr\/en\/wp-json\/wp\/v2\/pages\/2511\/revisions"}],"wp:attachment":[{"href":"https:\/\/ccvhs.fr\/en\/wp-json\/wp\/v2\/media?parent=2511"}],"curies":[{"name":"wp","href":"https:\/\/api.w.org\/{rel}","templated":true}]}}