{"id":2506,"date":"2025-04-04T14:42:50","date_gmt":"2025-04-04T12:42:50","guid":{"rendered":"https:\/\/ccvhs.fr\/?page_id=2506"},"modified":"2025-04-04T14:46:35","modified_gmt":"2025-04-04T12:46:35","slug":"courtomer","status":"publish","type":"page","link":"https:\/\/ccvhs.fr\/en\/courtomer\/","title":{"rendered":"Courtomer"},"content":{"rendered":"<div data-elementor-type=\"wp-page\" data-elementor-id=\"2506\" class=\"elementor elementor-2506\" data-elementor-post-type=\"page\">\n\t\t\t\t<div class=\"elementor-element elementor-element-684c867 e-flex e-con-boxed e-con e-parent\" data-id=\"684c867\" data-element_type=\"container\">\n\t\t\t\t\t<div class=\"e-con-inner\">\n\t\t<div class=\"elementor-element elementor-element-ad85443 e-con-full e-flex e-con e-child\" data-id=\"ad85443\" data-element_type=\"container\" data-settings=\"{&quot;background_background&quot;:&quot;classic&quot;}\">\n\t\t<div class=\"elementor-element elementor-element-172d05a e-con-full e-flex e-con e-child\" data-id=\"172d05a\" data-element_type=\"container\">\n\t\t\t\t<div class=\"elementor-element elementor-element-fc05d48 elementor-widget elementor-widget-image\" data-id=\"fc05d48\" data-element_type=\"widget\" data-widget_type=\"image.default\">\n\t\t\t\t<div class=\"elementor-widget-container\">\n\t\t\t\t\t\t\t\t\t\t\t\t\t\t\t<img fetchpriority=\"high\" decoding=\"async\" width=\"800\" height=\"220\" src=\"https:\/\/ccvhs.fr\/wp-content\/uploads\/2025\/01\/IMAGE-PAGE-CREATION-ET-COMPETENCES_opt-1024x281-1.jpg\" class=\"attachment-large size-large wp-image-493\" alt=\"\" srcset=\"https:\/\/ccvhs.fr\/wp-content\/uploads\/2025\/01\/IMAGE-PAGE-CREATION-ET-COMPETENCES_opt-1024x281-1.jpg 1024w, https:\/\/ccvhs.fr\/wp-content\/uploads\/2025\/01\/IMAGE-PAGE-CREATION-ET-COMPETENCES_opt-1024x281-1-300x82.jpg 300w, https:\/\/ccvhs.fr\/wp-content\/uploads\/2025\/01\/IMAGE-PAGE-CREATION-ET-COMPETENCES_opt-1024x281-1-768x211.jpg 768w, https:\/\/ccvhs.fr\/wp-content\/uploads\/2025\/01\/IMAGE-PAGE-CREATION-ET-COMPETENCES_opt-1024x281-1-18x5.jpg 18w\" sizes=\"(max-width: 800px) 100vw, 800px\" \/>\t\t\t\t\t\t\t\t\t\t\t\t\t\t\t<\/div>\n\t\t\t\t<\/div>\n\t\t\t\t<div class=\"elementor-element elementor-element-2cd8938 elementor-widget elementor-widget-heading\" data-id=\"2cd8938\" data-element_type=\"widget\" data-widget_type=\"heading.default\">\n\t\t\t\t<div class=\"elementor-widget-container\">\n\t\t\t\t\t<h2 class=\"elementor-heading-title elementor-size-default\">Courtomer<\/h2>\t\t\t\t<\/div>\n\t\t\t\t<\/div>\n\t\t<div class=\"elementor-element elementor-element-18e49b9 e-con-full e-flex e-con e-child\" data-id=\"18e49b9\" data-element_type=\"container\">\n\t\t<div class=\"elementor-element elementor-element-872a836 e-con-full e-flex e-con e-child\" data-id=\"872a836\" data-element_type=\"container\">\n\t\t\t\t<div class=\"elementor-element elementor-element-ed6eeee elementor-widget elementor-widget-text-editor\" data-id=\"ed6eeee\" data-element_type=\"widget\" data-widget_type=\"text-editor.default\">\n\t\t\t\t<div class=\"elementor-widget-container\">\n\t\t\t\t\t\t\t\t\t<p>Ce charmant village de plus de 700 \u00e2mes situ\u00e9 aux confins du Pays d&rsquo;Ouche et \u00e0 l&rsquo;or\u00e9e des collines du Perche, entour\u00e9 de cr\u00eates bois\u00e9es, de cultures c\u00e9r\u00e9ali\u00e8res et d&rsquo;\u00e9levages fut un ancien chef-lieu de canton. Anciennement nomm\u00e9e \u00ab\u00a0Saint-Lhomer\u00a0\u00bb, la bourgade a \u00e9t\u00e9 absorb\u00e9e par le village historique de Courtomer (<em>le \u00ab\u00a0vieux Courtomer\u00a0\u00bb situ\u00e9 \u00e0 1 km du bourg<\/em>) au d\u00e9but 19\u00e8me si\u00e8cle, pour devenir tel que nous le connaissons aujourd&rsquo;hui.<\/p><p style=\"text-align: left;\">Les gentil\u00e9s, les courtom\u00e9rois et courtom\u00e9roises, appr\u00e9cient l&rsquo;immense place en plein c\u0153ur de bourg permettant de faire des achats de premi\u00e8re n\u00e9cessit\u00e9 (<em>sup\u00e9rette, 2 boulangeries, charcutier-traiteur, point-poste, caisse de retrait d&rsquo;argent du Cr\u00e9dit Agricole<\/em>&#8230;) et de b\u00e9n\u00e9ficier des services m\u00e9dicaux ou param\u00e9dicaux (<em>m\u00e9decin, cabinet d&rsquo;infirmi\u00e8res, pharmacie, ost\u00e9opathe<\/em>). En outre, de nombreux autres services tels que la pr\u00e9sence deux fois par semaine d&rsquo;un petit march\u00e9 (<em>le vendredi et le dimanche matin)<\/em> d&rsquo;une quincaillerie (<em>commerce embl\u00e9matique et historique du village ! <\/em>), d&rsquo;un bar-tabac-presse-PMU-restaurant, d&rsquo;un salon de coiffure, d&rsquo;une \u00e9cole primaire publique, d&rsquo;une m\u00e9diath\u00e8que (<em>voir la liste de tous les commerces et services sur l&rsquo;application \u00ab\u00a0IntraMuros\u00a0\u00bb de la Communaut\u00e9 de Communes de la Vall\u00e9e de la Haute Sarthe<\/em>), font de ce joli village un endroit accueillant o\u00f9 l&rsquo;on \u00ab\u00a0trouve de tout\u00a0\u00bb et o\u00f9 il fait bon vivre !<\/p><p><a href=\"https:\/\/ccvhs.fr\/en\/intramuros\/\">Inside the city<\/a><\/p><p>700 habitants\u00a0<br \/>Superficie : 1990 ha<\/p>\t\t\t\t\t\t\t\t<\/div>\n\t\t\t\t<\/div>\n\t\t\t\t<\/div>\n\t\t<div class=\"elementor-element elementor-element-d0514b7 e-con-full e-flex e-con e-child\" data-id=\"d0514b7\" data-element_type=\"container\">\n\t\t\t\t<div class=\"elementor-element elementor-element-5e98f6c elementor-widget elementor-widget-image\" data-id=\"5e98f6c\" data-element_type=\"widget\" data-widget_type=\"image.default\">\n\t\t\t\t<div class=\"elementor-widget-container\">\n\t\t\t\t\t\t\t\t\t\t\t\t\t\t\t<img decoding=\"async\" width=\"800\" height=\"989\" src=\"https:\/\/ccvhs.fr\/wp-content\/uploads\/2025\/02\/Robert-Colette-828x1024.jpg\" class=\"attachment-large size-large wp-image-1134\" alt=\"\" srcset=\"https:\/\/ccvhs.fr\/wp-content\/uploads\/2025\/02\/Robert-Colette-828x1024.jpg 828w, https:\/\/ccvhs.fr\/wp-content\/uploads\/2025\/02\/Robert-Colette-243x300.jpg 243w, https:\/\/ccvhs.fr\/wp-content\/uploads\/2025\/02\/Robert-Colette-768x950.jpg 768w, https:\/\/ccvhs.fr\/wp-content\/uploads\/2025\/02\/Robert-Colette-1242x1536.jpg 1242w, https:\/\/ccvhs.fr\/wp-content\/uploads\/2025\/02\/Robert-Colette-10x12.jpg 10w, https:\/\/ccvhs.fr\/wp-content\/uploads\/2025\/02\/Robert-Colette.jpg 1409w\" sizes=\"(max-width: 800px) 100vw, 800px\" \/>\t\t\t\t\t\t\t\t\t\t\t\t\t\t\t<\/div>\n\t\t\t\t<\/div>\n\t\t\t\t<div class=\"elementor-element elementor-element-8cb00a0 elementor-widget elementor-widget-heading\" data-id=\"8cb00a0\" data-element_type=\"widget\" data-widget_type=\"heading.default\">\n\t\t\t\t<div class=\"elementor-widget-container\">\n\t\t\t\t\t<h4 class=\"elementor-heading-title elementor-size-default\">Robert Collette<\/h4>\t\t\t\t<\/div>\n\t\t\t\t<\/div>\n\t\t\t\t<div class=\"elementor-element elementor-element-8fea14b elementor-icon-list--layout-traditional elementor-list-item-link-full_width elementor-widget elementor-widget-icon-list\" data-id=\"8fea14b\" data-element_type=\"widget\" data-widget_type=\"icon-list.default\">\n\t\t\t\t<div class=\"elementor-widget-container\">\n\t\t\t\t\t\t\t<ul class=\"elementor-icon-list-items\">\n\t\t\t\t\t\t\t<li class=\"elementor-icon-list-item\">\n\t\t\t\t\t\t\t\t\t\t\t<span class=\"elementor-icon-list-icon\">\n\t\t\t\t\t\t\t<svg aria-hidden=\"true\" class=\"e-font-icon-svg e-fas-map-pin\" viewbox=\"0 0 288 512\" xmlns=\"http:\/\/www.w3.org\/2000\/svg\"><path d=\"M112 316.94v156.69l22.02 33.02c4.75 7.12 15.22 7.12 19.97 0L176 473.63V316.94c-10.39 1.92-21.06 3.06-32 3.06s-21.61-1.14-32-3.06zM144 0C64.47 0 0 64.47 0 144s64.47 144 144 144 144-64.47 144-144S223.53 0 144 0zm0 76c-37.5 0-68 30.5-68 68 0 6.62-5.38 12-12 12s-12-5.38-12-12c0-50.73 41.28-92 92-92 6.62 0 12 5.38 12 12s-5.38 12-12 12z\"><\/path><\/svg>\t\t\t\t\t\t<\/span>\n\t\t\t\t\t\t\t\t\t\t<span class=\"elementor-icon-list-text\">1 place Saint-Lhomer - 61390 Courtomer<\/span>\n\t\t\t\t\t\t\t\t\t<\/li>\n\t\t\t\t\t\t\t\t<li class=\"elementor-icon-list-item\">\n\t\t\t\t\t\t\t\t\t\t\t<span class=\"elementor-icon-list-icon\">\n\t\t\t\t\t\t\t<svg aria-hidden=\"true\" class=\"e-font-icon-svg e-fas-phone-alt\" viewbox=\"0 0 512 512\" xmlns=\"http:\/\/www.w3.org\/2000\/svg\"><path d=\"M497.39 361.8l-112-48a24 24 0 0 0-28 6.9l-49.6 60.6A370.66 370.66 0 0 1 130.6 204.11l60.6-49.6a23.94 23.94 0 0 0 6.9-28l-48-112A24.16 24.16 0 0 0 122.6.61l-104 24A24 24 0 0 0 0 48c0 256.5 207.9 464 464 464a24 24 0 0 0 23.4-18.6l24-104a24.29 24.29 0 0 0-14.01-27.6z\"><\/path><\/svg>\t\t\t\t\t\t<\/span>\n\t\t\t\t\t\t\t\t\t\t<span class=\"elementor-icon-list-text\">02 33 28 40 23<\/span>\n\t\t\t\t\t\t\t\t\t<\/li>\n\t\t\t\t\t\t\t\t<li class=\"elementor-icon-list-item\">\n\t\t\t\t\t\t\t\t\t\t\t<span class=\"elementor-icon-list-icon\">\n\t\t\t\t\t\t\t<svg aria-hidden=\"true\" class=\"e-font-icon-svg e-fas-envelope\" viewbox=\"0 0 512 512\" xmlns=\"http:\/\/www.w3.org\/2000\/svg\"><path d=\"M502.3 190.8c3.9-3.1 9.7-.2 9.7 4.7V400c0 26.5-21.5 48-48 48H48c-26.5 0-48-21.5-48-48V195.6c0-5 5.7-7.8 9.7-4.7 22.4 17.4 52.1 39.5 154.1 113.6 21.1 15.4 56.7 47.8 92.2 47.6 35.7.3 72-32.8 92.3-47.6 102-74.1 131.6-96.3 154-113.7zM256 320c23.2.4 56.6-29.2 73.4-41.4 132.7-96.3 142.8-104.7 173.4-128.7 5.8-4.5 9.2-11.5 9.2-18.9v-19c0-26.5-21.5-48-48-48H48C21.5 64 0 85.5 0 112v19c0 7.4 3.4 14.3 9.2 18.9 30.6 23.9 40.7 32.4 173.4 128.7 16.8 12.2 50.2 41.8 73.4 41.4z\"><\/path><\/svg>\t\t\t\t\t\t<\/span>\n\t\t\t\t\t\t\t\t\t\t<span class=\"elementor-icon-list-text\">mairie.courtomer.orne@wanadoo.fr<\/span>\n\t\t\t\t\t\t\t\t\t<\/li>\n\t\t\t\t\t\t\t\t<li class=\"elementor-icon-list-item\">\n\t\t\t\t\t\t\t\t\t\t\t<span class=\"elementor-icon-list-icon\">\n\t\t\t\t\t\t\t<svg aria-hidden=\"true\" class=\"e-font-icon-svg e-far-clock\" viewbox=\"0 0 512 512\" xmlns=\"http:\/\/www.w3.org\/2000\/svg\"><path d=\"M256 8C119 8 8 119 8 256s111 248 248 248 248-111 248-248S393 8 256 8zm0 448c-110.5 0-200-89.5-200-200S145.5 56 256 56s200 89.5 200 200-89.5 200-200 200zm61.8-104.4l-84.9-61.7c-3.1-2.3-4.9-5.9-4.9-9.7V116c0-6.6 5.4-12 12-12h32c6.6 0 12 5.4 12 12v141.7l66.8 48.6c5.4 3.9 6.5 11.4 2.6 16.8L334.6 349c-3.9 5.3-11.4 6.5-16.8 2.6z\"><\/path><\/svg>\t\t\t\t\t\t<\/span>\n\t\t\t\t\t\t\t\t\t\t<span class=\"elementor-icon-list-text\">Lundi, mardi, jeudi et vendredi : <br> de 8h30 \u00e0 12h30 <br>Jeudi : de 16h30 \u00e0 19h <br>Le 3\u00e8me samedi du mois : <br> de 8h30 \u00e0 12h<\/span>\n\t\t\t\t\t\t\t\t\t<\/li>\n\t\t\t\t\t\t<\/ul>\n\t\t\t\t\t\t<\/div>\n\t\t\t\t<\/div>\n\t\t\t\t<\/div>\n\t\t\t\t<\/div>\n\t\t\t\t<\/div>\n\t\t\t\t<\/div>\n\t\t\t\t\t<\/div>\n\t\t\t\t<\/div>\n\t\t\t\t<\/div>","protected":false},"excerpt":{"rendered":"<p>Courtomer Ce charmant village de plus de 700 \u00e2mes situ\u00e9 aux confins du Pays d&rsquo;Ouche et \u00e0 l&rsquo;or\u00e9e des collines du Perche, entour\u00e9 de cr\u00eates bois\u00e9es, de cultures c\u00e9r\u00e9ali\u00e8res et d&rsquo;\u00e9levages fut un ancien chef-lieu de canton. Anciennement nomm\u00e9e \u00ab\u00a0Saint-Lhomer\u00a0\u00bb, la bourgade a \u00e9t\u00e9 absorb\u00e9e par le village historique de Courtomer (le \u00ab\u00a0vieux Courtomer\u00a0\u00bb situ\u00e9 [&hellip;]<\/p>","protected":false},"author":1,"featured_media":0,"parent":0,"menu_order":0,"comment_status":"closed","ping_status":"closed","template":"","meta":{"_acf_changed":false,"footnotes":""},"class_list":["post-2506","page","type-page","status-publish","hentry"],"acf":[],"_links":{"self":[{"href":"https:\/\/ccvhs.fr\/en\/wp-json\/wp\/v2\/pages\/2506","targetHints":{"allow":["GET"]}}],"collection":[{"href":"https:\/\/ccvhs.fr\/en\/wp-json\/wp\/v2\/pages"}],"about":[{"href":"https:\/\/ccvhs.fr\/en\/wp-json\/wp\/v2\/types\/page"}],"author":[{"embeddable":true,"href":"https:\/\/ccvhs.fr\/en\/wp-json\/wp\/v2\/users\/1"}],"replies":[{"embeddable":true,"href":"https:\/\/ccvhs.fr\/en\/wp-json\/wp\/v2\/comments?post=2506"}],"version-history":[{"count":0,"href":"https:\/\/ccvhs.fr\/en\/wp-json\/wp\/v2\/pages\/2506\/revisions"}],"wp:attachment":[{"href":"https:\/\/ccvhs.fr\/en\/wp-json\/wp\/v2\/media?parent=2506"}],"curies":[{"name":"wp","href":"https:\/\/api.w.org\/{rel}","templated":true}]}}