{"id":2497,"date":"2025-04-04T14:39:31","date_gmt":"2025-04-04T12:39:31","guid":{"rendered":"https:\/\/ccvhs.fr\/?page_id=2497"},"modified":"2025-09-10T09:08:24","modified_gmt":"2025-09-10T07:08:24","slug":"coulonges-sur-sarthe","status":"publish","type":"page","link":"https:\/\/ccvhs.fr\/en\/coulonges-sur-sarthe\/","title":{"rendered":"Coulonges-sur-Sarthe"},"content":{"rendered":"<div data-elementor-type=\"wp-page\" data-elementor-id=\"2497\" class=\"elementor elementor-2497\" data-elementor-post-type=\"page\">\n\t\t\t\t<div class=\"elementor-element elementor-element-9a82b2c e-flex e-con-boxed e-con e-parent\" data-id=\"9a82b2c\" data-element_type=\"container\">\n\t\t\t\t\t<div class=\"e-con-inner\">\n\t\t<div class=\"elementor-element elementor-element-9f57e40 e-con-full e-flex e-con e-child\" data-id=\"9f57e40\" data-element_type=\"container\" data-settings=\"{&quot;background_background&quot;:&quot;classic&quot;}\">\n\t\t<div class=\"elementor-element elementor-element-bb5b457 e-con-full e-flex e-con e-child\" data-id=\"bb5b457\" data-element_type=\"container\">\n\t\t\t\t<div class=\"elementor-element elementor-element-09d2865 elementor-widget elementor-widget-image\" data-id=\"09d2865\" data-element_type=\"widget\" data-widget_type=\"image.default\">\n\t\t\t\t<div class=\"elementor-widget-container\">\n\t\t\t\t\t\t\t\t\t\t\t\t\t\t\t<img fetchpriority=\"high\" decoding=\"async\" width=\"800\" height=\"220\" src=\"https:\/\/ccvhs.fr\/wp-content\/uploads\/2025\/01\/IMAGE-PAGE-CREATION-ET-COMPETENCES_opt-1024x281-1.jpg\" class=\"attachment-large size-large wp-image-493\" alt=\"\" srcset=\"https:\/\/ccvhs.fr\/wp-content\/uploads\/2025\/01\/IMAGE-PAGE-CREATION-ET-COMPETENCES_opt-1024x281-1.jpg 1024w, https:\/\/ccvhs.fr\/wp-content\/uploads\/2025\/01\/IMAGE-PAGE-CREATION-ET-COMPETENCES_opt-1024x281-1-300x82.jpg 300w, https:\/\/ccvhs.fr\/wp-content\/uploads\/2025\/01\/IMAGE-PAGE-CREATION-ET-COMPETENCES_opt-1024x281-1-768x211.jpg 768w, https:\/\/ccvhs.fr\/wp-content\/uploads\/2025\/01\/IMAGE-PAGE-CREATION-ET-COMPETENCES_opt-1024x281-1-18x5.jpg 18w\" sizes=\"(max-width: 800px) 100vw, 800px\" \/>\t\t\t\t\t\t\t\t\t\t\t\t\t\t\t<\/div>\n\t\t\t\t<\/div>\n\t\t\t\t<div class=\"elementor-element elementor-element-da1ff6d elementor-widget elementor-widget-heading\" data-id=\"da1ff6d\" data-element_type=\"widget\" data-widget_type=\"heading.default\">\n\t\t\t\t<div class=\"elementor-widget-container\">\n\t\t\t\t\t<h2 class=\"elementor-heading-title elementor-size-default\">Coulonges sur Sarthe<\/h2>\t\t\t\t<\/div>\n\t\t\t\t<\/div>\n\t\t<div class=\"elementor-element elementor-element-9d05289 e-con-full e-flex e-con e-child\" data-id=\"9d05289\" data-element_type=\"container\">\n\t\t<div class=\"elementor-element elementor-element-56fd7c2 e-con-full e-flex e-con e-child\" data-id=\"56fd7c2\" data-element_type=\"container\">\n\t\t\t\t<div class=\"elementor-element elementor-element-5c09fb2 elementor-widget elementor-widget-text-editor\" data-id=\"5c09fb2\" data-element_type=\"widget\" data-widget_type=\"text-editor.default\">\n\t\t\t\t<div class=\"elementor-widget-container\">\n\t\t\t\t\t\t\t\t\t<p class=\"p1\"><strong>G\u00c9OGRAPHIE<\/strong><\/p><p class=\"p1\">Coulonges sur Sarthe est un petit village \u00e9tendu sur 10 kms, d\u2019une superficie de 9.65 km\u00b2 et qui comptabilise 520 habitants, dont la moiti\u00e9 vit en zone urbaine (en limite du M\u00eale sur Sarthe).<\/p><p class=\"p1\">Son altitude varie de 204 m\u00e8tres au niveau du ch\u00e2teau d\u2019eau des Petites Hayes \u00e0 150 m\u00e8tres en agglom\u00e9ration du M\u00eale, les rivi\u00e8res L&rsquo;Erine, La Sarthe et le ruisseau de La Radrel sont les principaux cours d&rsquo;eau qui traversent la commune de Coulonges sur Sarthe.<\/p><p class=\"p1\">La commune est \u00e9galement travers\u00e9e par la Voie Verte du Sud de l&rsquo;Orne sur l&rsquo;ancienne voie ferr\u00e9e Alen\u00e7on \/ Cond\u00e9 sur Huisne. Ouverte \u00e0 tous et en acc\u00e8s libre, elle offre de superbes lieux de promenades et permet en toute s\u00e9curit\u00e9 et dans d&rsquo;excellentes conditions pratiques la cohabitation de la marche (promenade, randonn\u00e9e, jogging, etc.), du cyclisme (v\u00e9lo, VTT, VTC, etc.) et la promenade \u00e9questre.<\/p><p class=\"p1\">De nombreux chemins communaux inscrits au Plan D\u00e9partemental des Itin\u00e9raires de Randonn\u00e9e (PDIR) permettent avec enchantement de d\u00e9couvrir la commune.<\/p><p class=\"p3\"><strong>SPORTS\/LOISIRS<\/strong><\/p><p class=\"p3\">La commune est mitoyenne de l\u2019agglom\u00e9ration du M\u00eale sur Sarthe et offre de nombreuses activit\u00e9s sportives et de loisirs gr\u00e2ce \u00e0 ses infrastructures comme le gymnase (dit du coll\u00e8ge), le terrain de foot (Jules Maubert), le lac et la base de loisir (baignade et p\u00eache), le terrain de p\u00e9tanque, le camping qui sont tous g\u00e9ographiquement situ\u00e9s sur Coulonges sur Sarthe.<\/p><p class=\"p3\"><strong>\u00c9DUCATION<\/strong><\/p><p class=\"p3\">Les enfants de la commune sont scolaris\u00e9s pour environ \u2153 au Regroupement P\u00e9dagogique Communal (RPI 28) de l\u2019\u00c9cole \u00ab les Hirondelles \u00bb de Ste Scolasse et de l\u2019\u00c9cole du Val de Montchevrel ; \u2153 \u00e0 l\u2019\u00c9cole Publique Maurice G\u00e9rard du M\u00eale (familles faisant partie de l\u2019agglom\u00e9ration du M\u00eale) et \u2153 \u00e0 l\u2019\u00c9cole Priv\u00e9e St Joseph du M\u00eale sur Sarthe.<\/p><p class=\"p4\">L\u2019enseignement secondaire se poursuit au Coll\u00e8ge Louis Grenier qui se trouve lui aussi sur la commune.<\/p><p class=\"p3\"><strong>NATURA 2000<\/strong><\/p><p class=\"p3\">La commune situ\u00e9e au sein du Parc naturel r\u00e9gional Normandie-Maine est riche d\u2019un patrimoine naturel important avec deux sites class\u00e9s Natura 2000 depuis 2008.<\/p><p class=\"p3\">Tout d\u2019abord, les prairies humides en bordure de Sarthe qui font partie du site de \u00ab\u00a0La Haute Vall\u00e9e de La Sarthe\u00a0\u00bb qui regroupe 2600 ha entre Moulin La Marche et les Alpes Mancelles.<\/p><p class=\"p3\">Ensuite, le site dit de \u00ab l\u2019ancienne champignonni\u00e8re des Petites Hayes \u00bb autrefois exploit\u00e9 pour la pierre, puis pour la production de champignons. Cette cavit\u00e9 est reconnue comme \u00e9tant le troisi\u00e8me site r\u00e9gional pour l\u2019hibernation des chauves-souris, puisque accueillant 500 individus chaque hiver, de 7 esp\u00e8ces diff\u00e9rentes.<\/p><p class=\"p3\"><strong>ARCHITECTURE<\/strong><\/p><p class=\"p6\">L\u2019\u00c9glise St Germain du XVIIIe si\u00e8cle adopte un plan en croix latine. Elle a une nef unique et un chevet plat. Un petit b\u00e2timent est accol\u00e9 au chevet. Un clocher \u00e0 base octogonale surmont\u00e9 d&rsquo;une fl\u00e8che coiffe la nef.<\/p><p class=\"p1\">La commune dispose aussi d\u2019une salle polyvalente pouvant accueillir jusqu\u2019\u00e0\u00a0250 personnes.<\/p><p class=\"p1\"><strong>VIE \u00c9CONOMIQUE<\/strong><\/p><p class=\"p1\">La commune accueille plus d\u2019une dizaine d\u2019entreprises, pour la plupart regroup\u00e9es dans la Zone Industrielle et Artisanale proche de l\u2019agglom\u00e9ration du M\u00eale mais aussi un EHPAD \u00ab\u00a0La R\u00e9sidence Fleurie\u00a0\u00bb qui accueille 64 r\u00e9sidents et emploie une quarantaine de personnes.<\/p><p class=\"p1\">L\u2019activit\u00e9 agricole de la commune reste cons\u00e9quente mais a subi une baisse importante du nombre d\u2019exploitants, passant aujourd\u2019hui sous la barre des 5 si\u00e8ges d\u2019exploitation.<\/p><p class=\"p1\">Coulonges sur Sarthe, par la qualit\u00e9 de son cadre de vie, offre \u00e0 ses habitants les avantages d\u2019infrastructures citadines tout en conservant le charme d\u2019une commune pr\u00e9serv\u00e9e des nuisances urbaines.<\/p><p>540 habitants\u00a0<br \/>Superficie : 965 ha<\/p>\t\t\t\t\t\t\t\t<\/div>\n\t\t\t\t<\/div>\n\t\t\t\t<\/div>\n\t\t<div class=\"elementor-element elementor-element-7bedeee e-con-full e-flex e-con e-child\" data-id=\"7bedeee\" data-element_type=\"container\">\n\t\t\t\t<div class=\"elementor-element elementor-element-81d4554 elementor-widget elementor-widget-image\" data-id=\"81d4554\" data-element_type=\"widget\" data-widget_type=\"image.default\">\n\t\t\t\t<div class=\"elementor-widget-container\">\n\t\t\t\t\t\t\t\t\t\t\t\t\t\t\t<img decoding=\"async\" width=\"800\" height=\"988\" src=\"https:\/\/ccvhs.fr\/wp-content\/uploads\/2025\/02\/Etienne-Guillin-829x1024.jpg\" class=\"attachment-large size-large wp-image-1129\" alt=\"\" srcset=\"https:\/\/ccvhs.fr\/wp-content\/uploads\/2025\/02\/Etienne-Guillin-829x1024.jpg 829w, https:\/\/ccvhs.fr\/wp-content\/uploads\/2025\/02\/Etienne-Guillin-243x300.jpg 243w, https:\/\/ccvhs.fr\/wp-content\/uploads\/2025\/02\/Etienne-Guillin-768x949.jpg 768w, https:\/\/ccvhs.fr\/wp-content\/uploads\/2025\/02\/Etienne-Guillin-1243x1536.jpg 1243w, https:\/\/ccvhs.fr\/wp-content\/uploads\/2025\/02\/Etienne-Guillin-10x12.jpg 10w, https:\/\/ccvhs.fr\/wp-content\/uploads\/2025\/02\/Etienne-Guillin.jpg 1350w\" sizes=\"(max-width: 800px) 100vw, 800px\" \/>\t\t\t\t\t\t\t\t\t\t\t\t\t\t\t<\/div>\n\t\t\t\t<\/div>\n\t\t\t\t<div class=\"elementor-element elementor-element-4813d76 elementor-widget elementor-widget-heading\" data-id=\"4813d76\" data-element_type=\"widget\" data-widget_type=\"heading.default\">\n\t\t\t\t<div class=\"elementor-widget-container\">\n\t\t\t\t\t<h4 class=\"elementor-heading-title elementor-size-default\">\u00c9tienne Guillin<\/h4>\t\t\t\t<\/div>\n\t\t\t\t<\/div>\n\t\t\t\t<div class=\"elementor-element elementor-element-a6ec68d elementor-icon-list--layout-traditional elementor-list-item-link-full_width elementor-widget elementor-widget-icon-list\" data-id=\"a6ec68d\" data-element_type=\"widget\" data-widget_type=\"icon-list.default\">\n\t\t\t\t<div class=\"elementor-widget-container\">\n\t\t\t\t\t\t\t<ul class=\"elementor-icon-list-items\">\n\t\t\t\t\t\t\t<li class=\"elementor-icon-list-item\">\n\t\t\t\t\t\t\t\t\t\t\t<span class=\"elementor-icon-list-icon\">\n\t\t\t\t\t\t\t<svg aria-hidden=\"true\" class=\"e-font-icon-svg e-fas-map-pin\" viewbox=\"0 0 288 512\" xmlns=\"http:\/\/www.w3.org\/2000\/svg\"><path d=\"M112 316.94v156.69l22.02 33.02c4.75 7.12 15.22 7.12 19.97 0L176 473.63V316.94c-10.39 1.92-21.06 3.06-32 3.06s-21.61-1.14-32-3.06zM144 0C64.47 0 0 64.47 0 144s64.47 144 144 144 144-64.47 144-144S223.53 0 144 0zm0 76c-37.5 0-68 30.5-68 68 0 6.62-5.38 12-12 12s-12-5.38-12-12c0-50.73 41.28-92 92-92 6.62 0 12 5.38 12 12s-5.38 12-12 12z\"><\/path><\/svg>\t\t\t\t\t\t<\/span>\n\t\t\t\t\t\t\t\t\t\t<span class=\"elementor-icon-list-text\">Mairie - Le Bourg - 61170 Coulonges sur Sarthe<\/span>\n\t\t\t\t\t\t\t\t\t<\/li>\n\t\t\t\t\t\t\t\t<li class=\"elementor-icon-list-item\">\n\t\t\t\t\t\t\t\t\t\t\t<span class=\"elementor-icon-list-icon\">\n\t\t\t\t\t\t\t<svg aria-hidden=\"true\" class=\"e-font-icon-svg e-fas-phone-alt\" viewbox=\"0 0 512 512\" xmlns=\"http:\/\/www.w3.org\/2000\/svg\"><path d=\"M497.39 361.8l-112-48a24 24 0 0 0-28 6.9l-49.6 60.6A370.66 370.66 0 0 1 130.6 204.11l60.6-49.6a23.94 23.94 0 0 0 6.9-28l-48-112A24.16 24.16 0 0 0 122.6.61l-104 24A24 24 0 0 0 0 48c0 256.5 207.9 464 464 464a24 24 0 0 0 23.4-18.6l24-104a24.29 24.29 0 0 0-14.01-27.6z\"><\/path><\/svg>\t\t\t\t\t\t<\/span>\n\t\t\t\t\t\t\t\t\t\t<span class=\"elementor-icon-list-text\">02 33 27 18 88<\/span>\n\t\t\t\t\t\t\t\t\t<\/li>\n\t\t\t\t\t\t\t\t<li class=\"elementor-icon-list-item\">\n\t\t\t\t\t\t\t\t\t\t\t<span class=\"elementor-icon-list-icon\">\n\t\t\t\t\t\t\t<svg aria-hidden=\"true\" class=\"e-font-icon-svg e-fas-envelope\" viewbox=\"0 0 512 512\" xmlns=\"http:\/\/www.w3.org\/2000\/svg\"><path d=\"M502.3 190.8c3.9-3.1 9.7-.2 9.7 4.7V400c0 26.5-21.5 48-48 48H48c-26.5 0-48-21.5-48-48V195.6c0-5 5.7-7.8 9.7-4.7 22.4 17.4 52.1 39.5 154.1 113.6 21.1 15.4 56.7 47.8 92.2 47.6 35.7.3 72-32.8 92.3-47.6 102-74.1 131.6-96.3 154-113.7zM256 320c23.2.4 56.6-29.2 73.4-41.4 132.7-96.3 142.8-104.7 173.4-128.7 5.8-4.5 9.2-11.5 9.2-18.9v-19c0-26.5-21.5-48-48-48H48C21.5 64 0 85.5 0 112v19c0 7.4 3.4 14.3 9.2 18.9 30.6 23.9 40.7 32.4 173.4 128.7 16.8 12.2 50.2 41.8 73.4 41.4z\"><\/path><\/svg>\t\t\t\t\t\t<\/span>\n\t\t\t\t\t\t\t\t\t\t<span class=\"elementor-icon-list-text\">mairie.coulonges.sarthe@wanadoo.fr<\/span>\n\t\t\t\t\t\t\t\t\t<\/li>\n\t\t\t\t\t\t\t\t<li class=\"elementor-icon-list-item\">\n\t\t\t\t\t\t\t\t\t\t\t<span class=\"elementor-icon-list-icon\">\n\t\t\t\t\t\t\t<svg aria-hidden=\"true\" class=\"e-font-icon-svg e-far-clock\" viewbox=\"0 0 512 512\" xmlns=\"http:\/\/www.w3.org\/2000\/svg\"><path d=\"M256 8C119 8 8 119 8 256s111 248 248 248 248-111 248-248S393 8 256 8zm0 448c-110.5 0-200-89.5-200-200S145.5 56 256 56s200 89.5 200 200-89.5 200-200 200zm61.8-104.4l-84.9-61.7c-3.1-2.3-4.9-5.9-4.9-9.7V116c0-6.6 5.4-12 12-12h32c6.6 0 12 5.4 12 12v141.7l66.8 48.6c5.4 3.9 6.5 11.4 2.6 16.8L334.6 349c-3.9 5.3-11.4 6.5-16.8 2.6z\"><\/path><\/svg>\t\t\t\t\t\t<\/span>\n\t\t\t\t\t\t\t\t\t\t<span class=\"elementor-icon-list-text\">Lundi : de 17h \u00e0 19h <br> Vendredi : de 17h30 \u00e0 19h<\/span>\n\t\t\t\t\t\t\t\t\t<\/li>\n\t\t\t\t\t\t<\/ul>\n\t\t\t\t\t\t<\/div>\n\t\t\t\t<\/div>\n\t\t\t\t<\/div>\n\t\t\t\t<\/div>\n\t\t\t\t<\/div>\n\t\t\t\t<\/div>\n\t\t\t\t\t<\/div>\n\t\t\t\t<\/div>\n\t\t\t\t<\/div>","protected":false},"excerpt":{"rendered":"<p>Coulonges sur Sarthe G\u00c9OGRAPHIE Coulonges sur Sarthe est un petit village \u00e9tendu sur 10 kms, d\u2019une superficie de 9.65 km\u00b2 et qui comptabilise 520 habitants, dont la moiti\u00e9 vit en zone urbaine (en limite du M\u00eale sur Sarthe). Son altitude varie de 204 m\u00e8tres au niveau du ch\u00e2teau d\u2019eau des Petites Hayes \u00e0 150 m\u00e8tres [&hellip;]<\/p>","protected":false},"author":1,"featured_media":0,"parent":0,"menu_order":0,"comment_status":"closed","ping_status":"closed","template":"","meta":{"_acf_changed":false,"footnotes":""},"class_list":["post-2497","page","type-page","status-publish","hentry"],"acf":[],"_links":{"self":[{"href":"https:\/\/ccvhs.fr\/en\/wp-json\/wp\/v2\/pages\/2497","targetHints":{"allow":["GET"]}}],"collection":[{"href":"https:\/\/ccvhs.fr\/en\/wp-json\/wp\/v2\/pages"}],"about":[{"href":"https:\/\/ccvhs.fr\/en\/wp-json\/wp\/v2\/types\/page"}],"author":[{"embeddable":true,"href":"https:\/\/ccvhs.fr\/en\/wp-json\/wp\/v2\/users\/1"}],"replies":[{"embeddable":true,"href":"https:\/\/ccvhs.fr\/en\/wp-json\/wp\/v2\/comments?post=2497"}],"version-history":[{"count":0,"href":"https:\/\/ccvhs.fr\/en\/wp-json\/wp\/v2\/pages\/2497\/revisions"}],"wp:attachment":[{"href":"https:\/\/ccvhs.fr\/en\/wp-json\/wp\/v2\/media?parent=2497"}],"curies":[{"name":"wp","href":"https:\/\/api.w.org\/{rel}","templated":true}]}}