{"id":2490,"date":"2025-04-04T14:36:05","date_gmt":"2025-04-04T12:36:05","guid":{"rendered":"https:\/\/ccvhs.fr\/?page_id=2490"},"modified":"2025-04-04T14:38:30","modified_gmt":"2025-04-04T12:38:30","slug":"le-chalange","status":"publish","type":"page","link":"https:\/\/ccvhs.fr\/en\/le-chalange\/","title":{"rendered":"Le Chalange"},"content":{"rendered":"<div data-elementor-type=\"wp-page\" data-elementor-id=\"2490\" class=\"elementor elementor-2490\" data-elementor-post-type=\"page\">\n\t\t\t\t<div class=\"elementor-element elementor-element-505824f e-flex e-con-boxed e-con e-parent\" data-id=\"505824f\" data-element_type=\"container\">\n\t\t\t\t\t<div class=\"e-con-inner\">\n\t\t<div class=\"elementor-element elementor-element-0305faf e-con-full e-flex e-con e-child\" data-id=\"0305faf\" data-element_type=\"container\" data-settings=\"{&quot;background_background&quot;:&quot;classic&quot;}\">\n\t\t<div class=\"elementor-element elementor-element-a243b3e e-con-full e-flex e-con e-child\" data-id=\"a243b3e\" data-element_type=\"container\">\n\t\t\t\t<div class=\"elementor-element elementor-element-ea335e9 elementor-widget elementor-widget-image\" data-id=\"ea335e9\" data-element_type=\"widget\" data-widget_type=\"image.default\">\n\t\t\t\t<div class=\"elementor-widget-container\">\n\t\t\t\t\t\t\t\t\t\t\t\t\t\t\t<img fetchpriority=\"high\" decoding=\"async\" width=\"800\" height=\"220\" src=\"https:\/\/ccvhs.fr\/wp-content\/uploads\/2025\/01\/IMAGE-PAGE-CREATION-ET-COMPETENCES_opt-1024x281-1.jpg\" class=\"attachment-large size-large wp-image-493\" alt=\"\" srcset=\"https:\/\/ccvhs.fr\/wp-content\/uploads\/2025\/01\/IMAGE-PAGE-CREATION-ET-COMPETENCES_opt-1024x281-1.jpg 1024w, https:\/\/ccvhs.fr\/wp-content\/uploads\/2025\/01\/IMAGE-PAGE-CREATION-ET-COMPETENCES_opt-1024x281-1-300x82.jpg 300w, https:\/\/ccvhs.fr\/wp-content\/uploads\/2025\/01\/IMAGE-PAGE-CREATION-ET-COMPETENCES_opt-1024x281-1-768x211.jpg 768w, https:\/\/ccvhs.fr\/wp-content\/uploads\/2025\/01\/IMAGE-PAGE-CREATION-ET-COMPETENCES_opt-1024x281-1-18x5.jpg 18w\" sizes=\"(max-width: 800px) 100vw, 800px\" \/>\t\t\t\t\t\t\t\t\t\t\t\t\t\t\t<\/div>\n\t\t\t\t<\/div>\n\t\t\t\t<div class=\"elementor-element elementor-element-7f6cbc6 elementor-widget elementor-widget-heading\" data-id=\"7f6cbc6\" data-element_type=\"widget\" data-widget_type=\"heading.default\">\n\t\t\t\t<div class=\"elementor-widget-container\">\n\t\t\t\t\t<h2 class=\"elementor-heading-title elementor-size-default\">Le Chalange<\/h2>\t\t\t\t<\/div>\n\t\t\t\t<\/div>\n\t\t<div class=\"elementor-element elementor-element-63fa9fe e-con-full e-flex e-con e-child\" data-id=\"63fa9fe\" data-element_type=\"container\">\n\t\t<div class=\"elementor-element elementor-element-479e48b e-con-full e-flex e-con e-child\" data-id=\"479e48b\" data-element_type=\"container\">\n\t\t\t\t<div class=\"elementor-element elementor-element-6915c09 elementor-widget elementor-widget-text-editor\" data-id=\"6915c09\" data-element_type=\"widget\" data-widget_type=\"text-editor.default\">\n\t\t\t\t<div class=\"elementor-widget-container\">\n\t\t\t\t\t\t\t\t\t<p><strong>ACCUEIL DU PUBLIC :<\/strong><\/p><ul><li>Mardi : de 15h \u00e0 18h30<\/li><li>Vendredi : de 10h \u00e0 12h30<\/li><\/ul><p><strong>ACCUEIL T\u00c9L\u00c9PHONIQUE :<\/strong><\/p><ul><li>Mardi : de 14h \u00e0 18h30<\/li><li>Vendredi : de 9h \u00e0 12h30 et de 14h \u00e0 17h<\/li><\/ul><p>104 habitants\u00a0<br \/>Superficie : 6,27 km\u00b2<\/p>\t\t\t\t\t\t\t\t<\/div>\n\t\t\t\t<\/div>\n\t\t\t\t<\/div>\n\t\t<div class=\"elementor-element elementor-element-b3c35b3 e-con-full e-flex e-con e-child\" data-id=\"b3c35b3\" data-element_type=\"container\">\n\t\t\t\t<div class=\"elementor-element elementor-element-306d25d elementor-widget elementor-widget-image\" data-id=\"306d25d\" data-element_type=\"widget\" data-widget_type=\"image.default\">\n\t\t\t\t<div class=\"elementor-widget-container\">\n\t\t\t\t\t\t\t\t\t\t\t\t\t\t\t<img decoding=\"async\" width=\"268\" height=\"339\" src=\"https:\/\/ccvhs.fr\/wp-content\/uploads\/2025\/02\/remy-rillet.jpg\" class=\"attachment-large size-large wp-image-1159\" alt=\"\" srcset=\"https:\/\/ccvhs.fr\/wp-content\/uploads\/2025\/02\/remy-rillet.jpg 268w, https:\/\/ccvhs.fr\/wp-content\/uploads\/2025\/02\/remy-rillet-237x300.jpg 237w, https:\/\/ccvhs.fr\/wp-content\/uploads\/2025\/02\/remy-rillet-9x12.jpg 9w\" sizes=\"(max-width: 268px) 100vw, 268px\" \/>\t\t\t\t\t\t\t\t\t\t\t\t\t\t\t<\/div>\n\t\t\t\t<\/div>\n\t\t\t\t<div class=\"elementor-element elementor-element-656481c elementor-widget elementor-widget-heading\" data-id=\"656481c\" data-element_type=\"widget\" data-widget_type=\"heading.default\">\n\t\t\t\t<div class=\"elementor-widget-container\">\n\t\t\t\t\t<h4 class=\"elementor-heading-title elementor-size-default\">R\u00e9my Rillet<\/h4>\t\t\t\t<\/div>\n\t\t\t\t<\/div>\n\t\t\t\t<div class=\"elementor-element elementor-element-4105922 elementor-icon-list--layout-traditional elementor-list-item-link-full_width elementor-widget elementor-widget-icon-list\" data-id=\"4105922\" data-element_type=\"widget\" data-widget_type=\"icon-list.default\">\n\t\t\t\t<div class=\"elementor-widget-container\">\n\t\t\t\t\t\t\t<ul class=\"elementor-icon-list-items\">\n\t\t\t\t\t\t\t<li class=\"elementor-icon-list-item\">\n\t\t\t\t\t\t\t\t\t\t\t<span class=\"elementor-icon-list-icon\">\n\t\t\t\t\t\t\t<svg aria-hidden=\"true\" class=\"e-font-icon-svg e-fas-map-pin\" viewbox=\"0 0 288 512\" xmlns=\"http:\/\/www.w3.org\/2000\/svg\"><path d=\"M112 316.94v156.69l22.02 33.02c4.75 7.12 15.22 7.12 19.97 0L176 473.63V316.94c-10.39 1.92-21.06 3.06-32 3.06s-21.61-1.14-32-3.06zM144 0C64.47 0 0 64.47 0 144s64.47 144 144 144 144-64.47 144-144S223.53 0 144 0zm0 76c-37.5 0-68 30.5-68 68 0 6.62-5.38 12-12 12s-12-5.38-12-12c0-50.73 41.28-92 92-92 6.62 0 12 5.38 12 12s-5.38 12-12 12z\"><\/path><\/svg>\t\t\t\t\t\t<\/span>\n\t\t\t\t\t\t\t\t\t\t<span class=\"elementor-icon-list-text\">4, route du Tertre 61390 LE CHALANGE<\/span>\n\t\t\t\t\t\t\t\t\t<\/li>\n\t\t\t\t\t\t\t\t<li class=\"elementor-icon-list-item\">\n\t\t\t\t\t\t\t\t\t\t\t<span class=\"elementor-icon-list-icon\">\n\t\t\t\t\t\t\t<svg aria-hidden=\"true\" class=\"e-font-icon-svg e-fas-phone-alt\" viewbox=\"0 0 512 512\" xmlns=\"http:\/\/www.w3.org\/2000\/svg\"><path d=\"M497.39 361.8l-112-48a24 24 0 0 0-28 6.9l-49.6 60.6A370.66 370.66 0 0 1 130.6 204.11l60.6-49.6a23.94 23.94 0 0 0 6.9-28l-48-112A24.16 24.16 0 0 0 122.6.61l-104 24A24 24 0 0 0 0 48c0 256.5 207.9 464 464 464a24 24 0 0 0 23.4-18.6l24-104a24.29 24.29 0 0 0-14.01-27.6z\"><\/path><\/svg>\t\t\t\t\t\t<\/span>\n\t\t\t\t\t\t\t\t\t\t<span class=\"elementor-icon-list-text\">09 61 04 81 10<\/span>\n\t\t\t\t\t\t\t\t\t<\/li>\n\t\t\t\t\t\t\t\t<li class=\"elementor-icon-list-item\">\n\t\t\t\t\t\t\t\t\t\t\t<span class=\"elementor-icon-list-icon\">\n\t\t\t\t\t\t\t<svg aria-hidden=\"true\" class=\"e-font-icon-svg e-fas-envelope\" viewbox=\"0 0 512 512\" xmlns=\"http:\/\/www.w3.org\/2000\/svg\"><path d=\"M502.3 190.8c3.9-3.1 9.7-.2 9.7 4.7V400c0 26.5-21.5 48-48 48H48c-26.5 0-48-21.5-48-48V195.6c0-5 5.7-7.8 9.7-4.7 22.4 17.4 52.1 39.5 154.1 113.6 21.1 15.4 56.7 47.8 92.2 47.6 35.7.3 72-32.8 92.3-47.6 102-74.1 131.6-96.3 154-113.7zM256 320c23.2.4 56.6-29.2 73.4-41.4 132.7-96.3 142.8-104.7 173.4-128.7 5.8-4.5 9.2-11.5 9.2-18.9v-19c0-26.5-21.5-48-48-48H48C21.5 64 0 85.5 0 112v19c0 7.4 3.4 14.3 9.2 18.9 30.6 23.9 40.7 32.4 173.4 128.7 16.8 12.2 50.2 41.8 73.4 41.4z\"><\/path><\/svg>\t\t\t\t\t\t<\/span>\n\t\t\t\t\t\t\t\t\t\t<span class=\"elementor-icon-list-text\">lechalange.mairie@gmail.com<\/span>\n\t\t\t\t\t\t\t\t\t<\/li>\n\t\t\t\t\t\t<\/ul>\n\t\t\t\t\t\t<\/div>\n\t\t\t\t<\/div>\n\t\t\t\t<\/div>\n\t\t\t\t<\/div>\n\t\t\t\t<\/div>\n\t\t\t\t<\/div>\n\t\t\t\t\t<\/div>\n\t\t\t\t<\/div>\n\t\t\t\t<\/div>","protected":false},"excerpt":{"rendered":"<p>Le Chalange ACCUEIL DU PUBLIC : Mardi : de 15h \u00e0 18h30 Vendredi : de 10h \u00e0 12h30 ACCUEIL T\u00c9L\u00c9PHONIQUE : Mardi : de 14h \u00e0 18h30 Vendredi : de 9h \u00e0 12h30 et de 14h \u00e0 17h 104 habitants\u00a0Superficie : 6,27 km\u00b2 R\u00e9my Rillet 4, route du Tertre 61390 LE CHALANGE 09 61 04 [&hellip;]<\/p>","protected":false},"author":1,"featured_media":0,"parent":0,"menu_order":0,"comment_status":"closed","ping_status":"closed","template":"","meta":{"_acf_changed":false,"footnotes":""},"class_list":["post-2490","page","type-page","status-publish","hentry"],"acf":[],"_links":{"self":[{"href":"https:\/\/ccvhs.fr\/en\/wp-json\/wp\/v2\/pages\/2490","targetHints":{"allow":["GET"]}}],"collection":[{"href":"https:\/\/ccvhs.fr\/en\/wp-json\/wp\/v2\/pages"}],"about":[{"href":"https:\/\/ccvhs.fr\/en\/wp-json\/wp\/v2\/types\/page"}],"author":[{"embeddable":true,"href":"https:\/\/ccvhs.fr\/en\/wp-json\/wp\/v2\/users\/1"}],"replies":[{"embeddable":true,"href":"https:\/\/ccvhs.fr\/en\/wp-json\/wp\/v2\/comments?post=2490"}],"version-history":[{"count":0,"href":"https:\/\/ccvhs.fr\/en\/wp-json\/wp\/v2\/pages\/2490\/revisions"}],"wp:attachment":[{"href":"https:\/\/ccvhs.fr\/en\/wp-json\/wp\/v2\/media?parent=2490"}],"curies":[{"name":"wp","href":"https:\/\/api.w.org\/{rel}","templated":true}]}}