{"id":247,"date":"2025-01-28T16:26:25","date_gmt":"2025-01-28T15:26:25","guid":{"rendered":"https:\/\/test.ccvhs.fr\/?page_id=247"},"modified":"2025-04-08T12:16:02","modified_gmt":"2025-04-08T10:16:02","slug":"entreprises-agroalimentaire","status":"publish","type":"page","link":"https:\/\/ccvhs.fr\/en\/entreprises-agroalimentaire\/","title":{"rendered":"Agri-food companies"},"content":{"rendered":"<div data-elementor-type=\"wp-page\" data-elementor-id=\"247\" class=\"elementor elementor-247\" data-elementor-post-type=\"page\">\n\t\t\t\t<div class=\"elementor-element elementor-element-d3003fa e-flex e-con-boxed e-con e-parent\" data-id=\"d3003fa\" data-element_type=\"container\">\n\t\t\t\t\t<div class=\"e-con-inner\">\n\t\t<div class=\"elementor-element elementor-element-01a6d9a e-con-full e-flex e-con e-child\" data-id=\"01a6d9a\" data-element_type=\"container\" data-settings=\"{&quot;background_background&quot;:&quot;classic&quot;}\">\n\t\t<div class=\"elementor-element elementor-element-96363c8 e-con-full e-flex e-con e-child\" data-id=\"96363c8\" data-element_type=\"container\">\n\t\t\t\t<div class=\"elementor-element elementor-element-71dbb9c elementor-widget elementor-widget-image\" data-id=\"71dbb9c\" data-element_type=\"widget\" data-widget_type=\"image.default\">\n\t\t\t\t<div class=\"elementor-widget-container\">\n\t\t\t\t\t\t\t\t\t\t\t\t\t\t\t<img fetchpriority=\"high\" decoding=\"async\" width=\"800\" height=\"217\" src=\"https:\/\/ccvhs.fr\/wp-content\/uploads\/2025\/01\/panneau-pepiniere-ste-sco-1536x417-1-1024x278.jpg\" class=\"attachment-large size-large wp-image-857\" alt=\"\" srcset=\"https:\/\/ccvhs.fr\/wp-content\/uploads\/2025\/01\/panneau-pepiniere-ste-sco-1536x417-1-1024x278.jpg 1024w, https:\/\/ccvhs.fr\/wp-content\/uploads\/2025\/01\/panneau-pepiniere-ste-sco-1536x417-1-300x81.jpg 300w, https:\/\/ccvhs.fr\/wp-content\/uploads\/2025\/01\/panneau-pepiniere-ste-sco-1536x417-1-768x209.jpg 768w, https:\/\/ccvhs.fr\/wp-content\/uploads\/2025\/01\/panneau-pepiniere-ste-sco-1536x417-1-18x5.jpg 18w, https:\/\/ccvhs.fr\/wp-content\/uploads\/2025\/01\/panneau-pepiniere-ste-sco-1536x417-1.jpg 1536w\" sizes=\"(max-width: 800px) 100vw, 800px\" \/>\t\t\t\t\t\t\t\t\t\t\t\t\t\t\t<\/div>\n\t\t\t\t<\/div>\n\t\t\t\t<div class=\"elementor-element elementor-element-a30bce8 elementor-widget elementor-widget-heading\" data-id=\"a30bce8\" data-element_type=\"widget\" data-widget_type=\"heading.default\">\n\t\t\t\t<div class=\"elementor-widget-container\">\n\t\t\t\t\t<h2 class=\"elementor-heading-title elementor-size-default\">Les Saveurs de la Vall\u00e9e de la Haute Sarthe<\/h2>\t\t\t\t<\/div>\n\t\t\t\t<\/div>\n\t\t<div class=\"elementor-element elementor-element-1fdd899 e-con-full e-flex e-con e-child\" data-id=\"1fdd899\" data-element_type=\"container\">\n\t\t<div class=\"elementor-element elementor-element-a3cc983 e-con-full e-flex e-con e-child\" data-id=\"a3cc983\" data-element_type=\"container\">\n\t\t\t\t<div class=\"elementor-element elementor-element-1ddceb4 elementor-widget elementor-widget-text-editor\" data-id=\"1ddceb4\" data-element_type=\"widget\" data-widget_type=\"text-editor.default\">\n\t\t\t\t<div class=\"elementor-widget-container\">\n\t\t\t\t\t\t\t\t\t<p>An incubator for agri-food businesses.<\/p><p>As part of the Contrat de Relance et de Transition Ecologique (CRTE), the elected representatives of the CC VHS have decided to develop a number of agricultural initiatives, including an agricultural diagnosis by the Normandy Regional Chamber of Agriculture (to be carried out in 2022) and the creation of an agri-food business incubator with support from the Normandy Chamber of Commerce and Industry (2022).<\/p><p>In 2023, a Territorial Food Project (Projet Alimentaire Territorial - PAT) should be implemented at the level of the intermunicipality (2023 to 2025). The CC VHS is a winner of the National Food Project (PNA).<\/p><p><span style=\"font-weight: var( --e-global-typography-text-font-weight ); font-size: 1rem;\">The aim is to pinpoint the supply and demand for local produce in order to enable the development and diversification of agricultural production by paying farmers a fair price, and to meet the expectations of the population (quality and price of products offered to the greatest number).<\/span><\/p><p><span style=\"font-weight: var( --e-global-typography-text-font-weight ); font-size: 1rem;\">Under this scheme, the local authority has played its role as a federator, proposing to coordinate actions with the region's driving forces: businesses, collective and individual catering establishments, as well as the CCAS of the 31 communes and partners such as the CAF or the MSA for the aspect of combating food waste and the social aspect of this operation.<\/span><\/p><p><span style=\"font-weight: var( --e-global-typography-text-font-weight ); font-size: 1rem;\">Agri-food companies can be accommodated in this structure<\/span><span style=\"font-weight: var( --e-global-typography-text-font-weight ); font-size: 1rem;\">\u00a0and<\/span><span style=\"font-weight: var( --e-global-typography-text-font-weight ); font-size: 1rem;\">\u00a0pool their resources with other local producers<\/span><span style=\"font-size: 1rem; font-weight: var( --e-global-typography-text-font-weight );\">.\u00a0<\/span><\/p><p><span style=\"font-weight: var( --e-global-typography-text-font-weight ); font-size: 1rem;\">A meeting room and an office\u00a0<\/span><span style=\"font-weight: var( --e-global-typography-text-font-weight ); font-size: 1rem;\">have been set up<\/span><span style=\"font-size: 1rem; font-weight: var( --e-global-typography-text-font-weight );\">\u00a0for training courses and meetings.\u00a0<\/span><\/p><p><span style=\"font-size: 1rem;\"><b>If you would like to use the training room and\/or office or rent a food laboratory, please contact the CC de la Vall\u00e9e de la Haute Sarthe on 02 33 27 61 02 - 06 46 15 15 40 or accueil@ccvhs.fr.<\/b><\/span><\/p><ul><li><span style=\"font-size: 1rem;\"><strong>Annual membership :<\/strong> 5 \u20ac<\/span><\/li><li><span style=\"font-size: 1rem;\"><strong>Deposit for badges and keys<\/strong> : \u20ac15 per year<\/span><\/li><li><span style=\"font-size: 1rem;\"><strong>Training room<\/strong> per day \u20ac20 \/ per week \u20ac80<\/span><\/li><li><span style=\"font-size: 1rem;\"><strong>Office<\/strong> per day \u20ac10 \/ per week \u20ac40<\/span><\/li><li><strong>Shared kitchen<\/strong> 71 m2 with laundry and storage facilities included. Monthly rent* of \u20ac475.64<\/li><li><strong>Labo 1<\/strong> of 92 m2 with canning room and cold room (not adjoining). Monthly rent* of \u20ac569.11<\/li><\/ul><div>\u00a0<\/div><div>*Charges and cleaning of communal areas included in the rent.<br \/>Break room available to all site tenants with free access.<\/div><div>\u00a0<\/div>\t\t\t\t\t\t\t\t<\/div>\n\t\t\t\t<\/div>\n\t\t\t\t<div class=\"elementor-element elementor-element-1de3d5a elementor--h-position-center elementor--v-position-middle elementor-arrows-position-inside elementor-pagination-position-inside elementor-widget elementor-widget-slides\" data-id=\"1de3d5a\" data-element_type=\"widget\" data-settings=\"{&quot;navigation&quot;:&quot;both&quot;,&quot;autoplay&quot;:&quot;yes&quot;,&quot;pause_on_hover&quot;:&quot;yes&quot;,&quot;pause_on_interaction&quot;:&quot;yes&quot;,&quot;autoplay_speed&quot;:5000,&quot;infinite&quot;:&quot;yes&quot;,&quot;transition&quot;:&quot;slide&quot;,&quot;transition_speed&quot;:500}\" data-widget_type=\"slides.default\">\n\t\t\t\t<div class=\"elementor-widget-container\">\n\t\t\t\t\t\t\t\t\t<div class=\"elementor-swiper\">\n\t\t\t\t\t<div class=\"elementor-slides-wrapper elementor-main-swiper swiper\" role=\"region\" aria-roledescription=\"carousel\" aria-label=\"Diapositives\" dir=\"ltr\" data-animation=\"fadeInUp\">\n\t\t\t\t<div class=\"swiper-wrapper elementor-slides\">\n\t\t\t\t\t\t\t\t\t\t<div class=\"elementor-repeater-item-323f44f swiper-slide\" role=\"group\" aria-roledescription=\"slide\"><div class=\"swiper-slide-bg\" role=\"img\"><\/div><div class=\"swiper-slide-inner\" ><div class=\"swiper-slide-contents\"><\/div><\/div><\/div><div class=\"elementor-repeater-item-c071560 swiper-slide\" role=\"group\" aria-roledescription=\"slide\"><div class=\"swiper-slide-bg\" role=\"img\"><\/div><div class=\"swiper-slide-inner\" ><div class=\"swiper-slide-contents\"><\/div><\/div><\/div><div class=\"elementor-repeater-item-df8bc35 swiper-slide\" role=\"group\" aria-roledescription=\"slide\"><div class=\"swiper-slide-bg\" role=\"img\"><\/div><div class=\"swiper-slide-inner\" ><div class=\"swiper-slide-contents\"><\/div><\/div><\/div><div class=\"elementor-repeater-item-0ee2897 swiper-slide\" role=\"group\" aria-roledescription=\"slide\"><div class=\"swiper-slide-bg\" role=\"img\"><\/div><div class=\"swiper-slide-inner\" ><div class=\"swiper-slide-contents\"><\/div><\/div><\/div><div class=\"elementor-repeater-item-09fc588 swiper-slide\" role=\"group\" aria-roledescription=\"slide\"><div class=\"swiper-slide-bg\" role=\"img\"><\/div><div class=\"swiper-slide-inner\" ><div class=\"swiper-slide-contents\"><\/div><\/div><\/div><div class=\"elementor-repeater-item-ecadf3d swiper-slide\" role=\"group\" aria-roledescription=\"slide\"><div class=\"swiper-slide-bg\" role=\"img\"><\/div><div class=\"swiper-slide-inner\" ><div class=\"swiper-slide-contents\"><\/div><\/div><\/div><div class=\"elementor-repeater-item-aa3eff8 swiper-slide\" role=\"group\" aria-roledescription=\"slide\"><div class=\"swiper-slide-bg\" role=\"img\"><\/div><div class=\"swiper-slide-inner\" ><div class=\"swiper-slide-contents\"><\/div><\/div><\/div>\t\t\t\t<\/div>\n\t\t\t\t\t\t\t\t\t\t\t\t\t\t\t<div class=\"elementor-swiper-button elementor-swiper-button-prev\" role=\"button\" tabindex=\"0\" aria-label=\"Previous slide\" data-no-translation-aria-label=\"\">\n\t\t\t\t\t\t\t<svg aria-hidden=\"true\" class=\"e-font-icon-svg e-eicon-chevron-left\" viewbox=\"0 0 1000 1000\" xmlns=\"http:\/\/www.w3.org\/2000\/svg\"><path d=\"M646 125C629 125 613 133 604 142L308 442C296 454 292 471 292 487 292 504 296 521 308 533L604 854C617 867 629 875 646 875 663 875 679 871 692 858 704 846 713 829 713 812 713 796 708 779 692 767L438 487 692 225C700 217 708 204 708 187 708 171 704 154 692 142 675 129 663 125 646 125Z\"><\/path><\/svg>\t\t\t\t\t\t<\/div>\n\t\t\t\t\t\t<div class=\"elementor-swiper-button elementor-swiper-button-next\" role=\"button\" tabindex=\"0\" aria-label=\"Next slide\" data-no-translation-aria-label=\"\">\n\t\t\t\t\t\t\t<svg aria-hidden=\"true\" class=\"e-font-icon-svg e-eicon-chevron-right\" viewbox=\"0 0 1000 1000\" xmlns=\"http:\/\/www.w3.org\/2000\/svg\"><path d=\"M696 533C708 521 713 504 713 487 713 471 708 454 696 446L400 146C388 133 375 125 354 125 338 125 325 129 313 142 300 154 292 171 292 187 292 204 296 221 308 233L563 492 304 771C292 783 288 800 288 817 288 833 296 850 308 863 321 871 338 875 354 875 371 875 388 867 400 854L696 533Z\"><\/path><\/svg>\t\t\t\t\t\t<\/div>\n\t\t\t\t\t\t\t\t\t\t\t\t\t\t\t\t<div class=\"swiper-pagination\"><\/div>\n\t\t\t\t\t\t\t\t\t\t\t\t<\/div>\n\t\t\t\t<\/div>\n\t\t\t\t\t\t\t\t<\/div>\n\t\t\t\t<\/div>\n\t\t\t\t<\/div>\n\t\t<div class=\"elementor-element elementor-element-465d7f0 e-con-full e-flex e-con e-child\" data-id=\"465d7f0\" data-element_type=\"container\">\n\t\t\t\t<div class=\"elementor-element elementor-element-3a6ec59 elementor-icon-list--layout-traditional elementor-list-item-link-full_width elementor-widget elementor-widget-icon-list\" data-id=\"3a6ec59\" data-element_type=\"widget\" data-widget_type=\"icon-list.default\">\n\t\t\t\t<div class=\"elementor-widget-container\">\n\t\t\t\t\t\t\t<ul class=\"elementor-icon-list-items\">\n\t\t\t\t\t\t\t<li class=\"elementor-icon-list-item\">\n\t\t\t\t\t\t\t\t\t\t<span class=\"elementor-icon-list-text\"><strong> Contact : <\/strong><br><\/span>\n\t\t\t\t\t\t\t\t\t<\/li>\n\t\t\t\t\t\t\t\t<li class=\"elementor-icon-list-item\">\n\t\t\t\t\t\t\t\t\t\t\t<span class=\"elementor-icon-list-icon\">\n\t\t\t\t\t\t\t<svg aria-hidden=\"true\" class=\"e-font-icon-svg e-fas-user\" viewbox=\"0 0 448 512\" xmlns=\"http:\/\/www.w3.org\/2000\/svg\"><path d=\"M224 256c70.7 0 128-57.3 128-128S294.7 0 224 0 96 57.3 96 128s57.3 128 128 128zm89.6 32h-16.7c-22.2 10.2-46.9 16-72.9 16s-50.6-5.8-72.9-16h-16.7C60.2 288 0 348.2 0 422.4V464c0 26.5 21.5 48 48 48h352c26.5 0 48-21.5 48-48v-41.6c0-74.2-60.2-134.4-134.4-134.4z\"><\/path><\/svg>\t\t\t\t\t\t<\/span>\n\t\t\t\t\t\t\t\t\t\t<span class=\"elementor-icon-list-text\">CC de la Vall\u00e9e de la Haute Sarthe<\/span>\n\t\t\t\t\t\t\t\t\t<\/li>\n\t\t\t\t\t\t\t\t<li class=\"elementor-icon-list-item\">\n\t\t\t\t\t\t\t\t\t\t\t<span class=\"elementor-icon-list-icon\">\n\t\t\t\t\t\t\t<svg aria-hidden=\"true\" class=\"e-font-icon-svg e-fas-phone\" viewbox=\"0 0 512 512\" xmlns=\"http:\/\/www.w3.org\/2000\/svg\"><path d=\"M493.4 24.6l-104-24c-11.3-2.6-22.9 3.3-27.5 13.9l-48 112c-4.2 9.8-1.4 21.3 6.9 28l60.6 49.6c-36 76.7-98.9 140.5-177.2 177.2l-49.6-60.6c-6.8-8.3-18.2-11.1-28-6.9l-112 48C3.9 366.5-2 378.1.6 389.4l24 104C27.1 504.2 36.7 512 48 512c256.1 0 464-207.5 464-464 0-11.2-7.7-20.9-18.6-23.4z\"><\/path><\/svg>\t\t\t\t\t\t<\/span>\n\t\t\t\t\t\t\t\t\t\t<span class=\"elementor-icon-list-text\">02 33 27 61 02<\/span>\n\t\t\t\t\t\t\t\t\t<\/li>\n\t\t\t\t\t\t\t\t<li class=\"elementor-icon-list-item\">\n\t\t\t\t\t\t\t\t\t\t\t<span class=\"elementor-icon-list-icon\">\n\t\t\t\t\t\t\t<svg aria-hidden=\"true\" class=\"e-font-icon-svg e-fas-globe\" viewbox=\"0 0 496 512\" xmlns=\"http:\/\/www.w3.org\/2000\/svg\"><path d=\"M336.5 160C322 70.7 287.8 8 248 8s-74 62.7-88.5 152h177zM152 256c0 22.2 1.2 43.5 3.3 64h185.3c2.1-20.5 3.3-41.8 3.3-64s-1.2-43.5-3.3-64H155.3c-2.1 20.5-3.3 41.8-3.3 64zm324.7-96c-28.6-67.9-86.5-120.4-158-141.6 24.4 33.8 41.2 84.7 50 141.6h108zM177.2 18.4C105.8 39.6 47.8 92.1 19.3 160h108c8.7-56.9 25.5-107.8 49.9-141.6zM487.4 192H372.7c2.1 21 3.3 42.5 3.3 64s-1.2 43-3.3 64h114.6c5.5-20.5 8.6-41.8 8.6-64s-3.1-43.5-8.5-64zM120 256c0-21.5 1.2-43 3.3-64H8.6C3.2 212.5 0 233.8 0 256s3.2 43.5 8.6 64h114.6c-2-21-3.2-42.5-3.2-64zm39.5 96c14.5 89.3 48.7 152 88.5 152s74-62.7 88.5-152h-177zm159.3 141.6c71.4-21.2 129.4-73.7 158-141.6h-108c-8.8 56.9-25.6 107.8-50 141.6zM19.3 352c28.6 67.9 86.5 120.4 158 141.6-24.4-33.8-41.2-84.7-50-141.6h-108z\"><\/path><\/svg>\t\t\t\t\t\t<\/span>\n\t\t\t\t\t\t\t\t\t\t<span class=\"elementor-icon-list-text\">accueil@ccvhs.fr<\/span>\n\t\t\t\t\t\t\t\t\t<\/li>\n\t\t\t\t\t\t<\/ul>\n\t\t\t\t\t\t<\/div>\n\t\t\t\t<\/div>\n\t\t\t\t<div class=\"elementor-element elementor-element-85366d1 elementor-align-left elementor-widget elementor-widget-button\" data-id=\"85366d1\" data-element_type=\"widget\" data-widget_type=\"button.default\">\n\t\t\t\t<div class=\"elementor-widget-container\">\n\t\t\t\t\t\t\t\t\t<div class=\"elementor-button-wrapper\">\n\t\t\t\t\t<a class=\"elementor-button elementor-button-link elementor-size-sm\" href=\"https:\/\/test.ccvhs.fr\/?elementor_library=actualites\">\n\t\t\t\t\t\t<span class=\"elementor-button-content-wrapper\">\n\t\t\t\t\t\t\t\t\t<span class=\"elementor-button-text\">All the news<\/span>\n\t\t\t\t\t<\/span>\n\t\t\t\t\t<\/a>\n\t\t\t\t<\/div>\n\t\t\t\t\t\t\t\t<\/div>\n\t\t\t\t<\/div>\n\t\t\t\t<div class=\"elementor-element elementor-element-3f9a0da elementor-grid-1 elementor-grid-tablet-1 elementor-grid-mobile-1 elementor-posts--thumbnail-top elementor-widget elementor-widget-posts\" data-id=\"3f9a0da\" data-element_type=\"widget\" data-settings=\"{&quot;classic_columns&quot;:&quot;1&quot;,&quot;pagination_type&quot;:&quot;numbers&quot;,&quot;classic_columns_tablet&quot;:&quot;1&quot;,&quot;classic_columns_mobile&quot;:&quot;1&quot;,&quot;classic_row_gap&quot;:{&quot;unit&quot;:&quot;px&quot;,&quot;size&quot;:35,&quot;sizes&quot;:[]},&quot;classic_row_gap_tablet&quot;:{&quot;unit&quot;:&quot;px&quot;,&quot;size&quot;:&quot;&quot;,&quot;sizes&quot;:[]},&quot;classic_row_gap_mobile&quot;:{&quot;unit&quot;:&quot;px&quot;,&quot;size&quot;:&quot;&quot;,&quot;sizes&quot;:[]}}\" data-widget_type=\"posts.classic\">\n\t\t\t\t<div class=\"elementor-widget-container\">\n\t\t\t\t\t\t\t<div class=\"elementor-posts-container elementor-posts elementor-posts--skin-classic elementor-grid\" role=\"list\">\n\t\t\t\t<article class=\"elementor-post elementor-grid-item post-4416 actualites type-actualites status-publish has-post-thumbnail hentry\" role=\"listitem\">\n\t\t\t\t<a class=\"elementor-post__thumbnail__link\" href=\"https:\/\/ccvhs.fr\/en\/actualites\/operation-programmee-damelioration-de-lhabitat-opah\/\" tabindex=\"-1\" >\n\t\t\t<div class=\"elementor-post__thumbnail\"><img decoding=\"async\" width=\"300\" height=\"223\" src=\"https:\/\/ccvhs.fr\/wp-content\/uploads\/2025\/10\/Poele-flou-5-scaled-e1760949138579-300x223.jpg\" class=\"attachment-medium size-medium wp-image-4422\" alt=\"\" srcset=\"https:\/\/ccvhs.fr\/wp-content\/uploads\/2025\/10\/Poele-flou-5-scaled-e1760949138579-300x223.jpg 300w, https:\/\/ccvhs.fr\/wp-content\/uploads\/2025\/10\/Poele-flou-5-scaled-e1760949138579-1024x762.jpg 1024w, https:\/\/ccvhs.fr\/wp-content\/uploads\/2025\/10\/Poele-flou-5-scaled-e1760949138579-768x571.jpg 768w, https:\/\/ccvhs.fr\/wp-content\/uploads\/2025\/10\/Poele-flou-5-scaled-e1760949138579-16x12.jpg 16w, https:\/\/ccvhs.fr\/wp-content\/uploads\/2025\/10\/Poele-flou-5-scaled-e1760949138579.jpg 1250w\" sizes=\"(max-width: 300px) 100vw, 300px\" \/><\/div>\n\t\t<\/a>\n\t\t\t\t<div class=\"elementor-post__text\">\n\t\t\t\t<h3 class=\"elementor-post__title\">\n\t\t\t<a href=\"https:\/\/ccvhs.fr\/en\/actualites\/operation-programmee-damelioration-de-lhabitat-opah\/\" >\n\t\t\t\tOp\u00e9ration Programm\u00e9e d\u2019Am\u00e9lioration de l\u2019Habitat (OPAH)\t\t\t<\/a>\n\t\t<\/h3>\n\t\t\t\t<div class=\"elementor-post__meta-data\">\n\t\t\t\t\t<span class=\"elementor-post-date\">\n\t\t\t17\/10\/2025\t\t<\/span>\n\t\t\t\t<span class=\"elementor-post-avatar\">\n\t\t\tNo Comments\t\t<\/span>\n\t\t\t\t<\/div>\n\t\t\t\t<div class=\"elementor-post__excerpt\">\n\t\t\t\t\t<\/div>\n\t\t\n\t\t<a class=\"elementor-post__read-more\" href=\"https:\/\/ccvhs.fr\/en\/actualites\/operation-programmee-damelioration-de-lhabitat-opah\/\" aria-label=\"Read more about Op\u00e9ration Programm\u00e9e d\u2019Am\u00e9lioration de l\u2019Habitat (OPAH)\" tabindex=\"-1\" >\n\t\t\tRead more \u00bb\t\t<\/a>\n\n\t\t\t\t<\/div>\n\t\t\t\t<\/article>\n\t\t\t\t<\/div>\n\t\t\n\t\t\t\t<div class=\"e-load-more-anchor\" data-page=\"1\" data-max-page=\"60\" data-next-page=\"https:\/\/ccvhs.fr\/en\/wp-json\/wp\/v2\/pages\/247\/page\/2\/\"><\/div>\n\t\t\t\t<nav class=\"elementor-pagination\" aria-label=\"Pagination\">\n\t\t\t<span aria-current=\"page\" class=\"page-numbers current\"><span class=\"elementor-screen-only\">Page<\/span>1<\/span>\n<a class=\"page-numbers\" href=\"https:\/\/ccvhs.fr\/en\/wp-json\/wp\/v2\/pages\/247\/page\/2\/\"><span class=\"elementor-screen-only\">Page<\/span>2<\/a>\n<a class=\"page-numbers\" href=\"https:\/\/ccvhs.fr\/en\/wp-json\/wp\/v2\/pages\/247\/page\/3\/\"><span class=\"elementor-screen-only\">Page<\/span>3<\/a>\n<a class=\"page-numbers\" href=\"https:\/\/ccvhs.fr\/en\/wp-json\/wp\/v2\/pages\/247\/page\/4\/\"><span class=\"elementor-screen-only\">Page<\/span>4<\/a>\n<a class=\"page-numbers\" href=\"https:\/\/ccvhs.fr\/en\/wp-json\/wp\/v2\/pages\/247\/page\/5\/\"><span class=\"elementor-screen-only\">Page<\/span>5<\/a>\t\t<\/nav>\n\t\t\t\t\t\t<\/div>\n\t\t\t\t<\/div>\n\t\t\t\t<\/div>\n\t\t\t\t<\/div>\n\t\t\t\t<\/div>\n\t\t\t\t<\/div>\n\t\t\t\t\t<\/div>\n\t\t\t\t<\/div>\n\t\t\t\t<\/div>","protected":false},"excerpt":{"rendered":"<p>Les Saveurs de la Vall\u00e9e de la Haute Sarthe Une p\u00e9pini\u00e8re d\u2019entreprises agroalimentaires. Dans le cadre du Contrat de Relance et de Transition Ecologique (CRTE), les \u00e9lus de la CC VHS ont souhait\u00e9 d\u00e9velopper diverses actions sur la th\u00e9matique agricole, notamment la r\u00e9alisation d\u2019un diagnostic agricole par la chambre r\u00e9gionale de l\u2019agriculture de Normandie (r\u00e9alis\u00e9 [&hellip;]<\/p>","protected":false},"author":1,"featured_media":0,"parent":0,"menu_order":0,"comment_status":"closed","ping_status":"closed","template":"","meta":{"_acf_changed":false,"footnotes":""},"class_list":["post-247","page","type-page","status-publish","hentry"],"acf":[],"_links":{"self":[{"href":"https:\/\/ccvhs.fr\/en\/wp-json\/wp\/v2\/pages\/247","targetHints":{"allow":["GET"]}}],"collection":[{"href":"https:\/\/ccvhs.fr\/en\/wp-json\/wp\/v2\/pages"}],"about":[{"href":"https:\/\/ccvhs.fr\/en\/wp-json\/wp\/v2\/types\/page"}],"author":[{"embeddable":true,"href":"https:\/\/ccvhs.fr\/en\/wp-json\/wp\/v2\/users\/1"}],"replies":[{"embeddable":true,"href":"https:\/\/ccvhs.fr\/en\/wp-json\/wp\/v2\/comments?post=247"}],"version-history":[{"count":0,"href":"https:\/\/ccvhs.fr\/en\/wp-json\/wp\/v2\/pages\/247\/revisions"}],"wp:attachment":[{"href":"https:\/\/ccvhs.fr\/en\/wp-json\/wp\/v2\/media?parent=247"}],"curies":[{"name":"wp","href":"https:\/\/api.w.org\/{rel}","templated":true}]}}