{"id":241,"date":"2025-01-28T16:25:14","date_gmt":"2025-01-28T15:25:14","guid":{"rendered":"https:\/\/test.ccvhs.fr\/?page_id=241"},"modified":"2025-05-12T17:42:04","modified_gmt":"2025-05-12T15:42:04","slug":"eau-potable","status":"publish","type":"page","link":"https:\/\/ccvhs.fr\/en\/eau-potable\/","title":{"rendered":"Drinking water"},"content":{"rendered":"<div data-elementor-type=\"wp-page\" data-elementor-id=\"241\" class=\"elementor elementor-241\" data-elementor-post-type=\"page\">\n\t\t\t\t<div class=\"elementor-element elementor-element-8763360 e-flex e-con-boxed e-con e-parent\" data-id=\"8763360\" data-element_type=\"container\">\n\t\t\t\t\t<div class=\"e-con-inner\">\n\t\t<div class=\"elementor-element elementor-element-fa15579 e-con-full e-flex e-con e-child\" data-id=\"fa15579\" data-element_type=\"container\" data-settings=\"{&quot;background_background&quot;:&quot;classic&quot;}\">\n\t\t<div class=\"elementor-element elementor-element-a41187b e-con-full e-flex e-con e-child\" data-id=\"a41187b\" data-element_type=\"container\">\n\t\t\t\t<div class=\"elementor-element elementor-element-224c36f elementor-widget elementor-widget-image\" data-id=\"224c36f\" data-element_type=\"widget\" data-widget_type=\"image.default\">\n\t\t\t\t<div class=\"elementor-widget-container\">\n\t\t\t\t\t\t\t\t\t\t\t\t\t\t\t<img fetchpriority=\"high\" decoding=\"async\" width=\"800\" height=\"220\" src=\"https:\/\/ccvhs.fr\/wp-content\/uploads\/2025\/01\/badeau-1024x281-1.jpg\" class=\"attachment-large size-large wp-image-831\" alt=\"\" srcset=\"https:\/\/ccvhs.fr\/wp-content\/uploads\/2025\/01\/badeau-1024x281-1.jpg 1024w, https:\/\/ccvhs.fr\/wp-content\/uploads\/2025\/01\/badeau-1024x281-1-300x82.jpg 300w, https:\/\/ccvhs.fr\/wp-content\/uploads\/2025\/01\/badeau-1024x281-1-768x211.jpg 768w, https:\/\/ccvhs.fr\/wp-content\/uploads\/2025\/01\/badeau-1024x281-1-18x5.jpg 18w\" sizes=\"(max-width: 800px) 100vw, 800px\" \/>\t\t\t\t\t\t\t\t\t\t\t\t\t\t\t<\/div>\n\t\t\t\t<\/div>\n\t\t\t\t<div class=\"elementor-element elementor-element-f5ccfee elementor-widget elementor-widget-heading\" data-id=\"f5ccfee\" data-element_type=\"widget\" data-widget_type=\"heading.default\">\n\t\t\t\t<div class=\"elementor-widget-container\">\n\t\t\t\t\t<h2 class=\"elementor-heading-title elementor-size-default\">Drinking water<\/h2>\t\t\t\t<\/div>\n\t\t\t\t<\/div>\n\t\t<div class=\"elementor-element elementor-element-26dc41e e-con-full e-flex e-con e-child\" data-id=\"26dc41e\" data-element_type=\"container\">\n\t\t<div class=\"elementor-element elementor-element-4276112 e-con-full e-flex e-con e-child\" data-id=\"4276112\" data-element_type=\"container\">\n\t\t\t\t<div class=\"elementor-element elementor-element-5c2a247 elementor-widget elementor-widget-text-editor\" data-id=\"5c2a247\" data-element_type=\"widget\" data-widget_type=\"text-editor.default\">\n\t\t\t\t<div class=\"elementor-widget-container\">\n\t\t\t\t\t\t\t\t\t<p>The CC VHS, which is responsible for drinking water, manages this service in 10 communes, 9 of which are managed by the Mixed Drinking Water Supply Syndicate (MDWSS).<\/p><p>12 other communes belong to different water syndicates.<\/p>\t\t\t\t\t\t\t\t<\/div>\n\t\t\t\t<\/div>\n\t\t\t\t<div class=\"elementor-element elementor-element-9e5fa50 elementor-widget elementor-widget-heading\" data-id=\"9e5fa50\" data-element_type=\"widget\" data-widget_type=\"heading.default\">\n\t\t\t\t<div class=\"elementor-widget-container\">\n\t\t\t\t\t<h3 class=\"elementor-heading-title elementor-size-default\">Map of drinking water syndicates in the region<\/h3>\t\t\t\t<\/div>\n\t\t\t\t<\/div>\n\t\t\t\t<div class=\"elementor-element elementor-element-e74ad64 elementor-widget elementor-widget-image\" data-id=\"e74ad64\" data-element_type=\"widget\" data-widget_type=\"image.default\">\n\t\t\t\t<div class=\"elementor-widget-container\">\n\t\t\t\t\t\t\t\t\t\t\t\t\t\t\t<img decoding=\"async\" width=\"800\" height=\"802\" src=\"https:\/\/ccvhs.fr\/wp-content\/uploads\/2025\/05\/carte-assainissement.jpg\" class=\"attachment-large size-large wp-image-3102\" alt=\"\" srcset=\"https:\/\/ccvhs.fr\/wp-content\/uploads\/2025\/05\/carte-assainissement.jpg 1005w, https:\/\/ccvhs.fr\/wp-content\/uploads\/2025\/05\/carte-assainissement-300x300.jpg 300w, https:\/\/ccvhs.fr\/wp-content\/uploads\/2025\/05\/carte-assainissement-150x150.jpg 150w, https:\/\/ccvhs.fr\/wp-content\/uploads\/2025\/05\/carte-assainissement-768x770.jpg 768w, https:\/\/ccvhs.fr\/wp-content\/uploads\/2025\/05\/carte-assainissement-12x12.jpg 12w\" sizes=\"(max-width: 800px) 100vw, 800px\" \/>\t\t\t\t\t\t\t\t\t\t\t\t\t\t\t<\/div>\n\t\t\t\t<\/div>\n\t\t\t\t<div class=\"elementor-element elementor-element-d0b1565 elementor-widget elementor-widget-heading\" data-id=\"d0b1565\" data-element_type=\"widget\" data-widget_type=\"heading.default\">\n\t\t\t\t<div class=\"elementor-widget-container\">\n\t\t\t\t\t<h3 class=\"elementor-heading-title elementor-size-default\">The 2 main drinking water services in the community<\/h3>\t\t\t\t<\/div>\n\t\t\t\t<\/div>\n\t\t\t\t<div class=\"elementor-element elementor-element-43c9c78 elementor-widget elementor-widget-n-accordion\" data-id=\"43c9c78\" data-element_type=\"widget\" data-settings=\"{&quot;default_state&quot;:&quot;expanded&quot;,&quot;max_items_expended&quot;:&quot;one&quot;,&quot;n_accordion_animation_duration&quot;:{&quot;unit&quot;:&quot;ms&quot;,&quot;size&quot;:400,&quot;sizes&quot;:[]}}\" data-widget_type=\"nested-accordion.default\">\n\t\t\t\t<div class=\"elementor-widget-container\">\n\t\t\t\t\t\t\t<div class=\"e-n-accordion\" aria-label=\"Accordion. Open links with Enter or Space, close with Escape, and navigate with Arrow Keys\">\n\t\t\t\t\t\t<details id=\"e-n-accordion-item-7100\" class=\"e-n-accordion-item\" open>\n\t\t\t\t<summary class=\"e-n-accordion-item-title\" data-accordion-index=\"1\" tabindex=\"0\" aria-expanded=\"true\" aria-controls=\"e-n-accordion-item-7100\" >\n\t\t\t\t\t<span class='e-n-accordion-item-title-header'><div class=\"e-n-accordion-item-title-text\"> DRINKING WATER - LE M\u00caLE SUR SARTHE SECTOR <\/div><\/span>\n\t\t\t\t\t\t\t<span class='e-n-accordion-item-title-icon'>\n\t\t\t<span class='e-opened' ><svg aria-hidden=\"true\" class=\"e-font-icon-svg e-fas-minus\" viewbox=\"0 0 448 512\" xmlns=\"http:\/\/www.w3.org\/2000\/svg\"><path d=\"M416 208H32c-17.67 0-32 14.33-32 32v32c0 17.67 14.33 32 32 32h384c17.67 0 32-14.33 32-32v-32c0-17.67-14.33-32-32-32z\"><\/path><\/svg><\/span>\n\t\t\t<span class='e-closed'><svg aria-hidden=\"true\" class=\"e-font-icon-svg e-fas-angle-down\" viewbox=\"0 0 320 512\" xmlns=\"http:\/\/www.w3.org\/2000\/svg\"><path d=\"M143 352.3L7 216.3c-9.4-9.4-9.4-24.6 0-33.9l22.6-22.6c9.4-9.4 24.6-9.4 33.9 0l96.4 96.4 96.4-96.4c9.4-9.4 24.6-9.4 33.9 0l22.6 22.6c9.4 9.4 9.4 24.6 0 33.9l-136 136c-9.2 9.4-24.4 9.4-33.8 0z\"><\/path><\/svg><\/span>\n\t\t<\/span>\n\n\t\t\t\t\t\t<\/summary>\n\t\t\t\t<div role=\"region\" aria-labelledby=\"e-n-accordion-item-7100\" class=\"elementor-element elementor-element-39e7f83 e-con-full e-flex e-con e-child\" data-id=\"39e7f83\" data-element_type=\"container\">\n\t\t<div role=\"region\" aria-labelledby=\"e-n-accordion-item-7100\" class=\"elementor-element elementor-element-325ea89 e-flex e-con-boxed e-con e-child\" data-id=\"325ea89\" data-element_type=\"container\">\n\t\t\t\t\t<div class=\"e-con-inner\">\n\t\t\t\t<div class=\"elementor-element elementor-element-8f219b0 elementor-widget elementor-widget-text-editor\" data-id=\"8f219b0\" data-element_type=\"widget\" data-widget_type=\"text-editor.default\">\n\t\t\t\t<div class=\"elementor-widget-container\">\n\t\t\t\t\t\t\t\t\t<p>Management: the CC Vall\u00e9e de la Haute Sarthe.<\/p><p>The drinking water service includes: production, protection of the abstraction point, treatment and transfer.<\/p><p><strong>Territory served :<\/strong> Bures, Coulonges-sur-Sarthe, Laleu, Le M\u00eale-sur-Sarthe, Les Ventes-de-Bourse, Marchemaisons, Saint-Aubin-d&rsquo;Appenai, Saint-Julien-sur-Sarthe, Saint-L\u00e9ger-sur-Sarthe, Sainte-Scolasse-sur-Sarthe.<\/p><p><strong>Name of service provider :<\/strong> VEOLIA EAU<\/p><p>Resource and location: Well at \u2018Courpotin\u2019.<\/p><p>The service has its own treatment plant: the Courpotin plant in Coulonges-sur-Sarthe. To supplement the demand for drinking water, the CC VHS buys from :<\/p><ul><li>SMAEP of the Essay region,<\/li><li>SIAEP of Bazoches sur Ho\u00ebne<\/li><\/ul><p>For further information, you will find the service provider's number on your invoice.<\/p><p><!-- notionvc: ce61b0f2-8d2a-40bf-b515-501a99c395f5 --><\/p><p><!-- notionvc: 5fc1eca4-0383-4146-a76a-7ba8ed038064 --><\/p>\t\t\t\t\t\t\t\t<\/div>\n\t\t\t\t<\/div>\n\t\t\t\t\t<\/div>\n\t\t\t\t<\/div>\n\t\t\t\t<\/div>\n\t\t\t\t\t<\/details>\n\t\t\t\t\t\t<details id=\"e-n-accordion-item-7101\" class=\"e-n-accordion-item\" >\n\t\t\t\t<summary class=\"e-n-accordion-item-title\" data-accordion-index=\"2\" tabindex=\"-1\" aria-expanded=\"false\" aria-controls=\"e-n-accordion-item-7101\" >\n\t\t\t\t\t<span class='e-n-accordion-item-title-header'><div class=\"e-n-accordion-item-title-text\"> DRINKING WATER - G\u00c2PR\u00c9E SECTOR <\/div><\/span>\n\t\t\t\t\t\t\t<span class='e-n-accordion-item-title-icon'>\n\t\t\t<span class='e-opened' ><svg aria-hidden=\"true\" class=\"e-font-icon-svg e-fas-minus\" viewbox=\"0 0 448 512\" xmlns=\"http:\/\/www.w3.org\/2000\/svg\"><path d=\"M416 208H32c-17.67 0-32 14.33-32 32v32c0 17.67 14.33 32 32 32h384c17.67 0 32-14.33 32-32v-32c0-17.67-14.33-32-32-32z\"><\/path><\/svg><\/span>\n\t\t\t<span class='e-closed'><svg aria-hidden=\"true\" class=\"e-font-icon-svg e-fas-angle-down\" viewbox=\"0 0 320 512\" xmlns=\"http:\/\/www.w3.org\/2000\/svg\"><path d=\"M143 352.3L7 216.3c-9.4-9.4-9.4-24.6 0-33.9l22.6-22.6c9.4-9.4 24.6-9.4 33.9 0l96.4 96.4 96.4-96.4c9.4-9.4 24.6-9.4 33.9 0l22.6 22.6c9.4 9.4 9.4 24.6 0 33.9l-136 136c-9.2 9.4-24.4 9.4-33.8 0z\"><\/path><\/svg><\/span>\n\t\t<\/span>\n\n\t\t\t\t\t\t<\/summary>\n\t\t\t\t<div role=\"region\" aria-labelledby=\"e-n-accordion-item-7101\" class=\"elementor-element elementor-element-fe06103 e-con-full e-flex e-con e-child\" data-id=\"fe06103\" data-element_type=\"container\">\n\t\t\t\t<div class=\"elementor-element elementor-element-ee80f69 elementor-widget elementor-widget-text-editor\" data-id=\"ee80f69\" data-element_type=\"widget\" data-widget_type=\"text-editor.default\">\n\t\t\t\t<div class=\"elementor-widget-container\">\n\t\t\t\t\t\t\t\t\t<p>Management : SMAEP de GAPREE ( Syndicat Mixte d\u2019Alimentation en Eau Potable).<\/p><p>The service includes production.<\/p><p><strong>Territory served :<\/strong>\u00a0 Courtomer, G\u00e2pr\u00e9e, Le Chalange, Le Plantis, Montchevrel, Saint-Germain-le-Vieux, Saint-L\u00e9onard-des-Parcs, Telli\u00e8res-le-Plessis, Tr\u00e9mont.<\/p><p><strong>Name of service provider<\/strong> <strong>: <\/strong>SAUR.<\/p><p>Resource and location : forage \u00ab\u00a0Le Louvoy\u00a0\u00bb.<\/p><p>The department has a treatment plant : the \u2018Le Louvoy\u2019 plant.<\/p><p>To supplement consumption, the SMAEP buys treated water from the SMAEP of Moulins-la-Marche and soon from the SMAEP of Essay.<\/p><p>For further information, you will find the service provider's number on your invoice.<\/p><p><!-- notionvc: 5fc1eca4-0383-4146-a76a-7ba8ed038064 --><\/p>\t\t\t\t\t\t\t\t<\/div>\n\t\t\t\t<\/div>\n\t\t\t\t<\/div>\n\t\t\t\t\t<\/details>\n\t\t\t\t\t<\/div>\n\t\t\t\t\t\t<\/div>\n\t\t\t\t<\/div>\n\t\t\t\t<div class=\"elementor-element elementor-element-dec1b80 elementor-widget elementor-widget-heading\" data-id=\"dec1b80\" data-element_type=\"widget\" data-widget_type=\"heading.default\">\n\t\t\t\t<div class=\"elementor-widget-container\">\n\t\t\t\t\t<h3 class=\"elementor-heading-title elementor-size-default\">Report on the price and quality of the service<\/h3>\t\t\t\t<\/div>\n\t\t\t\t<\/div>\n\t\t\t\t<div class=\"elementor-element elementor-element-790f901 elementor-widget elementor-widget-text-editor\" data-id=\"790f901\" data-element_type=\"widget\" data-widget_type=\"text-editor.default\">\n\t\t\t\t<div class=\"elementor-widget-container\">\n\t\t\t\t\t\t\t\t\t<p>Each year, the drinking water service draws up a Report on the Price and Quality of the Service (RPQS). This report provides information on the service's activities over the previous year. For information on your sector, click on the \u2018Service eaux de France\u2019 link (at the top of the page, on the right).<\/p>\t\t\t\t\t\t\t\t<\/div>\n\t\t\t\t<\/div>\n\t\t\t\t<\/div>\n\t\t<div class=\"elementor-element elementor-element-da88f8f e-con-full e-flex e-con e-child\" data-id=\"da88f8f\" data-element_type=\"container\">\n\t\t\t\t<div class=\"elementor-element elementor-element-e4f5d41 elementor-align-center elementor-widget elementor-widget-button\" data-id=\"e4f5d41\" data-element_type=\"widget\" data-widget_type=\"button.default\">\n\t\t\t\t<div class=\"elementor-widget-container\">\n\t\t\t\t\t\t\t\t\t<div class=\"elementor-button-wrapper\">\n\t\t\t\t\t<a class=\"elementor-button elementor-button-link elementor-size-sm\" href=\"https:\/\/test.ccvhs.fr\/payer-ses-factures\/\">\n\t\t\t\t\t\t<span class=\"elementor-button-content-wrapper\">\n\t\t\t\t\t\t\t\t\t<span class=\"elementor-button-text\">Paying your bills<\/span>\n\t\t\t\t\t<\/span>\n\t\t\t\t\t<\/a>\n\t\t\t\t<\/div>\n\t\t\t\t\t\t\t\t<\/div>\n\t\t\t\t<\/div>\n\t\t\t\t<div class=\"elementor-element elementor-element-e775c10 elementor-icon-list--layout-traditional elementor-list-item-link-full_width elementor-widget elementor-widget-icon-list\" data-id=\"e775c10\" data-element_type=\"widget\" data-widget_type=\"icon-list.default\">\n\t\t\t\t<div class=\"elementor-widget-container\">\n\t\t\t\t\t\t\t<ul class=\"elementor-icon-list-items\">\n\t\t\t\t\t\t\t<li class=\"elementor-icon-list-item\">\n\t\t\t\t\t\t\t\t\t\t<span class=\"elementor-icon-list-text\">External links : <\/span>\n\t\t\t\t\t\t\t\t\t<\/li>\n\t\t\t\t\t\t<\/ul>\n\t\t\t\t\t\t<\/div>\n\t\t\t\t<\/div>\n\t\t\t\t<div class=\"elementor-element elementor-element-0f0518a elementor-align-justify elementor-widget elementor-widget-button\" data-id=\"0f0518a\" data-element_type=\"widget\" data-widget_type=\"button.default\">\n\t\t\t\t<div class=\"elementor-widget-container\">\n\t\t\t\t\t\t\t\t\t<div class=\"elementor-button-wrapper\">\n\t\t\t\t\t<a class=\"elementor-button elementor-button-link elementor-size-sm\" href=\"https:\/\/www.services.eaufrance.fr\/collectivite\/209075\/2023\">\n\t\t\t\t\t\t<span class=\"elementor-button-content-wrapper\">\n\t\t\t\t\t\t\t\t\t<span class=\"elementor-button-text\">French water service<\/span>\n\t\t\t\t\t<\/span>\n\t\t\t\t\t<\/a>\n\t\t\t\t<\/div>\n\t\t\t\t\t\t\t\t<\/div>\n\t\t\t\t<\/div>\n\t\t\t\t<div class=\"elementor-element elementor-element-cc23d84 elementor-align-left elementor-widget elementor-widget-button\" data-id=\"cc23d84\" data-element_type=\"widget\" data-widget_type=\"button.default\">\n\t\t\t\t<div class=\"elementor-widget-container\">\n\t\t\t\t\t\t\t\t\t<div class=\"elementor-button-wrapper\">\n\t\t\t\t\t<a class=\"elementor-button elementor-button-link elementor-size-sm\" href=\"https:\/\/test.ccvhs.fr\/?elementor_library=actualites\">\n\t\t\t\t\t\t<span class=\"elementor-button-content-wrapper\">\n\t\t\t\t\t\t\t\t\t<span class=\"elementor-button-text\">All the news<\/span>\n\t\t\t\t\t<\/span>\n\t\t\t\t\t<\/a>\n\t\t\t\t<\/div>\n\t\t\t\t\t\t\t\t<\/div>\n\t\t\t\t<\/div>\n\t\t\t\t<div class=\"elementor-element elementor-element-27e7781 elementor-grid-1 elementor-grid-tablet-1 elementor-grid-mobile-1 elementor-posts--thumbnail-top elementor-widget elementor-widget-posts\" data-id=\"27e7781\" data-element_type=\"widget\" data-settings=\"{&quot;classic_columns&quot;:&quot;1&quot;,&quot;pagination_type&quot;:&quot;numbers&quot;,&quot;classic_columns_tablet&quot;:&quot;1&quot;,&quot;classic_columns_mobile&quot;:&quot;1&quot;,&quot;classic_row_gap&quot;:{&quot;unit&quot;:&quot;px&quot;,&quot;size&quot;:35,&quot;sizes&quot;:[]},&quot;classic_row_gap_tablet&quot;:{&quot;unit&quot;:&quot;px&quot;,&quot;size&quot;:&quot;&quot;,&quot;sizes&quot;:[]},&quot;classic_row_gap_mobile&quot;:{&quot;unit&quot;:&quot;px&quot;,&quot;size&quot;:&quot;&quot;,&quot;sizes&quot;:[]}}\" data-widget_type=\"posts.classic\">\n\t\t\t\t<div class=\"elementor-widget-container\">\n\t\t\t\t\t\t\t<div class=\"elementor-posts-container elementor-posts elementor-posts--skin-classic elementor-grid\" role=\"list\">\n\t\t\t\t<article class=\"elementor-post elementor-grid-item post-4416 actualites type-actualites status-publish has-post-thumbnail hentry\" role=\"listitem\">\n\t\t\t\t<a class=\"elementor-post__thumbnail__link\" href=\"https:\/\/ccvhs.fr\/en\/actualites\/operation-programmee-damelioration-de-lhabitat-opah\/\" tabindex=\"-1\" >\n\t\t\t<div class=\"elementor-post__thumbnail\"><img decoding=\"async\" width=\"300\" height=\"223\" src=\"https:\/\/ccvhs.fr\/wp-content\/uploads\/2025\/10\/Poele-flou-5-scaled-e1760949138579-300x223.jpg\" class=\"attachment-medium size-medium wp-image-4422\" alt=\"\" srcset=\"https:\/\/ccvhs.fr\/wp-content\/uploads\/2025\/10\/Poele-flou-5-scaled-e1760949138579-300x223.jpg 300w, https:\/\/ccvhs.fr\/wp-content\/uploads\/2025\/10\/Poele-flou-5-scaled-e1760949138579-1024x762.jpg 1024w, https:\/\/ccvhs.fr\/wp-content\/uploads\/2025\/10\/Poele-flou-5-scaled-e1760949138579-768x571.jpg 768w, https:\/\/ccvhs.fr\/wp-content\/uploads\/2025\/10\/Poele-flou-5-scaled-e1760949138579-16x12.jpg 16w, https:\/\/ccvhs.fr\/wp-content\/uploads\/2025\/10\/Poele-flou-5-scaled-e1760949138579.jpg 1250w\" sizes=\"(max-width: 300px) 100vw, 300px\" \/><\/div>\n\t\t<\/a>\n\t\t\t\t<div class=\"elementor-post__text\">\n\t\t\t\t<h3 class=\"elementor-post__title\">\n\t\t\t<a href=\"https:\/\/ccvhs.fr\/en\/actualites\/operation-programmee-damelioration-de-lhabitat-opah\/\" >\n\t\t\t\tOp\u00e9ration Programm\u00e9e d\u2019Am\u00e9lioration de l\u2019Habitat (OPAH)\t\t\t<\/a>\n\t\t<\/h3>\n\t\t\t\t<div class=\"elementor-post__meta-data\">\n\t\t\t\t\t<span class=\"elementor-post-date\">\n\t\t\t17\/10\/2025\t\t<\/span>\n\t\t\t\t<span class=\"elementor-post-avatar\">\n\t\t\tNo Comments\t\t<\/span>\n\t\t\t\t<\/div>\n\t\t\t\t<div class=\"elementor-post__excerpt\">\n\t\t\t\t\t<\/div>\n\t\t\n\t\t<a class=\"elementor-post__read-more\" href=\"https:\/\/ccvhs.fr\/en\/actualites\/operation-programmee-damelioration-de-lhabitat-opah\/\" aria-label=\"Read more about Op\u00e9ration Programm\u00e9e d\u2019Am\u00e9lioration de l\u2019Habitat (OPAH)\" tabindex=\"-1\" >\n\t\t\tRead more \u00bb\t\t<\/a>\n\n\t\t\t\t<\/div>\n\t\t\t\t<\/article>\n\t\t\t\t<\/div>\n\t\t\n\t\t\t\t<div class=\"e-load-more-anchor\" data-page=\"1\" data-max-page=\"60\" data-next-page=\"https:\/\/ccvhs.fr\/en\/wp-json\/wp\/v2\/pages\/241\/page\/2\/\"><\/div>\n\t\t\t\t<nav class=\"elementor-pagination\" aria-label=\"Pagination\">\n\t\t\t<span aria-current=\"page\" class=\"page-numbers current\"><span class=\"elementor-screen-only\">Page<\/span>1<\/span>\n<a class=\"page-numbers\" href=\"https:\/\/ccvhs.fr\/en\/wp-json\/wp\/v2\/pages\/241\/page\/2\/\"><span class=\"elementor-screen-only\">Page<\/span>2<\/a>\n<a class=\"page-numbers\" href=\"https:\/\/ccvhs.fr\/en\/wp-json\/wp\/v2\/pages\/241\/page\/3\/\"><span class=\"elementor-screen-only\">Page<\/span>3<\/a>\n<a class=\"page-numbers\" href=\"https:\/\/ccvhs.fr\/en\/wp-json\/wp\/v2\/pages\/241\/page\/4\/\"><span class=\"elementor-screen-only\">Page<\/span>4<\/a>\n<a class=\"page-numbers\" href=\"https:\/\/ccvhs.fr\/en\/wp-json\/wp\/v2\/pages\/241\/page\/5\/\"><span class=\"elementor-screen-only\">Page<\/span>5<\/a>\t\t<\/nav>\n\t\t\t\t\t\t<\/div>\n\t\t\t\t<\/div>\n\t\t\t\t<\/div>\n\t\t\t\t<\/div>\n\t\t\t\t<\/div>\n\t\t\t\t<\/div>\n\t\t\t\t\t<\/div>\n\t\t\t\t<\/div>\n\t\t\t\t<\/div>","protected":false},"excerpt":{"rendered":"<p>Eau potable La CC VHS qui a la comp\u00e9tence \u00ab\u00a0Eau potable\u00a0\u00bb r\u00e9git ce service sur 10 communes et 9 communes sont g\u00e9r\u00e9es par le Syndicat Mixte d&rsquo;Alimentation en Eau Potable (SMAEP). 12 autres communes adh\u00e8rent \u00e0 diff\u00e9rents syndicats d&rsquo;eau. Carte des syndicats d&rsquo;eau potable sur le territoire Les 2 principaux services d&rsquo;eau potable sur la [&hellip;]<\/p>","protected":false},"author":1,"featured_media":0,"parent":0,"menu_order":0,"comment_status":"closed","ping_status":"closed","template":"","meta":{"_acf_changed":false,"footnotes":""},"class_list":["post-241","page","type-page","status-publish","hentry"],"acf":[],"_links":{"self":[{"href":"https:\/\/ccvhs.fr\/en\/wp-json\/wp\/v2\/pages\/241","targetHints":{"allow":["GET"]}}],"collection":[{"href":"https:\/\/ccvhs.fr\/en\/wp-json\/wp\/v2\/pages"}],"about":[{"href":"https:\/\/ccvhs.fr\/en\/wp-json\/wp\/v2\/types\/page"}],"author":[{"embeddable":true,"href":"https:\/\/ccvhs.fr\/en\/wp-json\/wp\/v2\/users\/1"}],"replies":[{"embeddable":true,"href":"https:\/\/ccvhs.fr\/en\/wp-json\/wp\/v2\/comments?post=241"}],"version-history":[{"count":0,"href":"https:\/\/ccvhs.fr\/en\/wp-json\/wp\/v2\/pages\/241\/revisions"}],"wp:attachment":[{"href":"https:\/\/ccvhs.fr\/en\/wp-json\/wp\/v2\/media?parent=241"}],"curies":[{"name":"wp","href":"https:\/\/api.w.org\/{rel}","templated":true}]}}