{"id":239,"date":"2025-01-28T16:25:02","date_gmt":"2025-01-28T15:25:02","guid":{"rendered":"https:\/\/test.ccvhs.fr\/?page_id=239"},"modified":"2026-04-28T19:16:15","modified_gmt":"2026-04-28T17:16:15","slug":"assainissement","status":"publish","type":"page","link":"https:\/\/ccvhs.fr\/en\/assainissement\/","title":{"rendered":"Sanitation"},"content":{"rendered":"<div data-elementor-type=\"wp-page\" data-elementor-id=\"239\" class=\"elementor elementor-239\" data-elementor-post-type=\"page\">\n\t\t\t\t<div class=\"elementor-element elementor-element-86a5f3b e-flex e-con-boxed e-con e-parent\" data-id=\"86a5f3b\" data-element_type=\"container\">\n\t\t\t\t\t<div class=\"e-con-inner\">\n\t\t<div class=\"elementor-element elementor-element-c3699a6 e-con-full e-flex e-con e-child\" data-id=\"c3699a6\" data-element_type=\"container\" data-settings=\"{&quot;background_background&quot;:&quot;classic&quot;}\">\n\t\t<div class=\"elementor-element elementor-element-3b04c0f e-con-full e-flex e-con e-child\" data-id=\"3b04c0f\" data-element_type=\"container\">\n\t\t\t\t<div class=\"elementor-element elementor-element-4053cfd elementor-widget elementor-widget-heading\" data-id=\"4053cfd\" data-element_type=\"widget\" data-widget_type=\"heading.default\">\n\t\t\t\t<div class=\"elementor-widget-container\">\n\t\t\t\t\t<h2 class=\"elementor-heading-title elementor-size-default\">Sanitation<\/h2>\t\t\t\t<\/div>\n\t\t\t\t<\/div>\n\t\t<div class=\"elementor-element elementor-element-50e80d0 e-con-full e-flex e-con e-child\" data-id=\"50e80d0\" data-element_type=\"container\">\n\t\t<div class=\"elementor-element elementor-element-7a1fdcd e-con-full e-flex e-con e-child\" data-id=\"7a1fdcd\" data-element_type=\"container\">\n\t\t\t\t<div class=\"elementor-element elementor-element-ae91550 elementor-widget elementor-widget-text-editor\" data-id=\"ae91550\" data-element_type=\"widget\" data-widget_type=\"text-editor.default\">\n\t\t\t\t<div class=\"elementor-widget-container\">\n\t\t\t\t\t\t\t\t\t<p style=\"line-height: normal; margin: 12.0pt 0cm 0cm 0cm;\">La CC VHS est comp\u00e9tente pour les services assainissement collectif et non collectif. Elle poss\u00e8de, sur le territoire 8 Stations d&rsquo;\u00c9puration (STEP) et 39 postes de relevage dont certains sont en r\u00e9gie.<\/p>\t\t\t\t\t\t\t\t<\/div>\n\t\t\t\t<\/div>\n\t\t\t\t<div class=\"elementor-element elementor-element-407e4f8 elementor-widget elementor-widget-heading\" data-id=\"407e4f8\" data-element_type=\"widget\" data-widget_type=\"heading.default\">\n\t\t\t\t<div class=\"elementor-widget-container\">\n\t\t\t\t\t<h3 class=\"elementor-heading-title elementor-size-default\">Map of collective sanitation in the area<\/h3>\t\t\t\t<\/div>\n\t\t\t\t<\/div>\n\t\t\t\t<div class=\"elementor-element elementor-element-c6a3234 elementor-widget elementor-widget-image\" data-id=\"c6a3234\" data-element_type=\"widget\" data-widget_type=\"image.default\">\n\t\t\t\t<div class=\"elementor-widget-container\">\n\t\t\t\t\t\t\t\t\t\t\t\t\t\t\t<img fetchpriority=\"high\" decoding=\"async\" width=\"1005\" height=\"1008\" src=\"https:\/\/ccvhs.fr\/wp-content\/uploads\/2025\/05\/carte-assainissement-1.jpg\" class=\"attachment-full size-full wp-image-3106\" alt=\"\" srcset=\"https:\/\/ccvhs.fr\/wp-content\/uploads\/2025\/05\/carte-assainissement-1.jpg 1005w, https:\/\/ccvhs.fr\/wp-content\/uploads\/2025\/05\/carte-assainissement-1-300x300.jpg 300w, https:\/\/ccvhs.fr\/wp-content\/uploads\/2025\/05\/carte-assainissement-1-150x150.jpg 150w, https:\/\/ccvhs.fr\/wp-content\/uploads\/2025\/05\/carte-assainissement-1-768x770.jpg 768w, https:\/\/ccvhs.fr\/wp-content\/uploads\/2025\/05\/carte-assainissement-1-12x12.jpg 12w\" sizes=\"(max-width: 1005px) 100vw, 1005px\" \/>\t\t\t\t\t\t\t\t\t\t\t\t\t\t\t<\/div>\n\t\t\t\t<\/div>\n\t\t\t\t<div class=\"elementor-element elementor-element-5530bd3 elementor-widget elementor-widget-text-editor\" data-id=\"5530bd3\" data-element_type=\"widget\" data-widget_type=\"text-editor.default\">\n\t\t\t\t<div class=\"elementor-widget-container\">\n\t\t\t\t\t\t\t\t\t<p style=\"line-height: normal; margin: 12.0pt 0cm 0cm 0cm;\">Whether the project involves a connection to the network, a study of a wastewater treatment system, or the sale of a property, owners will find below order forms and standard files designed to facilitate the examination of projects.<\/p>\t\t\t\t\t\t\t\t<\/div>\n\t\t\t\t<\/div>\n\t\t\t\t<div class=\"elementor-element elementor-element-8b06e2b elementor-widget elementor-widget-n-accordion\" data-id=\"8b06e2b\" data-element_type=\"widget\" data-settings=\"{&quot;default_state&quot;:&quot;expanded&quot;,&quot;max_items_expended&quot;:&quot;one&quot;,&quot;n_accordion_animation_duration&quot;:{&quot;unit&quot;:&quot;ms&quot;,&quot;size&quot;:400,&quot;sizes&quot;:[]}}\" data-widget_type=\"nested-accordion.default\">\n\t\t\t\t<div class=\"elementor-widget-container\">\n\t\t\t\t\t\t\t<div class=\"e-n-accordion\" aria-label=\"Accordion. Open links with Enter or Space, close with Escape, and navigate with Arrow Keys\">\n\t\t\t\t\t\t<details id=\"e-n-accordion-item-1450\" class=\"e-n-accordion-item\" open>\n\t\t\t\t<summary class=\"e-n-accordion-item-title\" data-accordion-index=\"1\" tabindex=\"0\" aria-expanded=\"true\" aria-controls=\"e-n-accordion-item-1450\" >\n\t\t\t\t\t<span class='e-n-accordion-item-title-header'><div class=\"e-n-accordion-item-title-text\"> Collective sanitation <\/div><\/span>\n\t\t\t\t\t\t\t<span class='e-n-accordion-item-title-icon'>\n\t\t\t<span class='e-opened' ><svg aria-hidden=\"true\" class=\"e-font-icon-svg e-fas-minus\" viewbox=\"0 0 448 512\" xmlns=\"http:\/\/www.w3.org\/2000\/svg\"><path d=\"M416 208H32c-17.67 0-32 14.33-32 32v32c0 17.67 14.33 32 32 32h384c17.67 0 32-14.33 32-32v-32c0-17.67-14.33-32-32-32z\"><\/path><\/svg><\/span>\n\t\t\t<span class='e-closed'><svg aria-hidden=\"true\" class=\"e-font-icon-svg e-fas-angle-down\" viewbox=\"0 0 320 512\" xmlns=\"http:\/\/www.w3.org\/2000\/svg\"><path d=\"M143 352.3L7 216.3c-9.4-9.4-9.4-24.6 0-33.9l22.6-22.6c9.4-9.4 24.6-9.4 33.9 0l96.4 96.4 96.4-96.4c9.4-9.4 24.6-9.4 33.9 0l22.6 22.6c9.4 9.4 9.4 24.6 0 33.9l-136 136c-9.2 9.4-24.4 9.4-33.8 0z\"><\/path><\/svg><\/span>\n\t\t<\/span>\n\n\t\t\t\t\t\t<\/summary>\n\t\t\t\t<div role=\"region\" aria-labelledby=\"e-n-accordion-item-1450\" class=\"elementor-element elementor-element-27fcbe0 e-con-full e-flex e-con e-child\" data-id=\"27fcbe0\" data-element_type=\"container\">\n\t\t<div role=\"region\" aria-labelledby=\"e-n-accordion-item-1450\" class=\"elementor-element elementor-element-e68ab49 e-flex e-con-boxed e-con e-child\" data-id=\"e68ab49\" data-element_type=\"container\">\n\t\t\t\t\t<div class=\"e-con-inner\">\n\t\t\t\t<div class=\"elementor-element elementor-element-eb54950 elementor-widget elementor-widget-text-editor\" data-id=\"eb54950\" data-element_type=\"widget\" data-widget_type=\"text-editor.default\">\n\t\t\t\t<div class=\"elementor-widget-container\">\n\t\t\t\t\t\t\t\t\t<p>La communaut\u00e9 de communes a en charge l\u2019exploitation, l\u2019entretien et le renouvellement des \u00e9quipements et installations d\u2019assainissement collectif, qui collectent, transportent et traitent les eaux us\u00e9es avant de les restituer au milieu naturel.<\/p><p>It owns and manages 8 wastewater treatment plants and 11 pumping stations located in the communes of Courtomer, G\u00e2pr\u00e9e, Hauterive, Neuilly-le-Bisson and Ferri\u00e8re-la-Verrerie.<\/p><p>V\u00e9olia en entretient 27 sur les communes suivantes : Coulonges-sur-Sarthe, Laleu, Le M\u00eale-sur-Sarthe, Le M\u00e9nil-Bro\u00fbt, Saint-Aubin-d\u2019Appenai, Saint-Julien-sur-Sarthe, Saint-L\u00e9ger-sur-Sarthe, Sainte-Scolasse-sur-Sarthe.<\/p><p>The treatment plants concerned are emptied every year. A lifting station consists of a tank, a lifting pump and specific accessories to ensure perfect management of all types of water, whatever the weather: charged water (grey water, effluent, black water, black water), waste water (kitchen water, washing machine water, bathroom water, greasy water, etc.) and even rainwater (drainage, rainwater).<\/p><p>The purpose of this lift station is to force the evacuation of this water so that the sewage system can function normally.<\/p><p><!-- notionvc: ce61b0f2-8d2a-40bf-b515-501a99c395f5 --><\/p><p><!-- notionvc: 5fc1eca4-0383-4146-a76a-7ba8ed038064 --><\/p>\t\t\t\t\t\t\t\t<\/div>\n\t\t\t\t<\/div>\n\t\t\t\t<div class=\"elementor-element elementor-element-f2db841 elementor-widget elementor-widget-heading\" data-id=\"f2db841\" data-element_type=\"widget\" data-widget_type=\"heading.default\">\n\t\t\t\t<div class=\"elementor-widget-container\">\n\t\t\t\t\t<h3 class=\"elementor-heading-title elementor-size-default\">Controls - Connection and sale of a house<\/h3>\t\t\t\t<\/div>\n\t\t\t\t<\/div>\n\t\t\t\t<div class=\"elementor-element elementor-element-ca7f327 elementor-widget elementor-widget-heading\" data-id=\"ca7f327\" data-element_type=\"widget\" data-widget_type=\"heading.default\">\n\t\t\t\t<div class=\"elementor-widget-container\">\n\t\t\t\t\t<h3 class=\"elementor-heading-title elementor-size-default\">Water bill charges : <\/h3>\t\t\t\t<\/div>\n\t\t\t\t<\/div>\n\t\t\t\t<div class=\"elementor-element elementor-element-5755ad7 elementor-widget elementor-widget-text-editor\" data-id=\"5755ad7\" data-element_type=\"widget\" data-widget_type=\"text-editor.default\">\n\t\t\t\t<div class=\"elementor-widget-container\">\n\t\t\t\t\t\t\t\t\t<p>When you connect to the network or sell your property, it's compulsory to have the installation\u00a0<strong>inspected.<\/strong>.<\/p><p>Pour organiser ce contr\u00f4le, remplissez le bon de commande que vous trouverez <a href=\"https:\/\/ccvhs.fr\/wp-content\/uploads\/2026\/01\/Bon-de-commande-collectif-2025-144.10-E-nvelle-adresse.pdf\">ICI<\/a> et retournez-le \u00e0 l\u2019adresse de la communaut\u00e9 de communes, 2 route de Paris 61170 Le M\u00eale-sur-Sarthe, accompagn\u00e9 du r\u00e8glement \u00e0 l\u2019ordre du Tr\u00e9sor Public.<\/p><p>Once the inspection has been completed, compliance is valid for 3 years.<\/p><p><!-- notionvc: bc7cef69-d497-4e60-bc43-01f38f587da3 --><\/p><p><!-- notionvc: ce61b0f2-8d2a-40bf-b515-501a99c395f5 --><\/p><p><!-- notionvc: 5fc1eca4-0383-4146-a76a-7ba8ed038064 --><\/p>\t\t\t\t\t\t\t\t<\/div>\n\t\t\t\t<\/div>\n\t\t\t\t<div class=\"elementor-element elementor-element-664ec00 elementor-widget elementor-widget-text-editor\" data-id=\"664ec00\" data-element_type=\"widget\" data-widget_type=\"text-editor.default\">\n\t\t\t\t<div class=\"elementor-widget-container\">\n\t\t\t\t\t\t\t\t\t<p>It is made up of :<\/p><ul><li>a fixed part (annual subscription)<\/li><li>a variable component (rate per cubic metre of water consumed)<\/li><li>a fee from the Water Agency for the modernisation of collection networks (per cubic metre of water consumed)<\/li><\/ul><p>The fixed and variable portions are defined annually by a decision of the Communaut\u00e9 de Communes.<\/p><p><!-- notionvc: b185a8fb-1bd1-4dcd-948f-31e5a86976ea --><\/p>\t\t\t\t\t\t\t\t<\/div>\n\t\t\t\t<\/div>\n\t\t\t\t<div class=\"elementor-element elementor-element-f648835 elementor-widget elementor-widget-heading\" data-id=\"f648835\" data-element_type=\"widget\" data-widget_type=\"heading.default\">\n\t\t\t\t<div class=\"elementor-widget-container\">\n\t\t\t\t\t<h3 class=\"elementor-heading-title elementor-size-default\">Billing terms<\/h3>\t\t\t\t<\/div>\n\t\t\t\t<\/div>\n\t\t\t\t<div class=\"elementor-element elementor-element-a096875 elementor-widget elementor-widget-text-editor\" data-id=\"a096875\" data-element_type=\"widget\" data-widget_type=\"text-editor.default\">\n\t\t\t\t<div class=\"elementor-widget-container\">\n\t\t\t\t\t\t\t\t\t<p>The water treatment charge is billed at the same time as the drinking water charge, by the managers of the drinking water utilities.<\/p><p>Two bills are issued in the course of the year, each corresponding to consumption in the previous six-month period and the subscription for the coming six-month period.<\/p><p>Other communes: The sanitation charge is billed separately from the drinking water charge, by the Public Treasury. Two invoices are issued each year, one for the full year's subscription and the other for the full year's consumption.<\/p><p><!-- notionvc: f32134c1-978f-4710-b0d7-512fd821d9b5 --><\/p><p><!-- notionvc: b185a8fb-1bd1-4dcd-948f-31e5a86976ea --><\/p>\t\t\t\t\t\t\t\t<\/div>\n\t\t\t\t<\/div>\n\t\t\t\t<div class=\"elementor-element elementor-element-48c7ed9 elementor-widget elementor-widget-heading\" data-id=\"48c7ed9\" data-element_type=\"widget\" data-widget_type=\"heading.default\">\n\t\t\t\t<div class=\"elementor-widget-container\">\n\t\t\t\t\t<h3 class=\"elementor-heading-title elementor-size-default\">Service regulations<\/h3>\t\t\t\t<\/div>\n\t\t\t\t<\/div>\n\t\t\t\t<div class=\"elementor-element elementor-element-e5f8888 elementor-widget elementor-widget-text-editor\" data-id=\"e5f8888\" data-element_type=\"widget\" data-widget_type=\"text-editor.default\">\n\t\t\t\t<div class=\"elementor-widget-container\">\n\t\t\t\t\t\t\t\t\t<p>The terms and conditions are set out in the collective sanitation service regulations.<\/p><p><a href=\"https:\/\/ccvhs.fr\/wp-content\/uploads\/2024\/07\/AUTRES-2024-25-Reglement-assainissement-collectif.pdf\"><strong>Collective sanitation regulations<\/strong><\/a><\/p><p><!-- notionvc: 9f6a5411-1654-4bba-b5cd-0c722af7c231 --><\/p><p><!-- notionvc: f32134c1-978f-4710-b0d7-512fd821d9b5 --><\/p><p><!-- notionvc: b185a8fb-1bd1-4dcd-948f-31e5a86976ea --><\/p>\t\t\t\t\t\t\t\t<\/div>\n\t\t\t\t<\/div>\n\t\t\t\t\t<\/div>\n\t\t\t\t<\/div>\n\t\t\t\t<\/div>\n\t\t\t\t\t<\/details>\n\t\t\t\t\t\t<details id=\"e-n-accordion-item-1451\" class=\"e-n-accordion-item\" >\n\t\t\t\t<summary class=\"e-n-accordion-item-title\" data-accordion-index=\"2\" tabindex=\"-1\" aria-expanded=\"false\" aria-controls=\"e-n-accordion-item-1451\" >\n\t\t\t\t\t<span class='e-n-accordion-item-title-header'><div class=\"e-n-accordion-item-title-text\"> Non-collective sanitation (SPANC) <\/div><\/span>\n\t\t\t\t\t\t\t<span class='e-n-accordion-item-title-icon'>\n\t\t\t<span class='e-opened' ><svg aria-hidden=\"true\" class=\"e-font-icon-svg e-fas-minus\" viewbox=\"0 0 448 512\" xmlns=\"http:\/\/www.w3.org\/2000\/svg\"><path d=\"M416 208H32c-17.67 0-32 14.33-32 32v32c0 17.67 14.33 32 32 32h384c17.67 0 32-14.33 32-32v-32c0-17.67-14.33-32-32-32z\"><\/path><\/svg><\/span>\n\t\t\t<span class='e-closed'><svg aria-hidden=\"true\" class=\"e-font-icon-svg e-fas-angle-down\" viewbox=\"0 0 320 512\" xmlns=\"http:\/\/www.w3.org\/2000\/svg\"><path d=\"M143 352.3L7 216.3c-9.4-9.4-9.4-24.6 0-33.9l22.6-22.6c9.4-9.4 24.6-9.4 33.9 0l96.4 96.4 96.4-96.4c9.4-9.4 24.6-9.4 33.9 0l22.6 22.6c9.4 9.4 9.4 24.6 0 33.9l-136 136c-9.2 9.4-24.4 9.4-33.8 0z\"><\/path><\/svg><\/span>\n\t\t<\/span>\n\n\t\t\t\t\t\t<\/summary>\n\t\t\t\t<div role=\"region\" aria-labelledby=\"e-n-accordion-item-1451\" class=\"elementor-element elementor-element-114bdb4 e-con-full e-flex e-con e-child\" data-id=\"114bdb4\" data-element_type=\"container\">\n\t\t\t\t<div class=\"elementor-element elementor-element-cdafddd elementor-widget elementor-widget-heading\" data-id=\"cdafddd\" data-element_type=\"widget\" data-widget_type=\"heading.default\">\n\t\t\t\t<div class=\"elementor-widget-container\">\n\t\t\t\t\t<h3 class=\"elementor-heading-title elementor-size-default\">Report on the price and quality of the service<\/h3>\t\t\t\t<\/div>\n\t\t\t\t<\/div>\n\t\t\t\t<div class=\"elementor-element elementor-element-324082e elementor-widget elementor-widget-text-editor\" data-id=\"324082e\" data-element_type=\"widget\" data-widget_type=\"text-editor.default\">\n\t\t\t\t<div class=\"elementor-widget-container\">\n\t\t\t\t\t\t\t\t\t<p>Each year, the sanitation department is required to produce a Report on the Price and Quality of the Service (RPQS N-2).<\/p><p>To find out about this information for your area, click on the \u2018French Water Service\u2019 link (at the top of the page, on the right).<\/p><p><em>If you notice a problem with the network (odours, overflow, etc.) or if you have any questions about wastewater treatment, please contact the Environment Department on 02 33 27 61 35 or <a href=\"mailto:environnement@ccvhs.fr\">environnement@ccvhs.fr<\/a><\/em><\/p><p><!-- notionvc: 5fc1eca4-0383-4146-a76a-7ba8ed038064 --><\/p>\t\t\t\t\t\t\t\t<\/div>\n\t\t\t\t<\/div>\n\t\t\t\t<div class=\"elementor-element elementor-element-2f5c72f elementor-widget elementor-widget-text-editor\" data-id=\"2f5c72f\" data-element_type=\"widget\" data-widget_type=\"text-editor.default\">\n\t\t\t\t<div class=\"elementor-widget-container\">\n\t\t\t\t\t\t\t\t\t<h5><strong>Vous souhaitez vendre votre bien immobilier, un contr\u00f4le de l\u2019assainissement non-collectif est obligatoire.<\/strong>\u00a0<\/h5><p>Veuillez compl\u00e9ter le bon de commande <a href=\"https:\/\/ccvhs.fr\/wp-content\/uploads\/2026\/01\/Bon-de-commande-non-collectif-2026-125.88-E.pdf\">ICI<\/a> et le transmettre avec le r\u00e8glement au service assainissement de la communaut\u00e9 de communes de la Vall\u00e9e de la Haute Sarthe, 2 route de Paris 61170 Le M\u00eale-sur-Sarthe\u00a0<\/p>\t\t\t\t\t\t\t\t<\/div>\n\t\t\t\t<\/div>\n\t\t\t\t<\/div>\n\t\t\t\t\t<\/details>\n\t\t\t\t\t<\/div>\n\t\t\t\t\t\t<\/div>\n\t\t\t\t<\/div>\n\t\t\t\t<\/div>\n\t\t<div class=\"elementor-element elementor-element-1a350a1 e-con-full e-flex e-con e-child\" data-id=\"1a350a1\" data-element_type=\"container\">\n\t\t\t\t<div class=\"elementor-element elementor-element-53784fe elementor-icon-list--layout-traditional elementor-list-item-link-full_width elementor-widget elementor-widget-icon-list\" data-id=\"53784fe\" data-element_type=\"widget\" data-widget_type=\"icon-list.default\">\n\t\t\t\t<div class=\"elementor-widget-container\">\n\t\t\t\t\t\t\t<ul class=\"elementor-icon-list-items\">\n\t\t\t\t\t\t\t<li class=\"elementor-icon-list-item\">\n\t\t\t\t\t\t\t\t\t\t<span class=\"elementor-icon-list-text\"><strong> Environment department :  <\/strong><\/span>\n\t\t\t\t\t\t\t\t\t<\/li>\n\t\t\t\t\t\t\t\t<li class=\"elementor-icon-list-item\">\n\t\t\t\t\t\t\t\t\t\t\t<span class=\"elementor-icon-list-icon\">\n\t\t\t\t\t\t\t<svg aria-hidden=\"true\" class=\"e-font-icon-svg e-fas-phone-alt\" viewbox=\"0 0 512 512\" xmlns=\"http:\/\/www.w3.org\/2000\/svg\"><path d=\"M497.39 361.8l-112-48a24 24 0 0 0-28 6.9l-49.6 60.6A370.66 370.66 0 0 1 130.6 204.11l60.6-49.6a23.94 23.94 0 0 0 6.9-28l-48-112A24.16 24.16 0 0 0 122.6.61l-104 24A24 24 0 0 0 0 48c0 256.5 207.9 464 464 464a24 24 0 0 0 23.4-18.6l24-104a24.29 24.29 0 0 0-14.01-27.6z\"><\/path><\/svg>\t\t\t\t\t\t<\/span>\n\t\t\t\t\t\t\t\t\t\t<span class=\"elementor-icon-list-text\">02 33 27 61 35<\/span>\n\t\t\t\t\t\t\t\t\t<\/li>\n\t\t\t\t\t\t\t\t<li class=\"elementor-icon-list-item\">\n\t\t\t\t\t\t\t\t\t\t\t<span class=\"elementor-icon-list-icon\">\n\t\t\t\t\t\t\t<svg aria-hidden=\"true\" class=\"e-font-icon-svg e-fas-envelope\" viewbox=\"0 0 512 512\" xmlns=\"http:\/\/www.w3.org\/2000\/svg\"><path d=\"M502.3 190.8c3.9-3.1 9.7-.2 9.7 4.7V400c0 26.5-21.5 48-48 48H48c-26.5 0-48-21.5-48-48V195.6c0-5 5.7-7.8 9.7-4.7 22.4 17.4 52.1 39.5 154.1 113.6 21.1 15.4 56.7 47.8 92.2 47.6 35.7.3 72-32.8 92.3-47.6 102-74.1 131.6-96.3 154-113.7zM256 320c23.2.4 56.6-29.2 73.4-41.4 132.7-96.3 142.8-104.7 173.4-128.7 5.8-4.5 9.2-11.5 9.2-18.9v-19c0-26.5-21.5-48-48-48H48C21.5 64 0 85.5 0 112v19c0 7.4 3.4 14.3 9.2 18.9 30.6 23.9 40.7 32.4 173.4 128.7 16.8 12.2 50.2 41.8 73.4 41.4z\"><\/path><\/svg>\t\t\t\t\t\t<\/span>\n\t\t\t\t\t\t\t\t\t\t<span class=\"elementor-icon-list-text\">environnement@ccvhs.fr<\/span>\n\t\t\t\t\t\t\t\t\t<\/li>\n\t\t\t\t\t\t<\/ul>\n\t\t\t\t\t\t<\/div>\n\t\t\t\t<\/div>\n\t\t\t\t<div class=\"elementor-element elementor-element-5eff440 elementor-icon-list--layout-traditional elementor-list-item-link-full_width elementor-widget elementor-widget-icon-list\" data-id=\"5eff440\" data-element_type=\"widget\" data-widget_type=\"icon-list.default\">\n\t\t\t\t<div class=\"elementor-widget-container\">\n\t\t\t\t\t\t\t<ul class=\"elementor-icon-list-items\">\n\t\t\t\t\t\t\t<li class=\"elementor-icon-list-item\">\n\t\t\t\t\t\t\t\t\t\t<span class=\"elementor-icon-list-text\">External links : <\/span>\n\t\t\t\t\t\t\t\t\t<\/li>\n\t\t\t\t\t\t<\/ul>\n\t\t\t\t\t\t<\/div>\n\t\t\t\t<\/div>\n\t\t\t\t<div class=\"elementor-element elementor-element-e1335f7 elementor-align-justify elementor-widget elementor-widget-button\" data-id=\"e1335f7\" data-element_type=\"widget\" data-widget_type=\"button.default\">\n\t\t\t\t<div class=\"elementor-widget-container\">\n\t\t\t\t\t\t\t\t\t<div class=\"elementor-button-wrapper\">\n\t\t\t\t\t<a class=\"elementor-button elementor-button-link elementor-size-sm\" href=\"https:\/\/www.services.eaufrance.fr\/collectivite\/209075\/2023\">\n\t\t\t\t\t\t<span class=\"elementor-button-content-wrapper\">\n\t\t\t\t\t\t\t\t\t<span class=\"elementor-button-text\">French water service<\/span>\n\t\t\t\t\t<\/span>\n\t\t\t\t\t<\/a>\n\t\t\t\t<\/div>\n\t\t\t\t\t\t\t\t<\/div>\n\t\t\t\t<\/div>\n\t\t\t\t<\/div>\n\t\t\t\t<\/div>\n\t\t\t\t<\/div>\n\t\t\t\t<\/div>\n\t\t\t\t\t<\/div>\n\t\t\t\t<\/div>\n\t\t\t\t<\/div>","protected":false},"excerpt":{"rendered":"<p>Assainissement La CC VHS est comp\u00e9tente pour les services assainissement collectif et non collectif. Elle poss\u00e8de, sur le territoire 8 Stations d&rsquo;\u00c9puration (STEP) et 39 postes de relevage dont certains sont en r\u00e9gie. Carte d&rsquo;assainissement collectif sur le territoire Qu&rsquo;il s&rsquo;agisse d&rsquo;un raccordement au r\u00e9seau, d&rsquo;une \u00e9tude de fili\u00e8re, ou encore de la vente d&rsquo;un [&hellip;]<\/p>","protected":false},"author":1,"featured_media":0,"parent":0,"menu_order":0,"comment_status":"closed","ping_status":"closed","template":"","meta":{"_acf_changed":false,"footnotes":""},"class_list":["post-239","page","type-page","status-publish","hentry"],"acf":[],"_links":{"self":[{"href":"https:\/\/ccvhs.fr\/en\/wp-json\/wp\/v2\/pages\/239","targetHints":{"allow":["GET"]}}],"collection":[{"href":"https:\/\/ccvhs.fr\/en\/wp-json\/wp\/v2\/pages"}],"about":[{"href":"https:\/\/ccvhs.fr\/en\/wp-json\/wp\/v2\/types\/page"}],"author":[{"embeddable":true,"href":"https:\/\/ccvhs.fr\/en\/wp-json\/wp\/v2\/users\/1"}],"replies":[{"embeddable":true,"href":"https:\/\/ccvhs.fr\/en\/wp-json\/wp\/v2\/comments?post=239"}],"version-history":[{"count":0,"href":"https:\/\/ccvhs.fr\/en\/wp-json\/wp\/v2\/pages\/239\/revisions"}],"wp:attachment":[{"href":"https:\/\/ccvhs.fr\/en\/wp-json\/wp\/v2\/media?parent=239"}],"curies":[{"name":"wp","href":"https:\/\/api.w.org\/{rel}","templated":true}]}}