{"id":219,"date":"2025-01-28T16:15:29","date_gmt":"2025-01-28T15:15:29","guid":{"rendered":"https:\/\/test.ccvhs.fr\/?page_id=219"},"modified":"2026-01-22T16:34:13","modified_gmt":"2026-01-22T15:34:13","slug":"location-des-salles","status":"publish","type":"page","link":"https:\/\/ccvhs.fr\/en\/location-des-salles\/","title":{"rendered":"Room rental"},"content":{"rendered":"<div data-elementor-type=\"wp-page\" data-elementor-id=\"219\" class=\"elementor elementor-219\" data-elementor-post-type=\"page\">\n\t\t\t\t<div class=\"elementor-element elementor-element-92ef612 e-flex e-con-boxed e-con e-parent\" data-id=\"92ef612\" data-element_type=\"container\" data-settings=\"{&quot;background_background&quot;:&quot;classic&quot;}\">\n\t\t\t\t\t<div class=\"e-con-inner\">\n\t\t<div class=\"elementor-element elementor-element-17be8e0 e-con-full e-flex e-con e-child\" data-id=\"17be8e0\" data-element_type=\"container\" data-settings=\"{&quot;background_background&quot;:&quot;classic&quot;}\">\n\t\t<div class=\"elementor-element elementor-element-30edbd6 e-con-full e-flex e-con e-child\" data-id=\"30edbd6\" data-element_type=\"container\">\n\t\t\t\t<div class=\"elementor-element elementor-element-0574644 elementor-widget elementor-widget-heading\" data-id=\"0574644\" data-element_type=\"widget\" data-widget_type=\"heading.default\">\n\t\t\t\t<div class=\"elementor-widget-container\">\n\t\t\t\t\t<h2 class=\"elementor-heading-title elementor-size-default\">Rent a room<\/h2>\t\t\t\t<\/div>\n\t\t\t\t<\/div>\n\t\t<div class=\"elementor-element elementor-element-e6c7e3a e-grid e-con-full e-con e-child\" data-id=\"e6c7e3a\" data-element_type=\"container\">\n\t\t\t\t<div class=\"elementor-element elementor-element-ecf2ae1 elementor-flip-box--direction-right elementor-flip-box--effect-flip elementor-widget elementor-widget-flip-box\" data-id=\"ecf2ae1\" data-element_type=\"widget\" data-widget_type=\"flip-box.default\">\n\t\t\t\t<div class=\"elementor-widget-container\">\n\t\t\t\t\t\t\t<div class=\"elementor-flip-box\" tabindex=\"0\">\n\t\t\t<div class=\"elementor-flip-box__layer elementor-flip-box__front\">\n\t\t\t\t<div class=\"elementor-flip-box__layer__overlay\">\n\t\t\t\t\t<div class=\"elementor-flip-box__layer__inner\">\n\t\t\t\t\t\t\t\t\t\t\t\t\t<div class=\"elementor-flip-box__image\">\n\t\t\t\t\t\t\t\t<img fetchpriority=\"high\" decoding=\"async\" width=\"530\" height=\"400\" src=\"https:\/\/ccvhs.fr\/wp-content\/uploads\/2025\/01\/flip_1_opt.jpg\" class=\"attachment-full size-full wp-image-774\" alt=\"\" srcset=\"https:\/\/ccvhs.fr\/wp-content\/uploads\/2025\/01\/flip_1_opt.jpg 530w, https:\/\/ccvhs.fr\/wp-content\/uploads\/2025\/01\/flip_1_opt-300x226.jpg 300w, https:\/\/ccvhs.fr\/wp-content\/uploads\/2025\/01\/flip_1_opt-16x12.jpg 16w\" sizes=\"(max-width: 530px) 100vw, 530px\" \/>\t\t\t\t\t\t\t<\/div>\n\t\t\t\t\t\t\n\t\t\t\t\t\t\t\t\t\t\t\t\t<h3 class=\"elementor-flip-box__layer__title\">\n\t\t\t\t\t\t\t\t<p class=\"title_flip_left\">INTERCOMMUNAL ROOM<\/p>\t\t\t\t\t\t\t<\/h3>\n\t\t\t\t\t\t\n\t\t\t\t\t\t\t\t\t\t\t\t\t<div class=\"elementor-flip-box__layer__description\">\n\t\t\t\t\t\t\t\t<div class=\"text_body_flip_left\">\nSquare des R\u00e9sistants (derri\u00e8re l'\u00e9glise)<br>\nLE M\u00caLE-SUR-SARTHE\n\t<\/div>\t\t\t\t\t\t\t<\/div>\n\t\t\t\t\t\t\t\t\t\t\t<\/div>\n\t\t\t\t<\/div>\n\t\t\t<\/div>\n\t\t\t<div class=\"elementor-flip-box__layer elementor-flip-box__back\">\n\t\t\t<div class=\"elementor-flip-box__layer__overlay\">\n\t\t\t\t<div class=\"elementor-flip-box__layer__inner\">\n\t\t\t\t\t\n\t\t\t\t\t\t\t\t\t\t\t<div class=\"elementor-flip-box__layer__description\">\n\t\t\t\t\t\t\t<strong>THE GREAT HALL :<\/strong>\n\n\t<p>Approx. 95 people standing.\n\tMeeting room, activity room or reception room.\n\tThis room does not have a fully equipped kitchen.<\/p>\n\n\t<p>\n\t\t\n\t\t\t<strong>Hardware :<\/strong>\n\t\t<ul>\n\t\t<li>10 large tables, 5 small tables,<\/li>\n\t\t<li>2 quarter rounds<\/li>\n\t\t<li>85 chairs<\/li>\n\t\t<li>1 large flipchart, 1 rolling tablet<\/li>\n\t<\/ul><\/p>\n\t \n\t<p><strong>Price per day :<\/strong>\n\t    <ul>\n\t    \t<li>35 \u20ac without heating<\/li>\n\t    \t<li>70 \u20ac with heating<\/li>\n\t    <\/ul><\/p>\n\n\t<p><strong>THE SMALL ROOM :<\/strong>\n\t<ul>\n\t\t<li>Around 28 people standing<\/li>\n\t<\/ul><\/p>\n\t \n\t<p><strong>Hardware :<\/strong>\n\t    <ul>\n\t    \t<li>4 rectangular tables, 4 trapezoidal tables<\/li>\n\t    \t<li>14 chairs<\/li>\n\t    <\/ul><\/p>\n\n\t<p><strong>Price per day :<\/strong>\n\t    <ul>\n\t    \t<li>\u20ac20 without heating<\/li>\n\t    \t<li>\u20ac40 with heating<\/li>\n\t    <\/ul><\/p>\n\n\n\n\t\t\t\t\t\t<\/div>\n\t\t\t\t\t\n\t\t\t\t\t\t\t\t\t\t\t<a class=\"elementor-flip-box__button elementor-button elementor-size-md\" href=\"#elementor-action%3Aaction%3Dpopup%3Aopen%26settings%3DeyJpZCI6IjMxMSIsInRvZ2dsZSI6ZmFsc2V9\">\n\t\t\t\t\t\t\tContact us\t\t\t\t\t\t<\/a>\n\t\t\t\t\t\t\t\t<\/div>\n\t\t<\/div>\n\t\t<\/div>\n\t\t<\/div>\n\t\t\t\t\t\t<\/div>\n\t\t\t\t<\/div>\n\t\t\t\t<div class=\"elementor-element elementor-element-6aa61f6 elementor-flip-box--direction-right elementor-flip-box--effect-flip elementor-widget elementor-widget-flip-box\" data-id=\"6aa61f6\" data-element_type=\"widget\" data-widget_type=\"flip-box.default\">\n\t\t\t\t<div class=\"elementor-widget-container\">\n\t\t\t\t\t\t\t<div class=\"elementor-flip-box\" tabindex=\"0\">\n\t\t\t<div class=\"elementor-flip-box__layer elementor-flip-box__front\">\n\t\t\t\t<div class=\"elementor-flip-box__layer__overlay\">\n\t\t\t\t\t<div class=\"elementor-flip-box__layer__inner\">\n\t\t\t\t\t\t\t\t\t\t\t\t\t<div class=\"elementor-flip-box__image\">\n\t\t\t\t\t\t\t\t<img decoding=\"async\" width=\"530\" height=\"400\" src=\"https:\/\/ccvhs.fr\/wp-content\/uploads\/2025\/01\/flip_3_opt.jpg\" class=\"attachment-full size-full wp-image-776\" alt=\"\" srcset=\"https:\/\/ccvhs.fr\/wp-content\/uploads\/2025\/01\/flip_3_opt.jpg 530w, https:\/\/ccvhs.fr\/wp-content\/uploads\/2025\/01\/flip_3_opt-300x226.jpg 300w, https:\/\/ccvhs.fr\/wp-content\/uploads\/2025\/01\/flip_3_opt-16x12.jpg 16w\" sizes=\"(max-width: 530px) 100vw, 530px\" \/>\t\t\t\t\t\t\t<\/div>\n\t\t\t\t\t\t\n\t\t\t\t\t\t\t\t\t\t\t\t\t<h3 class=\"elementor-flip-box__layer__title\">\n\t\t\t\t\t\t\t\t<p class=\"title_flip_left\">MULTIPURPOSE HALL<\/p>\t\t\t\t\t\t\t<\/h3>\n\t\t\t\t\t\t\n\t\t\t\t\t\t\t\t\t\t\t\t\t<div class=\"elementor-flip-box__layer__description\">\n\t\t\t\t\t\t\t\t<div class=\"text_body_flip_left\">\nMairie <br>\nMONTCHEVREL\n<\/div>\n\t\t\t\t\t\t\t<\/div>\n\t\t\t\t\t\t\t\t\t\t\t<\/div>\n\t\t\t\t<\/div>\n\t\t\t<\/div>\n\t\t\t<div class=\"elementor-flip-box__layer elementor-flip-box__back\">\n\t\t\t<div class=\"elementor-flip-box__layer__overlay\">\n\t\t\t\t<div class=\"elementor-flip-box__layer__inner\">\n\t\t\t\t\t\n\t\t\t\t\t\t\t\t\t\t\t<div class=\"elementor-flip-box__layer__description\">\n\t\t\t\t\t\t\t\n<strong>Capacity : <\/strong>100 personnes.\n\n<div> <br>Ideal for receptions, meetings, etc.\n\tThe room includes a fully equipped kitchen.\n\t <\/div>\n\n<div><br>Contact us for prices and bookings.<\/div>\n\n<div><br>Prices from \u20ac280 to \u20ac90 depending on the season and area<\/div>\t\t\t\t\t\t<\/div>\n\t\t\t\t\t\n\t\t\t\t\t\t\t\t\t\t\t<a class=\"elementor-flip-box__button elementor-button elementor-size-md\" href=\"#elementor-action%3Aaction%3Dpopup%3Aopen%26settings%3DeyJpZCI6IjMxMSIsInRvZ2dsZSI6ZmFsc2V9\">\n\t\t\t\t\t\t\tContact us\t\t\t\t\t\t<\/a>\n\t\t\t\t\t\t\t\t<\/div>\n\t\t<\/div>\n\t\t<\/div>\n\t\t<\/div>\n\t\t\t\t\t\t<\/div>\n\t\t\t\t<\/div>\n\t\t\t\t<div class=\"elementor-element elementor-element-4c88b57 elementor-flip-box--direction-right elementor-flip-box--effect-flip elementor-widget elementor-widget-flip-box\" data-id=\"4c88b57\" data-element_type=\"widget\" data-widget_type=\"flip-box.default\">\n\t\t\t\t<div class=\"elementor-widget-container\">\n\t\t\t\t\t\t\t<div class=\"elementor-flip-box\" tabindex=\"0\">\n\t\t\t<div class=\"elementor-flip-box__layer elementor-flip-box__front\">\n\t\t\t\t<div class=\"elementor-flip-box__layer__overlay\">\n\t\t\t\t\t<div class=\"elementor-flip-box__layer__inner\">\n\t\t\t\t\t\t\t\t\t\t\t\t\t<div class=\"elementor-flip-box__image\">\n\t\t\t\t\t\t\t\t<img decoding=\"async\" width=\"300\" height=\"226\" src=\"https:\/\/ccvhs.fr\/wp-content\/uploads\/2025\/01\/flip_4_opt-300x226-1.jpg\" class=\"attachment-full size-full wp-image-777\" alt=\"\" srcset=\"https:\/\/ccvhs.fr\/wp-content\/uploads\/2025\/01\/flip_4_opt-300x226-1.jpg 300w, https:\/\/ccvhs.fr\/wp-content\/uploads\/2025\/01\/flip_4_opt-300x226-1-16x12.jpg 16w\" sizes=\"(max-width: 300px) 100vw, 300px\" \/>\t\t\t\t\t\t\t<\/div>\n\t\t\t\t\t\t\n\t\t\t\t\t\t\t\t\t\t\t\t\t<h3 class=\"elementor-flip-box__layer__title\">\n\t\t\t\t\t\t\t\t<p class=\"title_flip_right\">SALLE DANIEL ROUAULT<\/p>\t\t\t\t\t\t\t<\/h3>\n\t\t\t\t\t\t\n\t\t\t\t\t\t\t\t\t\t\t\t\t<div class=\"elementor-flip-box__layer__description\">\n\t\t\t\t\t\t\t\t<div class=\"text_body_flip_right\">\n46 Grande Rue <br>\nLE M\u00caLE-SUR-SARTHE\n\t<\/div>\n\t\t\t\t\t\t\t<\/div>\n\t\t\t\t\t\t\t\t\t\t\t<\/div>\n\t\t\t\t<\/div>\n\t\t\t<\/div>\n\t\t\t<div class=\"elementor-flip-box__layer elementor-flip-box__back\">\n\t\t\t<div class=\"elementor-flip-box__layer__overlay\">\n\t\t\t\t<div class=\"elementor-flip-box__layer__inner\">\n\t\t\t\t\t\n\t\t\t\t\t\t\t\t\t\t\t<div class=\"elementor-flip-box__layer__description\">\n\t\t\t\t\t\t\t\n<strong>Theatres, conferences, cinema<\/strong>\n\n<div><strong> <br>Capacity : <\/strong>195 people\n\n<div><br>This venue is equipped with a motorised \n\tstructure containing sound and lighting \n\tsound and lighting equipment.<\/div>\n\n\n<div><br>Contact us for details of use, prices and bookings.<\/div>\n<br>\t\t\t\t\t\t<\/div>\n\t\t\t\t\t\n\t\t\t\t\t\t\t\t\t\t\t<a class=\"elementor-flip-box__button elementor-button elementor-size-md\" href=\"#elementor-action%3Aaction%3Dpopup%3Aopen%26settings%3DeyJpZCI6IjMxMSIsInRvZ2dsZSI6ZmFsc2V9\">\n\t\t\t\t\t\t\tContact us\t\t\t\t\t\t<\/a>\n\t\t\t\t\t\t\t\t<\/div>\n\t\t<\/div>\n\t\t<\/div>\n\t\t<\/div>\n\t\t\t\t\t\t<\/div>\n\t\t\t\t<\/div>\n\t\t\t\t<\/div>\n\t\t\t\t<\/div>\n\t\t\t\t<\/div>\n\t\t\t\t\t<\/div>\n\t\t\t\t<\/div>\n\t\t\t\t<\/div>","protected":false},"excerpt":{"rendered":"<p>Louer une salle SALLE INTERCOMMUNALE Square des R\u00e9sistants (derri\u00e8re l&rsquo;\u00e9glise) LE M\u00caLE-SUR-SARTHE LA GRANDE SALLE : Environ 95 personnes debout. Salle de r\u00e9union, d\u2019activit\u00e9 ou vin d\u2019honneur. Cette salle ne contient pas de cuisine \u00e9quip\u00e9e. Mat\u00e9riel : 10 grandes tables, 5 petites tables, 2 quarts de rond 85 chaises 1 grand paperboard, 1 tablette \u00e0 [&hellip;]<\/p>","protected":false},"author":1,"featured_media":0,"parent":0,"menu_order":0,"comment_status":"closed","ping_status":"closed","template":"","meta":{"_acf_changed":false,"footnotes":""},"class_list":["post-219","page","type-page","status-publish","hentry"],"acf":[],"_links":{"self":[{"href":"https:\/\/ccvhs.fr\/en\/wp-json\/wp\/v2\/pages\/219","targetHints":{"allow":["GET"]}}],"collection":[{"href":"https:\/\/ccvhs.fr\/en\/wp-json\/wp\/v2\/pages"}],"about":[{"href":"https:\/\/ccvhs.fr\/en\/wp-json\/wp\/v2\/types\/page"}],"author":[{"embeddable":true,"href":"https:\/\/ccvhs.fr\/en\/wp-json\/wp\/v2\/users\/1"}],"replies":[{"embeddable":true,"href":"https:\/\/ccvhs.fr\/en\/wp-json\/wp\/v2\/comments?post=219"}],"version-history":[{"count":0,"href":"https:\/\/ccvhs.fr\/en\/wp-json\/wp\/v2\/pages\/219\/revisions"}],"wp:attachment":[{"href":"https:\/\/ccvhs.fr\/en\/wp-json\/wp\/v2\/media?parent=219"}],"curies":[{"name":"wp","href":"https:\/\/api.w.org\/{rel}","templated":true}]}}