{"id":215,"date":"2025-01-28T16:14:52","date_gmt":"2025-01-28T15:14:52","guid":{"rendered":"https:\/\/test.ccvhs.fr\/?page_id=215"},"modified":"2025-09-30T17:22:28","modified_gmt":"2025-09-30T15:22:28","slug":"saison-culturelle","status":"publish","type":"page","link":"https:\/\/ccvhs.fr\/en\/saison-culturelle\/","title":{"rendered":"Cultural season"},"content":{"rendered":"<div data-elementor-type=\"wp-page\" data-elementor-id=\"215\" class=\"elementor elementor-215\" data-elementor-post-type=\"page\">\n\t\t\t\t<div class=\"elementor-element elementor-element-245b4e6 e-flex e-con-boxed e-con e-parent\" data-id=\"245b4e6\" data-element_type=\"container\">\n\t\t\t\t\t<div class=\"e-con-inner\">\n\t\t<div class=\"elementor-element elementor-element-3f02614 e-con-full e-flex e-con e-child\" data-id=\"3f02614\" data-element_type=\"container\" data-settings=\"{&quot;background_background&quot;:&quot;classic&quot;}\">\n\t\t<div class=\"elementor-element elementor-element-cfe02fa e-con-full e-flex e-con e-child\" data-id=\"cfe02fa\" data-element_type=\"container\">\n\t\t\t\t<div class=\"elementor-element elementor-element-1e61ad8 elementor-widget elementor-widget-heading\" data-id=\"1e61ad8\" data-element_type=\"widget\" data-widget_type=\"heading.default\">\n\t\t\t\t<div class=\"elementor-widget-container\">\n\t\t\t\t\t<h2 class=\"elementor-heading-title elementor-size-default\">Cultural season<\/h2>\t\t\t\t<\/div>\n\t\t\t\t<\/div>\n\t\t\t\t<div class=\"elementor-element elementor-element-1498ac5 elementor-widget elementor-widget-image\" data-id=\"1498ac5\" data-element_type=\"widget\" data-widget_type=\"image.default\">\n\t\t\t\t<div class=\"elementor-widget-container\">\n\t\t\t\t\t\t\t\t\t\t\t\t\t\t\t<img decoding=\"async\" width=\"300\" height=\"83\" src=\"https:\/\/ccvhs.fr\/wp-content\/uploads\/2025\/01\/DALLE-DANIEL-ROUAULT-300x83.jpg\" class=\"attachment-medium size-medium wp-image-747\" alt=\"\" srcset=\"https:\/\/ccvhs.fr\/wp-content\/uploads\/2025\/01\/DALLE-DANIEL-ROUAULT-300x83.jpg 300w, https:\/\/ccvhs.fr\/wp-content\/uploads\/2025\/01\/DALLE-DANIEL-ROUAULT-768x214.jpg 768w, https:\/\/ccvhs.fr\/wp-content\/uploads\/2025\/01\/DALLE-DANIEL-ROUAULT-18x5.jpg 18w, https:\/\/ccvhs.fr\/wp-content\/uploads\/2025\/01\/DALLE-DANIEL-ROUAULT.jpg 1021w\" sizes=\"(max-width: 300px) 100vw, 300px\" \/>\t\t\t\t\t\t\t\t\t\t\t\t\t\t\t<\/div>\n\t\t\t\t<\/div>\n\t\t<div class=\"elementor-element elementor-element-152d963 e-con-full e-flex e-con e-child\" data-id=\"152d963\" data-element_type=\"container\">\n\t\t<div class=\"elementor-element elementor-element-166f583 e-con-full e-flex e-con e-child\" data-id=\"166f583\" data-element_type=\"container\">\n\t\t\t\t<div class=\"elementor-element elementor-element-a421925 elementor-widget__width-initial elementor-widget elementor-widget-text-editor\" data-id=\"a421925\" data-element_type=\"widget\" data-widget_type=\"text-editor.default\">\n\t\t\t\t<div class=\"elementor-widget-container\">\n\t\t\t\t\t\t\t\t\t<p>Les saisons tout public et scolaire sont propos\u00e9es en partenariat avec le D\u00e9partement de l\u2019Orne dans le cadre du <strong><a href=\"https:\/\/culture.orne.fr\/c61-saison-culturelle\" target=\"_blank\" rel=\"noopener\">C'61, A NETWORK OF CULTURAL PLAYERS IN THE ORNE.<\/a><\/strong><\/p><p>La programmation tout public est \u00e9labor\u00e9e avec les membres de la commission \u00ab\u00a0culture\u00a0\u00bb et la charg\u00e9e de la programmation culturelle du Conseil d\u00e9partemental. L\u2019esprit est le plaisir de venir d\u00e9couvrir des spectacles musicaux et des repr\u00e9sentations de th\u00e9\u00e2tre en famille, dont le th\u00e8me principal est la bonne humeur et des d\u00e9couvertes artistiques inoubliables.<\/p>\t\t\t\t\t\t\t\t<\/div>\n\t\t\t\t<\/div>\n\t\t\t\t<\/div>\n\t\t<div class=\"elementor-element elementor-element-762b11e e-con-full e-flex e-con e-child\" data-id=\"762b11e\" data-element_type=\"container\">\n\t\t\t\t<div class=\"elementor-element elementor-element-a88cbcc elementor-icon-list--layout-traditional elementor-list-item-link-full_width elementor-widget elementor-widget-icon-list\" data-id=\"a88cbcc\" data-element_type=\"widget\" data-widget_type=\"icon-list.default\">\n\t\t\t\t<div class=\"elementor-widget-container\">\n\t\t\t\t\t\t\t<ul class=\"elementor-icon-list-items\">\n\t\t\t\t\t\t\t<li class=\"elementor-icon-list-item\">\n\t\t\t\t\t\t\t\t\t\t<span class=\"elementor-icon-list-text\">External links : <\/span>\n\t\t\t\t\t\t\t\t\t<\/li>\n\t\t\t\t\t\t<\/ul>\n\t\t\t\t\t\t<\/div>\n\t\t\t\t<\/div>\n\t\t\t\t<div class=\"elementor-element elementor-element-7448e4c elementor-align-justify elementor-widget elementor-widget-button\" data-id=\"7448e4c\" data-element_type=\"widget\" data-widget_type=\"button.default\">\n\t\t\t\t<div class=\"elementor-widget-container\">\n\t\t\t\t\t\t\t\t\t<div class=\"elementor-button-wrapper\">\n\t\t\t\t\t<a class=\"elementor-button elementor-button-link elementor-size-sm\" href=\"https:\/\/culture.orne.fr\/\">\n\t\t\t\t\t\t<span class=\"elementor-button-content-wrapper\">\n\t\t\t\t\t\t\t\t\t<span class=\"elementor-button-text\">My outings Culture Orne<\/span>\n\t\t\t\t\t<\/span>\n\t\t\t\t\t<\/a>\n\t\t\t\t<\/div>\n\t\t\t\t\t\t\t\t<\/div>\n\t\t\t\t<\/div>\n\t\t\t\t<div class=\"elementor-element elementor-element-2ed1251 elementor-align-justify elementor-widget elementor-widget-button\" data-id=\"2ed1251\" data-element_type=\"widget\" data-widget_type=\"button.default\">\n\t\t\t\t<div class=\"elementor-widget-container\">\n\t\t\t\t\t\t\t\t\t<div class=\"elementor-button-wrapper\">\n\t\t\t\t\t<a class=\"elementor-button elementor-button-link elementor-size-sm\" href=\"https:\/\/culture.orne.fr\/c61-saison-culturelle\">\n\t\t\t\t\t\t<span class=\"elementor-button-content-wrapper\">\n\t\t\t\t\t\t\t\t\t<span class=\"elementor-button-text\">Season C'61<\/span>\n\t\t\t\t\t<\/span>\n\t\t\t\t\t<\/a>\n\t\t\t\t<\/div>\n\t\t\t\t\t\t\t\t<\/div>\n\t\t\t\t<\/div>\n\t\t\t\t<div class=\"elementor-element elementor-element-e80b9cc elementor-align-center elementor-widget elementor-widget-button\" data-id=\"e80b9cc\" data-element_type=\"widget\" data-widget_type=\"button.default\">\n\t\t\t\t<div class=\"elementor-widget-container\">\n\t\t\t\t\t\t\t\t\t<div class=\"elementor-button-wrapper\">\n\t\t\t\t\t<a class=\"elementor-button elementor-button-link elementor-size-sm\" href=\"https:\/\/test.ccvhs.fr\/billetterie-en-ligne\/\">\n\t\t\t\t\t\t<span class=\"elementor-button-content-wrapper\">\n\t\t\t\t\t\t\t\t\t<span class=\"elementor-button-text\">Online ticketing<\/span>\n\t\t\t\t\t<\/span>\n\t\t\t\t\t<\/a>\n\t\t\t\t<\/div>\n\t\t\t\t\t\t\t\t<\/div>\n\t\t\t\t<\/div>\n\t\t\t\t<\/div>\n\t\t\t\t<\/div>\n\t\t<div class=\"elementor-element elementor-element-b3c7e97 e-con-full e-flex e-con e-child\" data-id=\"b3c7e97\" data-element_type=\"container\">\n\t\t\t\t<div class=\"elementor-element elementor-element-f7cfe18 elementor-widget elementor-widget-image\" data-id=\"f7cfe18\" data-element_type=\"widget\" data-widget_type=\"image.default\">\n\t\t\t\t<div class=\"elementor-widget-container\">\n\t\t\t\t\t\t\t\t\t\t\t\t\t\t\t<img fetchpriority=\"high\" decoding=\"async\" width=\"557\" height=\"797\" src=\"https:\/\/ccvhs.fr\/wp-content\/uploads\/2025\/09\/saison-culturelle.png\" class=\"attachment-large size-large wp-image-4143\" alt=\"\" srcset=\"https:\/\/ccvhs.fr\/wp-content\/uploads\/2025\/09\/saison-culturelle.png 557w, https:\/\/ccvhs.fr\/wp-content\/uploads\/2025\/09\/saison-culturelle-210x300.png 210w, https:\/\/ccvhs.fr\/wp-content\/uploads\/2025\/09\/saison-culturelle-8x12.png 8w\" sizes=\"(max-width: 557px) 100vw, 557px\" \/>\t\t\t\t\t\t\t\t\t\t\t\t\t\t\t<\/div>\n\t\t\t\t<\/div>\n\t\t\t\t<\/div>\n\t\t\t\t<\/div>\n\t\t\t\t<\/div>\n\t\t\t\t\t<\/div>\n\t\t\t\t<\/div>\n\t\t\t\t<\/div>","protected":false},"excerpt":{"rendered":"<p>Saison culturelle Les saisons tout public et scolaire sont propos\u00e9es en partenariat avec le D\u00e9partement de l\u2019Orne dans le cadre du C&rsquo;61, R\u00c9SEAU DES ACTEURS CULTURELS DE L&rsquo;ORNE. La programmation tout public est \u00e9labor\u00e9e avec les membres de la commission \u00ab\u00a0culture\u00a0\u00bb et la charg\u00e9e de la programmation culturelle du Conseil d\u00e9partemental. L\u2019esprit est le plaisir [&hellip;]<\/p>","protected":false},"author":1,"featured_media":0,"parent":0,"menu_order":0,"comment_status":"closed","ping_status":"closed","template":"","meta":{"_acf_changed":false,"footnotes":""},"class_list":["post-215","page","type-page","status-publish","hentry"],"acf":[],"_links":{"self":[{"href":"https:\/\/ccvhs.fr\/en\/wp-json\/wp\/v2\/pages\/215","targetHints":{"allow":["GET"]}}],"collection":[{"href":"https:\/\/ccvhs.fr\/en\/wp-json\/wp\/v2\/pages"}],"about":[{"href":"https:\/\/ccvhs.fr\/en\/wp-json\/wp\/v2\/types\/page"}],"author":[{"embeddable":true,"href":"https:\/\/ccvhs.fr\/en\/wp-json\/wp\/v2\/users\/1"}],"replies":[{"embeddable":true,"href":"https:\/\/ccvhs.fr\/en\/wp-json\/wp\/v2\/comments?post=215"}],"version-history":[{"count":0,"href":"https:\/\/ccvhs.fr\/en\/wp-json\/wp\/v2\/pages\/215\/revisions"}],"wp:attachment":[{"href":"https:\/\/ccvhs.fr\/en\/wp-json\/wp\/v2\/media?parent=215"}],"curies":[{"name":"wp","href":"https:\/\/api.w.org\/{rel}","templated":true}]}}