{"id":175,"date":"2025-01-28T16:03:23","date_gmt":"2025-01-28T15:03:23","guid":{"rendered":"https:\/\/test.ccvhs.fr\/?page_id=175"},"modified":"2026-01-05T17:45:16","modified_gmt":"2026-01-05T16:45:16","slug":"renovation-habitat","status":"publish","type":"page","link":"https:\/\/ccvhs.fr\/en\/renovation-habitat\/","title":{"rendered":"Home renovation"},"content":{"rendered":"<div data-elementor-type=\"wp-page\" data-elementor-id=\"175\" class=\"elementor elementor-175\" data-elementor-post-type=\"page\">\n\t\t\t\t<div class=\"elementor-element elementor-element-4877c8f e-flex e-con-boxed e-con e-parent\" data-id=\"4877c8f\" data-element_type=\"container\">\n\t\t\t\t\t<div class=\"e-con-inner\">\n\t\t\t\t<div class=\"elementor-element elementor-element-29d1d19 elementor-widget elementor-widget-image\" data-id=\"29d1d19\" data-element_type=\"widget\" data-widget_type=\"image.default\">\n\t\t\t\t<div class=\"elementor-widget-container\">\n\t\t\t\t\t\t\t\t\t\t\t\t\t\t\t<img fetchpriority=\"high\" decoding=\"async\" width=\"768\" height=\"182\" src=\"https:\/\/ccvhs.fr\/wp-content\/uploads\/2025\/01\/opah-image-1536x364-1-768x182.jpg\" class=\"attachment-medium_large size-medium_large wp-image-729\" alt=\"\" srcset=\"https:\/\/ccvhs.fr\/wp-content\/uploads\/2025\/01\/opah-image-1536x364-1-768x182.jpg 768w, https:\/\/ccvhs.fr\/wp-content\/uploads\/2025\/01\/opah-image-1536x364-1-300x71.jpg 300w, https:\/\/ccvhs.fr\/wp-content\/uploads\/2025\/01\/opah-image-1536x364-1-1024x243.jpg 1024w, https:\/\/ccvhs.fr\/wp-content\/uploads\/2025\/01\/opah-image-1536x364-1-18x4.jpg 18w, https:\/\/ccvhs.fr\/wp-content\/uploads\/2025\/01\/opah-image-1536x364-1.jpg 1536w\" sizes=\"(max-width: 768px) 100vw, 768px\" \/>\t\t\t\t\t\t\t\t\t\t\t\t\t\t\t<\/div>\n\t\t\t\t<\/div>\n\t\t\t\t\t<\/div>\n\t\t\t\t<\/div>\n\t\t<div class=\"elementor-element elementor-element-eb0c9ef e-flex e-con-boxed e-con e-parent\" data-id=\"eb0c9ef\" data-element_type=\"container\">\n\t\t\t\t\t<div class=\"e-con-inner\">\n\t\t<div class=\"elementor-element elementor-element-4211f2f e-con-full e-flex e-con e-child\" data-id=\"4211f2f\" data-element_type=\"container\" data-settings=\"{&quot;background_background&quot;:&quot;classic&quot;}\">\n\t\t<div class=\"elementor-element elementor-element-a6f06c1 e-con-full e-flex e-con e-child\" data-id=\"a6f06c1\" data-element_type=\"container\">\n\t\t\t\t<div class=\"elementor-element elementor-element-a9af2e4 elementor-widget elementor-widget-heading\" data-id=\"a9af2e4\" data-element_type=\"widget\" data-widget_type=\"heading.default\">\n\t\t\t\t<div class=\"elementor-widget-container\">\n\t\t\t\t\t<h2 class=\"elementor-heading-title elementor-size-default\">R\u00e9novation de votre habitat : <br> quelles aides possibles ? <\/h2>\t\t\t\t<\/div>\n\t\t\t\t<\/div>\n\t\t<div class=\"elementor-element elementor-element-76c783e e-con-full e-flex e-con e-child\" data-id=\"76c783e\" data-element_type=\"container\">\n\t\t<div class=\"elementor-element elementor-element-ec0c186 e-con-full e-flex e-con e-child\" data-id=\"ec0c186\" data-element_type=\"container\">\n\t\t\t\t<div class=\"elementor-element elementor-element-fc5c06c elementor-widget elementor-widget-text-editor\" data-id=\"fc5c06c\" data-element_type=\"widget\" data-widget_type=\"text-editor.default\">\n\t\t\t\t<div class=\"elementor-widget-container\">\n\t\t\t\t\t\t\t\t\t<p><strong>Housing Improvement Programme: OPAH 2023-2028.<\/strong><\/p><p>The CC of the Vall\u00e9e de la Haute Sarthe has launched a new Housing Improvement Programme (OPAH) with effect from 1 January 2010.<sup>st<\/sup> septembre 2023.\u00a0<\/p><p>Its aim is to support private homeowners who wish to carry out work on their homes by offering financial assistance, as well as technical and administrative support.\u00a0<\/p><p>This project is part of the CC de la Vall\u00e9e de la Haute Sarthe's inter-municipal policy to promote residential attractiveness. It was made possible thanks to a broad partnership that includes the <strong>CC of the Vall\u00e9e de la Haute Sarthe, the Agence Nationale de l'Habitat and the D\u00e9partement de l'Orne<\/strong>.<\/p><p>The <strong>CC of the Vall\u00e9e de la Haute Sarthecommissioned the association SOLIHA Territoires en Normandie<\/strong> to welcome beneficiaries at office hours by appointment :<\/p><ul><li>Chaque 1er mercredi matin du mois, au centre administratif de la communaut\u00e9 de communes, 2 route de Paros 61170 Le M\u00eale-sur-Sarthe.<\/li><li>Chaque 3\u00e8me vendredi matin du mois \u00e0 la mairie, 1, place Saint-Lhomer, 61390 Courtomer.<\/li><\/ul><p><a href=\"https:\/\/ccvhs.fr\/wp-content\/uploads\/2025\/04\/CALENDRIER-VALLEE-DE-LA-HAUTE-SARTHE-2025.pdf\">CALENDRIER VALLEE DE LA HAUTE SARTHE 2025<\/a><\/p>\t\t\t\t\t\t\t\t<\/div>\n\t\t\t\t<\/div>\n\t\t<div class=\"elementor-element elementor-element-ef283cc e-con-full e-flex e-con e-child\" data-id=\"ef283cc\" data-element_type=\"container\" data-settings=\"{&quot;background_background&quot;:&quot;classic&quot;}\">\n\t\t\t\t<div class=\"elementor-element elementor-element-e1c0fe2 elementor-widget elementor-widget-text-editor\" data-id=\"e1c0fe2\" data-element_type=\"widget\" data-widget_type=\"text-editor.default\">\n\t\t\t\t<div class=\"elementor-widget-container\">\n\t\t\t\t\t\t\t\t\t<p style=\"font-size: 16px;\"><span style=\"font-weight: bold;\"><span style=\"font-size: 13.5pt;\">BEWARE OF FRAUD !<\/span><\/span><\/p><p style=\"font-size: 16px;\"><span style=\"font-weight: bold;\">Soliha Territoires in Normandy is the sole point of contact for\u00a0<u>commissioned<\/u>\u00a0by the CC de la\u00a0<\/span><span style=\"background-color: transparent; letter-spacing: 0px; font-weight: bold;\">Vall\u00e9e de la Haute Sarthe as part of the OPAH<\/span><span style=\"font-size: 12pt; background-color: transparent; font-weight: var( --e-global-typography-text-font-weight ); letter-spacing: 0px;\">.<\/span><\/p><p style=\"font-size: 16px;\"><span style=\"font-size: 12pt;\">This means that\u00a0<span style=\"font-weight: bold;\">if you do not apply to Soliha for a subsidy, you will not be eligible for assistance under the OPAH of the CC de la Vall\u00e9e de la Haute Sarthe.<\/span>.<\/span><\/p><p style=\"font-size: 16px;\"><span style=\"font-size: 12pt;\">We would also like to remind you that neither Soliha nor Anah canvass for work :\u00a0<span style=\"font-weight: bold;\">under no circumstances can a company claim to be from Anah, a public service or Soliha in order to approach you<\/span>. Soliha will contact you\u00a0<span style=\"font-weight: bold;\">if and only if<\/span>\u00a0you have asked to be put in touch by leaving your contact details.<\/span><\/p>\t\t\t\t\t\t\t\t<\/div>\n\t\t\t\t<\/div>\n\t\t\t\t<\/div>\n\t\t\t\t<div class=\"elementor-element elementor-element-6e91b4f elementor-widget elementor-widget-text-editor\" data-id=\"6e91b4f\" data-element_type=\"widget\" data-widget_type=\"text-editor.default\">\n\t\t\t\t<div class=\"elementor-widget-container\">\n\t\t\t\t\t\t\t\t\t<p><span style=\"font-weight: bolder;\">Why a new OPAH in the CC of the Vall\u00e9e de la Haute Sarthe?<\/span><\/p><p>Gr\u00e2ce \u00e0 l\u2019engagement des \u00e9lus, le territoire a b\u00e9n\u00e9fici\u00e9 de plusieurs OPAH ces 20 derni\u00e8res ann\u00e9es. Une \u00e9tude r\u00e9alis\u00e9e \u00e0 l\u2019automne 2022 a montr\u00e9 que des besoins d\u2019am\u00e9lioration des logements priv\u00e9s persistaient sur le territoire. C\u2019est pourquoi, il a \u00e9t\u00e9 d\u00e9cid\u00e9 de lancer une nouvelle op\u00e9ration pour permettre aux habitants de vivre dans des logements sains, confortables et \u00e9conomes en \u00e9nergie, dynamiser l\u2019activit\u00e9 des artisans et valoriser le patrimoine b\u00e2ti.<\/p><p>L\u2019objectif est de traiter 125 dossiers sur 5 ans.<\/p><p>A total of \u20ac1,477,645 has been earmarked for this purpose.\u00a0<\/p><p><span style=\"font-weight: bolder;\">Who can benefit ?<\/span><\/p><p>All owners of a home over 15 years old that they occupy as their main residence in one of the 31 communes of the CC of the Vall\u00e9e de la Haute Sarthe are potentially eligible. In addition, they must not exceed a certain income level, which varies according to the number of occupants in the property.<\/p><p>Landlords who rent out their property are also eligible, but under more restrictive conditions.\u00a0<\/p><p><span style=\"font-weight: bolder;\">To check your eligibility, please contact Soliha to arrange a meeting.<\/span><\/p><p><span style=\"font-weight: bolder;\">What are the benefits ?<\/span><\/p><p>Eligible owner-occupiers can obtain assistance from the Anah using funds earmarked for the CC VHS OPAH. Depending on the case, this aid may be supplemented by other aid (from the Normandy region, the Orne department, the Vall\u00e9e de la Haute Sarthe community of municipalities, pension funds, etc.), making it possible to obtain up to 80% aid.<\/p><p>Eligible landlords can also obtain assistance.<\/p><p>Eligible households will also benefit from\u00a0<span style=\"font-weight: bolder;\">administrative support<\/span>\u00a0(to collect the administrative documents needed to submit aid applications) and\u00a0<span style=\"font-weight: bolder;\">technical support<\/span>\u00a0: a visit will be scheduled by a technician from Soliha Territoires en Normandie. This specialist will carry out a full diagnosis of the property and\u00a0<span style=\"font-weight: bolder;\">advise\u00a0<\/span>the people concerned on the most appropriate\u00a0<span style=\"font-weight: bolder;\">work to be carried out.<\/span>. For energy-saving work, he will also carry out a thermal study including an estimate of the home's energy consumption before and after the work.<\/p><p><span style=\"font-weight: bolder;\">What work is eligible?<\/span><\/p><p>Priority will be given to all work aimed at saving energy: insulation, changing the heating system, replacing joinery, etc. The second priority of the scheme is to enable people who are losing their independence to remain at home. All work to make homes accessible inside and out is therefore eligible (bathroom adaptations, stairlifts, home access, etc.). The final objective is to enable homeowners in very run-down properties to carry out work to bring their homes up to standard.<\/p><p>Ineligible expenses include (but are not limited to): embellishment work, work to bring sewage systems up to standard, etc.<\/p><p><span style=\"font-weight: bolder;\">Quotes and companies :\u00a0<\/span>only companies entered in the commercial register can be consulted.<\/p><p><span style=\"font-weight: bolder;\">WARNING ! :\u00a0<\/span>the work must not start before the application has been approved. You then have 1 year to start the work, which must be completed within 3 years.<\/p>\t\t\t\t\t\t\t\t<\/div>\n\t\t\t\t<\/div>\n\t\t\t\t<div class=\"elementor-element elementor-element-d29f7fb elementor-align-center elementor-icon-list--layout-traditional elementor-list-item-link-full_width elementor-widget elementor-widget-icon-list\" data-id=\"d29f7fb\" data-element_type=\"widget\" data-widget_type=\"icon-list.default\">\n\t\t\t\t<div class=\"elementor-widget-container\">\n\t\t\t\t\t\t\t<ul class=\"elementor-icon-list-items\">\n\t\t\t\t\t\t\t<li class=\"elementor-icon-list-item\">\n\t\t\t\t\t\t\t\t\t\t<span class=\"elementor-icon-list-text\">External links : <\/span>\n\t\t\t\t\t\t\t\t\t<\/li>\n\t\t\t\t\t\t<\/ul>\n\t\t\t\t\t\t<\/div>\n\t\t\t\t<\/div>\n\t\t\t\t<div class=\"elementor-element elementor-element-0b5052e elementor-align-justify elementor-widget elementor-widget-button\" data-id=\"0b5052e\" data-element_type=\"widget\" data-widget_type=\"button.default\">\n\t\t\t\t<div class=\"elementor-widget-container\">\n\t\t\t\t\t\t\t\t\t<div class=\"elementor-button-wrapper\">\n\t\t\t\t\t<a class=\"elementor-button elementor-button-link elementor-size-sm\" href=\"http:\/\/www.solihanormandie.fr\/programmes-dam%C3%A9lioration-de-lhabitat\">\n\t\t\t\t\t\t<span class=\"elementor-button-content-wrapper\">\n\t\t\t\t\t\t\t\t\t<span class=\"elementor-button-text\">SOLIHA<\/span>\n\t\t\t\t\t<\/span>\n\t\t\t\t\t<\/a>\n\t\t\t\t<\/div>\n\t\t\t\t\t\t\t\t<\/div>\n\t\t\t\t<\/div>\n\t\t\t\t<\/div>\n\t\t<div class=\"elementor-element elementor-element-71ffc7e e-con-full e-flex e-con e-child\" data-id=\"71ffc7e\" data-element_type=\"container\">\n\t\t\t\t<div class=\"elementor-element elementor-element-af8d7a8 elementor-icon-list--layout-traditional elementor-list-item-link-full_width elementor-widget elementor-widget-icon-list\" data-id=\"af8d7a8\" data-element_type=\"widget\" data-widget_type=\"icon-list.default\">\n\t\t\t\t<div class=\"elementor-widget-container\">\n\t\t\t\t\t\t\t<ul class=\"elementor-icon-list-items\">\n\t\t\t\t\t\t\t<li class=\"elementor-icon-list-item\">\n\t\t\t\t\t\t\t\t\t\t<span class=\"elementor-icon-list-text\"><strong> Contact :  <\/strong><br><\/span>\n\t\t\t\t\t\t\t\t\t<\/li>\n\t\t\t\t\t\t\t\t<li class=\"elementor-icon-list-item\">\n\t\t\t\t\t\t\t\t\t\t\t<span class=\"elementor-icon-list-icon\">\n\t\t\t\t\t\t\t<svg aria-hidden=\"true\" class=\"e-font-icon-svg e-fas-user\" viewbox=\"0 0 448 512\" xmlns=\"http:\/\/www.w3.org\/2000\/svg\"><path d=\"M224 256c70.7 0 128-57.3 128-128S294.7 0 224 0 96 57.3 96 128s57.3 128 128 128zm89.6 32h-16.7c-22.2 10.2-46.9 16-72.9 16s-50.6-5.8-72.9-16h-16.7C60.2 288 0 348.2 0 422.4V464c0 26.5 21.5 48 48 48h352c26.5 0 48-21.5 48-48v-41.6c0-74.2-60.2-134.4-134.4-134.4z\"><\/path><\/svg>\t\t\t\t\t\t<\/span>\n\t\t\t\t\t\t\t\t\t\t<span class=\"elementor-icon-list-text\">SOLIHA Territoires en Normandie<\/span>\n\t\t\t\t\t\t\t\t\t<\/li>\n\t\t\t\t\t\t\t\t<li class=\"elementor-icon-list-item\">\n\t\t\t\t\t\t\t\t\t\t\t<span class=\"elementor-icon-list-icon\">\n\t\t\t\t\t\t\t<svg aria-hidden=\"true\" class=\"e-font-icon-svg e-fas-phone\" viewbox=\"0 0 512 512\" xmlns=\"http:\/\/www.w3.org\/2000\/svg\"><path d=\"M493.4 24.6l-104-24c-11.3-2.6-22.9 3.3-27.5 13.9l-48 112c-4.2 9.8-1.4 21.3 6.9 28l60.6 49.6c-36 76.7-98.9 140.5-177.2 177.2l-49.6-60.6c-6.8-8.3-18.2-11.1-28-6.9l-112 48C3.9 366.5-2 378.1.6 389.4l24 104C27.1 504.2 36.7 512 48 512c256.1 0 464-207.5 464-464 0-11.2-7.7-20.9-18.6-23.4z\"><\/path><\/svg>\t\t\t\t\t\t<\/span>\n\t\t\t\t\t\t\t\t\t\t<span class=\"elementor-icon-list-text\">02 31 86 70 50 <\/span>\n\t\t\t\t\t\t\t\t\t<\/li>\n\t\t\t\t\t\t\t\t<li class=\"elementor-icon-list-item\">\n\t\t\t\t\t\t\t\t\t\t\t<span class=\"elementor-icon-list-icon\">\n\t\t\t\t\t\t\t<svg aria-hidden=\"true\" class=\"e-font-icon-svg e-fas-phone\" viewbox=\"0 0 512 512\" xmlns=\"http:\/\/www.w3.org\/2000\/svg\"><path d=\"M493.4 24.6l-104-24c-11.3-2.6-22.9 3.3-27.5 13.9l-48 112c-4.2 9.8-1.4 21.3 6.9 28l60.6 49.6c-36 76.7-98.9 140.5-177.2 177.2l-49.6-60.6c-6.8-8.3-18.2-11.1-28-6.9l-112 48C3.9 366.5-2 378.1.6 389.4l24 104C27.1 504.2 36.7 512 48 512c256.1 0 464-207.5 464-464 0-11.2-7.7-20.9-18.6-23.4z\"><\/path><\/svg>\t\t\t\t\t\t<\/span>\n\t\t\t\t\t\t\t\t\t\t<span class=\"elementor-icon-list-text\">06 88 24 51 81<\/span>\n\t\t\t\t\t\t\t\t\t<\/li>\n\t\t\t\t\t\t\t\t<li class=\"elementor-icon-list-item\">\n\t\t\t\t\t\t\t\t\t\t\t<span class=\"elementor-icon-list-icon\">\n\t\t\t\t\t\t\t<svg aria-hidden=\"true\" class=\"e-font-icon-svg e-fas-envelope-open-text\" viewbox=\"0 0 512 512\" xmlns=\"http:\/\/www.w3.org\/2000\/svg\"><path d=\"M176 216h160c8.84 0 16-7.16 16-16v-16c0-8.84-7.16-16-16-16H176c-8.84 0-16 7.16-16 16v16c0 8.84 7.16 16 16 16zm-16 80c0 8.84 7.16 16 16 16h160c8.84 0 16-7.16 16-16v-16c0-8.84-7.16-16-16-16H176c-8.84 0-16 7.16-16 16v16zm96 121.13c-16.42 0-32.84-5.06-46.86-15.19L0 250.86V464c0 26.51 21.49 48 48 48h416c26.51 0 48-21.49 48-48V250.86L302.86 401.94c-14.02 10.12-30.44 15.19-46.86 15.19zm237.61-254.18c-8.85-6.94-17.24-13.47-29.61-22.81V96c0-26.51-21.49-48-48-48h-77.55c-3.04-2.2-5.87-4.26-9.04-6.56C312.6 29.17 279.2-.35 256 0c-23.2-.35-56.59 29.17-73.41 41.44-3.17 2.3-6 4.36-9.04 6.56H96c-26.51 0-48 21.49-48 48v44.14c-12.37 9.33-20.76 15.87-29.61 22.81A47.995 47.995 0 0 0 0 200.72v10.65l96 69.35V96h320v184.72l96-69.35v-10.65c0-14.74-6.78-28.67-18.39-37.77z\"><\/path><\/svg>\t\t\t\t\t\t<\/span>\n\t\t\t\t\t\t\t\t\t\t<span class=\"elementor-icon-list-text\">contact@solihanormandie.fr<\/span>\n\t\t\t\t\t\t\t\t\t<\/li>\n\t\t\t\t\t\t<\/ul>\n\t\t\t\t\t\t<\/div>\n\t\t\t\t<\/div>\n\t\t\t\t<\/div>\n\t\t\t\t<\/div>\n\t\t\t\t<\/div>\n\t\t\t\t<\/div>\n\t\t\t\t\t<\/div>\n\t\t\t\t<\/div>\n\t\t\t\t<\/div>","protected":false},"excerpt":{"rendered":"<p>R\u00e9novation de votre habitat : quelles aides possibles ? Op\u00e9ration Programm\u00e9e d&rsquo;Am\u00e9lioration de l&rsquo;Habitat : OPAH 2023-2028. La CC de la Vall\u00e9e de la Haute Sarthe a lanc\u00e9 une nouvelle Op\u00e9ration Programm\u00e9e d\u2019Am\u00e9lioration de l\u2019Habitat (OPAH) \u00e0 partir du 1er septembre 2023.\u00a0 Elle a pour but d\u2019accompagner les propri\u00e9taires de logements priv\u00e9s qui souhaitent r\u00e9aliser [&hellip;]<\/p>","protected":false},"author":1,"featured_media":0,"parent":0,"menu_order":0,"comment_status":"closed","ping_status":"closed","template":"","meta":{"_acf_changed":false,"footnotes":""},"class_list":["post-175","page","type-page","status-publish","hentry"],"acf":[],"_links":{"self":[{"href":"https:\/\/ccvhs.fr\/en\/wp-json\/wp\/v2\/pages\/175","targetHints":{"allow":["GET"]}}],"collection":[{"href":"https:\/\/ccvhs.fr\/en\/wp-json\/wp\/v2\/pages"}],"about":[{"href":"https:\/\/ccvhs.fr\/en\/wp-json\/wp\/v2\/types\/page"}],"author":[{"embeddable":true,"href":"https:\/\/ccvhs.fr\/en\/wp-json\/wp\/v2\/users\/1"}],"replies":[{"embeddable":true,"href":"https:\/\/ccvhs.fr\/en\/wp-json\/wp\/v2\/comments?post=175"}],"version-history":[{"count":0,"href":"https:\/\/ccvhs.fr\/en\/wp-json\/wp\/v2\/pages\/175\/revisions"}],"wp:attachment":[{"href":"https:\/\/ccvhs.fr\/en\/wp-json\/wp\/v2\/media?parent=175"}],"curies":[{"name":"wp","href":"https:\/\/api.w.org\/{rel}","templated":true}]}}