{"id":173,"date":"2025-01-28T16:02:55","date_gmt":"2025-01-28T15:02:55","guid":{"rendered":"https:\/\/test.ccvhs.fr\/?page_id=173"},"modified":"2025-10-13T15:22:26","modified_gmt":"2025-10-13T13:22:26","slug":"lotissements","status":"publish","type":"page","link":"https:\/\/ccvhs.fr\/en\/lotissements\/","title":{"rendered":"Allotments"},"content":{"rendered":"<div data-elementor-type=\"wp-page\" data-elementor-id=\"173\" class=\"elementor elementor-173\" data-elementor-post-type=\"page\">\n\t\t\t\t<div class=\"elementor-element elementor-element-1be9b9f e-flex e-con-boxed e-con e-parent\" data-id=\"1be9b9f\" data-element_type=\"container\">\n\t\t\t\t\t<div class=\"e-con-inner\">\n\t\t<div class=\"elementor-element elementor-element-7769297 e-con-full e-flex e-con e-child\" data-id=\"7769297\" data-element_type=\"container\" data-settings=\"{&quot;background_background&quot;:&quot;classic&quot;}\">\n\t\t<div class=\"elementor-element elementor-element-f88dcd2 e-con-full e-flex e-con e-child\" data-id=\"f88dcd2\" data-element_type=\"container\">\n\t\t\t\t<div class=\"elementor-element elementor-element-42e14d9 elementor-widget elementor-widget-heading\" data-id=\"42e14d9\" data-element_type=\"widget\" data-widget_type=\"heading.default\">\n\t\t\t\t<div class=\"elementor-widget-container\">\n\t\t\t\t\t<h2 class=\"elementor-heading-title elementor-size-default\">Lotissement intercommunal<\/h2>\t\t\t\t<\/div>\n\t\t\t\t<\/div>\n\t\t\t\t<\/div>\n\t\t<div class=\"elementor-element elementor-element-07299d7 e-con-full e-flex e-con e-child\" data-id=\"07299d7\" data-element_type=\"container\">\n\t\t<div class=\"elementor-element elementor-element-6cda35e e-grid e-con-full e-con e-child\" data-id=\"6cda35e\" data-element_type=\"container\">\n\t\t\t\t<div class=\"elementor-element elementor-element-14b04ea elementor-flip-box--direction-right elementor-flip-box--effect-flip elementor-widget elementor-widget-flip-box\" data-id=\"14b04ea\" data-element_type=\"widget\" data-widget_type=\"flip-box.default\">\n\t\t\t\t<div class=\"elementor-widget-container\">\n\t\t\t\t\t\t\t<div class=\"elementor-flip-box\" tabindex=\"0\">\n\t\t\t<div class=\"elementor-flip-box__layer elementor-flip-box__front\">\n\t\t\t\t<div class=\"elementor-flip-box__layer__overlay\">\n\t\t\t\t\t<div class=\"elementor-flip-box__layer__inner\">\n\t\t\t\t\t\t\t\t\t\t\t\t\t<div class=\"elementor-flip-box__image\">\n\t\t\t\t\t\t\t\t<img fetchpriority=\"high\" decoding=\"async\" width=\"1536\" height=\"1152\" src=\"https:\/\/ccvhs.fr\/wp-content\/uploads\/2025\/01\/PANNEAU-lot-Marchemaisons-1536x1152-1.jpg\" class=\"attachment-full size-full wp-image-722\" alt=\"\" srcset=\"https:\/\/ccvhs.fr\/wp-content\/uploads\/2025\/01\/PANNEAU-lot-Marchemaisons-1536x1152-1.jpg 1536w, https:\/\/ccvhs.fr\/wp-content\/uploads\/2025\/01\/PANNEAU-lot-Marchemaisons-1536x1152-1-300x225.jpg 300w, https:\/\/ccvhs.fr\/wp-content\/uploads\/2025\/01\/PANNEAU-lot-Marchemaisons-1536x1152-1-1024x768.jpg 1024w, https:\/\/ccvhs.fr\/wp-content\/uploads\/2025\/01\/PANNEAU-lot-Marchemaisons-1536x1152-1-768x576.jpg 768w, https:\/\/ccvhs.fr\/wp-content\/uploads\/2025\/01\/PANNEAU-lot-Marchemaisons-1536x1152-1-16x12.jpg 16w\" sizes=\"(max-width: 1536px) 100vw, 1536px\" \/>\t\t\t\t\t\t\t<\/div>\n\t\t\t\t\t\t\n\t\t\t\t\t\t\t\t\t\t\t\t\t<h3 class=\"elementor-flip-box__layer__title\">\n\t\t\t\t\t\t\t\t<p class=\"title_flip_left\">MARCHEMAISONS<\/p>\t\t\t\t\t\t\t<\/h3>\n\t\t\t\t\t\t\n\t\t\t\t\t\t\t\t\t\t\t\t\t<div class=\"elementor-flip-box__layer__description\">\n\t\t\t\t\t\t\t\t\n<div class=\"text_body_flip_left\">\n\t\n\tIntercommunal housing estate \u2018Les champs de la vie\u2019 : <br><br>\n\t\t\t<div>Come and enjoy the charm and tranquillity of country living. This development is located in the heart of the village, close to the Bourse national forest and 5 km from all amenities (school, cr\u00e8che, leisure centre) and shops.\n\t<\/div>\n\t\t\n<\/div>\n\t\t\t\t\t\t\t<\/div>\n\t\t\t\t\t\t\t\t\t\t\t<\/div>\n\t\t\t\t<\/div>\n\t\t\t<\/div>\n\t\t\t<div class=\"elementor-flip-box__layer elementor-flip-box__back\">\n\t\t\t<div class=\"elementor-flip-box__layer__overlay\">\n\t\t\t\t<div class=\"elementor-flip-box__layer__inner\">\n\t\t\t\t\t\n\t\t\t\t\t\t\t\t\t\t\t<div class=\"elementor-flip-box__layer__description\">\n\t\t\t\t\t\t\t<ul>\n\t<li><strong>Price :<\/strong> 26,10 \u20ac \/ m\u00b2<\/li>\n<br>\n\t<li><strong>Surface area of parcels :<\/strong> de 988 \u00e0 1 492 m\u00b2<\/li>\n<br>\n\t<li> 6 parcelles sont disponibles <\/li>\n\t\n<br>\n<strong>For further information, please contact our local authority :<\/strong>\n\n\t<\/li>\n\n\t<li>02 33 27 61 02<\/li>\n\t<li>contact@ccvhs.fr<\/li>\n<\/ul>\n\t\t\t\t\t\t<\/div>\n\t\t\t\t\t\n\t\t\t\t\t\t\t\t<\/div>\n\t\t<\/div>\n\t\t<\/div>\n\t\t<\/div>\n\t\t\t\t\t\t<\/div>\n\t\t\t\t<\/div>\n\t\t\t\t<div class=\"elementor-element elementor-element-cde9a28 elementor-flip-box--direction-right elementor-flip-box--effect-flip elementor-widget elementor-widget-flip-box\" data-id=\"cde9a28\" data-element_type=\"widget\" data-widget_type=\"flip-box.default\">\n\t\t\t\t<div class=\"elementor-widget-container\">\n\t\t\t\t\t\t\t<div class=\"elementor-flip-box\" tabindex=\"0\">\n\t\t\t<div class=\"elementor-flip-box__layer elementor-flip-box__front\">\n\t\t\t\t<div class=\"elementor-flip-box__layer__overlay\">\n\t\t\t\t\t<div class=\"elementor-flip-box__layer__inner\">\n\t\t\t\t\t\t\t\t\t\t\t\t\t<div class=\"elementor-flip-box__image\">\n\t\t\t\t\t\t\t\t<img decoding=\"async\" width=\"23622\" height=\"17717\" src=\"https:\/\/ccvhs.fr\/wp-content\/uploads\/2025\/01\/PANNEAU-ste-leger.jpg\" class=\"attachment-full size-full wp-image-724\" alt=\"\" \/>\t\t\t\t\t\t\t<\/div>\n\t\t\t\t\t\t\n\t\t\t\t\t\t\t\t\t\t\t\t\t<h3 class=\"elementor-flip-box__layer__title\">\n\t\t\t\t\t\t\t\t<p class=\"title_flip_right\">SAINT-L\u00c9GER-SUR-SARTHE<\/p>\t\t\t\t\t\t\t<\/h3>\n\t\t\t\t\t\t\n\t\t\t\t\t\t\t\t\t\t\t\t\t<div class=\"elementor-flip-box__layer__description\">\n\t\t\t\t\t\t\t\t\n<div class=\"text_body_flip_right\">\n\t\n\t\"Les Clair\u00e9s\" intercommunal housing estate : \t<br><br>\n\t\t\t<div>Come and enjoy this charming development, set in unspoilt countryside, less than 3 km from services (school, cr\u00e8che and leisure centre) and shops. \nClose to the N12 motorway.\n\t<\/div>\n\t\t\n<\/div>\t\t\t\t\t\t\t<\/div>\n\t\t\t\t\t\t\t\t\t\t\t<\/div>\n\t\t\t\t<\/div>\n\t\t\t<\/div>\n\t\t\t<div class=\"elementor-flip-box__layer elementor-flip-box__back\">\n\t\t\t<div class=\"elementor-flip-box__layer__overlay\">\n\t\t\t\t<div class=\"elementor-flip-box__layer__inner\">\n\t\t\t\t\t\n\t\t\t\t\t\t\t\t\t\t\t<div class=\"elementor-flip-box__layer__description\">\n\t\t\t\t\t\t\t<ul>\n\t<li><strong>Price : <\/strong>26,10 \u20ac \/ m\u00b2<\/li>\n<br>\n\t<li><strong>Surface area of parcels : <\/strong>de 1 199 \u00e0 2 021 m\u00b2<\/li>\n<br>\n\t<li>7 parcels<\/li>\n<br>\n\t<li>\n\t\t<strong>For further information, please contact our local authority :<\/strong>\n\t<\/li>\n\t<li>02 33 27 61 02<\/li>\n\t<li>contact@ccvhs.fr<\/li>\n<\/ul>\t\t\t\t\t\t<\/div>\n\t\t\t\t\t\n\t\t\t\t\t\t\t\t<\/div>\n\t\t<\/div>\n\t\t<\/div>\n\t\t<\/div>\n\t\t\t\t\t\t<\/div>\n\t\t\t\t<\/div>\n\t\t\t\t<div class=\"elementor-element elementor-element-3fde0f8 elementor-flip-box--direction-right elementor-flip-box--effect-flip elementor-widget elementor-widget-flip-box\" data-id=\"3fde0f8\" data-element_type=\"widget\" data-widget_type=\"flip-box.default\">\n\t\t\t\t<div class=\"elementor-widget-container\">\n\t\t\t\t\t\t\t<div class=\"elementor-flip-box\" tabindex=\"0\">\n\t\t\t<div class=\"elementor-flip-box__layer elementor-flip-box__front\">\n\t\t\t\t<div class=\"elementor-flip-box__layer__overlay\">\n\t\t\t\t\t<div class=\"elementor-flip-box__layer__inner\">\n\t\t\t\t\t\t\t\t\t\t\t\t\t<div class=\"elementor-flip-box__image\">\n\t\t\t\t\t\t\t\t<img decoding=\"async\" width=\"768\" height=\"576\" src=\"https:\/\/ccvhs.fr\/wp-content\/uploads\/2025\/01\/PANNEAU2-768x576-1.jpg\" class=\"attachment-full size-full wp-image-725\" alt=\"\" srcset=\"https:\/\/ccvhs.fr\/wp-content\/uploads\/2025\/01\/PANNEAU2-768x576-1.jpg 768w, https:\/\/ccvhs.fr\/wp-content\/uploads\/2025\/01\/PANNEAU2-768x576-1-300x225.jpg 300w, https:\/\/ccvhs.fr\/wp-content\/uploads\/2025\/01\/PANNEAU2-768x576-1-16x12.jpg 16w\" sizes=\"(max-width: 768px) 100vw, 768px\" \/>\t\t\t\t\t\t\t<\/div>\n\t\t\t\t\t\t\n\t\t\t\t\t\t\t\t\t\t\t\t\t<h3 class=\"elementor-flip-box__layer__title\">\n\t\t\t\t\t\t\t\t<p class=\"title_flip_right\">NEUILLY-LE-BISSON<\/p>\t\t\t\t\t\t\t<\/h3>\n\t\t\t\t\t\t\n\t\t\t\t\t\t\t\t\t\t\t\t\t<div class=\"elementor-flip-box__layer__description\">\n\t\t\t\t\t\t\t\t\n<div class=\"text_body_flip_right\">\n\t\n\tIntercommunal housing estate \"Les Courci\u00e8res\" : \t<br><br>\n\t\t\t<div>Come and enjoy this charming development in the countryside less than 10 minutes from Alen\u00e7on.\n\t<\/div>\n\t\t\n<\/div>\t\t\t\t\t\t\t<\/div>\n\t\t\t\t\t\t\t\t\t\t\t<\/div>\n\t\t\t\t<\/div>\n\t\t\t<\/div>\n\t\t\t<div class=\"elementor-flip-box__layer elementor-flip-box__back\">\n\t\t\t<div class=\"elementor-flip-box__layer__overlay\">\n\t\t\t\t<div class=\"elementor-flip-box__layer__inner\">\n\t\t\t\t\t\n\t\t\t\t\t\t\t\t\t\t\t<div class=\"elementor-flip-box__layer__description\">\n\t\t\t\t\t\t\t<ul>\n\t<li><strong>Price : <\/strong>35 \u20ac TTC\/ m\u00b2<\/li>\n<br>\n\t<li><strong>Surface area of parcels : <\/strong>de 743 \u00e0 1 028 m\u00b2<\/li>\n<br>\n\t<li>9 parcels<\/li>\n<br> \n\t<li>\n\t\t<strong>For further information, please contact our local authority :<\/strong>\n\t<\/li>\n\t<li>02 33 27 61 02<\/li>\n\t<li>contact@ccvhs.fr<\/li>\n<\/ul>\t\t\t\t\t\t<\/div>\n\t\t\t\t\t\n\t\t\t\t\t\t\t\t<\/div>\n\t\t<\/div>\n\t\t<\/div>\n\t\t<\/div>\n\t\t\t\t\t\t<\/div>\n\t\t\t\t<\/div>\n\t\t\t\t<\/div>\n\t\t\t\t<\/div>\n\t\t\t\t<\/div>\n\t\t\t\t\t<\/div>\n\t\t\t\t<\/div>\n\t\t\t\t<\/div>","protected":false},"excerpt":{"rendered":"<p>Lotissement intercommunal MARCHEMAISONS Lotissement intercommunal \u00ab\u00a0Les champs de la vie\u00a0\u00bb : Venez profiter du charme et du calme de la vie \u00e0 la campagne. Ce lotissement est situ\u00e9 en c\u0153ur de bourg, proche de la for\u00eat domaniale de Bourse et \u00e0 5 km de tous les services (\u00e9cole, cr\u00e8che, centre de loisirs) et commerces. Tarif [&hellip;]<\/p>","protected":false},"author":1,"featured_media":0,"parent":0,"menu_order":0,"comment_status":"closed","ping_status":"closed","template":"","meta":{"_acf_changed":false,"footnotes":""},"class_list":["post-173","page","type-page","status-publish","hentry"],"acf":[],"_links":{"self":[{"href":"https:\/\/ccvhs.fr\/en\/wp-json\/wp\/v2\/pages\/173","targetHints":{"allow":["GET"]}}],"collection":[{"href":"https:\/\/ccvhs.fr\/en\/wp-json\/wp\/v2\/pages"}],"about":[{"href":"https:\/\/ccvhs.fr\/en\/wp-json\/wp\/v2\/types\/page"}],"author":[{"embeddable":true,"href":"https:\/\/ccvhs.fr\/en\/wp-json\/wp\/v2\/users\/1"}],"replies":[{"embeddable":true,"href":"https:\/\/ccvhs.fr\/en\/wp-json\/wp\/v2\/comments?post=173"}],"version-history":[{"count":0,"href":"https:\/\/ccvhs.fr\/en\/wp-json\/wp\/v2\/pages\/173\/revisions"}],"wp:attachment":[{"href":"https:\/\/ccvhs.fr\/en\/wp-json\/wp\/v2\/media?parent=173"}],"curies":[{"name":"wp","href":"https:\/\/api.w.org\/{rel}","templated":true}]}}