{"id":147,"date":"2025-01-28T15:58:35","date_gmt":"2025-01-28T14:58:35","guid":{"rendered":"https:\/\/test.ccvhs.fr\/?page_id=147"},"modified":"2025-10-02T14:50:34","modified_gmt":"2025-10-02T12:50:34","slug":"agences-postales","status":"publish","type":"page","link":"https:\/\/ccvhs.fr\/en\/agences-postales\/","title":{"rendered":"Postal agencies"},"content":{"rendered":"<div data-elementor-type=\"wp-page\" data-elementor-id=\"147\" class=\"elementor elementor-147\" data-elementor-post-type=\"page\">\n\t\t\t\t<div class=\"elementor-element elementor-element-bb22f0f e-flex e-con-boxed e-con e-parent\" data-id=\"bb22f0f\" data-element_type=\"container\">\n\t\t\t\t\t<div class=\"e-con-inner\">\n\t\t<div class=\"elementor-element elementor-element-a4057d7 e-con-full e-flex e-con e-child\" data-id=\"a4057d7\" data-element_type=\"container\" data-settings=\"{&quot;background_background&quot;:&quot;classic&quot;}\">\n\t\t<div class=\"elementor-element elementor-element-9753c51 e-con-full e-flex e-con e-child\" data-id=\"9753c51\" data-element_type=\"container\">\n\t\t\t\t<div class=\"elementor-element elementor-element-75c7508 elementor-widget elementor-widget-heading\" data-id=\"75c7508\" data-element_type=\"widget\" data-widget_type=\"heading.default\">\n\t\t\t\t<div class=\"elementor-widget-container\">\n\t\t\t\t\t<h2 class=\"elementor-heading-title elementor-size-default\">Agences postales intercommunales<\/h2>\t\t\t\t<\/div>\n\t\t\t\t<\/div>\n\t\t<div class=\"elementor-element elementor-element-f4bb0a2 e-grid e-con-full e-con e-child\" data-id=\"f4bb0a2\" data-element_type=\"container\">\n\t\t\t\t<div class=\"elementor-element elementor-element-bdd42c7 elementor-flip-box--direction-right elementor-flip-box--effect-flip elementor-widget elementor-widget-flip-box\" data-id=\"bdd42c7\" data-element_type=\"widget\" data-widget_type=\"flip-box.default\">\n\t\t\t\t<div class=\"elementor-widget-container\">\n\t\t\t\t\t\t\t<div class=\"elementor-flip-box\" tabindex=\"0\">\n\t\t\t<div class=\"elementor-flip-box__layer elementor-flip-box__front\">\n\t\t\t\t<div class=\"elementor-flip-box__layer__overlay\">\n\t\t\t\t\t<div class=\"elementor-flip-box__layer__inner\">\n\t\t\t\t\t\t\t\t\t\t\t\t\t<div class=\"elementor-flip-box__image\">\n\t\t\t\t\t\t\t\t<img fetchpriority=\"high\" decoding=\"async\" width=\"567\" height=\"425\" src=\"https:\/\/ccvhs.fr\/wp-content\/uploads\/2025\/01\/la-poste.jpg\" class=\"attachment-full size-full wp-image-643\" alt=\"\" srcset=\"https:\/\/ccvhs.fr\/wp-content\/uploads\/2025\/01\/la-poste.jpg 567w, https:\/\/ccvhs.fr\/wp-content\/uploads\/2025\/01\/la-poste-300x225.jpg 300w, https:\/\/ccvhs.fr\/wp-content\/uploads\/2025\/01\/la-poste-16x12.jpg 16w\" sizes=\"(max-width: 567px) 100vw, 567px\" \/>\t\t\t\t\t\t\t<\/div>\n\t\t\t\t\t\t\n\t\t\t\t\t\t\t\t\t\t\t\t\t<h3 class=\"elementor-flip-box__layer__title\">\n\t\t\t\t\t\t\t\t<p class=\"title_flip_left\">Intercommunal postal agency<\/p>\t\t\t\t\t\t\t<\/h3>\n\t\t\t\t\t\t\n\t\t\t\t\t\t\t\t\t\t\t\t\t<div class=\"elementor-flip-box__layer__description\">\n\t\t\t\t\t\t\t\t<div class=\"text_body_flip_left\">\n\t\nPlace Albert Roger<br>\n61390 Courtomer\n\t\t\n<\/div>\t\t\t\t\t\t\t<\/div>\n\t\t\t\t\t\t\t\t\t\t\t<\/div>\n\t\t\t\t<\/div>\n\t\t\t<\/div>\n\t\t\t<div class=\"elementor-flip-box__layer elementor-flip-box__back\">\n\t\t\t<div class=\"elementor-flip-box__layer__overlay\">\n\t\t\t\t<div class=\"elementor-flip-box__layer__inner\">\n\t\t\t\t\t\n\t\t\t\t\t\t\t\t\t\t\t<div class=\"elementor-flip-box__layer__description\">\n\t\t\t\t\t\t\t<b> Horaires d'ouverture : <\/b>\n<br> <br>\n\t\t\nLundi, jeudi : 9h00 \u00e0 12h30 \/ 14h30 \u00e0 17h30\n<br>\nMardi : ferm\u00e9\n<br>\nMercredi, vendredi : 9h00 \u00e0 12h30\n<br>\nSaturday: 9am to 12.45pm\n<br> <br>\n\n02 33 28 53 38\n\t\n\t\t\t\t\t\t<\/div>\n\t\t\t\t\t\n\t\t\t\t\t\t\t\t<\/div>\n\t\t<\/div>\n\t\t<\/div>\n\t\t<\/div>\n\t\t\t\t\t\t<\/div>\n\t\t\t\t<\/div>\n\t\t\t\t<div class=\"elementor-element elementor-element-09b02c8 elementor-flip-box--direction-right elementor-flip-box--effect-flip elementor-widget elementor-widget-flip-box\" data-id=\"09b02c8\" data-element_type=\"widget\" data-widget_type=\"flip-box.default\">\n\t\t\t\t<div class=\"elementor-widget-container\">\n\t\t\t\t\t\t\t<div class=\"elementor-flip-box\" tabindex=\"0\">\n\t\t\t<div class=\"elementor-flip-box__layer elementor-flip-box__front\">\n\t\t\t\t<div class=\"elementor-flip-box__layer__overlay\">\n\t\t\t\t\t<div class=\"elementor-flip-box__layer__inner\">\n\t\t\t\t\t\t\t\t\t\t\t\t\t<div class=\"elementor-flip-box__image\">\n\t\t\t\t\t\t\t\t<img fetchpriority=\"high\" decoding=\"async\" width=\"567\" height=\"425\" src=\"https:\/\/ccvhs.fr\/wp-content\/uploads\/2025\/01\/la-poste.jpg\" class=\"attachment-full size-full wp-image-643\" alt=\"\" srcset=\"https:\/\/ccvhs.fr\/wp-content\/uploads\/2025\/01\/la-poste.jpg 567w, https:\/\/ccvhs.fr\/wp-content\/uploads\/2025\/01\/la-poste-300x225.jpg 300w, https:\/\/ccvhs.fr\/wp-content\/uploads\/2025\/01\/la-poste-16x12.jpg 16w\" sizes=\"(max-width: 567px) 100vw, 567px\" \/>\t\t\t\t\t\t\t<\/div>\n\t\t\t\t\t\t\n\t\t\t\t\t\t\t\t\t\t\t\t\t<h3 class=\"elementor-flip-box__layer__title\">\n\t\t\t\t\t\t\t\t<p class=\"title_flip_left\">Intercommunal postal agency<\/p>\t\t\t\t\t\t\t<\/h3>\n\t\t\t\t\t\t\n\t\t\t\t\t\t\t\t\t\t\t\t\t<div class=\"elementor-flip-box__layer__description\">\n\t\t\t\t\t\t\t\t\n<div class=\"text_body_flip_left\">\n\t\n9 Place de l\u2019\u00c9glise<br>\n61170 Sainte-Scolasse-sur-Sarthe\n\t\t\n<\/div>\t\t\t\t\t\t\t<\/div>\n\t\t\t\t\t\t\t\t\t\t\t<\/div>\n\t\t\t\t<\/div>\n\t\t\t<\/div>\n\t\t\t<div class=\"elementor-flip-box__layer elementor-flip-box__back\">\n\t\t\t<div class=\"elementor-flip-box__layer__overlay\">\n\t\t\t\t<div class=\"elementor-flip-box__layer__inner\">\n\t\t\t\t\t\n\t\t\t\t\t\t\t\t\t\t\t<div class=\"elementor-flip-box__layer__description\">\n\t\t\t\t\t\t\t<b> Horaires d'ouverture : <\/b>\n<br> <br>\nMonday : closed\n<br>\nDu mardi au samedi : 9h30 \u00e0 12h30\n\n<br> <br>\n\n02 33 27 53 46\t\t\t\t\t\t<\/div>\n\t\t\t\t\t\n\t\t\t\t\t\t\t\t<\/div>\n\t\t<\/div>\n\t\t<\/div>\n\t\t<\/div>\n\t\t\t\t\t\t<\/div>\n\t\t\t\t<\/div>\n\t\t\t\t<\/div>\n\t\t\t\t<\/div>\n\t\t\t\t<\/div>\n\t\t\t\t\t<\/div>\n\t\t\t\t<\/div>\n\t\t\t\t<\/div>","protected":false},"excerpt":{"rendered":"<p>Agences postales intercommunales Agence postale Intercommunale Place Albert Roger 61390 Courtomer Horaires d&rsquo;ouverture : Lundi, jeudi : 9h00 \u00e0 12h30 \/ 14h30 \u00e0 17h30 Mardi : ferm\u00e9 Mercredi, vendredi : 9h00 \u00e0 12h30 Samedi : 9h00 \u00e0 12h45 02 33 28 53 38 Agence postale Intercommunale 9 Place de l\u2019\u00c9glise 61170 Sainte-Scolasse-sur-Sarthe Horaires d&rsquo;ouverture : [&hellip;]<\/p>","protected":false},"author":1,"featured_media":0,"parent":0,"menu_order":0,"comment_status":"closed","ping_status":"closed","template":"","meta":{"_acf_changed":false,"footnotes":""},"class_list":["post-147","page","type-page","status-publish","hentry"],"acf":[],"_links":{"self":[{"href":"https:\/\/ccvhs.fr\/en\/wp-json\/wp\/v2\/pages\/147","targetHints":{"allow":["GET"]}}],"collection":[{"href":"https:\/\/ccvhs.fr\/en\/wp-json\/wp\/v2\/pages"}],"about":[{"href":"https:\/\/ccvhs.fr\/en\/wp-json\/wp\/v2\/types\/page"}],"author":[{"embeddable":true,"href":"https:\/\/ccvhs.fr\/en\/wp-json\/wp\/v2\/users\/1"}],"replies":[{"embeddable":true,"href":"https:\/\/ccvhs.fr\/en\/wp-json\/wp\/v2\/comments?post=147"}],"version-history":[{"count":0,"href":"https:\/\/ccvhs.fr\/en\/wp-json\/wp\/v2\/pages\/147\/revisions"}],"wp:attachment":[{"href":"https:\/\/ccvhs.fr\/en\/wp-json\/wp\/v2\/media?parent=147"}],"curies":[{"name":"wp","href":"https:\/\/api.w.org\/{rel}","templated":true}]}}