{"id":1443,"date":"2025-02-13T14:03:39","date_gmt":"2025-02-13T13:03:39","guid":{"rendered":"https:\/\/test.ccvhs.fr\/?page_id=1443"},"modified":"2025-10-07T15:44:53","modified_gmt":"2025-10-07T13:44:53","slug":"billetterie-en-ligne","status":"publish","type":"page","link":"https:\/\/ccvhs.fr\/en\/billetterie-en-ligne\/","title":{"rendered":"Online ticketing"},"content":{"rendered":"<div data-elementor-type=\"wp-page\" data-elementor-id=\"1443\" class=\"elementor elementor-1443\" data-elementor-post-type=\"page\">\n\t\t\t\t<div class=\"elementor-element elementor-element-3743133 e-flex e-con-boxed e-con e-parent\" data-id=\"3743133\" data-element_type=\"container\">\n\t\t\t\t\t<div class=\"e-con-inner\">\n\t\t<div class=\"elementor-element elementor-element-1d3f871 e-con-full e-flex e-con e-child\" data-id=\"1d3f871\" data-element_type=\"container\" data-settings=\"{&quot;background_background&quot;:&quot;classic&quot;}\">\n\t\t<div class=\"elementor-element elementor-element-688c688 e-con-full e-flex e-con e-child\" data-id=\"688c688\" data-element_type=\"container\">\n\t\t\t\t<div class=\"elementor-element elementor-element-b1ba158 elementor-widget elementor-widget-heading\" data-id=\"b1ba158\" data-element_type=\"widget\" data-widget_type=\"heading.default\">\n\t\t\t\t<div class=\"elementor-widget-container\">\n\t\t\t\t\t<h2 class=\"elementor-heading-title elementor-size-default\">Online ticketing<\/h2>\t\t\t\t<\/div>\n\t\t\t\t<\/div>\n\t\t<div class=\"elementor-element elementor-element-addb94e e-con-full e-flex e-con e-child\" data-id=\"addb94e\" data-element_type=\"container\">\n\t\t<div class=\"elementor-element elementor-element-63efe6f e-con-full e-flex e-con e-child\" data-id=\"63efe6f\" data-element_type=\"container\">\n\t\t\t\t<div class=\"elementor-element elementor-element-c61ec01 elementor-widget elementor-widget-image\" data-id=\"c61ec01\" data-element_type=\"widget\" data-widget_type=\"image.default\">\n\t\t\t\t<div class=\"elementor-widget-container\">\n\t\t\t\t\t\t\t\t\t\t\t\t\t\t\t<img fetchpriority=\"high\" decoding=\"async\" width=\"800\" height=\"223\" src=\"https:\/\/ccvhs.fr\/wp-content\/uploads\/2025\/01\/DALLE-DANIEL-ROUAULT.jpg\" class=\"attachment-large size-large wp-image-747\" alt=\"\" srcset=\"https:\/\/ccvhs.fr\/wp-content\/uploads\/2025\/01\/DALLE-DANIEL-ROUAULT.jpg 1021w, https:\/\/ccvhs.fr\/wp-content\/uploads\/2025\/01\/DALLE-DANIEL-ROUAULT-300x83.jpg 300w, https:\/\/ccvhs.fr\/wp-content\/uploads\/2025\/01\/DALLE-DANIEL-ROUAULT-768x214.jpg 768w, https:\/\/ccvhs.fr\/wp-content\/uploads\/2025\/01\/DALLE-DANIEL-ROUAULT-18x5.jpg 18w\" sizes=\"(max-width: 800px) 100vw, 800px\" \/>\t\t\t\t\t\t\t\t\t\t\t\t\t\t\t<\/div>\n\t\t\t\t<\/div>\n\t\t\t\t<div class=\"elementor-element elementor-element-39d6193 elementor-widget elementor-widget-text-editor\" data-id=\"39d6193\" data-element_type=\"widget\" data-widget_type=\"text-editor.default\">\n\t\t\t\t<div class=\"elementor-widget-container\">\n\t\t\t\t\t\t\t\t\t<p>La vente des places se fait :<\/p><ul><li>uniquement en ligne<\/li><li><strong>ou \u00e0 guichet ouvert le jour du spectacle \u00e0 partir de 20h<\/strong><\/li><\/ul><p><strong><br \/><\/strong>Il reste des places, n&rsquo;h\u00e9sitez pas \u00e0 venir !<\/p>\t\t\t\t\t\t\t\t<\/div>\n\t\t\t\t<\/div>\n\t\t\t\t<div class=\"elementor-element elementor-element-7c2e8b7 elementor-widget elementor-widget-text-editor\" data-id=\"7c2e8b7\" data-element_type=\"widget\" data-widget_type=\"text-editor.default\">\n\t\t\t\t<div class=\"elementor-widget-container\">\n\t\t\t\t\t\t\t\t\t<p><a class=\"weezevent-widget-integration\" title=\"Logiciel billetterie en ligne\" href=\"http:\/\/&lt;a title=&quot;Logiciel billetterie en ligne&quot;    href=&quot;https:\/\/weezevent.com\/?c=sys_widget&quot;    class=&quot;weezevent-widget-integration&quot;    data-src=&quot;https:\/\/widget.weezevent.com\/ticket\/E1400358\/?code=70637&amp;locale=fr-FR&amp;width_auto=1&amp;color_primary=00AEEF&quot;    data-width=&quot;650&quot;    data-height=&quot;600&quot;    data-id=&quot;1400358&quot;    data-resize=&quot;1&quot;    data-width_auto=&quot;1&quot;    data-noscroll=&quot;0&quot;    data-use-container=&quot;yes&quot;    data-type=&quot;neo&quot;    target=&quot;_blank&quot;&gt;Billetterie Weezevent&lt;\/a&gt; &lt;script type=&quot;text\/javascript&quot; src=&quot;https:\/\/widget.weezevent.com\/weez.js&quot;&gt;&lt;\/script&gt;\" target=\"_blank\" rel=\"noopener\" data-src=\"https:\/\/www.weezevent.com\/widget_multi.php?240001.1.1.bo\" data-width=\"100%\" data-height=\"100%\" data-id=\"multi\" data-resize=\"1\" data-npb=\"0\" data-width_auto=\"1\" data-wplink-url-error=\"true\">Billetterie Weezevent<\/a><script src=\"https:\/\/www.weezevent.com\/js\/widget\/min\/widget.min.js\" type=\"text\/javascript\"><\/script><\/p>\t\t\t\t\t\t\t\t<\/div>\n\t\t\t\t<\/div>\n\t\t\t\t<\/div>\n\t\t<div class=\"elementor-element elementor-element-47cced7 e-con-full e-flex e-con e-child\" data-id=\"47cced7\" data-element_type=\"container\">\n\t\t\t\t<div class=\"elementor-element elementor-element-cf6e256 elementor-icon-list--layout-traditional elementor-list-item-link-full_width elementor-widget elementor-widget-icon-list\" data-id=\"cf6e256\" data-element_type=\"widget\" data-widget_type=\"icon-list.default\">\n\t\t\t\t<div class=\"elementor-widget-container\">\n\t\t\t\t\t\t\t<ul class=\"elementor-icon-list-items\">\n\t\t\t\t\t\t\t<li class=\"elementor-icon-list-item\">\n\t\t\t\t\t\t\t\t\t\t<span class=\"elementor-icon-list-text\">External links : <\/span>\n\t\t\t\t\t\t\t\t\t<\/li>\n\t\t\t\t\t\t<\/ul>\n\t\t\t\t\t\t<\/div>\n\t\t\t\t<\/div>\n\t\t\t\t<div class=\"elementor-element elementor-element-2b2b314 elementor-align-justify elementor-widget elementor-widget-button\" data-id=\"2b2b314\" data-element_type=\"widget\" data-widget_type=\"button.default\">\n\t\t\t\t<div class=\"elementor-widget-container\">\n\t\t\t\t\t\t\t\t\t<div class=\"elementor-button-wrapper\">\n\t\t\t\t\t<a class=\"elementor-button elementor-button-link elementor-size-sm\" href=\"https:\/\/culture.orne.fr\/\">\n\t\t\t\t\t\t<span class=\"elementor-button-content-wrapper\">\n\t\t\t\t\t\t\t\t\t<span class=\"elementor-button-text\">My outings Culture Orne<\/span>\n\t\t\t\t\t<\/span>\n\t\t\t\t\t<\/a>\n\t\t\t\t<\/div>\n\t\t\t\t\t\t\t\t<\/div>\n\t\t\t\t<\/div>\n\t\t\t\t<div class=\"elementor-element elementor-element-c633104 elementor-align-justify elementor-widget elementor-widget-button\" data-id=\"c633104\" data-element_type=\"widget\" data-widget_type=\"button.default\">\n\t\t\t\t<div class=\"elementor-widget-container\">\n\t\t\t\t\t\t\t\t\t<div class=\"elementor-button-wrapper\">\n\t\t\t\t\t<a class=\"elementor-button elementor-button-link elementor-size-sm\" href=\"https:\/\/culture.orne.fr\/c61-saison-culturelle\">\n\t\t\t\t\t\t<span class=\"elementor-button-content-wrapper\">\n\t\t\t\t\t\t\t\t\t<span class=\"elementor-button-text\">Season C'61<\/span>\n\t\t\t\t\t<\/span>\n\t\t\t\t\t<\/a>\n\t\t\t\t<\/div>\n\t\t\t\t\t\t\t\t<\/div>\n\t\t\t\t<\/div>\n\t\t\t\t<div class=\"elementor-element elementor-element-426b515 elementor-align-justify elementor-widget elementor-widget-button\" data-id=\"426b515\" data-element_type=\"widget\" data-widget_type=\"button.default\">\n\t\t\t\t<div class=\"elementor-widget-container\">\n\t\t\t\t\t\t\t\t\t<div class=\"elementor-button-wrapper\">\n\t\t\t\t\t<a class=\"elementor-button elementor-button-link elementor-size-sm\" href=\"https:\/\/test.ccvhs.fr\/saison-culturelle\/\">\n\t\t\t\t\t\t<span class=\"elementor-button-content-wrapper\">\n\t\t\t\t\t\t\t\t\t<span class=\"elementor-button-text\">Saison Culturelle<\/span>\n\t\t\t\t\t<\/span>\n\t\t\t\t\t<\/a>\n\t\t\t\t<\/div>\n\t\t\t\t\t\t\t\t<\/div>\n\t\t\t\t<\/div>\n\t\t\t\t<\/div>\n\t\t\t\t<\/div>\n\t\t\t\t<\/div>\n\t\t\t\t<\/div>\n\t\t\t\t\t<\/div>\n\t\t\t\t<\/div>\n\t\t\t\t<\/div>","protected":false},"excerpt":{"rendered":"<p>Billetterie en ligne La vente des places se fait : uniquement en ligne ou \u00e0 guichet ouvert le jour du spectacle \u00e0 partir de 20h Il reste des places, n&rsquo;h\u00e9sitez pas \u00e0 venir ! Billetterie Weezevent Liens ext\u00e9rieurs : Mes sorties Culture Orne Saison C&rsquo;61 Saison Culturelle<\/p>","protected":false},"author":1,"featured_media":0,"parent":0,"menu_order":0,"comment_status":"closed","ping_status":"closed","template":"","meta":{"_acf_changed":false,"footnotes":""},"class_list":["post-1443","page","type-page","status-publish","hentry"],"acf":[],"_links":{"self":[{"href":"https:\/\/ccvhs.fr\/en\/wp-json\/wp\/v2\/pages\/1443","targetHints":{"allow":["GET"]}}],"collection":[{"href":"https:\/\/ccvhs.fr\/en\/wp-json\/wp\/v2\/pages"}],"about":[{"href":"https:\/\/ccvhs.fr\/en\/wp-json\/wp\/v2\/types\/page"}],"author":[{"embeddable":true,"href":"https:\/\/ccvhs.fr\/en\/wp-json\/wp\/v2\/users\/1"}],"replies":[{"embeddable":true,"href":"https:\/\/ccvhs.fr\/en\/wp-json\/wp\/v2\/comments?post=1443"}],"version-history":[{"count":0,"href":"https:\/\/ccvhs.fr\/en\/wp-json\/wp\/v2\/pages\/1443\/revisions"}],"wp:attachment":[{"href":"https:\/\/ccvhs.fr\/en\/wp-json\/wp\/v2\/media?parent=1443"}],"curies":[{"name":"wp","href":"https:\/\/api.w.org\/{rel}","templated":true}]}}