{"id":139,"date":"2025-01-28T15:57:41","date_gmt":"2025-01-28T14:57:41","guid":{"rendered":"https:\/\/test.ccvhs.fr\/?page_id=139"},"modified":"2025-04-04T10:01:04","modified_gmt":"2025-04-04T08:01:04","slug":"jeunes-sapeurs-pompiers","status":"publish","type":"page","link":"https:\/\/ccvhs.fr\/en\/jeunes-sapeurs-pompiers\/","title":{"rendered":"Young firefighters"},"content":{"rendered":"<div data-elementor-type=\"wp-page\" data-elementor-id=\"139\" class=\"elementor elementor-139\" data-elementor-post-type=\"page\">\n\t\t\t\t<div class=\"elementor-element elementor-element-84690eb e-flex e-con-boxed e-con e-parent\" data-id=\"84690eb\" data-element_type=\"container\">\n\t\t\t\t\t<div class=\"e-con-inner\">\n\t\t<div class=\"elementor-element elementor-element-62c009e e-con-full e-flex e-con e-child\" data-id=\"62c009e\" data-element_type=\"container\" data-settings=\"{&quot;background_background&quot;:&quot;classic&quot;}\">\n\t\t<div class=\"elementor-element elementor-element-4564ff4 e-con-full e-flex e-con e-child\" data-id=\"4564ff4\" data-element_type=\"container\">\n\t\t\t\t<div class=\"elementor-element elementor-element-aa8de71 elementor-widget elementor-widget-image\" data-id=\"aa8de71\" data-element_type=\"widget\" data-widget_type=\"image.default\">\n\t\t\t\t<div class=\"elementor-widget-container\">\n\t\t\t\t\t\t\t\t\t\t\t\t\t\t\t<img fetchpriority=\"high\" decoding=\"async\" width=\"800\" height=\"193\" src=\"https:\/\/ccvhs.fr\/wp-content\/uploads\/2025\/01\/BANDEAU-JSP.jpg\" class=\"attachment-large size-large wp-image-624\" alt=\"\" srcset=\"https:\/\/ccvhs.fr\/wp-content\/uploads\/2025\/01\/BANDEAU-JSP.jpg 1020w, https:\/\/ccvhs.fr\/wp-content\/uploads\/2025\/01\/BANDEAU-JSP-300x72.jpg 300w, https:\/\/ccvhs.fr\/wp-content\/uploads\/2025\/01\/BANDEAU-JSP-768x185.jpg 768w, https:\/\/ccvhs.fr\/wp-content\/uploads\/2025\/01\/BANDEAU-JSP-18x4.jpg 18w\" sizes=\"(max-width: 800px) 100vw, 800px\" \/>\t\t\t\t\t\t\t\t\t\t\t\t\t\t\t<\/div>\n\t\t\t\t<\/div>\n\t\t\t\t<div class=\"elementor-element elementor-element-b2f2fab elementor-widget elementor-widget-heading\" data-id=\"b2f2fab\" data-element_type=\"widget\" data-widget_type=\"heading.default\">\n\t\t\t\t<div class=\"elementor-widget-container\">\n\t\t\t\t\t<h2 class=\"elementor-heading-title elementor-size-default\">Young firefighters<\/h2>\t\t\t\t<\/div>\n\t\t\t\t<\/div>\n\t\t\t\t<div class=\"elementor-element elementor-element-585671c elementor-widget elementor-widget-heading\" data-id=\"585671c\" data-element_type=\"widget\" data-widget_type=\"heading.default\">\n\t\t\t\t<div class=\"elementor-widget-container\">\n\t\t\t\t\t<h2 class=\"elementor-heading-title elementor-size-default\">Young firefighters of the Pays M\u00ealois<\/h2>\t\t\t\t<\/div>\n\t\t\t\t<\/div>\n\t\t\t\t<div class=\"elementor-element elementor-element-5dd0b3e elementor-widget-divider--view-line elementor-widget elementor-widget-divider\" data-id=\"5dd0b3e\" data-element_type=\"widget\" data-widget_type=\"divider.default\">\n\t\t\t\t<div class=\"elementor-widget-container\">\n\t\t\t\t\t\t\t<div class=\"elementor-divider\">\n\t\t\t<span class=\"elementor-divider-separator\">\n\t\t\t\t\t\t<\/span>\n\t\t<\/div>\n\t\t\t\t\t\t<\/div>\n\t\t\t\t<\/div>\n\t\t<div class=\"elementor-element elementor-element-a589b57 e-con-full e-flex e-con e-child\" data-id=\"a589b57\" data-element_type=\"container\">\n\t\t<div class=\"elementor-element elementor-element-31a7564 e-con-full e-flex e-con e-child\" data-id=\"31a7564\" data-element_type=\"container\">\n\t\t\t\t<div class=\"elementor-element elementor-element-a34bfe6 elementor-widget elementor-widget-text-editor\" data-id=\"a34bfe6\" data-element_type=\"widget\" data-widget_type=\"text-editor.default\">\n\t\t\t\t<div class=\"elementor-widget-container\">\n\t\t\t\t\t\t\t\t\t<p>Training for young firefighters aged 12 to 15.<\/p><p>Manager : Fran\u00e7oise Groutel<\/p><p>06 83 56 00 33<\/p><p>chef.lemele@sdis61.fr<\/p>\t\t\t\t\t\t\t\t<\/div>\n\t\t\t\t<\/div>\n\t\t\t\t<\/div>\n\t\t<div class=\"elementor-element elementor-element-f373611 e-con-full e-flex e-con e-child\" data-id=\"f373611\" data-element_type=\"container\">\n\t\t\t\t<div class=\"elementor-element elementor-element-3cbf2a7 elementor-icon-list--layout-traditional elementor-list-item-link-full_width elementor-widget elementor-widget-icon-list\" data-id=\"3cbf2a7\" data-element_type=\"widget\" data-widget_type=\"icon-list.default\">\n\t\t\t\t<div class=\"elementor-widget-container\">\n\t\t\t\t\t\t\t<ul class=\"elementor-icon-list-items\">\n\t\t\t\t\t\t\t<li class=\"elementor-icon-list-item\">\n\t\t\t\t\t\t\t\t\t\t\t<a href=\"https:\/\/www.facebook.com\/profile.php?id=100081931935283\">\n\n\t\t\t\t\t\t\t\t\t\t\t\t<span class=\"elementor-icon-list-icon\">\n\t\t\t\t\t\t\t<svg aria-hidden=\"true\" class=\"e-font-icon-svg e-fab-facebook-square\" viewbox=\"0 0 448 512\" xmlns=\"http:\/\/www.w3.org\/2000\/svg\"><path d=\"M400 32H48A48 48 0 0 0 0 80v352a48 48 0 0 0 48 48h137.25V327.69h-63V256h63v-54.64c0-62.15 37-96.48 93.67-96.48 27.14 0 55.52 4.84 55.52 4.84v61h-31.27c-30.81 0-40.42 19.12-40.42 38.73V256h68.78l-11 71.69h-57.78V480H400a48 48 0 0 0 48-48V80a48 48 0 0 0-48-48z\"><\/path><\/svg>\t\t\t\t\t\t<\/span>\n\t\t\t\t\t\t\t\t\t\t<span class=\"elementor-icon-list-text\">Facebook : @sapeurs pompier le mele sur sarthe<\/span>\n\t\t\t\t\t\t\t\t\t\t\t<\/a>\n\t\t\t\t\t\t\t\t\t<\/li>\n\t\t\t\t\t\t<\/ul>\n\t\t\t\t\t\t<\/div>\n\t\t\t\t<\/div>\n\t\t\t\t<\/div>\n\t\t\t\t<\/div>\n\t\t\t\t<\/div>\n\t\t\t\t<\/div>\n\t\t\t\t\t<\/div>\n\t\t\t\t<\/div>\n\t\t\t\t<\/div>","protected":false},"excerpt":{"rendered":"<p>Jeunes Sapeurs-Pompiers Jeunes Sapeurs Pompiers du Pays M\u00ealois Formation aux activit\u00e9s de Jeunes Sapeurs Pompiers de 12 \u00e0 15 ans. Responsable : Fran\u00e7oise Groutel 06 83 56 00 33 chef.lemele@sdis61.fr Facebook : @sapeurs pompier le mele sur sarthe<\/p>","protected":false},"author":1,"featured_media":0,"parent":0,"menu_order":0,"comment_status":"closed","ping_status":"closed","template":"","meta":{"_acf_changed":false,"footnotes":""},"class_list":["post-139","page","type-page","status-publish","hentry"],"acf":[],"_links":{"self":[{"href":"https:\/\/ccvhs.fr\/en\/wp-json\/wp\/v2\/pages\/139","targetHints":{"allow":["GET"]}}],"collection":[{"href":"https:\/\/ccvhs.fr\/en\/wp-json\/wp\/v2\/pages"}],"about":[{"href":"https:\/\/ccvhs.fr\/en\/wp-json\/wp\/v2\/types\/page"}],"author":[{"embeddable":true,"href":"https:\/\/ccvhs.fr\/en\/wp-json\/wp\/v2\/users\/1"}],"replies":[{"embeddable":true,"href":"https:\/\/ccvhs.fr\/en\/wp-json\/wp\/v2\/comments?post=139"}],"version-history":[{"count":0,"href":"https:\/\/ccvhs.fr\/en\/wp-json\/wp\/v2\/pages\/139\/revisions"}],"wp:attachment":[{"href":"https:\/\/ccvhs.fr\/en\/wp-json\/wp\/v2\/media?parent=139"}],"curies":[{"name":"wp","href":"https:\/\/api.w.org\/{rel}","templated":true}]}}