{"id":110,"date":"2025-01-28T15:42:04","date_gmt":"2025-01-28T14:42:04","guid":{"rendered":"https:\/\/test.ccvhs.fr\/?page_id=110"},"modified":"2025-10-08T08:25:37","modified_gmt":"2025-10-08T06:25:37","slug":"les-partenariats","status":"publish","type":"page","link":"https:\/\/ccvhs.fr\/en\/les-partenariats\/","title":{"rendered":"Partnerships"},"content":{"rendered":"<div data-elementor-type=\"wp-page\" data-elementor-id=\"110\" class=\"elementor elementor-110\" data-elementor-post-type=\"page\">\n\t\t\t\t<div class=\"elementor-element elementor-element-1cb5518 e-flex e-con-boxed e-con e-parent\" data-id=\"1cb5518\" data-element_type=\"container\">\n\t\t\t\t\t<div class=\"e-con-inner\">\n\t\t<div class=\"elementor-element elementor-element-3c90068 e-con-full e-flex e-con e-child\" data-id=\"3c90068\" data-element_type=\"container\" data-settings=\"{&quot;background_background&quot;:&quot;classic&quot;}\">\n\t\t<div class=\"elementor-element elementor-element-9e95d17 e-con-full e-flex e-con e-child\" data-id=\"9e95d17\" data-element_type=\"container\">\n\t\t\t\t<div class=\"elementor-element elementor-element-d5681c9 elementor-widget elementor-widget-heading\" data-id=\"d5681c9\" data-element_type=\"widget\" data-widget_type=\"heading.default\">\n\t\t\t\t<div class=\"elementor-widget-container\">\n\t\t\t\t\t<h2 class=\"elementor-heading-title elementor-size-default\">Partnerships<\/h2>\t\t\t\t<\/div>\n\t\t\t\t<\/div>\n\t\t<div class=\"elementor-element elementor-element-aeeffef e-con-full e-flex e-con e-child\" data-id=\"aeeffef\" data-element_type=\"container\">\n\t\t<div class=\"elementor-element elementor-element-6305c83 e-con-full e-flex e-con e-child\" data-id=\"6305c83\" data-element_type=\"container\">\n\t\t\t\t<div class=\"elementor-element elementor-element-295dcfc elementor-widget elementor-widget-text-editor\" data-id=\"295dcfc\" data-element_type=\"widget\" data-widget_type=\"text-editor.default\">\n\t\t\t\t<div class=\"elementor-widget-container\">\n\t\t\t\t\t\t\t\t\t<p>The Communaut\u00e9 de Communes de la Vall\u00e9e de la Haute Sarthe has a number of partnerships:<\/p>\t\t\t\t\t\t\t\t<\/div>\n\t\t\t\t<\/div>\n\t\t\t\t<div class=\"elementor-element elementor-element-d0a64fa elementor-widget elementor-widget-heading\" data-id=\"d0a64fa\" data-element_type=\"widget\" data-widget_type=\"heading.default\">\n\t\t\t\t<div class=\"elementor-widget-container\">\n\t\t\t\t\t<h2 class=\"elementor-heading-title elementor-size-default\">Contrat de Relance et de Transition \u00c9cologique (CRTE)<\/h2>\t\t\t\t<\/div>\n\t\t\t\t<\/div>\n\t\t\t\t<div class=\"elementor-element elementor-element-3124286 elementor-widget elementor-widget-text-editor\" data-id=\"3124286\" data-element_type=\"widget\" data-widget_type=\"text-editor.default\">\n\t\t\t\t<div class=\"elementor-widget-container\">\n\t\t\t\t\t\t\t\t\t<p>Apr\u00e8s avoir sign\u00e9 un Contrat de Transition Ecologique en 2019, la communaut\u00e9 de communes de la Vall\u00e9e de la Haute Sarthe a poursuivi dans cette voie en signant un Contrat de Relance et de Transition Ecologique en 2021, ax\u00e9 autour de 5 grandes orientations :<\/p><ul><li>Tourism and mobility<\/li><li>Circular economy<\/li><li>Energy and housing<\/li><li>Agriculture and short circuits<\/li><li>Ecological transformation of water and wastewater services<\/li><\/ul><div>\u00a0<\/div><div><a href=\"https:\/\/acrobat.adobe.com\/id\/urn:aaid:sc:EU:a65d5c9d-2cfb-4585-8663-e6518209ee5d\">CRTE agreement<\/a><\/div>\t\t\t\t\t\t\t\t<\/div>\n\t\t\t\t<\/div>\n\t\t\t\t<div class=\"elementor-element elementor-element-46a7643 elementor-widget elementor-widget-heading\" data-id=\"46a7643\" data-element_type=\"widget\" data-widget_type=\"heading.default\">\n\t\t\t\t<div class=\"elementor-widget-container\">\n\t\t\t\t\t<h2 class=\"elementor-heading-title elementor-size-default\">Small Towns of Tomorrow (STD)<\/h2>\t\t\t\t<\/div>\n\t\t\t\t<\/div>\n\t\t\t\t<div class=\"elementor-element elementor-element-49b3a75 elementor-widget elementor-widget-text-editor\" data-id=\"49b3a75\" data-element_type=\"widget\" data-widget_type=\"text-editor.default\">\n\t\t\t\t<div class=\"elementor-widget-container\">\n\t\t\t\t\t\t\t\t\t<p>En 2021, la commune du M\u00eale-sur-Sarthe a \u00e9t\u00e9 labellis\u00e9e Petite Ville de Demain par l\u2019\u00c9tat, en partenariat avec la communaut\u00e9 de communes de la Vall\u00e9e de la Haute Sarthe. Dans l\u2019Orne, 20 communes sont reconnues PVD.<\/p><p>Des travaux en groupes de travail ont \u00e9t\u00e9 men\u00e9s pour d\u00e9velopper un projet de territoire qui est pr\u00e9sent\u00e9 dans la convention cadre, sign\u00e9e en juillet 2023 entre la commune du M\u00eale-sur-Sarthe, la communaut\u00e9 de communes de la Vall\u00e9e de la Haute Sarthe, le Pr\u00e9fet de l\u2019Orne et le Conseil d\u00e9partemental de l\u2019Orne, mais \u00e9galement les partenaires de l\u2019agglom\u00e9ration m\u00ealoise que sont les communes de Coulonges-sur-Sarthe, Saint-Julien-sur-Sarthe et Saint-L\u00e9ger-sur-Sarthe, ainsi que le Parc Naturel R\u00e9gional Normandie Maine.<\/p><p>La commune du M\u00eale-sur-Sarthe et la communaut\u00e9 de communes\u00a0 ont b\u00e9n\u00e9fici\u00e9 d\u2019un soutien de la Banque des territoires qui a pris en charge l\u2019accompagnement par un cabinet d\u2019\u00e9tudes pour l\u2019\u00e9mergence du projet de territoire PVD.<\/p><div>\u00a0<\/div><div><a href=\"https:\/\/acrobat.adobe.com\/id\/urn:aaid:sc:EU:a232527c-b589-42b4-908c-43000db889f3\">PVD Convention<\/a> | <a href=\"https:\/\/acrobat.adobe.com\/id\/urn:aaid:sc:EU:8ef84e35-7d5d-4b49-8ccf-95bc3a5ac56f\">Annexe 1<\/a> | <a href=\"https:\/\/acrobat.adobe.com\/id\/urn:aaid:sc:EU:1eeb33e1-cb39-426c-9ef7-68e3cf176c09\">Annexe 2<\/a> | <a href=\"https:\/\/acrobat.adobe.com\/id\/urn:aaid:sc:EU:32c07371-ba91-4c12-8b28-a617b9b6f55a\">Annexe 3<\/a> | <a href=\"https:\/\/acrobat.adobe.com\/id\/urn:aaid:sc:EU:5531fabd-0232-4193-9ad9-6e927b2b6a35\">Annexe 4<\/a> | <a href=\"https:\/\/acrobat.adobe.com\/id\/urn:aaid:sc:EU:e15ffa2e-7a91-40aa-9582-a68f72956340\">Annexe 5<\/a> | <a href=\"https:\/\/acrobat.adobe.com\/id\/urn:aaid:sc:EU:b30e42f9-256c-4afa-95a2-503ed6839237\">Annexe 6<\/a> | <a href=\"https:\/\/acrobat.adobe.com\/id\/urn:aaid:sc:EU:787f88f6-ba00-420b-b28d-77172e05e65f\">Annexe 7<\/a><\/div>\t\t\t\t\t\t\t\t<\/div>\n\t\t\t\t<\/div>\n\t\t\t\t<div class=\"elementor-element elementor-element-4768352 elementor-widget elementor-widget-heading\" data-id=\"4768352\" data-element_type=\"widget\" data-widget_type=\"heading.default\">\n\t\t\t\t<div class=\"elementor-widget-container\">\n\t\t\t\t\t<h2 class=\"elementor-heading-title elementor-size-default\">CEREMA<\/h2>\t\t\t\t<\/div>\n\t\t\t\t<\/div>\n\t\t\t\t<div class=\"elementor-element elementor-element-a07d2e4 elementor-widget elementor-widget-text-editor\" data-id=\"a07d2e4\" data-element_type=\"widget\" data-widget_type=\"text-editor.default\">\n\t\t\t\t<div class=\"elementor-widget-container\">\n\t\t\t\t\t\t\t\t\t<p>Cerema carried out an initial study of the area, which led to the development of a \u2018mobility in sparsely populated areas\u2019 strategy with a set of action sheets to be implemented in the short, medium and long term.<\/p><p>Cerema is currently carrying out an Energy Mix study, which is compiling a whole range of data on energy consumption and production in France. This will help to identify possible courses of action in this area.<\/p>\t\t\t\t\t\t\t\t<\/div>\n\t\t\t\t<\/div>\n\t\t\t\t<div class=\"elementor-element elementor-element-5d5d6d8 elementor-widget elementor-widget-heading\" data-id=\"5d5d6d8\" data-element_type=\"widget\" data-widget_type=\"heading.default\">\n\t\t\t\t<div class=\"elementor-widget-container\">\n\t\t\t\t\t<h2 class=\"elementor-heading-title elementor-size-default\">Normandy Public Land Establishment (EPFN)<\/h2>\t\t\t\t<\/div>\n\t\t\t\t<\/div>\n\t\t\t\t<div class=\"elementor-element elementor-element-08d04e7 elementor-widget elementor-widget-text-editor\" data-id=\"08d04e7\" data-element_type=\"widget\" data-widget_type=\"text-editor.default\">\n\t\t\t\t<div class=\"elementor-widget-container\">\n\t\t\t\t\t\t\t\t\t<p>L\u2019EPFN a accompagn\u00e9 la communaut\u00e9 de communes \u00e0 travers deux \u00e9tudes \u00ab flash \u00bb int\u00e9gralement prises en charge :<\/p><ul><li>Etude pr\u00e9 op\u00e9rationnelle pour la requalification de la zone industrielle de Coulonges-sur-Sarthe<\/li><li>Pr\u00e9faisabilit\u00e9 urbaine, technique et \u00e9conomique pour une hypoth\u00e8se de valorisation du site d\u2019une ancienne laiterie au M\u00eale-sur-Sarthe<\/li><\/ul><p>D\u2019autre part, l\u2019EPFN est un partenaire de la communaut\u00e9 de communes et de la commune du M\u00eale-sur-Sarthe dans le cadre du Contrat de territoire.<\/p>\t\t\t\t\t\t\t\t<\/div>\n\t\t\t\t<\/div>\n\t\t\t\t<\/div>\n\t\t\t\t<\/div>\n\t\t\t\t<\/div>\n\t\t\t\t<\/div>\n\t\t\t\t\t<\/div>\n\t\t\t\t<\/div>\n\t\t\t\t<\/div>","protected":false},"excerpt":{"rendered":"<p>Les partenariats La Communaut\u00e9 de Communes de la Vall\u00e9e de la Haute Sarthe a de nombreux partenariats\u00a0: Contrat de Relance et de Transition \u00c9cologique (CRTE) Apr\u00e8s avoir sign\u00e9 un Contrat de Transition Ecologique en 2019, la communaut\u00e9 de communes de la Vall\u00e9e de la Haute Sarthe a poursuivi dans cette voie en signant un Contrat [&hellip;]<\/p>","protected":false},"author":1,"featured_media":0,"parent":0,"menu_order":0,"comment_status":"closed","ping_status":"closed","template":"","meta":{"_acf_changed":false,"footnotes":""},"class_list":["post-110","page","type-page","status-publish","hentry"],"acf":[],"_links":{"self":[{"href":"https:\/\/ccvhs.fr\/en\/wp-json\/wp\/v2\/pages\/110","targetHints":{"allow":["GET"]}}],"collection":[{"href":"https:\/\/ccvhs.fr\/en\/wp-json\/wp\/v2\/pages"}],"about":[{"href":"https:\/\/ccvhs.fr\/en\/wp-json\/wp\/v2\/types\/page"}],"author":[{"embeddable":true,"href":"https:\/\/ccvhs.fr\/en\/wp-json\/wp\/v2\/users\/1"}],"replies":[{"embeddable":true,"href":"https:\/\/ccvhs.fr\/en\/wp-json\/wp\/v2\/comments?post=110"}],"version-history":[{"count":0,"href":"https:\/\/ccvhs.fr\/en\/wp-json\/wp\/v2\/pages\/110\/revisions"}],"wp:attachment":[{"href":"https:\/\/ccvhs.fr\/en\/wp-json\/wp\/v2\/media?parent=110"}],"curies":[{"name":"wp","href":"https:\/\/api.w.org\/{rel}","templated":true}]}}