{"id":104,"date":"2025-01-28T15:41:06","date_gmt":"2025-01-28T14:41:06","guid":{"rendered":"https:\/\/test.ccvhs.fr\/?page_id=104"},"modified":"2026-01-27T17:56:25","modified_gmt":"2026-01-27T16:56:25","slug":"les-services","status":"publish","type":"page","link":"https:\/\/ccvhs.fr\/en\/les-services\/","title":{"rendered":"The services"},"content":{"rendered":"<div data-elementor-type=\"wp-page\" data-elementor-id=\"104\" class=\"elementor elementor-104\" data-elementor-post-type=\"page\">\n\t\t\t\t<div class=\"elementor-element elementor-element-8d4d4ca e-flex e-con-boxed e-con e-parent\" data-id=\"8d4d4ca\" data-element_type=\"container\">\n\t\t\t\t\t<div class=\"e-con-inner\">\n\t\t<div class=\"elementor-element elementor-element-f1fe60b e-con-full e-flex e-con e-child\" data-id=\"f1fe60b\" data-element_type=\"container\" data-settings=\"{&quot;background_background&quot;:&quot;classic&quot;}\">\n\t\t\t\t<div class=\"elementor-element elementor-element-7a38222 elementor-widget__width-initial elementor-widget elementor-widget-image\" data-id=\"7a38222\" data-element_type=\"widget\" data-widget_type=\"image.default\">\n\t\t\t\t<div class=\"elementor-widget-container\">\n\t\t\t\t\t\t\t\t\t\t\t\t\t\t\t<img fetchpriority=\"high\" decoding=\"async\" width=\"768\" height=\"355\" src=\"https:\/\/ccvhs.fr\/wp-content\/uploads\/2025\/07\/locaux-comcom-le-mele-s-sarthe-2025-23-scaled-e1754056403945-768x355.jpg\" class=\"attachment-medium_large size-medium_large wp-image-3366\" alt=\"\" srcset=\"https:\/\/ccvhs.fr\/wp-content\/uploads\/2025\/07\/locaux-comcom-le-mele-s-sarthe-2025-23-scaled-e1754056403945-768x355.jpg 768w, https:\/\/ccvhs.fr\/wp-content\/uploads\/2025\/07\/locaux-comcom-le-mele-s-sarthe-2025-23-scaled-e1754056403945-300x139.jpg 300w, https:\/\/ccvhs.fr\/wp-content\/uploads\/2025\/07\/locaux-comcom-le-mele-s-sarthe-2025-23-scaled-e1754056403945-1024x473.jpg 1024w, https:\/\/ccvhs.fr\/wp-content\/uploads\/2025\/07\/locaux-comcom-le-mele-s-sarthe-2025-23-scaled-e1754056403945-1536x709.jpg 1536w, https:\/\/ccvhs.fr\/wp-content\/uploads\/2025\/07\/locaux-comcom-le-mele-s-sarthe-2025-23-scaled-e1754056403945-2048x946.jpg 2048w, https:\/\/ccvhs.fr\/wp-content\/uploads\/2025\/07\/locaux-comcom-le-mele-s-sarthe-2025-23-scaled-e1754056403945-18x8.jpg 18w\" sizes=\"(max-width: 768px) 100vw, 768px\" \/>\t\t\t\t\t\t\t\t\t\t\t\t\t\t\t<\/div>\n\t\t\t\t<\/div>\n\t\t\t\t<div class=\"elementor-element elementor-element-1fd997e elementor-widget elementor-widget-heading\" data-id=\"1fd997e\" data-element_type=\"widget\" data-widget_type=\"heading.default\">\n\t\t\t\t<div class=\"elementor-widget-container\">\n\t\t\t\t\t<h2 class=\"elementor-heading-title elementor-size-default\">The services<\/h2>\t\t\t\t<\/div>\n\t\t\t\t<\/div>\n\t\t<div class=\"elementor-element elementor-element-6fac9a2 e-con-full e-flex e-con e-child\" data-id=\"6fac9a2\" data-element_type=\"container\">\n\t\t<div class=\"elementor-element elementor-element-abc37b2 e-con-full e-flex e-con e-child\" data-id=\"abc37b2\" data-element_type=\"container\">\n\t\t<div class=\"elementor-element elementor-element-8bd5d8d e-con-full e-flex e-con e-child\" data-id=\"8bd5d8d\" data-element_type=\"container\">\n\t\t\t\t<div class=\"elementor-element elementor-element-f2362ca elementor-position-left elementor-view-default elementor-mobile-position-top elementor-vertical-align-top elementor-widget elementor-widget-icon-box\" data-id=\"f2362ca\" data-element_type=\"widget\" data-widget_type=\"icon-box.default\">\n\t\t\t\t<div class=\"elementor-widget-container\">\n\t\t\t\t\t\t\t<div class=\"elementor-icon-box-wrapper\">\n\n\t\t\t\t\t\t<div class=\"elementor-icon-box-icon\">\n\t\t\t\t<span  class=\"elementor-icon\">\n\t\t\t\t<svg aria-hidden=\"true\" class=\"e-font-icon-svg e-fas-search-location\" viewbox=\"0 0 512 512\" xmlns=\"http:\/\/www.w3.org\/2000\/svg\"><path d=\"M505.04 442.66l-99.71-99.69c-4.5-4.5-10.6-7-17-7h-16.3c27.6-35.3 44-79.69 44-127.99C416.03 93.09 322.92 0 208.02 0S0 93.09 0 207.98s93.11 207.98 208.02 207.98c48.3 0 92.71-16.4 128.01-44v16.3c0 6.4 2.5 12.5 7 17l99.71 99.69c9.4 9.4 24.6 9.4 33.9 0l28.3-28.3c9.4-9.4 9.4-24.59.1-33.99zm-297.02-90.7c-79.54 0-144-64.34-144-143.98 0-79.53 64.35-143.98 144-143.98 79.54 0 144 64.34 144 143.98 0 79.53-64.35 143.98-144 143.98zm.02-239.96c-40.78 0-73.84 33.05-73.84 73.83 0 32.96 48.26 93.05 66.75 114.86a9.24 9.24 0 0 0 14.18 0c18.49-21.81 66.75-81.89 66.75-114.86 0-40.78-33.06-73.83-73.84-73.83zm0 96c-13.26 0-24-10.75-24-24 0-13.26 10.75-24 24-24s24 10.74 24 24c0 13.25-10.75 24-24 24z\"><\/path><\/svg>\t\t\t\t<\/span>\n\t\t\t<\/div>\n\t\t\t\n\t\t\t\t\t\t<div class=\"elementor-icon-box-content\">\n\n\t\t\t\t\t\t\t\t\t<h3 class=\"elementor-icon-box-title\">\n\t\t\t\t\t\t<span  >\n\t\t\t\t\t\t\tPour vous rendre dans nos locaux :\t\t\t\t\t\t<\/span>\n\t\t\t\t\t<\/h3>\n\t\t\t\t\n\t\t\t\t\t\t\t\t\t<p class=\"elementor-icon-box-description\">\n\t\t\t\t\t\t\t<li> Route de Paris - 61170 Le M\u00eale-sur-Sarthe<\/li>\n\t\t\t\t\t\t<\/p>\n\t\t\t\t\n\t\t\t<\/div>\n\t\t\t\n\t\t<\/div>\n\t\t\t\t\t\t<\/div>\n\t\t\t\t<\/div>\n\t\t\t\t<div class=\"elementor-element elementor-element-8144710 elementor-position-left elementor-view-default elementor-mobile-position-top elementor-vertical-align-top elementor-widget elementor-widget-icon-box\" data-id=\"8144710\" data-element_type=\"widget\" data-widget_type=\"icon-box.default\">\n\t\t\t\t<div class=\"elementor-widget-container\">\n\t\t\t\t\t\t\t<div class=\"elementor-icon-box-wrapper\">\n\n\t\t\t\t\t\t<div class=\"elementor-icon-box-icon\">\n\t\t\t\t<span  class=\"elementor-icon\">\n\t\t\t\t<svg aria-hidden=\"true\" class=\"e-font-icon-svg e-fas-clock\" viewbox=\"0 0 512 512\" xmlns=\"http:\/\/www.w3.org\/2000\/svg\"><path d=\"M256,8C119,8,8,119,8,256S119,504,256,504,504,393,504,256,393,8,256,8Zm92.49,313h0l-20,25a16,16,0,0,1-22.49,2.5h0l-67-49.72a40,40,0,0,1-15-31.23V112a16,16,0,0,1,16-16h32a16,16,0,0,1,16,16V256l58,42.5A16,16,0,0,1,348.49,321Z\"><\/path><\/svg>\t\t\t\t<\/span>\n\t\t\t<\/div>\n\t\t\t\n\t\t\t\t\t\t<div class=\"elementor-icon-box-content\">\n\n\t\t\t\t\t\t\t\t\t<h3 class=\"elementor-icon-box-title\">\n\t\t\t\t\t\t<span  >\n\t\t\t\t\t\t\tOuverture au public :\t\t\t\t\t\t<\/span>\n\t\t\t\t\t<\/h3>\n\t\t\t\t\n\t\t\t\t\t\t\t\t\t<p class=\"elementor-icon-box-description\">\n\t\t\t\t\t\t<ul> \n\t<li>Lundi, mercredi,  jeudi, vendredi : 08h30 - 12h00 | 13h30 - 17h00<\/li>\n        <li> Mardi : 08h30 - 12h00  | 13h30 - 18h00 \n\t\n\n<\/ul>\t\t\t\t\t<\/p>\n\t\t\t\t\n\t\t\t<\/div>\n\t\t\t\n\t\t<\/div>\n\t\t\t\t\t\t<\/div>\n\t\t\t\t<\/div>\n\t\t\t\t<div class=\"elementor-element elementor-element-f1f816f elementor-position-left elementor-widget__width-initial elementor-view-default elementor-mobile-position-top elementor-vertical-align-top elementor-widget elementor-widget-icon-box\" data-id=\"f1f816f\" data-element_type=\"widget\" data-widget_type=\"icon-box.default\">\n\t\t\t\t<div class=\"elementor-widget-container\">\n\t\t\t\t\t\t\t<div class=\"elementor-icon-box-wrapper\">\n\n\t\t\t\t\t\t<div class=\"elementor-icon-box-icon\">\n\t\t\t\t<span  class=\"elementor-icon\">\n\t\t\t\t<svg aria-hidden=\"true\" class=\"e-font-icon-svg e-fas-phone-alt\" viewbox=\"0 0 512 512\" xmlns=\"http:\/\/www.w3.org\/2000\/svg\"><path d=\"M497.39 361.8l-112-48a24 24 0 0 0-28 6.9l-49.6 60.6A370.66 370.66 0 0 1 130.6 204.11l60.6-49.6a23.94 23.94 0 0 0 6.9-28l-48-112A24.16 24.16 0 0 0 122.6.61l-104 24A24 24 0 0 0 0 48c0 256.5 207.9 464 464 464a24 24 0 0 0 23.4-18.6l24-104a24.29 24.29 0 0 0-14.01-27.6z\"><\/path><\/svg>\t\t\t\t<\/span>\n\t\t\t<\/div>\n\t\t\t\n\t\t\t\t\t\t<div class=\"elementor-icon-box-content\">\n\n\t\t\t\t\t\t\t\t\t<h3 class=\"elementor-icon-box-title\">\n\t\t\t\t\t\t<span  >\n\t\t\t\t\t\t\tAccueil t\u00e9l\u00e9phonique\t\t\t\t\t\t<\/span>\n\t\t\t\t\t<\/h3>\n\t\t\t\t\n\t\t\t\t\t\t\t\t\t<p class=\"elementor-icon-box-description\">\n\t\t\t\t\t\t<ul>\n  \n\t<li> Tous les jours : 08h30 - 12h30 | 13h30 - 17h00 <\/li>\n\n\t<li> 02 33 27 61 02<\/li>\n<\/ul>\t\t\t\t\t<\/p>\n\t\t\t\t\n\t\t\t<\/div>\n\t\t\t\n\t\t<\/div>\n\t\t\t\t\t\t<\/div>\n\t\t\t\t<\/div>\n\t\t\t\t<div class=\"elementor-element elementor-element-1efd816 e-n-tabs-mobile elementor-widget elementor-widget-n-tabs\" data-id=\"1efd816\" data-element_type=\"widget\" data-settings=\"{&quot;horizontal_scroll&quot;:&quot;disable&quot;}\" data-widget_type=\"nested-tabs.default\">\n\t\t\t\t<div class=\"elementor-widget-container\">\n\t\t\t\t\t\t\t<div class=\"e-n-tabs\" data-widget-number=\"32495638\" aria-label=\"Onglets. Ouvrez des \u00e9l\u00e9ments avec Entrer ou Espace, fermez-les avec Echape et naviguez \u00e0 l&#039;aide des touches fl\u00e9ch\u00e9es.\">\n\t\t\t<div class=\"e-n-tabs-heading\" role=\"tablist\">\n\t\t\t\t\t<button id=\"e-n-tab-title-324956381\" class=\"e-n-tab-title\" aria-selected=\"true\" data-tab-index=\"1\" role=\"tab\" tabindex=\"0\" aria-controls=\"e-n-tab-content-324956381\" style=\"--n-tabs-title-order: 1;\">\n\t\t\t\t\t\t<span class=\"e-n-tab-title-text\">\n\t\t\t\tDirection\t\t\t<\/span>\n\t\t<\/button>\n\t\t\t\t<button id=\"e-n-tab-title-324956382\" class=\"e-n-tab-title\" aria-selected=\"false\" data-tab-index=\"2\" role=\"tab\" tabindex=\"-1\" aria-controls=\"e-n-tab-content-324956382\" style=\"--n-tabs-title-order: 2;\">\n\t\t\t\t\t\t<span class=\"e-n-tab-title-text\">\n\t\t\t\tService technique\t\t\t<\/span>\n\t\t<\/button>\n\t\t\t\t<button id=\"e-n-tab-title-324956383\" class=\"e-n-tab-title\" aria-selected=\"false\" data-tab-index=\"3\" role=\"tab\" tabindex=\"-1\" aria-controls=\"e-n-tab-content-324956383\" style=\"--n-tabs-title-order: 3;\">\n\t\t\t\t\t\t<span class=\"e-n-tab-title-text\">\n\t\t\t\tService scolaire - enfant - jeunesse\t\t\t<\/span>\n\t\t<\/button>\n\t\t\t\t<button id=\"e-n-tab-title-324956384\" class=\"e-n-tab-title\" aria-selected=\"false\" data-tab-index=\"4\" role=\"tab\" tabindex=\"-1\" aria-controls=\"e-n-tab-content-324956384\" style=\"--n-tabs-title-order: 4;\">\n\t\t\t\t\t\t<span class=\"e-n-tab-title-text\">\n\t\t\t\tService assainissement - d\u00e9chets\t\t\t<\/span>\n\t\t<\/button>\n\t\t\t\t<button id=\"e-n-tab-title-324956385\" class=\"e-n-tab-title\" aria-selected=\"false\" data-tab-index=\"5\" role=\"tab\" tabindex=\"-1\" aria-controls=\"e-n-tab-content-324956385\" style=\"--n-tabs-title-order: 5;\">\n\t\t\t\t\t\t<span class=\"e-n-tab-title-text\">\n\t\t\t\tService finances\t\t\t<\/span>\n\t\t<\/button>\n\t\t\t\t<button id=\"e-n-tab-title-324956386\" class=\"e-n-tab-title\" aria-selected=\"false\" data-tab-index=\"6\" role=\"tab\" tabindex=\"-1\" aria-controls=\"e-n-tab-content-324956386\" style=\"--n-tabs-title-order: 6;\">\n\t\t\t\t\t\t<span class=\"e-n-tab-title-text\">\n\t\t\t\tService culture - communication\t\t\t<\/span>\n\t\t<\/button>\n\t\t\t\t<button id=\"e-n-tab-title-324956387\" class=\"e-n-tab-title\" aria-selected=\"false\" data-tab-index=\"7\" role=\"tab\" tabindex=\"-1\" aria-controls=\"e-n-tab-content-324956387\" style=\"--n-tabs-title-order: 7;\">\n\t\t\t\t\t\t<span class=\"e-n-tab-title-text\">\n\t\t\t\tService vie associative aux sports - loisirs - services\t\t\t<\/span>\n\t\t<\/button>\n\t\t\t\t<button id=\"e-n-tab-title-324956388\" class=\"e-n-tab-title\" aria-selected=\"false\" data-tab-index=\"8\" role=\"tab\" tabindex=\"-1\" aria-controls=\"e-n-tab-content-324956388\" style=\"--n-tabs-title-order: 8;\">\n\t\t\t\t\t\t<span class=\"e-n-tab-title-text\">\n\t\t\t\tService d\u00e9veloppement territorial\t\t\t<\/span>\n\t\t<\/button>\n\t\t\t\t<button id=\"e-n-tab-title-324956389\" class=\"e-n-tab-title\" aria-selected=\"false\" data-tab-index=\"9\" role=\"tab\" tabindex=\"-1\" aria-controls=\"e-n-tab-content-324956389\" style=\"--n-tabs-title-order: 9;\">\n\t\t\t\t\t\t<span class=\"e-n-tab-title-text\">\n\t\t\t\tService tourisme\t\t\t<\/span>\n\t\t<\/button>\n\t\t\t\t<button id=\"e-n-tab-title-3249563810\" class=\"e-n-tab-title\" aria-selected=\"false\" data-tab-index=\"10\" role=\"tab\" tabindex=\"-1\" aria-controls=\"e-n-tab-content-3249563810\" style=\"--n-tabs-title-order: 10;\">\n\t\t\t\t\t\t<span class=\"e-n-tab-title-text\">\n\t\t\t\tService urbanisme - habitat\t\t\t<\/span>\n\t\t<\/button>\n\t\t\t\t\t<\/div>\n\t\t\t<div class=\"e-n-tabs-content\">\n\t\t\t\t<div id=\"e-n-tab-content-324956381\" role=\"tabpanel\" aria-labelledby=\"e-n-tab-title-324956381\" data-tab-index=\"1\" style=\"--n-tabs-title-order: 1;\" class=\"e-active elementor-element elementor-element-6d04c0d e-con-full e-flex e-con e-child\" data-id=\"6d04c0d\" data-element_type=\"container\">\n\t\t\t\t<div class=\"elementor-element elementor-element-4cfdb10 elementor-widget elementor-widget-text-editor\" data-id=\"4cfdb10\" data-element_type=\"widget\" data-widget_type=\"text-editor.default\">\n\t\t\t\t<div class=\"elementor-widget-container\">\n\t\t\t\t\t\t\t\t\t<p><strong>Emma RICHARD<br \/><\/strong><strong>Directrice<br \/><\/strong>06 78 78 00 24<br \/>dcgs@ccvhs.fr<\/p><p><strong>Laurie MARQUES<br \/><\/strong><strong>Assistante de direction<br \/><\/strong>06 72 71 96 56<br \/>contact@ccvhs.fr<\/p>\t\t\t\t\t\t\t\t<\/div>\n\t\t\t\t<\/div>\n\t\t\t\t<\/div>\n\t\t<div id=\"e-n-tab-content-324956382\" role=\"tabpanel\" aria-labelledby=\"e-n-tab-title-324956382\" data-tab-index=\"2\" style=\"--n-tabs-title-order: 2;\" class=\"elementor-element elementor-element-00cb8d4 e-con-full e-flex e-con e-child\" data-id=\"00cb8d4\" data-element_type=\"container\">\n\t\t\t\t<div class=\"elementor-element elementor-element-0ebca08 elementor-widget elementor-widget-text-editor\" data-id=\"0ebca08\" data-element_type=\"widget\" data-widget_type=\"text-editor.default\">\n\t\t\t\t<div class=\"elementor-widget-container\">\n\t\t\t\t\t\t\t\t\t<p><strong>Laurent DELION<br \/><\/strong><strong>Directeur\u00a0<br \/><\/strong>06 64 69 83 61<br \/>stdirection@ccvhs.fr<\/p><p><strong>Baptiste NOUVEL<br \/><\/strong><strong>Coordinateur secteur le M\u00eale-sur-Sarthe<br \/><\/strong>06 23 91 00 21<br \/>stlemele@ccvhs.fr<\/p><p><strong>Ghislain CHAIGNON<br \/><\/strong><strong>Coordinateur secteur Courtomer<br \/><\/strong>06 46 15 15 35<br \/>courtomer-st@ccvhs.fr<\/p>\t\t\t\t\t\t\t\t<\/div>\n\t\t\t\t<\/div>\n\t\t\t\t<\/div>\n\t\t<div id=\"e-n-tab-content-324956383\" role=\"tabpanel\" aria-labelledby=\"e-n-tab-title-324956383\" data-tab-index=\"3\" style=\"--n-tabs-title-order: 3;\" class=\"elementor-element elementor-element-25c2b4d e-con-full e-flex e-con e-child\" data-id=\"25c2b4d\" data-element_type=\"container\">\n\t\t\t\t<div class=\"elementor-element elementor-element-a489b57 elementor-widget__width-initial elementor-widget elementor-widget-text-editor\" data-id=\"a489b57\" data-element_type=\"widget\" data-widget_type=\"text-editor.default\">\n\t\t\t\t<div class=\"elementor-widget-container\">\n\t\t\t\t\t\t\t\t\t<p><strong>C\u00e9line TOREAU<br \/><\/strong><strong>Responsable<br \/><\/strong>07 76 95 68 36<br \/>scolaire@ccvhs.fr<\/p><p><strong>Cindy BOUFFARD<br \/><\/strong><strong>Assistante<br \/><\/strong>02 33 27 66 85<br \/>secretariatscolaire@ccvhs.fr<\/p>\t\t\t\t\t\t\t\t<\/div>\n\t\t\t\t<\/div>\n\t\t\t\t<\/div>\n\t\t<div id=\"e-n-tab-content-324956384\" role=\"tabpanel\" aria-labelledby=\"e-n-tab-title-324956384\" data-tab-index=\"4\" style=\"--n-tabs-title-order: 4;\" class=\"elementor-element elementor-element-39900e5 e-flex e-con-boxed e-con e-child\" data-id=\"39900e5\" data-element_type=\"container\">\n\t\t\t\t\t<div class=\"e-con-inner\">\n\t\t\t\t<div class=\"elementor-element elementor-element-d6efd4a elementor-widget elementor-widget-text-editor\" data-id=\"d6efd4a\" data-element_type=\"widget\" data-widget_type=\"text-editor.default\">\n\t\t\t\t<div class=\"elementor-widget-container\">\n\t\t\t\t\t\t\t\t\t<p><strong>Lydie HERMENAULT<br \/><\/strong><strong>Comptable<br \/><\/strong>\u00a002 33 27 61 35<br \/>environnement@ccvhs.fr<\/p>\t\t\t\t\t\t\t\t<\/div>\n\t\t\t\t<\/div>\n\t\t\t\t\t<\/div>\n\t\t\t\t<\/div>\n\t\t<div id=\"e-n-tab-content-324956385\" role=\"tabpanel\" aria-labelledby=\"e-n-tab-title-324956385\" data-tab-index=\"5\" style=\"--n-tabs-title-order: 5;\" class=\"elementor-element elementor-element-13bfa59 e-flex e-con-boxed e-con e-child\" data-id=\"13bfa59\" data-element_type=\"container\">\n\t\t\t\t\t<div class=\"e-con-inner\">\n\t\t\t\t<div class=\"elementor-element elementor-element-dcd674e elementor-widget elementor-widget-text-editor\" data-id=\"dcd674e\" data-element_type=\"widget\" data-widget_type=\"text-editor.default\">\n\t\t\t\t<div class=\"elementor-widget-container\">\n\t\t\t\t\t\t\t\t\t<p><strong>La\u00ebtitia PIGEARD<br \/><\/strong><strong>Responsable<br \/><\/strong>02 33 27 67 39<br \/>finances@ccvhs.fr<\/p><p><strong>Virginie DEROUET<br \/>Comptable<\/strong><strong><br \/><\/strong>02 33 27 67 39<br \/>compta@ccvhs.fr<\/p>\t\t\t\t\t\t\t\t<\/div>\n\t\t\t\t<\/div>\n\t\t\t\t\t<\/div>\n\t\t\t\t<\/div>\n\t\t<div id=\"e-n-tab-content-324956386\" role=\"tabpanel\" aria-labelledby=\"e-n-tab-title-324956386\" data-tab-index=\"6\" style=\"--n-tabs-title-order: 6;\" class=\"elementor-element elementor-element-1a62668 e-flex e-con-boxed e-con e-child\" data-id=\"1a62668\" data-element_type=\"container\">\n\t\t\t\t\t<div class=\"e-con-inner\">\n\t\t\t\t<div class=\"elementor-element elementor-element-152ea99 elementor-widget elementor-widget-text-editor\" data-id=\"152ea99\" data-element_type=\"widget\" data-widget_type=\"text-editor.default\">\n\t\t\t\t<div class=\"elementor-widget-container\">\n\t\t\t\t\t\t\t\t\t<p><strong>St\u00e9phanie HAVAS<\/strong><strong><br \/><\/strong>06 35 09 68 76<br \/>02 33 27 63 08<br \/>culture@ccvhs.fr<\/p>\t\t\t\t\t\t\t\t<\/div>\n\t\t\t\t<\/div>\n\t\t\t\t\t<\/div>\n\t\t\t\t<\/div>\n\t\t<div id=\"e-n-tab-content-324956387\" role=\"tabpanel\" aria-labelledby=\"e-n-tab-title-324956387\" data-tab-index=\"7\" style=\"--n-tabs-title-order: 7;\" class=\"elementor-element elementor-element-266c782 e-flex e-con-boxed e-con e-child\" data-id=\"266c782\" data-element_type=\"container\">\n\t\t\t\t\t<div class=\"e-con-inner\">\n\t\t\t\t<div class=\"elementor-element elementor-element-30e17a0 elementor-widget elementor-widget-text-editor\" data-id=\"30e17a0\" data-element_type=\"widget\" data-widget_type=\"text-editor.default\">\n\t\t\t\t<div class=\"elementor-widget-container\">\n\t\t\t\t\t\t\t\t\t<p><strong>Laurie MARQUES<br \/><\/strong><strong style=\"font-family: -apple-system, BlinkMacSystemFont, 'Segoe UI', Roboto, 'Helvetica Neue', Arial, 'Noto Sans', sans-serif, 'Apple Color Emoji', 'Segoe UI Emoji', 'Segoe UI Symbol', 'Noto Color Emoji';\">Coordinatrice<br \/><\/strong>06 72 71 96 56<br \/>sport@ccvhs.fr<\/p>\t\t\t\t\t\t\t\t<\/div>\n\t\t\t\t<\/div>\n\t\t\t\t\t<\/div>\n\t\t\t\t<\/div>\n\t\t<div id=\"e-n-tab-content-324956388\" role=\"tabpanel\" aria-labelledby=\"e-n-tab-title-324956388\" data-tab-index=\"8\" style=\"--n-tabs-title-order: 8;\" class=\"elementor-element elementor-element-b93cf07 e-flex e-con-boxed e-con e-child\" data-id=\"b93cf07\" data-element_type=\"container\">\n\t\t\t\t\t<div class=\"e-con-inner\">\n\t\t\t\t<div class=\"elementor-element elementor-element-dadc7b8 elementor-widget elementor-widget-text-editor\" data-id=\"dadc7b8\" data-element_type=\"widget\" data-widget_type=\"text-editor.default\">\n\t\t\t\t<div class=\"elementor-widget-container\">\n\t\t\t\t\t\t\t\t\t<p><strong>Claire MORIN<br \/>Cheffe de projet<br \/><\/strong>06 07 09 51 40<br \/>pvd@ccvhs.fr<\/p>\t\t\t\t\t\t\t\t<\/div>\n\t\t\t\t<\/div>\n\t\t\t\t\t<\/div>\n\t\t\t\t<\/div>\n\t\t<div id=\"e-n-tab-content-324956389\" role=\"tabpanel\" aria-labelledby=\"e-n-tab-title-324956389\" data-tab-index=\"9\" style=\"--n-tabs-title-order: 9;\" class=\"elementor-element elementor-element-dfd4de5 e-flex e-con-boxed e-con e-child\" data-id=\"dfd4de5\" data-element_type=\"container\">\n\t\t\t\t\t<div class=\"e-con-inner\">\n\t\t\t\t<div class=\"elementor-element elementor-element-cbe852b elementor-widget elementor-widget-text-editor\" data-id=\"cbe852b\" data-element_type=\"widget\" data-widget_type=\"text-editor.default\">\n\t\t\t\t<div class=\"elementor-widget-container\">\n\t\t\t\t\t\t\t\t\t<p><strong>Myriam DUHAMEL<br \/>Coordinatrice<br \/><\/strong>06 35 48 21 37<br \/>tourisme@ccvhs.fr<\/p>\t\t\t\t\t\t\t\t<\/div>\n\t\t\t\t<\/div>\n\t\t\t\t\t<\/div>\n\t\t\t\t<\/div>\n\t\t<div id=\"e-n-tab-content-3249563810\" role=\"tabpanel\" aria-labelledby=\"e-n-tab-title-3249563810\" data-tab-index=\"10\" style=\"--n-tabs-title-order: 10;\" class=\"elementor-element elementor-element-5383b38 e-flex e-con-boxed e-con e-child\" data-id=\"5383b38\" data-element_type=\"container\">\n\t\t\t\t\t<div class=\"e-con-inner\">\n\t\t\t\t<div class=\"elementor-element elementor-element-95ac071 elementor-widget elementor-widget-text-editor\" data-id=\"95ac071\" data-element_type=\"widget\" data-widget_type=\"text-editor.default\">\n\t\t\t\t<div class=\"elementor-widget-container\">\n\t\t\t\t\t\t\t\t\t<p><strong>Laurie MARQUES<br \/>Coordinatrice<br \/><\/strong>06 72 71 96 56\u00a0<br \/>contact@ccvhs.fr<\/p>\t\t\t\t\t\t\t\t<\/div>\n\t\t\t\t<\/div>\n\t\t\t\t\t<\/div>\n\t\t\t\t<\/div>\n\t\t\t\t\t<\/div>\n\t\t<\/div>\n\t\t\t\t\t\t<\/div>\n\t\t\t\t<\/div>\n\t\t\t\t<\/div>\n\t\t\t\t<\/div>\n\t\t\t\t<\/div>\n\t\t\t\t<\/div>\n\t\t\t\t\t<\/div>\n\t\t\t\t<\/div>\n\t\t<div class=\"elementor-element elementor-element-91fa1c1 e-flex e-con-boxed e-con e-parent\" data-id=\"91fa1c1\" data-element_type=\"container\">\n\t\t\t\t\t<div class=\"e-con-inner\">\n\t\t\t\t\t<\/div>\n\t\t\t\t<\/div>\n\t\t\t\t<\/div>","protected":false},"excerpt":{"rendered":"<p>Les services Pour vous rendre dans nos locaux : Route de Paris &#8211; 61170 Le M\u00eale-sur-Sarthe Ouverture au public : Lundi, mercredi, jeudi, vendredi : 08h30 &#8211; 12h00 | 13h30 &#8211; 17h00 Mardi : 08h30 &#8211; 12h00 | 13h30 &#8211; 18h00 Accueil t\u00e9l\u00e9phonique Tous les jours : 08h30 &#8211; 12h30 | 13h30 &#8211; 17h00 02 [&hellip;]<\/p>","protected":false},"author":1,"featured_media":0,"parent":0,"menu_order":0,"comment_status":"closed","ping_status":"closed","template":"","meta":{"_acf_changed":false,"footnotes":""},"class_list":["post-104","page","type-page","status-publish","hentry"],"acf":[],"_links":{"self":[{"href":"https:\/\/ccvhs.fr\/en\/wp-json\/wp\/v2\/pages\/104","targetHints":{"allow":["GET"]}}],"collection":[{"href":"https:\/\/ccvhs.fr\/en\/wp-json\/wp\/v2\/pages"}],"about":[{"href":"https:\/\/ccvhs.fr\/en\/wp-json\/wp\/v2\/types\/page"}],"author":[{"embeddable":true,"href":"https:\/\/ccvhs.fr\/en\/wp-json\/wp\/v2\/users\/1"}],"replies":[{"embeddable":true,"href":"https:\/\/ccvhs.fr\/en\/wp-json\/wp\/v2\/comments?post=104"}],"version-history":[{"count":0,"href":"https:\/\/ccvhs.fr\/en\/wp-json\/wp\/v2\/pages\/104\/revisions"}],"wp:attachment":[{"href":"https:\/\/ccvhs.fr\/en\/wp-json\/wp\/v2\/media?parent=104"}],"curies":[{"name":"wp","href":"https:\/\/api.w.org\/{rel}","templated":true}]}}