{"id":102,"date":"2025-01-28T15:40:51","date_gmt":"2025-01-28T14:40:51","guid":{"rendered":"https:\/\/test.ccvhs.fr\/?page_id=102"},"modified":"2025-10-07T12:30:20","modified_gmt":"2025-10-07T10:30:20","slug":"les-elus","status":"publish","type":"page","link":"https:\/\/ccvhs.fr\/en\/les-elus\/","title":{"rendered":"The elected representatives"},"content":{"rendered":"<div data-elementor-type=\"wp-page\" data-elementor-id=\"102\" class=\"elementor elementor-102\" data-elementor-post-type=\"page\">\n\t\t\t\t<div class=\"elementor-element elementor-element-8df42a9 e-flex e-con-boxed e-con e-parent\" data-id=\"8df42a9\" data-element_type=\"container\">\n\t\t\t\t\t<div class=\"e-con-inner\">\n\t\t<div class=\"elementor-element elementor-element-016075a e-con-full e-flex e-con e-child\" data-id=\"016075a\" data-element_type=\"container\" data-settings=\"{&quot;background_background&quot;:&quot;classic&quot;}\">\n\t\t<div class=\"elementor-element elementor-element-52323bb e-con-full e-flex e-con e-child\" data-id=\"52323bb\" data-element_type=\"container\">\n\t\t\t\t<div class=\"elementor-element elementor-element-3d28ddc elementor-widget elementor-widget-heading\" data-id=\"3d28ddc\" data-element_type=\"widget\" data-widget_type=\"heading.default\">\n\t\t\t\t<div class=\"elementor-widget-container\">\n\t\t\t\t\t<h2 class=\"elementor-heading-title elementor-size-default\">Chairman of the CC VHS<\/h2>\t\t\t\t<\/div>\n\t\t\t\t<\/div>\n\t\t<div class=\"elementor-element elementor-element-e875a55 e-con-full e-flex e-con e-child\" data-id=\"e875a55\" data-element_type=\"container\">\n\t\t<div class=\"elementor-element elementor-element-624aef5 e-grid e-con-full e-con e-child\" data-id=\"624aef5\" data-element_type=\"container\">\n\t\t<div class=\"elementor-element elementor-element-a0cc2de e-con-full e-flex e-con e-child\" data-id=\"a0cc2de\" data-element_type=\"container\">\n\t\t\t\t<\/div>\n\t\t<div class=\"elementor-element elementor-element-270749b e-con-full e-flex e-con e-child\" data-id=\"270749b\" data-element_type=\"container\">\n\t\t\t\t<div class=\"elementor-element elementor-element-44242c9 elementor-widget elementor-widget-theme-post-featured-image elementor-widget-image\" data-id=\"44242c9\" data-element_type=\"widget\" data-widget_type=\"theme-post-featured-image.default\">\n\t\t\t\t<div class=\"elementor-widget-container\">\n\t\t\t\t\t\t\t\t\t\t\t\t\t\t\t<img decoding=\"async\" width=\"186\" height=\"230\" src=\"https:\/\/ccvhs.fr\/wp-content\/uploads\/2025\/01\/el_3_opt.jpg\" class=\"attachment-large size-large wp-image-500\" alt=\"\" srcset=\"https:\/\/ccvhs.fr\/wp-content\/uploads\/2025\/01\/el_3_opt.jpg 186w, https:\/\/ccvhs.fr\/wp-content\/uploads\/2025\/01\/el_3_opt-10x12.jpg 10w\" sizes=\"(max-width: 186px) 100vw, 186px\" \/>\t\t\t\t\t\t\t\t\t\t\t\t\t\t\t<\/div>\n\t\t\t\t<\/div>\n\t\t\t\t<div class=\"elementor-element elementor-element-22eac37 elementor-widget elementor-widget-heading\" data-id=\"22eac37\" data-element_type=\"widget\" data-widget_type=\"heading.default\">\n\t\t\t\t<div class=\"elementor-widget-container\">\n\t\t\t\t\t<h4 class=\"elementor-heading-title elementor-size-default\">Christophe de BALORRE<\/h4>\t\t\t\t<\/div>\n\t\t\t\t<\/div>\n\t\t\t\t<\/div>\n\t\t<div class=\"elementor-element elementor-element-c894265 e-con-full e-flex e-con e-child\" data-id=\"c894265\" data-element_type=\"container\">\n\t\t\t\t<\/div>\n\t\t\t\t<\/div>\n\t\t<div class=\"elementor-element elementor-element-6fa827a e-con-full e-flex e-con e-child\" data-id=\"6fa827a\" data-element_type=\"container\">\n\t\t\t\t<div class=\"elementor-element elementor-element-ab2d3b6 elementor-widget elementor-widget-heading\" data-id=\"ab2d3b6\" data-element_type=\"widget\" data-widget_type=\"heading.default\">\n\t\t\t\t<div class=\"elementor-widget-container\">\n\t\t\t\t\t<h2 class=\"elementor-heading-title elementor-size-default\">Committee vice-chairmen<\/h2>\t\t\t\t<\/div>\n\t\t\t\t<\/div>\n\t\t\t\t<\/div>\n\t\t<div class=\"elementor-element elementor-element-7131c78 e-grid e-con-full e-con e-child\" data-id=\"7131c78\" data-element_type=\"container\">\n\t\t<div class=\"elementor-element elementor-element-19e652f e-con-full e-flex e-con e-child\" data-id=\"19e652f\" data-element_type=\"container\">\n\t\t\t\t<div class=\"elementor-element elementor-element-af1b604 elementor-widget elementor-widget-theme-post-featured-image elementor-widget-image\" data-id=\"af1b604\" data-element_type=\"widget\" data-widget_type=\"theme-post-featured-image.default\">\n\t\t\t\t<div class=\"elementor-widget-container\">\n\t\t\t\t\t\t\t\t\t\t\t\t\t\t\t<img decoding=\"async\" width=\"186\" height=\"230\" src=\"https:\/\/ccvhs.fr\/wp-content\/uploads\/2025\/01\/el_5_opt.jpg\" class=\"attachment-large size-large wp-image-511\" alt=\"\" srcset=\"https:\/\/ccvhs.fr\/wp-content\/uploads\/2025\/01\/el_5_opt.jpg 186w, https:\/\/ccvhs.fr\/wp-content\/uploads\/2025\/01\/el_5_opt-10x12.jpg 10w\" sizes=\"(max-width: 186px) 100vw, 186px\" \/>\t\t\t\t\t\t\t\t\t\t\t\t\t\t\t<\/div>\n\t\t\t\t<\/div>\n\t\t\t\t<div class=\"elementor-element elementor-element-0fc9fb7 elementor-widget elementor-widget-heading\" data-id=\"0fc9fb7\" data-element_type=\"widget\" data-widget_type=\"heading.default\">\n\t\t\t\t<div class=\"elementor-widget-container\">\n\t\t\t\t\t<h4 class=\"elementor-heading-title elementor-size-default\">Didier BOURBAN<\/h4>\t\t\t\t<\/div>\n\t\t\t\t<\/div>\n\t\t\t\t<div class=\"elementor-element elementor-element-1a63387 elementor-widget elementor-widget-text-editor\" data-id=\"1a63387\" data-element_type=\"widget\" data-widget_type=\"text-editor.default\">\n\t\t\t\t<div class=\"elementor-widget-container\">\n\t\t\t\t\t\t\t\t\t<p>BUDGETS &#8211; FINANCES &#8211; MARCH\u00c9S PUBLICS<\/p>\t\t\t\t\t\t\t\t<\/div>\n\t\t\t\t<\/div>\n\t\t\t\t<\/div>\n\t\t<div class=\"elementor-element elementor-element-bef7aba e-con-full e-flex e-con e-child\" data-id=\"bef7aba\" data-element_type=\"container\">\n\t\t\t\t<div class=\"elementor-element elementor-element-7c1c8db elementor-widget elementor-widget-theme-post-featured-image elementor-widget-image\" data-id=\"7c1c8db\" data-element_type=\"widget\" data-widget_type=\"theme-post-featured-image.default\">\n\t\t\t\t<div class=\"elementor-widget-container\">\n\t\t\t\t\t\t\t\t\t\t\t\t\t\t\t<img decoding=\"async\" width=\"186\" height=\"230\" src=\"https:\/\/ccvhs.fr\/wp-content\/uploads\/2025\/01\/el_2_opt.jpg\" class=\"attachment-large size-large wp-image-507\" alt=\"\" srcset=\"https:\/\/ccvhs.fr\/wp-content\/uploads\/2025\/01\/el_2_opt.jpg 186w, https:\/\/ccvhs.fr\/wp-content\/uploads\/2025\/01\/el_2_opt-10x12.jpg 10w\" sizes=\"(max-width: 186px) 100vw, 186px\" \/>\t\t\t\t\t\t\t\t\t\t\t\t\t\t\t<\/div>\n\t\t\t\t<\/div>\n\t\t\t\t<div class=\"elementor-element elementor-element-467b670 elementor-widget elementor-widget-heading\" data-id=\"467b670\" data-element_type=\"widget\" data-widget_type=\"heading.default\">\n\t\t\t\t<div class=\"elementor-widget-container\">\n\t\t\t\t\t<h4 class=\"elementor-heading-title elementor-size-default\">S\u00e9bastien FOSSEY<\/h4>\t\t\t\t<\/div>\n\t\t\t\t<\/div>\n\t\t\t\t<div class=\"elementor-element elementor-element-6194ba9 elementor-widget elementor-widget-text-editor\" data-id=\"6194ba9\" data-element_type=\"widget\" data-widget_type=\"text-editor.default\">\n\t\t\t\t<div class=\"elementor-widget-container\">\n\t\t\t\t\t\t\t\t\t<p>GRANDS TRAVAUX &#8211; VOIRIE &#8211; RESSOURCES HUMAINES<\/p>\t\t\t\t\t\t\t\t<\/div>\n\t\t\t\t<\/div>\n\t\t\t\t<\/div>\n\t\t<div class=\"elementor-element elementor-element-b709fb1 e-con-full e-flex e-con e-child\" data-id=\"b709fb1\" data-element_type=\"container\">\n\t\t\t\t<div class=\"elementor-element elementor-element-09e1126 elementor-widget elementor-widget-theme-post-featured-image elementor-widget-image\" data-id=\"09e1126\" data-element_type=\"widget\" data-widget_type=\"theme-post-featured-image.default\">\n\t\t\t\t<div class=\"elementor-widget-container\">\n\t\t\t\t\t\t\t\t\t\t\t\t\t\t\t<img loading=\"lazy\" decoding=\"async\" width=\"186\" height=\"230\" src=\"https:\/\/ccvhs.fr\/wp-content\/uploads\/2025\/01\/El_10.jpg\" class=\"attachment-large size-large wp-image-512\" alt=\"\" srcset=\"https:\/\/ccvhs.fr\/wp-content\/uploads\/2025\/01\/El_10.jpg 186w, https:\/\/ccvhs.fr\/wp-content\/uploads\/2025\/01\/El_10-10x12.jpg 10w\" sizes=\"(max-width: 186px) 100vw, 186px\" \/>\t\t\t\t\t\t\t\t\t\t\t\t\t\t\t<\/div>\n\t\t\t\t<\/div>\n\t\t\t\t<div class=\"elementor-element elementor-element-43b3987 elementor-widget elementor-widget-heading\" data-id=\"43b3987\" data-element_type=\"widget\" data-widget_type=\"heading.default\">\n\t\t\t\t<div class=\"elementor-widget-container\">\n\t\t\t\t\t<h4 class=\"elementor-heading-title elementor-size-default\">R\u00e9my RILLET<\/h4>\t\t\t\t<\/div>\n\t\t\t\t<\/div>\n\t\t\t\t<div class=\"elementor-element elementor-element-213ccb1 elementor-widget elementor-widget-text-editor\" data-id=\"213ccb1\" data-element_type=\"widget\" data-widget_type=\"text-editor.default\">\n\t\t\t\t<div class=\"elementor-widget-container\">\n\t\t\t\t\t\t\t\t\t<p>SCOLAIRE &#8211; ENFANCE &#8211; JEUNESSE<\/p>\t\t\t\t\t\t\t\t<\/div>\n\t\t\t\t<\/div>\n\t\t\t\t<\/div>\n\t\t<div class=\"elementor-element elementor-element-99045fb e-con-full e-flex e-con e-child\" data-id=\"99045fb\" data-element_type=\"container\">\n\t\t\t\t<div class=\"elementor-element elementor-element-2f4009a elementor-widget elementor-widget-theme-post-featured-image elementor-widget-image\" data-id=\"2f4009a\" data-element_type=\"widget\" data-widget_type=\"theme-post-featured-image.default\">\n\t\t\t\t<div class=\"elementor-widget-container\">\n\t\t\t\t\t\t\t\t\t\t\t\t\t\t\t<img loading=\"lazy\" decoding=\"async\" width=\"186\" height=\"230\" src=\"https:\/\/ccvhs.fr\/wp-content\/uploads\/2025\/01\/el_4_opt.jpg\" class=\"attachment-large size-large wp-image-510\" alt=\"\" srcset=\"https:\/\/ccvhs.fr\/wp-content\/uploads\/2025\/01\/el_4_opt.jpg 186w, https:\/\/ccvhs.fr\/wp-content\/uploads\/2025\/01\/el_4_opt-10x12.jpg 10w\" sizes=\"(max-width: 186px) 100vw, 186px\" \/>\t\t\t\t\t\t\t\t\t\t\t\t\t\t\t<\/div>\n\t\t\t\t<\/div>\n\t\t\t\t<div class=\"elementor-element elementor-element-58409fd elementor-widget elementor-widget-heading\" data-id=\"58409fd\" data-element_type=\"widget\" data-widget_type=\"heading.default\">\n\t\t\t\t<div class=\"elementor-widget-container\">\n\t\t\t\t\t<h4 class=\"elementor-heading-title elementor-size-default\">Robert COLETTE<\/h4>\t\t\t\t<\/div>\n\t\t\t\t<\/div>\n\t\t\t\t<div class=\"elementor-element elementor-element-23068aa elementor-widget elementor-widget-text-editor\" data-id=\"23068aa\" data-element_type=\"widget\" data-widget_type=\"text-editor.default\">\n\t\t\t\t<div class=\"elementor-widget-container\">\n\t\t\t\t\t\t\t\t\t<p>ENVIRONMENT<\/p>\t\t\t\t\t\t\t\t<\/div>\n\t\t\t\t<\/div>\n\t\t\t\t<\/div>\n\t\t<div class=\"elementor-element elementor-element-41b49c5 e-con-full e-flex e-con e-child\" data-id=\"41b49c5\" data-element_type=\"container\">\n\t\t\t\t<div class=\"elementor-element elementor-element-163c257 elementor-widget elementor-widget-theme-post-featured-image elementor-widget-image\" data-id=\"163c257\" data-element_type=\"widget\" data-widget_type=\"theme-post-featured-image.default\">\n\t\t\t\t<div class=\"elementor-widget-container\">\n\t\t\t\t\t\t\t\t\t\t\t\t\t\t\t<img loading=\"lazy\" decoding=\"async\" width=\"186\" height=\"230\" src=\"https:\/\/ccvhs.fr\/wp-content\/uploads\/2025\/01\/el_1_opt.jpg\" class=\"attachment-large size-large wp-image-509\" alt=\"\" srcset=\"https:\/\/ccvhs.fr\/wp-content\/uploads\/2025\/01\/el_1_opt.jpg 186w, https:\/\/ccvhs.fr\/wp-content\/uploads\/2025\/01\/el_1_opt-10x12.jpg 10w\" sizes=\"(max-width: 186px) 100vw, 186px\" \/>\t\t\t\t\t\t\t\t\t\t\t\t\t\t\t<\/div>\n\t\t\t\t<\/div>\n\t\t\t\t<div class=\"elementor-element elementor-element-59313a1 elementor-widget elementor-widget-heading\" data-id=\"59313a1\" data-element_type=\"widget\" data-widget_type=\"heading.default\">\n\t\t\t\t<div class=\"elementor-widget-container\">\n\t\t\t\t\t<h4 class=\"elementor-heading-title elementor-size-default\">Raymond HERBRETEAU<\/h4>\t\t\t\t<\/div>\n\t\t\t\t<\/div>\n\t\t\t\t<div class=\"elementor-element elementor-element-4371481 elementor-widget elementor-widget-text-editor\" data-id=\"4371481\" data-element_type=\"widget\" data-widget_type=\"text-editor.default\">\n\t\t\t\t<div class=\"elementor-widget-container\">\n\t\t\t\t\t\t\t\t\t<p>EAU &#8211; ASSAINISSEMENT<\/p>\t\t\t\t\t\t\t\t<\/div>\n\t\t\t\t<\/div>\n\t\t\t\t<\/div>\n\t\t<div class=\"elementor-element elementor-element-4cebba2 e-con-full e-flex e-con e-child\" data-id=\"4cebba2\" data-element_type=\"container\">\n\t\t\t\t<div class=\"elementor-element elementor-element-eb7aea4 elementor-widget elementor-widget-theme-post-featured-image elementor-widget-image\" data-id=\"eb7aea4\" data-element_type=\"widget\" data-widget_type=\"theme-post-featured-image.default\">\n\t\t\t\t<div class=\"elementor-widget-container\">\n\t\t\t\t\t\t\t\t\t\t\t\t\t\t\t<img loading=\"lazy\" decoding=\"async\" width=\"186\" height=\"230\" src=\"https:\/\/ccvhs.fr\/wp-content\/uploads\/2025\/01\/METAYER_opt.jpg\" class=\"attachment-large size-large wp-image-514\" alt=\"\" srcset=\"https:\/\/ccvhs.fr\/wp-content\/uploads\/2025\/01\/METAYER_opt.jpg 186w, https:\/\/ccvhs.fr\/wp-content\/uploads\/2025\/01\/METAYER_opt-10x12.jpg 10w\" sizes=\"(max-width: 186px) 100vw, 186px\" \/>\t\t\t\t\t\t\t\t\t\t\t\t\t\t\t<\/div>\n\t\t\t\t<\/div>\n\t\t\t\t<div class=\"elementor-element elementor-element-b8eac03 elementor-widget elementor-widget-heading\" data-id=\"b8eac03\" data-element_type=\"widget\" data-widget_type=\"heading.default\">\n\t\t\t\t<div class=\"elementor-widget-container\">\n\t\t\t\t\t<h4 class=\"elementor-heading-title elementor-size-default\">B\u00e9atrice M\u00c9TAYER<\/h4>\t\t\t\t<\/div>\n\t\t\t\t<\/div>\n\t\t\t\t<div class=\"elementor-element elementor-element-30f8c4c elementor-widget elementor-widget-text-editor\" data-id=\"30f8c4c\" data-element_type=\"widget\" data-widget_type=\"text-editor.default\">\n\t\t\t\t<div class=\"elementor-widget-container\">\n\t\t\t\t\t\t\t\t\t<p>CULTURE &#8211; COMMUNICATION &#8211; NOUVELLES TECHNOLOGIES<\/p>\t\t\t\t\t\t\t\t<\/div>\n\t\t\t\t<\/div>\n\t\t\t\t<\/div>\n\t\t<div class=\"elementor-element elementor-element-dedb14b e-con-full e-flex e-con e-child\" data-id=\"dedb14b\" data-element_type=\"container\">\n\t\t\t\t<div class=\"elementor-element elementor-element-1d856c1 elementor-widget elementor-widget-theme-post-featured-image elementor-widget-image\" data-id=\"1d856c1\" data-element_type=\"widget\" data-widget_type=\"theme-post-featured-image.default\">\n\t\t\t\t<div class=\"elementor-widget-container\">\n\t\t\t\t\t\t\t\t\t\t\t\t\t\t\t<img loading=\"lazy\" decoding=\"async\" width=\"186\" height=\"230\" src=\"https:\/\/ccvhs.fr\/wp-content\/uploads\/2025\/01\/desm_opt.jpg\" class=\"attachment-large size-large wp-image-508\" alt=\"\" srcset=\"https:\/\/ccvhs.fr\/wp-content\/uploads\/2025\/01\/desm_opt.jpg 186w, https:\/\/ccvhs.fr\/wp-content\/uploads\/2025\/01\/desm_opt-10x12.jpg 10w\" sizes=\"(max-width: 186px) 100vw, 186px\" \/>\t\t\t\t\t\t\t\t\t\t\t\t\t\t\t<\/div>\n\t\t\t\t<\/div>\n\t\t\t\t<div class=\"elementor-element elementor-element-da616a3 elementor-widget elementor-widget-heading\" data-id=\"da616a3\" data-element_type=\"widget\" data-widget_type=\"heading.default\">\n\t\t\t\t<div class=\"elementor-widget-container\">\n\t\t\t\t\t<h4 class=\"elementor-heading-title elementor-size-default\">Christine DESMORTIER<\/h4>\t\t\t\t<\/div>\n\t\t\t\t<\/div>\n\t\t\t\t<div class=\"elementor-element elementor-element-a58aaec elementor-widget elementor-widget-text-editor\" data-id=\"a58aaec\" data-element_type=\"widget\" data-widget_type=\"text-editor.default\">\n\t\t\t\t<div class=\"elementor-widget-container\">\n\t\t\t\t\t\t\t\t\t<p>D\u00c9VELOPPEMENT \u00c9CONOMIQUE &#8211; TOURISME<\/p>\t\t\t\t\t\t\t\t<\/div>\n\t\t\t\t<\/div>\n\t\t\t\t<\/div>\n\t\t<div class=\"elementor-element elementor-element-77a474d e-con-full e-flex e-con e-child\" data-id=\"77a474d\" data-element_type=\"container\">\n\t\t\t\t<div class=\"elementor-element elementor-element-1bb100c elementor-widget elementor-widget-theme-post-featured-image elementor-widget-image\" data-id=\"1bb100c\" data-element_type=\"widget\" data-widget_type=\"theme-post-featured-image.default\">\n\t\t\t\t<div class=\"elementor-widget-container\">\n\t\t\t\t\t\t\t\t\t\t\t\t\t\t\t<img loading=\"lazy\" decoding=\"async\" width=\"186\" height=\"230\" src=\"https:\/\/ccvhs.fr\/wp-content\/uploads\/2025\/01\/girard_opt.jpg\" class=\"attachment-large size-large wp-image-513\" alt=\"\" srcset=\"https:\/\/ccvhs.fr\/wp-content\/uploads\/2025\/01\/girard_opt.jpg 186w, https:\/\/ccvhs.fr\/wp-content\/uploads\/2025\/01\/girard_opt-10x12.jpg 10w\" sizes=\"(max-width: 186px) 100vw, 186px\" \/>\t\t\t\t\t\t\t\t\t\t\t\t\t\t\t<\/div>\n\t\t\t\t<\/div>\n\t\t\t\t<div class=\"elementor-element elementor-element-fa2e652 elementor-widget elementor-widget-heading\" data-id=\"fa2e652\" data-element_type=\"widget\" data-widget_type=\"heading.default\">\n\t\t\t\t<div class=\"elementor-widget-container\">\n\t\t\t\t\t<h4 class=\"elementor-heading-title elementor-size-default\">Vianney GIRARD<\/h4>\t\t\t\t<\/div>\n\t\t\t\t<\/div>\n\t\t\t\t<div class=\"elementor-element elementor-element-30a5cfa elementor-widget elementor-widget-text-editor\" data-id=\"30a5cfa\" data-element_type=\"widget\" data-widget_type=\"text-editor.default\">\n\t\t\t\t<div class=\"elementor-widget-container\">\n\t\t\t\t\t\t\t\t\t<p>URBANISME &#8211; HABITAT<\/p>\t\t\t\t\t\t\t\t<\/div>\n\t\t\t\t<\/div>\n\t\t\t\t<\/div>\n\t\t<div class=\"elementor-element elementor-element-89ffb7e e-con-full e-flex e-con e-child\" data-id=\"89ffb7e\" data-element_type=\"container\">\n\t\t\t\t<div class=\"elementor-element elementor-element-334275f elementor-widget elementor-widget-theme-post-featured-image elementor-widget-image\" data-id=\"334275f\" data-element_type=\"widget\" data-widget_type=\"theme-post-featured-image.default\">\n\t\t\t\t<div class=\"elementor-widget-container\">\n\t\t\t\t\t\t\t\t\t\t\t\t\t\t\t<img loading=\"lazy\" decoding=\"async\" width=\"186\" height=\"230\" src=\"https:\/\/ccvhs.fr\/wp-content\/uploads\/2025\/01\/Pierre-CHATELLIER2_opt.jpg\" class=\"attachment-large size-large wp-image-515\" alt=\"\" srcset=\"https:\/\/ccvhs.fr\/wp-content\/uploads\/2025\/01\/Pierre-CHATELLIER2_opt.jpg 186w, https:\/\/ccvhs.fr\/wp-content\/uploads\/2025\/01\/Pierre-CHATELLIER2_opt-10x12.jpg 10w\" sizes=\"(max-width: 186px) 100vw, 186px\" \/>\t\t\t\t\t\t\t\t\t\t\t\t\t\t\t<\/div>\n\t\t\t\t<\/div>\n\t\t\t\t<div class=\"elementor-element elementor-element-aa77202 elementor-widget elementor-widget-heading\" data-id=\"aa77202\" data-element_type=\"widget\" data-widget_type=\"heading.default\">\n\t\t\t\t<div class=\"elementor-widget-container\">\n\t\t\t\t\t<h4 class=\"elementor-heading-title elementor-size-default\">Pierre CHATELLIER<\/h4>\t\t\t\t<\/div>\n\t\t\t\t<\/div>\n\t\t\t\t<div class=\"elementor-element elementor-element-424001b elementor-widget elementor-widget-text-editor\" data-id=\"424001b\" data-element_type=\"widget\" data-widget_type=\"text-editor.default\">\n\t\t\t\t<div class=\"elementor-widget-container\">\n\t\t\t\t\t\t\t\t\t<p>VIE ASSOCIATIVE AUX SPORTS &#8211; LOISIRS &#8211; SERVICES<\/p>\t\t\t\t\t\t\t\t<\/div>\n\t\t\t\t<\/div>\n\t\t\t\t<\/div>\n\t\t\t\t<\/div>\n\t\t\t\t<\/div>\n\t\t\t\t<\/div>\n\t\t\t\t<\/div>\n\t\t\t\t\t<\/div>\n\t\t\t\t<\/div>\n\t\t\t\t<\/div>","protected":false},"excerpt":{"rendered":"<p>Pr\u00e9sident de la CC VHS Christophe de BALORRE Vice-pr\u00e9sidents de commissions Didier BOURBAN BUDGETS &#8211; FINANCES &#8211; MARCH\u00c9S PUBLICS S\u00e9bastien FOSSEY GRANDS TRAVAUX &#8211; VOIRIE &#8211; RESSOURCES HUMAINES R\u00e9my RILLET SCOLAIRE &#8211; ENFANCE &#8211; JEUNESSE Robert COLETTE ENVIRONNEMENT Raymond HERBRETEAU EAU &#8211; ASSAINISSEMENT B\u00e9atrice M\u00c9TAYER CULTURE &#8211; COMMUNICATION &#8211; NOUVELLES TECHNOLOGIES Christine DESMORTIER D\u00c9VELOPPEMENT \u00c9CONOMIQUE [&hellip;]<\/p>","protected":false},"author":1,"featured_media":0,"parent":0,"menu_order":0,"comment_status":"closed","ping_status":"closed","template":"","meta":{"_acf_changed":false,"footnotes":""},"class_list":["post-102","page","type-page","status-publish","hentry"],"acf":[],"_links":{"self":[{"href":"https:\/\/ccvhs.fr\/en\/wp-json\/wp\/v2\/pages\/102","targetHints":{"allow":["GET"]}}],"collection":[{"href":"https:\/\/ccvhs.fr\/en\/wp-json\/wp\/v2\/pages"}],"about":[{"href":"https:\/\/ccvhs.fr\/en\/wp-json\/wp\/v2\/types\/page"}],"author":[{"embeddable":true,"href":"https:\/\/ccvhs.fr\/en\/wp-json\/wp\/v2\/users\/1"}],"replies":[{"embeddable":true,"href":"https:\/\/ccvhs.fr\/en\/wp-json\/wp\/v2\/comments?post=102"}],"version-history":[{"count":0,"href":"https:\/\/ccvhs.fr\/en\/wp-json\/wp\/v2\/pages\/102\/revisions"}],"wp:attachment":[{"href":"https:\/\/ccvhs.fr\/en\/wp-json\/wp\/v2\/media?parent=102"}],"curies":[{"name":"wp","href":"https:\/\/api.w.org\/{rel}","templated":true}]}}