{"id":155,"date":"2025-01-28T15:59:55","date_gmt":"2025-01-28T14:59:55","guid":{"rendered":"https:\/\/test.ccvhs.fr\/?page_id=155"},"modified":"2025-04-14T09:47:03","modified_gmt":"2025-04-14T07:47:03","slug":"amaelles","status":"publish","type":"page","link":"http:\/\/ccvhs.fr\/en\/amaelles\/","title":{"rendered":"Amaelles"},"content":{"rendered":"<div data-elementor-type=\"wp-page\" data-elementor-id=\"155\" class=\"elementor elementor-155\" data-elementor-post-type=\"page\">\n\t\t\t\t<div class=\"elementor-element elementor-element-752bef8 e-flex e-con-boxed e-con e-parent\" data-id=\"752bef8\" data-element_type=\"container\">\n\t\t\t\t\t<div class=\"e-con-inner\">\n\t\t<div class=\"elementor-element elementor-element-58155b8 e-con-full e-flex e-con e-child\" data-id=\"58155b8\" data-element_type=\"container\" data-settings=\"{&quot;background_background&quot;:&quot;classic&quot;}\">\n\t\t<div class=\"elementor-element elementor-element-e44ec19 e-con-full e-flex e-con e-child\" data-id=\"e44ec19\" data-element_type=\"container\">\n\t\t\t\t<div class=\"elementor-element elementor-element-7c61418 elementor-widget elementor-widget-image\" data-id=\"7c61418\" data-element_type=\"widget\" data-widget_type=\"image.default\">\n\t\t\t\t<div class=\"elementor-widget-container\">\n\t\t\t\t\t\t\t\t\t\t\t\t\t\t\t<img fetchpriority=\"high\" decoding=\"async\" width=\"800\" height=\"193\" src=\"https:\/\/ccvhs.fr\/wp-content\/uploads\/2025\/01\/BANDEAU-aide-a-domicile.jpg\" class=\"attachment-large size-large wp-image-687\" alt=\"\" srcset=\"https:\/\/ccvhs.fr\/wp-content\/uploads\/2025\/01\/BANDEAU-aide-a-domicile.jpg 1020w, https:\/\/ccvhs.fr\/wp-content\/uploads\/2025\/01\/BANDEAU-aide-a-domicile-300x72.jpg 300w, https:\/\/ccvhs.fr\/wp-content\/uploads\/2025\/01\/BANDEAU-aide-a-domicile-768x185.jpg 768w, https:\/\/ccvhs.fr\/wp-content\/uploads\/2025\/01\/BANDEAU-aide-a-domicile-18x4.jpg 18w\" sizes=\"(max-width: 800px) 100vw, 800px\" \/>\t\t\t\t\t\t\t\t\t\t\t\t\t\t\t<\/div>\n\t\t\t\t<\/div>\n\t\t\t\t<div class=\"elementor-element elementor-element-8a1dc42 elementor-widget elementor-widget-heading\" data-id=\"8a1dc42\" data-element_type=\"widget\" data-widget_type=\"heading.default\">\n\t\t\t\t<div class=\"elementor-widget-container\">\n\t\t\t\t\t<h2 class=\"elementor-heading-title elementor-size-default\">Amaelles<\/h2>\t\t\t\t<\/div>\n\t\t\t\t<\/div>\n\t\t\t\t<div class=\"elementor-element elementor-element-2c81a5b elementor-widget elementor-widget-heading\" data-id=\"2c81a5b\" data-element_type=\"widget\" data-widget_type=\"heading.default\">\n\t\t\t\t<div class=\"elementor-widget-container\">\n\t\t\t\t\t<h2 class=\"elementor-heading-title elementor-size-default\">Amaelles<\/h2>\t\t\t\t<\/div>\n\t\t\t\t<\/div>\n\t\t\t\t<div class=\"elementor-element elementor-element-9aeae07 elementor-widget-divider--view-line elementor-widget elementor-widget-divider\" data-id=\"9aeae07\" data-element_type=\"widget\" data-widget_type=\"divider.default\">\n\t\t\t\t<div class=\"elementor-widget-container\">\n\t\t\t\t\t\t\t<div class=\"elementor-divider\">\n\t\t\t<span class=\"elementor-divider-separator\">\n\t\t\t\t\t\t<\/span>\n\t\t<\/div>\n\t\t\t\t\t\t<\/div>\n\t\t\t\t<\/div>\n\t\t<div class=\"elementor-element elementor-element-ca00fcf e-con-full e-flex e-con e-child\" data-id=\"ca00fcf\" data-element_type=\"container\">\n\t\t<div class=\"elementor-element elementor-element-4def6a3 e-con-full e-flex e-con e-child\" data-id=\"4def6a3\" data-element_type=\"container\">\n\t\t\t\t<div class=\"elementor-element elementor-element-13408d2 elementor-widget elementor-widget-text-editor\" data-id=\"13408d2\" data-element_type=\"widget\" data-widget_type=\"text-editor.default\">\n\t\t\t\t<div class=\"elementor-widget-container\">\n\t\t\t\t\t\t\t\t\t<p>Home help and support service (senior citizens, childcare, home maintenance, prevention, etc.) for all ages.\u00a0<\/p>\t\t\t\t\t\t\t\t<\/div>\n\t\t\t\t<\/div>\n\t\t\t\t<\/div>\n\t\t<div class=\"elementor-element elementor-element-d957cf0 e-con-full e-flex e-con e-child\" data-id=\"d957cf0\" data-element_type=\"container\">\n\t\t\t\t<div class=\"elementor-element elementor-element-7a05076 elementor-icon-list--layout-traditional elementor-list-item-link-full_width elementor-widget elementor-widget-icon-list\" data-id=\"7a05076\" data-element_type=\"widget\" data-widget_type=\"icon-list.default\">\n\t\t\t\t<div class=\"elementor-widget-container\">\n\t\t\t\t\t\t\t<ul class=\"elementor-icon-list-items\">\n\t\t\t\t\t\t\t<li class=\"elementor-icon-list-item\">\n\t\t\t\t\t\t\t\t\t\t\t<a href=\"https:\/\/www.una61.fr\/\">\n\n\t\t\t\t\t\t\t\t\t\t\t\t<span class=\"elementor-icon-list-icon\">\n\t\t\t\t\t\t\t<svg aria-hidden=\"true\" class=\"e-font-icon-svg e-fas-globe\" viewbox=\"0 0 496 512\" xmlns=\"http:\/\/www.w3.org\/2000\/svg\"><path d=\"M336.5 160C322 70.7 287.8 8 248 8s-74 62.7-88.5 152h177zM152 256c0 22.2 1.2 43.5 3.3 64h185.3c2.1-20.5 3.3-41.8 3.3-64s-1.2-43.5-3.3-64H155.3c-2.1 20.5-3.3 41.8-3.3 64zm324.7-96c-28.6-67.9-86.5-120.4-158-141.6 24.4 33.8 41.2 84.7 50 141.6h108zM177.2 18.4C105.8 39.6 47.8 92.1 19.3 160h108c8.7-56.9 25.5-107.8 49.9-141.6zM487.4 192H372.7c2.1 21 3.3 42.5 3.3 64s-1.2 43-3.3 64h114.6c5.5-20.5 8.6-41.8 8.6-64s-3.1-43.5-8.5-64zM120 256c0-21.5 1.2-43 3.3-64H8.6C3.2 212.5 0 233.8 0 256s3.2 43.5 8.6 64h114.6c-2-21-3.2-42.5-3.2-64zm39.5 96c14.5 89.3 48.7 152 88.5 152s74-62.7 88.5-152h-177zm159.3 141.6c71.4-21.2 129.4-73.7 158-141.6h-108c-8.8 56.9-25.6 107.8-50 141.6zM19.3 352c28.6 67.9 86.5 120.4 158 141.6-24.4-33.8-41.2-84.7-50-141.6h-108z\"><\/path><\/svg>\t\t\t\t\t\t<\/span>\n\t\t\t\t\t\t\t\t\t\t<span class=\"elementor-icon-list-text\">Website : www.una61.fr<\/span>\n\t\t\t\t\t\t\t\t\t\t\t<\/a>\n\t\t\t\t\t\t\t\t\t<\/li>\n\t\t\t\t\t\t\t\t<li class=\"elementor-icon-list-item\">\n\t\t\t\t\t\t\t\t\t\t\t<span class=\"elementor-icon-list-icon\">\n\t\t\t\t\t\t\t<svg aria-hidden=\"true\" class=\"e-font-icon-svg e-fas-user\" viewbox=\"0 0 448 512\" xmlns=\"http:\/\/www.w3.org\/2000\/svg\"><path d=\"M224 256c70.7 0 128-57.3 128-128S294.7 0 224 0 96 57.3 96 128s57.3 128 128 128zm89.6 32h-16.7c-22.2 10.2-46.9 16-72.9 16s-50.6-5.8-72.9-16h-16.7C60.2 288 0 348.2 0 422.4V464c0 26.5 21.5 48 48 48h352c26.5 0 48-21.5 48-48v-41.6c0-74.2-60.2-134.4-134.4-134.4z\"><\/path><\/svg>\t\t\t\t\t\t<\/span>\n\t\t\t\t\t\t\t\t\t\t<span class=\"elementor-icon-list-text\">Secretary : 02 33 80 42 60<\/span>\n\t\t\t\t\t\t\t\t\t<\/li>\n\t\t\t\t\t\t\t\t<li class=\"elementor-icon-list-item\">\n\t\t\t\t\t\t\t\t\t\t\t<span class=\"elementor-icon-list-icon\">\n\t\t\t\t\t\t\t<svg aria-hidden=\"true\" class=\"e-font-icon-svg e-fas-envelope-open-text\" viewbox=\"0 0 512 512\" xmlns=\"http:\/\/www.w3.org\/2000\/svg\"><path d=\"M176 216h160c8.84 0 16-7.16 16-16v-16c0-8.84-7.16-16-16-16H176c-8.84 0-16 7.16-16 16v16c0 8.84 7.16 16 16 16zm-16 80c0 8.84 7.16 16 16 16h160c8.84 0 16-7.16 16-16v-16c0-8.84-7.16-16-16-16H176c-8.84 0-16 7.16-16 16v16zm96 121.13c-16.42 0-32.84-5.06-46.86-15.19L0 250.86V464c0 26.51 21.49 48 48 48h416c26.51 0 48-21.49 48-48V250.86L302.86 401.94c-14.02 10.12-30.44 15.19-46.86 15.19zm237.61-254.18c-8.85-6.94-17.24-13.47-29.61-22.81V96c0-26.51-21.49-48-48-48h-77.55c-3.04-2.2-5.87-4.26-9.04-6.56C312.6 29.17 279.2-.35 256 0c-23.2-.35-56.59 29.17-73.41 41.44-3.17 2.3-6 4.36-9.04 6.56H96c-26.51 0-48 21.49-48 48v44.14c-12.37 9.33-20.76 15.87-29.61 22.81A47.995 47.995 0 0 0 0 200.72v10.65l96 69.35V96h320v184.72l96-69.35v-10.65c0-14.74-6.78-28.67-18.39-37.77z\"><\/path><\/svg>\t\t\t\t\t\t<\/span>\n\t\t\t\t\t\t\t\t\t\t<span class=\"elementor-icon-list-text\">Mail Secretary : accueil@ets61.fr<\/span>\n\t\t\t\t\t\t\t\t\t<\/li>\n\t\t\t\t\t\t<\/ul>\n\t\t\t\t\t\t<\/div>\n\t\t\t\t<\/div>\n\t\t\t\t<\/div>\n\t\t\t\t<\/div>\n\t\t\t\t<\/div>\n\t\t\t\t<\/div>\n\t\t\t\t\t<\/div>\n\t\t\t\t<\/div>\n\t\t\t\t<\/div>","protected":false},"excerpt":{"rendered":"<p>Amaelles Amaelles Service d&rsquo;aide et d&rsquo;accompagnement \u00e0 domicile (seniors, garde d&rsquo;enfants, entretien du logement, pr\u00e9vention&#8230;) pour tous \u00e2ges.\u00a0 Site internet : www.una61.fr Secr\u00e9taire : 02 33 80 42 60 Mail Secr\u00e9taire : accueil.alencon@una61.fr<\/p>","protected":false},"author":1,"featured_media":0,"parent":0,"menu_order":0,"comment_status":"closed","ping_status":"closed","template":"","meta":{"_acf_changed":false,"footnotes":""},"class_list":["post-155","page","type-page","status-publish","hentry"],"acf":[],"_links":{"self":[{"href":"http:\/\/ccvhs.fr\/en\/wp-json\/wp\/v2\/pages\/155","targetHints":{"allow":["GET"]}}],"collection":[{"href":"http:\/\/ccvhs.fr\/en\/wp-json\/wp\/v2\/pages"}],"about":[{"href":"http:\/\/ccvhs.fr\/en\/wp-json\/wp\/v2\/types\/page"}],"author":[{"embeddable":true,"href":"http:\/\/ccvhs.fr\/en\/wp-json\/wp\/v2\/users\/1"}],"replies":[{"embeddable":true,"href":"http:\/\/ccvhs.fr\/en\/wp-json\/wp\/v2\/comments?post=155"}],"version-history":[{"count":0,"href":"http:\/\/ccvhs.fr\/en\/wp-json\/wp\/v2\/pages\/155\/revisions"}],"wp:attachment":[{"href":"http:\/\/ccvhs.fr\/en\/wp-json\/wp\/v2\/media?parent=155"}],"curies":[{"name":"wp","href":"https:\/\/api.w.org\/{rel}","templated":true}]}}